{"id":2784,"date":"2024-06-12T02:17:57","date_gmt":"2024-06-12T02:17:57","guid":{"rendered":"https:\/\/nfc-readers.com\/?post_type=product&#038;p=2784"},"modified":"2024-09-23T06:09:10","modified_gmt":"2024-09-23T06:09:10","slug":"acr40t-premium-high-speed-usb-contact-sim-sized-smartcard-reader-writer","status":"publish","type":"product","link":"https:\/\/nfc-readers.com\/da\/ic-reader\/acr40t-premium-high-speed-usb-contact-sim-sized-smartcard-reader-writer\/","title":{"rendered":"ACR40T Premium High Speed USB Kontakt SIM-st\u00f8rrelse Smartcard Reader Writer"},"content":{"rendered":"<h1>ACR40T Premium High Speed USB Kontakt SIM-st\u00f8rrelse Smartcard Reader Writer<\/h1>\n<div class=\"auto-hide-last-sibling-br paragraph_1252f paragraph-element\">Afsl\u00f8ring af ACR40T, den nyeste kompakte h\u00f8jhastigheds-USB-kontakt SIM-st\u00f8rrelse smartkortl\u00e6ser. Den underst\u00f8tter firmwareopgraderinger og er kompatibel med ISO 7816 klasse A, B og C smartkort (5 V, 3 V, 1,8 V), mikroprocessorkort med T=0 og T=1 protokoller og en bred vifte af tilg\u00e6ngelige hukommelseskort p\u00e5 markedet.<\/div>\n<div class=\"auto-hide-last-sibling-br paragraph_1252f paragraph-element\">Den karakteristiske kant ved ACR40T blander avanceret, innovativ teknologi er dets kompakte design og glidende smartkort-indgang for en j\u00e6vn, problemfri oplevelse. Premium-designet af ACR40T-A6\/A7 inkluderer en indbygget knap til specifikke applikationer, en funktion, der er afg\u00f8rende for validering af brugertilstedev\u00e6relse, og sikrer, at brugeren fysisk er til stede for at interagere med applikationen. I henhold til CCID og PC\/SC samt Microsoft\u00ae WHQL-standarder er ACR40T kompatibel med flere operativsystemer s\u00e5som Windows\u00ae, Linux\u00ae, macOS, Android\u2122. Den rummer b\u00e5de USB Type-A og USB Type-C tilslutninger.<\/div>\n<div>\n<ul>\n<li>\n<h2><strong>Underst\u00f8tter forskellige typer kontaktkort<\/strong><\/h2>\n<ul>\n<li>\n<h3>ISO 7816 Klasse A, B og C (5 V, 3 V og 1,8 V)<\/h3>\n<\/li>\n<li>\n<h3>Mikroprocessorkort (T=0, T=1)<\/h3>\n<\/li>\n<li>\n<h3>Hukommelseskort<\/h3>\n<\/li>\n<li>\n<h3>Har kortslutningsbeskyttelse<\/h3>\n<\/li>\n<\/ul>\n<\/li>\n<li>\n<h2><strong>Applikationsprogrammeringsgr\u00e6nseflade:<\/strong><\/h2>\n<ul>\n<li>\n<h3>Underst\u00f8tter PC\/SC<\/h3>\n<\/li>\n<\/ul>\n<\/li>\n<li>\n<h2><strong>Indbygget periferiudstyr<\/strong><\/h2>\n<ul>\n<li>\n<h3>1 x programmerbar LED (gr\u00f8n)<\/h3>\n<\/li>\n<li>\n<h3>1 x indbygget knap<\/h3>\n<\/li>\n<\/ul>\n<\/li>\n<\/ul>\n<table width=\"560\">\n<tbody>\n<tr>\n<td colspan=\"2\" width=\"560\">Fysiske egenskaber<\/td>\n<\/tr>\n<tr>\n<td rowspan=\"2\" width=\"197\">Dimensioner (mm)<\/td>\n<td width=\"363\">ACR40T-A6: 49,5 mm (L) \u00d7 17,7 mm (B) \u00d7 8,0 mm (H)<\/td>\n<\/tr>\n<tr>\n<td width=\"363\">ACR40T-A7: 45,9 mm (L) \u00d7 17,7 mm (B) \u00d7 8,0 mm (H)<\/td>\n<\/tr>\n<tr>\n<td rowspan=\"2\" width=\"197\">V\u00e6gt (g)<\/td>\n<td width=\"363\">ACR40T-A6: 8,1 g \u00b1 1,0 g<\/td>\n<\/tr>\n<tr>\n<td width=\"363\">ACR40T-A7: 6,2 g \u00b1 1,0 g<\/td>\n<\/tr>\n<tr>\n<td colspan=\"2\" width=\"560\">USB interface<\/td>\n<\/tr>\n<tr>\n<td width=\"197\">Protokol<\/td>\n<td width=\"363\">USB CCID<\/td>\n<\/tr>\n<tr>\n<td rowspan=\"2\" width=\"197\">Connector Type<\/td>\n<td width=\"363\">USB Type-A<\/td>\n<\/tr>\n<tr>\n<td width=\"363\">USB Type-C<\/td>\n<\/tr>\n<tr>\n<td width=\"197\">Str\u00f8mkilde<\/td>\n<td width=\"363\">Fra USB-port<\/td>\n<\/tr>\n<tr>\n<td width=\"197\">Hastighed<\/td>\n<td width=\"363\">USB fuld hastighed (12 Mbps)<\/td>\n<\/tr>\n<tr>\n<td colspan=\"2\" width=\"560\">Kontakt Smart Card Interface<\/td>\n<\/tr>\n<tr>\n<td width=\"197\">Antal slots<\/td>\n<td width=\"363\">1 kortslot i SIM-st\u00f8rrelse (2FF)<\/td>\n<\/tr>\n<tr>\n<td width=\"197\">Protokol<\/td>\n<td width=\"363\">T=0; T=1<\/td>\n<\/tr>\n<tr>\n<td colspan=\"2\" width=\"560\">Indbygget periferiudstyr<\/td>\n<\/tr>\n<tr>\n<td width=\"197\">Knapper<\/td>\n<td width=\"363\">1<\/td>\n<\/tr>\n<tr>\n<td width=\"197\">LED<\/td>\n<td width=\"363\">Gr\u00f8n<\/td>\n<\/tr>\n<tr>\n<td colspan=\"2\" width=\"560\">Andre funktioner<\/td>\n<\/tr>\n<tr>\n<td width=\"197\">Andre funktioner<\/td>\n<td width=\"363\">Underst\u00f8tter firmwareopgradering<\/td>\n<\/tr>\n<tr>\n<td colspan=\"2\" width=\"560\">Certificeringer\/overholdelse<\/td>\n<\/tr>\n<tr>\n<td rowspan=\"12\" width=\"197\">Certificeringer\/overholdelse<\/td>\n<td width=\"363\">Certificeringer:<\/td>\n<\/tr>\n<tr>\n<td width=\"363\">UL 62368<\/td>\n<\/tr>\n<tr>\n<td width=\"363\">CE<\/td>\n<\/tr>\n<tr>\n<td width=\"363\">UKCA<\/td>\n<\/tr>\n<tr>\n<td width=\"363\">FCC<\/td>\n<\/tr>\n<tr>\n<td width=\"363\">RoHS<\/td>\n<\/tr>\n<tr>\n<td width=\"363\">N\u00c5<\/td>\n<\/tr>\n<tr>\n<td width=\"363\">VCCI<\/td>\n<\/tr>\n<tr>\n<td width=\"363\">Microsoft\u00ae WHQL<\/td>\n<\/tr>\n<tr>\n<td width=\"363\">Overholdelse:<\/td>\n<\/tr>\n<tr>\n<td width=\"363\">USB CCID<\/td>\n<\/tr>\n<tr>\n<td width=\"363\">PC\/SC<\/td>\n<\/tr>\n<tr>\n<td colspan=\"2\" width=\"560\">Underst\u00f8ttelse af styresystem til enhedsdriver<\/td>\n<\/tr>\n<tr>\n<td rowspan=\"4\" width=\"197\">Underst\u00f8ttelse af styresystem til enhedsdriver<\/td>\n<td width=\"363\">Windows\u00ae<\/td>\n<\/tr>\n<tr>\n<td width=\"363\">Linux\u00ae<\/td>\n<\/tr>\n<tr>\n<td width=\"363\">macOS<\/td>\n<\/tr>\n<tr>\n<td width=\"363\">Android\u2122<\/td>\n<\/tr>\n<\/tbody>\n<\/table>\n<\/div>","protected":false},"excerpt":{"rendered":"<div class=\"auto-hide-last-sibling-br paragraph_1252f paragraph-element\">ACR40T er en kompakt CCID smartcard-l\u00e6ser, der underst\u00f8tter forskellige smart cards og er kompatibel med flere operativsystemer.<\/div>","protected":false},"featured_media":2785,"template":"","meta":[],"product_brand":[],"product_cat":[39],"product_tag":[],"class_list":{"0":"post-2784","1":"product","2":"type-product","3":"status-publish","4":"has-post-thumbnail","6":"product_cat-usb-ic-smartcard-reader","8":"first","9":"instock","10":"shipping-taxable","11":"product-type-simple"},"_links":{"self":[{"href":"https:\/\/nfc-readers.com\/da\/wp-json\/wp\/v2\/product\/2784","targetHints":{"allow":["GET"]}}],"collection":[{"href":"https:\/\/nfc-readers.com\/da\/wp-json\/wp\/v2\/product"}],"about":[{"href":"https:\/\/nfc-readers.com\/da\/wp-json\/wp\/v2\/types\/product"}],"wp:featuredmedia":[{"embeddable":true,"href":"https:\/\/nfc-readers.com\/da\/wp-json\/wp\/v2\/media\/2785"}],"wp:attachment":[{"href":"https:\/\/nfc-readers.com\/da\/wp-json\/wp\/v2\/media?parent=2784"}],"wp:term":[{"taxonomy":"product_brand","embeddable":true,"href":"https:\/\/nfc-readers.com\/da\/wp-json\/wp\/v2\/product_brand?post=2784"},{"taxonomy":"product_cat","embeddable":true,"href":"https:\/\/nfc-readers.com\/da\/wp-json\/wp\/v2\/product_cat?post=2784"},{"taxonomy":"product_tag","embeddable":true,"href":"https:\/\/nfc-readers.com\/da\/wp-json\/wp\/v2\/product_tag?post=2784"}],"curies":[{"name":"wp","href":"https:\/\/api.w.org\/{rel}","templated":true}]}}