{"id":2811,"date":"2024-06-19T06:28:23","date_gmt":"2024-06-19T06:28:23","guid":{"rendered":"https:\/\/nfc-readers.com\/?post_type=product&#038;p=2811"},"modified":"2024-09-23T05:57:05","modified_gmt":"2024-09-23T05:57:05","slug":"acr39t-a1-usb-contact-sim-sized-smartcard-reader-writer","status":"publish","type":"product","link":"https:\/\/nfc-readers.com\/da\/ic-reader\/acr39t-a1-usb-contact-sim-sized-smartcard-reader-writer\/","title":{"rendered":"ACR39T-A1 USB Kontakt SIM-st\u00f8rrelse Smartcard Reader Writer"},"content":{"rendered":"<h1>ACR39T-A1 USB Kontakt SIM-st\u00f8rrelse Smartcard Reader Writer<\/h1>\n<p>ACR39T-A1 er en revolutionerende innovation inden for smartkortl\u00e6sere. Selvom den har en lille SIM-st\u00f8rrelse, g\u00e5r den ikke p\u00e5 kompromis med dens funktionsrige muligheder. Den kombinerer problemfrit state-of-the-art teknologi med et stilfuldt, moderne design for at im\u00f8dekomme de strenge krav fra forskellige smartkort-relaterede applikationer.<\/p>\n<ul>\n<li>\n<h2>USB 2.0 fuld hastighed interface<\/h2>\n<\/li>\n<li>\n<h2>Kompatibel med USB 3.0<\/h2>\n<\/li>\n<li>\n<h2>Plug and Play \u2013 CCID-underst\u00f8ttelse giver den st\u00f8rste mobilitet<\/h2>\n<\/li>\n<li>\n<h2>Smartkortl\u00e6ser:<\/h2>\n<ul>\n<li>\n<h3>Underst\u00f8tter ISO 7816 klasse A, B og C (5 V, 3 V, 1,8 V) kort<\/h3>\n<\/li>\n<li>\n<h3>Underst\u00f8tter mikroprocessorkort med T=0 eller T=1 protokol<\/h3>\n<\/li>\n<li>\n<h3>Underst\u00f8tter hukommelseskort<\/h3>\n<\/li>\n<li>\n<h3>Underst\u00f8tter PPS (Protocol and Parameter Selection)<\/h3>\n<\/li>\n<li>\n<h3>Har kortslutningsbeskyttelse<\/h3>\n<\/li>\n<\/ul>\n<\/li>\n<li>\n<h2>Applikationsprogrammeringsgr\u00e6nseflade:<\/h2>\n<ul>\n<li>\n<h3>Underst\u00f8tter PC\/SC<\/h3>\n<\/li>\n<li>\n<h3>Underst\u00f8tter CT-API (gennem indpakning oven p\u00e5 PC\/SC)<\/h3>\n<\/li>\n<\/ul>\n<\/li>\n<li>\n<h2>Underst\u00f8tter Android\u2122 3.1 og nyere<\/h2>\n<\/li>\n<\/ul>\n<table width=\"527\">\n<tbody>\n<tr>\n<td colspan=\"2\" width=\"527\">Fysiske egenskaber<\/td>\n<\/tr>\n<tr>\n<td width=\"203\">Dimensioner (mm)<\/td>\n<td width=\"324\">49,5 mm (L) x 21,5 mm (B) x 9,0 mm (H)<\/td>\n<\/tr>\n<tr>\n<td width=\"203\">V\u00e6gt (g)<\/td>\n<td width=\"324\">8,5 g<\/td>\n<\/tr>\n<tr>\n<td colspan=\"2\" width=\"527\">USB interface<\/td>\n<\/tr>\n<tr>\n<td width=\"203\">Protokol<\/td>\n<td width=\"324\">USB CCID<\/td>\n<\/tr>\n<tr>\n<td width=\"203\">Connector Type<\/td>\n<td width=\"324\">Standard type A<\/td>\n<\/tr>\n<tr>\n<td width=\"203\">Str\u00f8mkilde<\/td>\n<td width=\"324\">Fra USB-port<\/td>\n<\/tr>\n<tr>\n<td width=\"203\">Hastighed<\/td>\n<td width=\"324\">USB fuld hastighed (12 Mbps)<\/td>\n<\/tr>\n<tr>\n<td colspan=\"2\" width=\"527\">Kontakt Smart Card Interface<\/td>\n<\/tr>\n<tr>\n<td width=\"203\">Antal slots<\/td>\n<td width=\"324\">1 kortslot i standard SIM-st\u00f8rrelse<\/td>\n<\/tr>\n<tr>\n<td width=\"203\">Standard<\/td>\n<td width=\"324\">ISO 7816 del 1-4, klasse A, B, C (5 V, 3 V, 1,8 V)<\/td>\n<\/tr>\n<tr>\n<td width=\"203\">Protokol<\/td>\n<td width=\"324\">T=0; T=1; Underst\u00f8ttelse af hukommelseskort<\/td>\n<\/tr>\n<tr>\n<td colspan=\"2\" width=\"527\">Certificeringer\/overholdelse<\/td>\n<\/tr>\n<tr>\n<td rowspan=\"13\" width=\"203\">Certificeringer\/overholdelse<\/td>\n<td width=\"324\">EN62368\/IEC 62368<\/td>\n<\/tr>\n<tr>\n<td width=\"324\">CE<\/td>\n<\/tr>\n<tr>\n<td width=\"324\">FCC<\/td>\n<\/tr>\n<tr>\n<td width=\"324\">RoHS<\/td>\n<\/tr>\n<tr>\n<td width=\"324\">N\u00c5<\/td>\n<\/tr>\n<tr>\n<td width=\"324\">UKCA<\/td>\n<\/tr>\n<tr>\n<td width=\"324\">VCCI<\/td>\n<\/tr>\n<tr>\n<td width=\"324\">WEEE<\/td>\n<\/tr>\n<tr>\n<td width=\"324\">ISO 7816<\/td>\n<\/tr>\n<tr>\n<td width=\"324\">USB 2.0 fuld hastighed<\/td>\n<\/tr>\n<tr>\n<td width=\"324\">PC\/SC<\/td>\n<\/tr>\n<tr>\n<td width=\"324\">CCID<\/td>\n<\/tr>\n<tr>\n<td width=\"324\">Microsoft\u00ae WHQL<\/td>\n<\/tr>\n<tr>\n<td colspan=\"2\" width=\"527\">Underst\u00f8ttelse af styresystem til enhedsdriver<\/td>\n<\/tr>\n<tr>\n<td rowspan=\"5\" width=\"203\">Underst\u00f8ttelse af styresystem til enhedsdriver<\/td>\n<td width=\"324\">Windows\u00ae<\/td>\n<\/tr>\n<tr>\n<td width=\"324\">Linux\u00ae<\/td>\n<\/tr>\n<tr>\n<td width=\"324\">macOS\u00ae<\/td>\n<\/tr>\n<tr>\n<td width=\"324\">Solaris\u2122<\/td>\n<\/tr>\n<tr>\n<td width=\"324\">Android\u2122<\/td>\n<\/tr>\n<tr>\n<td><\/td>\n<td><\/td>\n<\/tr>\n<\/tbody>\n<\/table>","protected":false},"excerpt":{"rendered":"<div class=\"auto-hide-last-sibling-br paragraph_9dc5f paragraph-element\">ACR39T-A1 er en kompakt pcsc ccid-kortl\u00e6ser, der kombinerer avanceret teknologi med et moderne design til alsidige smart card-applikationer.<\/div>","protected":false},"featured_media":2812,"template":"","meta":[],"product_brand":[],"product_cat":[39],"product_tag":[],"class_list":{"0":"post-2811","1":"product","2":"type-product","3":"status-publish","4":"has-post-thumbnail","6":"product_cat-usb-ic-smartcard-reader","8":"first","9":"instock","10":"shipping-taxable","11":"product-type-simple"},"_links":{"self":[{"href":"https:\/\/nfc-readers.com\/da\/wp-json\/wp\/v2\/product\/2811","targetHints":{"allow":["GET"]}}],"collection":[{"href":"https:\/\/nfc-readers.com\/da\/wp-json\/wp\/v2\/product"}],"about":[{"href":"https:\/\/nfc-readers.com\/da\/wp-json\/wp\/v2\/types\/product"}],"wp:featuredmedia":[{"embeddable":true,"href":"https:\/\/nfc-readers.com\/da\/wp-json\/wp\/v2\/media\/2812"}],"wp:attachment":[{"href":"https:\/\/nfc-readers.com\/da\/wp-json\/wp\/v2\/media?parent=2811"}],"wp:term":[{"taxonomy":"product_brand","embeddable":true,"href":"https:\/\/nfc-readers.com\/da\/wp-json\/wp\/v2\/product_brand?post=2811"},{"taxonomy":"product_cat","embeddable":true,"href":"https:\/\/nfc-readers.com\/da\/wp-json\/wp\/v2\/product_cat?post=2811"},{"taxonomy":"product_tag","embeddable":true,"href":"https:\/\/nfc-readers.com\/da\/wp-json\/wp\/v2\/product_tag?post=2811"}],"curies":[{"name":"wp","href":"https:\/\/api.w.org\/{rel}","templated":true}]}}