{"id":2815,"date":"2024-06-19T06:35:44","date_gmt":"2024-06-19T06:35:44","guid":{"rendered":"https:\/\/nfc-readers.com\/?post_type=product&#038;p=2815"},"modified":"2024-09-23T05:48:48","modified_gmt":"2024-09-23T05:48:48","slug":"acr39u-h1-high-speed-usb-contact-smartcard-reader-writer","status":"publish","type":"product","link":"https:\/\/nfc-readers.com\/da\/ic-reader\/acr39u-h1-high-speed-usb-contact-smartcard-reader-writer\/","title":{"rendered":"ACR39U-H1 High Speed USB Kontakt Smartcard Reader Writer"},"content":{"rendered":"<h1>ACR39U-H1 High Speed USB Kontakt Smartcard Reader Writer<\/h1>\n<p>ACR39U-H1 er en alsidig chipkortl\u00e6ser, der underst\u00f8tter ISO 7816 klasse A, B og C chipkort (5 V, 3 V og 1,8 V), mikroprocessorkort med T=0- eller T=1-protokollen og hukommelse kort. Det er is\u00e6r ogs\u00e5 kompatibelt med det malaysiske identitetskort (Mykad). Den har en USB fuldhastighedsgr\u00e6nseflade og kan prale af en smart card l\u00e6se\/skrivehastighed p\u00e5 op til 600 Kbps. ACR39U-H1 er utroligt holdbar med en levetid p\u00e5 200.000 kortinds\u00e6ttelsescyklusser. Den har forskellige certificeringer, herunder EMV\u2122 Level 1 (Kontakt) og PBOC (People&#039;s Bank of China), hvilket g\u00f8r den til den perfekte smartkortl\u00e6ser til dine e-Banking- og e-Payment-applikationer.<\/p>\n<ul>\n<li>\n<h2>USB fuld hastighed interface<\/h2>\n<\/li>\n<li>\n<h2>Kompatibel med USB 3.0<\/h2>\n<\/li>\n<li>\n<h2>USB Type-A-stik<\/h2>\n<\/li>\n<li>\n<h2>Plug and Play \u2013 CCID-underst\u00f8ttelse giver den st\u00f8rste mobilitet<\/h2>\n<\/li>\n<li>\n<h2>Smartkortl\u00e6ser:<\/h2>\n<ul>\n<li>\n<h3>Kontaktgr\u00e6nseflade:<\/h3>\n<ul>\n<li>Underst\u00f8tter ISO 7816 klasse A, B og C (5 V, 3 V, 1,8 V) kort<\/li>\n<li>Underst\u00f8tter CAC (Common Access Card)<\/li>\n<li>Underst\u00f8tter SIPRNET-kort<\/li>\n<li>Underst\u00f8tter mikroprocessorkort med T=0 eller T=1 protokol<\/li>\n<li>Underst\u00f8tter hukommelseskort<\/li>\n<li>Underst\u00f8tter Mykad Card<\/li>\n<li>Underst\u00f8tter PPS (Protocol and Parameter Selection)<\/li>\n<li>Har kortslutningsbeskyttelse<\/li>\n<\/ul>\n<\/li>\n<\/ul>\n<\/li>\n<li>\n<h2>Applikationsprogrammeringsgr\u00e6nseflade:<\/h2>\n<ul>\n<li>\n<h3>Underst\u00f8tter PC\/SC<\/h3>\n<\/li>\n<li>\n<h3>Underst\u00f8tter CT-API (gennem indpakning oven p\u00e5 PC\/SC)<\/h3>\n<\/li>\n<\/ul>\n<\/li>\n<li>\n<h2>Underst\u00f8tter Android\u2122 3.1 og nyere<\/h2>\n<\/li>\n<\/ul>\n<table width=\"478\">\n<tbody>\n<tr>\n<td colspan=\"2\" width=\"478\">Fysiske egenskaber<\/td>\n<\/tr>\n<tr>\n<td width=\"237\">Dimensioner (mm)<\/td>\n<td width=\"241\">71,5 mm (L) x 80,0 mm (B) x 80,0 mm (H)<\/td>\n<\/tr>\n<tr>\n<td width=\"237\">V\u00e6gt (g)<\/td>\n<td width=\"241\">174 g<\/td>\n<\/tr>\n<tr>\n<td colspan=\"2\" width=\"478\">Standalone tilstand<\/td>\n<\/tr>\n<tr>\n<td width=\"237\">Operativsystem<\/td>\n<td width=\"241\">1 kortplads i fuld st\u00f8rrelse<\/td>\n<\/tr>\n<tr>\n<td colspan=\"2\" width=\"478\">USB interface<\/td>\n<\/tr>\n<tr>\n<td width=\"237\">Protokol<\/td>\n<td width=\"241\">USB CCID<\/td>\n<\/tr>\n<tr>\n<td width=\"237\">Connector Type<\/td>\n<td width=\"241\">Standard Type-A<\/td>\n<\/tr>\n<tr>\n<td width=\"237\">Str\u00f8mkilde<\/td>\n<td width=\"241\">Fra USB-port<\/td>\n<\/tr>\n<tr>\n<td width=\"237\">Hastighed<\/td>\n<td width=\"241\">USB 2.0 fuld hastighed (12 Mbps)<\/td>\n<\/tr>\n<tr>\n<td width=\"237\">Kabell\u00e6ngde<\/td>\n<td width=\"241\">1,5 m, Fast<\/td>\n<\/tr>\n<tr>\n<td colspan=\"2\" width=\"478\">Kontakt Smart Card Interface<\/td>\n<\/tr>\n<tr>\n<td width=\"237\">Antal slots<\/td>\n<td width=\"241\">1 kortplads i fuld st\u00f8rrelse<\/td>\n<\/tr>\n<tr>\n<td width=\"237\">Standard<\/td>\n<td width=\"241\">ISO 7816 del 1-4, klasse A, B, C (5 V, 3 V, 1,8 V)<\/td>\n<\/tr>\n<tr>\n<td width=\"237\">Protokol<\/td>\n<td width=\"241\">T=0; T=1; Underst\u00f8ttelse af hukommelseskort<\/td>\n<\/tr>\n<tr>\n<td width=\"237\">Andre<\/td>\n<td width=\"241\">Mykad Card, CAC, PIV, SIPRNET Smart Cards<\/td>\n<\/tr>\n<tr>\n<td colspan=\"2\" width=\"478\">Certificeringer\/overholdelse<\/td>\n<\/tr>\n<tr>\n<td rowspan=\"17\" width=\"237\">Certificeringer\/overholdelse<\/td>\n<td width=\"241\">EN62368\/IEC 62368<\/td>\n<\/tr>\n<tr>\n<td width=\"241\">CE<\/td>\n<\/tr>\n<tr>\n<td width=\"241\">FCC<\/td>\n<\/tr>\n<tr>\n<td width=\"241\">RoHS<\/td>\n<\/tr>\n<tr>\n<td width=\"241\">N\u00c5<\/td>\n<\/tr>\n<tr>\n<td width=\"241\">EMV\u2122 niveau 1 (kontakt)<\/td>\n<\/tr>\n<tr>\n<td width=\"241\">KCC<\/td>\n<\/tr>\n<tr>\n<td width=\"241\">PBOC<\/td>\n<\/tr>\n<tr>\n<td width=\"241\">TAA (USA)<\/td>\n<\/tr>\n<tr>\n<td width=\"241\">UKCA<\/td>\n<\/tr>\n<tr>\n<td width=\"241\">VCCI<\/td>\n<\/tr>\n<tr>\n<td width=\"241\">WEEE<\/td>\n<\/tr>\n<tr>\n<td width=\"241\">ISO 7816<\/td>\n<\/tr>\n<tr>\n<td width=\"241\">USB 2.0 fuld hastighed<\/td>\n<\/tr>\n<tr>\n<td width=\"241\">PC\/SC<\/td>\n<\/tr>\n<tr>\n<td width=\"241\">CCID<\/td>\n<\/tr>\n<tr>\n<td width=\"241\">Microsoft\u00ae WHQL<\/td>\n<\/tr>\n<tr>\n<td colspan=\"2\" width=\"478\">Underst\u00f8ttelse af styresystem til enhedsdriver<\/td>\n<\/tr>\n<tr>\n<td rowspan=\"5\" width=\"237\">Underst\u00f8ttelse af styresystem til enhedsdriver<\/td>\n<td width=\"241\">Windows\u00ae<\/td>\n<\/tr>\n<tr>\n<td width=\"241\">Linux\u00ae<\/td>\n<\/tr>\n<tr>\n<td width=\"241\">macOS\u00ae<\/td>\n<\/tr>\n<tr>\n<td width=\"241\">Solaris\u2122<\/td>\n<\/tr>\n<tr>\n<td width=\"241\">Android\u2122<\/td>\n<\/tr>\n<tr>\n<td><\/td>\n<td><\/td>\n<\/tr>\n<\/tbody>\n<\/table>","protected":false},"excerpt":{"rendered":"<p>ACR39U-H1 er en brugervenlig EMV PBOC kortl\u00e6ser designet til forskellige applikationer, herunder e-Government og adgangskontrol.<\/p>","protected":false},"featured_media":2816,"template":"","meta":[],"product_brand":[],"product_cat":[39],"product_tag":[],"class_list":{"0":"post-2815","1":"product","2":"type-product","3":"status-publish","4":"has-post-thumbnail","6":"product_cat-usb-ic-smartcard-reader","8":"first","9":"instock","10":"shipping-taxable","11":"product-type-simple"},"_links":{"self":[{"href":"https:\/\/nfc-readers.com\/da\/wp-json\/wp\/v2\/product\/2815","targetHints":{"allow":["GET"]}}],"collection":[{"href":"https:\/\/nfc-readers.com\/da\/wp-json\/wp\/v2\/product"}],"about":[{"href":"https:\/\/nfc-readers.com\/da\/wp-json\/wp\/v2\/types\/product"}],"wp:featuredmedia":[{"embeddable":true,"href":"https:\/\/nfc-readers.com\/da\/wp-json\/wp\/v2\/media\/2816"}],"wp:attachment":[{"href":"https:\/\/nfc-readers.com\/da\/wp-json\/wp\/v2\/media?parent=2815"}],"wp:term":[{"taxonomy":"product_brand","embeddable":true,"href":"https:\/\/nfc-readers.com\/da\/wp-json\/wp\/v2\/product_brand?post=2815"},{"taxonomy":"product_cat","embeddable":true,"href":"https:\/\/nfc-readers.com\/da\/wp-json\/wp\/v2\/product_cat?post=2815"},{"taxonomy":"product_tag","embeddable":true,"href":"https:\/\/nfc-readers.com\/da\/wp-json\/wp\/v2\/product_tag?post=2815"}],"curies":[{"name":"wp","href":"https:\/\/api.w.org\/{rel}","templated":true}]}}