{"id":2875,"date":"2024-07-02T01:48:57","date_gmt":"2024-07-02T01:48:57","guid":{"rendered":"https:\/\/nfc-readers.com\/?post_type=product&#038;p=2875"},"modified":"2024-09-23T05:44:47","modified_gmt":"2024-09-23T05:44:47","slug":"acr39t-a5-usb-type-c-contact-sim-sized-smartcard-reader-writer","status":"publish","type":"product","link":"https:\/\/nfc-readers.com\/da\/ic-reader\/acr39t-a5-usb-type-c-contact-sim-sized-smartcard-reader-writer\/","title":{"rendered":"ACR39T-A5 USB Type C Kontakt SIM-st\u00f8rrelse Smartcard Reader Writer"},"content":{"rendered":"<h1>ACR39T-A5 USB Type C Kontakt SIM-st\u00f8rrelse Smartcard Reader Writer<\/h1>\n<div class=\"auto-hide-last-sibling-br paragraph_9dc5f paragraph-element\">ACR39T-A5 repr\u00e6senterer et gennembrud inden for smartkortl\u00e6sere, der viser b\u00e5de avanceret teknologi og moderne design. Denne smartkortl\u00e6ser i SIM-st\u00f8rrelse kan v\u00e6re kompakt, men den er sp\u00e6kket med adskillige funktioner. Ved at kombinere banebrydende teknologi med et slankt design er ACR39T-A5 konstrueret til at opfylde strenge krav p\u00e5 tv\u00e6rs af forskellige smart card-applikationer. ACR39T-A5 er kompatibel med ISO 7816 klasse A, B og C smart cards (der fungerer ved 5 V 3 V og 1,8 V), og den h\u00e5ndterer effektivt en lang r\u00e6kke hukommelseskort og mikroprocessorkort, der bruger T=0- og T=1-protokollen. Med et USB Full Speed-interface med et USB Type C-stik, underst\u00f8tter enheden smart card l\u00e6se-\/skrivehastigheder p\u00e5 op til 600 Kbps. Dette g\u00f8r det til et fremragende valg til en r\u00e6kke forskellige l\u00f8sninger, herunder fysisk og logisk adgangskontrol, digitale signaturer og netbank.<\/div>\n<div>\n<ul>\n<li>\n<h2>USB 2.0 fuld hastighed interface<\/h2>\n<\/li>\n<li>\n<h2>USB Type C-stik<\/h2>\n<\/li>\n<li>\n<h2>Plug and Play \u2013 CCID-underst\u00f8ttelse giver den st\u00f8rste mobilitet<\/h2>\n<\/li>\n<li>\n<h2>Smartkortl\u00e6ser:<\/h2>\n<ul>\n<li>\n<h3>Underst\u00f8tter ISO 7816 klasse A, B og C (5 V, 3 V, 1,8 V) kort<\/h3>\n<\/li>\n<li>\n<h3>Underst\u00f8tter mikroprocessorkort med T=0 eller T=1 protokol<\/h3>\n<\/li>\n<li>\n<h3>Underst\u00f8tter hukommelseskort<\/h3>\n<\/li>\n<li>\n<h3>Underst\u00f8tter PPS (Protocol and Parameter Selection)<\/h3>\n<\/li>\n<li>\n<h3>Har kortslutningsbeskyttelse<\/h3>\n<\/li>\n<\/ul>\n<\/li>\n<li>\n<h2>Applikationsprogrammeringsgr\u00e6nseflade:<\/h2>\n<ul>\n<li>\n<h3>Underst\u00f8tter PC\/SC<\/h3>\n<\/li>\n<li>\n<h3>Underst\u00f8tter CT-API (gennem indpakning oven p\u00e5 PC\/SC)<\/h3>\n<\/li>\n<\/ul>\n<\/li>\n<li>\n<h2>Underst\u00f8tter Android\u2122 3.1 og nyere<\/h2>\n<\/li>\n<\/ul>\n<table width=\"636\">\n<tbody>\n<tr>\n<td colspan=\"2\" width=\"636\">\n<h2>Fysiske egenskaber<\/h2>\n<\/td>\n<\/tr>\n<tr>\n<td width=\"223\">Dimensioner (mm)<\/td>\n<td width=\"413\">49,5 mm (L) \u00d7 21,5 mm (B) \u00d7 9,0 mm (H)<\/td>\n<\/tr>\n<tr>\n<td width=\"223\">V\u00e6gt (g)<\/td>\n<td width=\"413\">7 g<\/td>\n<\/tr>\n<tr>\n<td colspan=\"2\" width=\"636\">USB interface<\/td>\n<\/tr>\n<tr>\n<td width=\"223\">Protokol<\/td>\n<td width=\"413\">USB CCID<\/td>\n<\/tr>\n<tr>\n<td width=\"223\">Connector Type<\/td>\n<td width=\"413\">Standard type C<\/td>\n<\/tr>\n<tr>\n<td width=\"223\">Str\u00f8mkilde<\/td>\n<td width=\"413\">Fra USB-port<\/td>\n<\/tr>\n<tr>\n<td width=\"223\">Hastighed<\/td>\n<td width=\"413\">USB fuld hastighed (12 Mbps)<\/td>\n<\/tr>\n<tr>\n<td colspan=\"2\" width=\"636\">Kontakt Smart Card Interface<\/td>\n<\/tr>\n<tr>\n<td width=\"223\">Antal slots<\/td>\n<td width=\"413\">1 kortslot i SIM-st\u00f8rrelse<\/td>\n<\/tr>\n<tr>\n<td width=\"223\">Standard<\/td>\n<td width=\"413\">ISO 7816 del 1-4, klasse A, B, C (5 V, 3 V, 1,8 V)<\/td>\n<\/tr>\n<tr>\n<td width=\"223\">Protokol<\/td>\n<td width=\"413\">T=0; T=1; Underst\u00f8ttelse af hukommelseskort<\/td>\n<\/tr>\n<tr>\n<td colspan=\"2\" width=\"636\">Indbygget periferiudstyr<\/td>\n<\/tr>\n<tr>\n<td width=\"223\">LED<\/td>\n<td width=\"413\">1 enkelt farve: Gr\u00f8n<\/td>\n<\/tr>\n<tr>\n<td colspan=\"2\" width=\"636\">Certificeringer\/overholdelse<\/td>\n<\/tr>\n<tr>\n<td rowspan=\"13\" width=\"223\">Certificeringer\/overholdelse<\/td>\n<td width=\"413\">EN62368\/IEC 62368<\/td>\n<\/tr>\n<tr>\n<td width=\"413\">CE<\/td>\n<\/tr>\n<tr>\n<td width=\"413\">FCC<\/td>\n<\/tr>\n<tr>\n<td width=\"413\">RoHS<\/td>\n<\/tr>\n<tr>\n<td width=\"413\">N\u00c5<\/td>\n<\/tr>\n<tr>\n<td width=\"413\">UKCA<\/td>\n<\/tr>\n<tr>\n<td width=\"413\">VCCI<\/td>\n<\/tr>\n<tr>\n<td width=\"413\">WEEE<\/td>\n<\/tr>\n<tr>\n<td width=\"413\">ISO 7816<\/td>\n<\/tr>\n<tr>\n<td width=\"413\">USB 2.0 fuld hastighed<\/td>\n<\/tr>\n<tr>\n<td width=\"413\">PC\/SC<\/td>\n<\/tr>\n<tr>\n<td width=\"413\">CCID<\/td>\n<\/tr>\n<tr>\n<td width=\"413\">Microsoft\u00ae WHQL<\/td>\n<\/tr>\n<tr>\n<td colspan=\"2\" width=\"636\">Underst\u00f8ttelse af styresystem til enhedsdriver<\/td>\n<\/tr>\n<tr>\n<td rowspan=\"4\" width=\"223\">Underst\u00f8ttelse af styresystem til enhedsdriver<\/td>\n<td width=\"413\">Windows\u00ae<\/td>\n<\/tr>\n<tr>\n<td width=\"413\">Linux\u00ae<\/td>\n<\/tr>\n<tr>\n<td width=\"413\">macOS\u00ae 10.7 og nyere<\/td>\n<\/tr>\n<tr>\n<td width=\"413\">Android\u2122 3.1 og nyere Solaris\u2122<\/td>\n<\/tr>\n<\/tbody>\n<\/table>\n<\/div>\n<div><\/div>","protected":false},"excerpt":{"rendered":"<div class=\"auto-hide-last-sibling-br paragraph_9dc5f paragraph-element\">ACR39T-A5 er en kompakt SIM-kortl\u00e6ser, der anvender avanceret teknologi til effektiv betjening af smartkort.<\/div>","protected":false},"featured_media":2876,"template":"","meta":[],"product_brand":[],"product_cat":[39],"product_tag":[],"class_list":{"0":"post-2875","1":"product","2":"type-product","3":"status-publish","4":"has-post-thumbnail","6":"product_cat-usb-ic-smartcard-reader","8":"first","9":"instock","10":"shipping-taxable","11":"product-type-simple"},"_links":{"self":[{"href":"https:\/\/nfc-readers.com\/da\/wp-json\/wp\/v2\/product\/2875","targetHints":{"allow":["GET"]}}],"collection":[{"href":"https:\/\/nfc-readers.com\/da\/wp-json\/wp\/v2\/product"}],"about":[{"href":"https:\/\/nfc-readers.com\/da\/wp-json\/wp\/v2\/types\/product"}],"wp:featuredmedia":[{"embeddable":true,"href":"https:\/\/nfc-readers.com\/da\/wp-json\/wp\/v2\/media\/2876"}],"wp:attachment":[{"href":"https:\/\/nfc-readers.com\/da\/wp-json\/wp\/v2\/media?parent=2875"}],"wp:term":[{"taxonomy":"product_brand","embeddable":true,"href":"https:\/\/nfc-readers.com\/da\/wp-json\/wp\/v2\/product_brand?post=2875"},{"taxonomy":"product_cat","embeddable":true,"href":"https:\/\/nfc-readers.com\/da\/wp-json\/wp\/v2\/product_cat?post=2875"},{"taxonomy":"product_tag","embeddable":true,"href":"https:\/\/nfc-readers.com\/da\/wp-json\/wp\/v2\/product_tag?post=2875"}],"curies":[{"name":"wp","href":"https:\/\/api.w.org\/{rel}","templated":true}]}}