{"id":3578,"date":"2024-11-06T13:26:21","date_gmt":"2024-11-06T13:26:21","guid":{"rendered":"https:\/\/nfc-readers.com\/?post_type=product&#038;p=3578"},"modified":"2024-11-06T13:26:21","modified_gmt":"2024-11-06T13:26:21","slug":"nfc-sticker-manufacturer-customize-anti-counterfeiting-label","status":"publish","type":"product","link":"https:\/\/nfc-readers.com\/da\/ic-reader\/nfc-sticker-manufacturer-customize-anti-counterfeiting-label\/","title":{"rendered":"NFC-klisterm\u00e6rkeproducenten tilpasser etiket til bek\u00e6mpelse af forfalskning"},"content":{"rendered":"<h1 style=\"text-align: center;\"><strong>NFC-klisterm\u00e6rkeproducenten tilpasser etiket til bek\u00e6mpelse af forfalskning<\/strong><\/h1>\n<p>&nbsp;<\/p>\n<p>I nutidens digitale tidsalder har behovet for sikre og p\u00e5lidelige brandingl\u00f8sninger aldrig v\u00e6ret mere afg\u00f8rende. Vores <strong>NFC-klisterm\u00e6rker<\/strong>, der er specielt designet til anti-forfalskning applikationer, tilbyder en revolutionerende m\u00e5de at sikre produktets \u00e6gthed og \u00f8ge kundernes tillid. Skr\u00e6ddersyet og tilpasset til en r\u00e6kke forskellige anvendelser, vores\u00a0<strong>NFC tags<\/strong>\u00a0er mere end blot klisterm\u00e6rker; de er en signatur p\u00e5 sikkerhed, der problemfrit kan integreres i din virksomhed. Ved hj\u00e6lp af avanceret teknologi som f.eks\u00a0<strong>NTAG 424 DNA NFC Tag<\/strong>, giver disse klisterm\u00e6rker en r\u00e6kke funktioner, der ikke kun beskytter dine produkter, men ogs\u00e5 engagerer dine kunder p\u00e5 nye og innovative m\u00e5der.<\/p>\n<p>&nbsp;<\/p>\n<p><strong>Hvorfor k\u00f8be NFC-klisterm\u00e6rker?<\/strong><br \/>\nAt investere i NFC-klisterm\u00e6rker fra vores producent betyder, at du beskytter dit brand mod forfalskning, samtidig med at du giver dine kunder en interaktiv oplevelse. Brugen af h\u00f8jtydende <strong>RFID og NFC<\/strong>\u00a0teknologi sikrer, at hvert klisterm\u00e6rke fungerer som en unik identifikator, der forbedrer ikke kun sikkerheden, men ogs\u00e5 den overordnede brandoplevelse. Disse er ikke blot etiketter; de er kraftfulde v\u00e6rkt\u00f8jer til at opbygge forbrugertillid.<\/p>\n<p>&nbsp;<\/p>\n<h3>S\u00e6rlige egenskaber ved NFC-klisterm\u00e6rker<\/h3>\n<p>NFC-klisterm\u00e6rker kommer sp\u00e6kket med funktioner, der g\u00f8r dem til et overlegent valg til anti-forfalskning applikationer. Fra tilpasningsmuligheder til forskellige st\u00f8rrelser og former kombinerer disse klisterm\u00e6rker funktionalitet med brugervenlige gr\u00e6nseflader.<\/p>\n<h3>Kommunikationsgr\u00e6nseflade: RFID og NFC<\/h3>\n<p>Udforsk den s\u00f8ml\u00f8se integration af\u00a0<strong>RFID og NFC<\/strong>\u00a0teknologier i disse klisterm\u00e6rker. Forst\u00e5, hvordan de arbejder sammen for at give robuste kommunikationsmuligheder mellem tags og NFC-aktiverede enheder.<\/p>\n<h3>Frekvens og ydeevne<\/h3>\n<p>Med en frekvens p\u00e5\u00a0<strong>13,56 MHz<\/strong>, leverer disse NFC-tags en p\u00e5lidelig l\u00e6seafstand p\u00e5 1-10 cm, hvilket sikrer hurtig og effektiv scanning, uanset om det er i detailindstillinger eller logistikapplikationer.<\/p>\n<h3>Anvendte materialer: Coated papir og PET<\/h3>\n<p>Valget af materialer p\u00e5virker holdbarheden og ydeevnen af NFC-klisterm\u00e6rker. Dette afsnit dykker ned i, hvorfor vi bruger\u00a0<strong>bestr\u00f8get papir og PET<\/strong>\u00a0og hvordan disse materialer bidrager til m\u00e6rkatens levetid og anvendelighed i forskellige milj\u00f8er.<\/p>\n<p>&nbsp;<\/p>\n<h2>Ofte stillede sp\u00f8rgsm\u00e5l (ofte stillede sp\u00f8rgsm\u00e5l)<\/h2>\n<h3>1.\u00a0<strong>Hvad er NFC-klisterm\u00e6rker, og hvordan fungerer de?<\/strong><\/h3>\n<p>NFC (Near Field Communication)-klisterm\u00e6rker er sm\u00e5 etiketter, der er indlejret med NFC-teknologi, der muligg\u00f8r tr\u00e5dl\u00f8s kommunikation mellem klisterm\u00e6rket og NFC-aktiverede enheder, s\u00e5som smartphones eller tablets. N\u00e5r en bruger trykker deres enhed mod klisterm\u00e6rket, kan det udl\u00f8se forskellige handlinger, s\u00e5som at vise produktoplysninger, bes\u00f8ge et websted eller bekr\u00e6fte \u00e6gtheden.<\/p>\n<hr \/>\n<h3>2.\u00a0<strong>Hvad er den maksimale l\u00e6seafstand for dine NFC-klisterm\u00e6rker?<\/strong><\/h3>\n<p>Vores NFC-klisterm\u00e6rker har en l\u00e6seafstand p\u00e5\u00a0<strong>1-10 cm<\/strong>\u00a0(cirka 0,4-4 tommer). Den effektive r\u00e6kkevidde afh\u00e6nger af den anvendte enhed og det milj\u00f8, hvori den scannes.<\/p>\n<hr \/>\n<h3>3.\u00a0<strong>Kan NFC-klisterm\u00e6rkerne tilpasses?<\/strong><\/h3>\n<p>Ja! Vores NFC-klisterm\u00e6rker kan tilpasses fuldt ud med hensyn til st\u00f8rrelse, form, design og trykt indhold. Vi tilbyder\u00a0<strong>CMYK fuldfarvetryk, offsettryk og silketryk<\/strong>\u00a0muligheder for at sikre, at dit brandbudskab vises tydeligt.<\/p>","protected":false},"excerpt":{"rendered":"<p>Vores NFC-klisterm\u00e6rker er tilpassede etiketter til bek\u00e6mpelse af forfalskning, designet til at forbedre produktets sikkerhed og \u00e6gthed. Med avanceret teknologi og unikke design tilbyder disse klisterm\u00e6rker virksomheder en p\u00e5lidelig l\u00f8sning til at beskytte deres brand og engagere kunderne p\u00e5 en interaktiv m\u00e5de.<\/p>","protected":false},"featured_media":3579,"template":"","meta":[],"product_brand":[],"product_cat":[48],"product_tag":[],"class_list":{"0":"post-3578","1":"product","2":"type-product","3":"status-publish","4":"has-post-thumbnail","6":"product_cat-nfc-stickers","8":"first","9":"instock","10":"shipping-taxable","11":"product-type-simple"},"_links":{"self":[{"href":"https:\/\/nfc-readers.com\/da\/wp-json\/wp\/v2\/product\/3578","targetHints":{"allow":["GET"]}}],"collection":[{"href":"https:\/\/nfc-readers.com\/da\/wp-json\/wp\/v2\/product"}],"about":[{"href":"https:\/\/nfc-readers.com\/da\/wp-json\/wp\/v2\/types\/product"}],"wp:featuredmedia":[{"embeddable":true,"href":"https:\/\/nfc-readers.com\/da\/wp-json\/wp\/v2\/media\/3579"}],"wp:attachment":[{"href":"https:\/\/nfc-readers.com\/da\/wp-json\/wp\/v2\/media?parent=3578"}],"wp:term":[{"taxonomy":"product_brand","embeddable":true,"href":"https:\/\/nfc-readers.com\/da\/wp-json\/wp\/v2\/product_brand?post=3578"},{"taxonomy":"product_cat","embeddable":true,"href":"https:\/\/nfc-readers.com\/da\/wp-json\/wp\/v2\/product_cat?post=3578"},{"taxonomy":"product_tag","embeddable":true,"href":"https:\/\/nfc-readers.com\/da\/wp-json\/wp\/v2\/product_tag?post=3578"}],"curies":[{"name":"wp","href":"https:\/\/api.w.org\/{rel}","templated":true}]}}