{"id":1512,"date":"2024-04-07T03:03:03","date_gmt":"2024-04-07T03:03:03","guid":{"rendered":"https:\/\/nfc-readers.com\/?post_type=product&#038;p=1512"},"modified":"2024-10-16T08:13:55","modified_gmt":"2024-10-16T08:13:55","slug":"acr35-nfc-mobilemate-card-reader","status":"publish","type":"product","link":"https:\/\/nfc-readers.com\/de\/ic-reader\/acr35-nfc-mobilemate-card-reader\/","title":{"rendered":"ACR35 NFC MobileMate-Kartenleser"},"content":{"rendered":"<h1>ACR35 NFC MobileMate-Kartenleser<\/h1>\n<p>Der ACR35 NFC MobileMate-Kartenleser ist ein kompakter, eleganter und tragbarer NFC-Leser, der ein sicheres und benutzerfreundliches Erlebnis bietet. Seine erweiterten Verschl\u00fcsselungsfunktionen und der Komfort eines wiederaufladbaren Netzteils machen ihn zu einem wertvollen Hilfsmittel f\u00fcr sichere mobile Transaktionen und verk\u00f6rpern die perfekte Mischung aus Funktionalit\u00e4t und Tragbarkeit f\u00fcr aktive Benutzer.<\/p>\n<p>&nbsp;<\/p>\n<p>3,5-mm-Audiobuchsenschnittstelle<br \/>\nStromversorgung \u00fcber einen Lithium-Ionen-Akku (wiederaufladbar \u00fcber den PC-verbundenen Modus)<br \/>\nChipkartenleser:<br \/>\nIntegrierte Antenne f\u00fcr kontaktlosen Tag-Zugriff mit Leseabstand von bis zu 50\u00a0mm (je nach Tag-Typ)<br \/>\nUnterst\u00fctzt ISO 14443 Teil 4 Typ A und B-Karten<br \/>\nUnterst\u00fctzt MIFARE<br \/>\nUnterst\u00fctzt FeliCa<br \/>\nUnterst\u00fctzt ISO 18092-Tags (NFC-Tags)*<br \/>\nIntegrierte Antikollisionsfunktion<br \/>\nNFC-Unterst\u00fctzung:<br \/>\nKartenlese-\/-schreibmodus<br \/>\nMagnetstreifenkartenleser:<br \/>\nLiest bis zu zwei Spuren von Kartendaten (Spur 1 \/ Spur 2)<br \/>\nKann bidirektional lesen<br \/>\nUnterst\u00fctzt den AES128-Verschl\u00fcsselungsalgorithmus<br \/>\nUnterst\u00fctzt das DUKPT-Schl\u00fcsselverwaltungssystem<br \/>\nUnterst\u00fctzt ISO 7810 \/ 7811 Magnetkarten<br \/>\nUnterst\u00fctzt Magnetkarten mit hoher und niedriger Koerzitivfeldst\u00e4rke<br \/>\nUnterst\u00fctzt JIS1 und JIS2<\/p>\n<table width=\"769\">\n<tbody>\n<tr>\n<td colspan=\"2\" width=\"769\">Physikalische Eigenschaften<\/td>\n<\/tr>\n<tr>\n<td width=\"376\">Gr\u00f6\u00dfe (mm)<\/td>\n<td width=\"393\">60,0 mm (L) x 45,0 mm (B) x 13,3 mm (H)<\/td>\n<\/tr>\n<tr>\n<td width=\"376\">Gewicht (g)<\/td>\n<td width=\"393\">29,0 g (mit Batterie)<\/td>\n<\/tr>\n<tr>\n<td colspan=\"2\" width=\"769\">Audio-Buchse-Kommunikationsschnittstelle<\/td>\n<\/tr>\n<tr>\n<td width=\"376\">Protokoll<\/td>\n<td width=\"393\">Bidirektionale Audio-Buchsenschnittstelle<\/td>\n<\/tr>\n<tr>\n<td width=\"376\">Steckertyp<\/td>\n<td width=\"393\">3,5 mm 4-polige Audiobuchse<\/td>\n<\/tr>\n<tr>\n<td width=\"376\">Energiequelle<\/td>\n<td width=\"393\">Batteriebetrieben<\/td>\n<\/tr>\n<tr>\n<td colspan=\"2\" width=\"769\">USB-Schnittstelle<\/td>\n<\/tr>\n<tr>\n<td width=\"376\">Steckertyp<\/td>\n<td width=\"393\">Micro-USB<\/td>\n<\/tr>\n<tr>\n<td width=\"376\">Energiequelle<\/td>\n<td width=\"393\">Vom USB-Anschluss<\/td>\n<\/tr>\n<tr>\n<td width=\"376\">Kabell\u00e4nge<\/td>\n<td width=\"393\">1 m, Abnehmbar<\/td>\n<\/tr>\n<tr>\n<td colspan=\"2\" width=\"769\">Kontaktlose Smartcard-Schnittstelle<\/td>\n<\/tr>\n<tr>\n<td width=\"376\">Standard<\/td>\n<td width=\"393\">ISO\/IEC 18092 NFC, ISO 14443 Typ A und B, MIFARE, FeliCa<\/td>\n<\/tr>\n<tr>\n<td rowspan=\"4\" width=\"376\">Protokoll<\/td>\n<td width=\"393\">ISO 14443-4-konforme Karte, T=CL<\/td>\n<\/tr>\n<tr>\n<td width=\"393\">MIFARE Classic Karte, T=CL<\/td>\n<\/tr>\n<tr>\n<td width=\"393\">ISO 18092, NFC-Tags<\/td>\n<\/tr>\n<tr>\n<td width=\"393\">Abonnieren<\/td>\n<\/tr>\n<tr>\n<td colspan=\"2\" width=\"769\">Magnetkartenschnittstelle<\/td>\n<\/tr>\n<tr>\n<td rowspan=\"2\" width=\"376\">Standard<\/td>\n<td width=\"393\">ISO 7810\/7811 Hi-Co- und Low-Co-Magnetkarten<\/td>\n<\/tr>\n<tr>\n<td width=\"393\">JIS 1 und JIS 2<\/td>\n<\/tr>\n<tr>\n<td colspan=\"2\" width=\"769\">Andere Eigenschaften<\/td>\n<\/tr>\n<tr>\n<td rowspan=\"2\" width=\"376\">Verschl\u00fcsselung<\/td>\n<td width=\"393\">Im Ger\u00e4t integrierter AES-Verschl\u00fcsselungsalgorithmus<\/td>\n<\/tr>\n<tr>\n<td width=\"393\">DUKPT-Schl\u00fcsselverwaltungssystem<\/td>\n<\/tr>\n<tr>\n<td colspan=\"2\" width=\"769\">Zertifizierungen\/Konformit\u00e4t<\/td>\n<\/tr>\n<tr>\n<td rowspan=\"10\" width=\"376\">Zertifizierungen\/Konformit\u00e4t<\/td>\n<td>EN 60950\/IEC 60950<\/td>\n<\/tr>\n<tr>\n<td>ISO 7811<\/td>\n<\/tr>\n<tr>\n<td>ISO 18092<\/td>\n<\/tr>\n<tr>\n<td>ISO 14443<\/td>\n<\/tr>\n<tr>\n<td>VCCI (Japan)<\/td>\n<\/tr>\n<tr>\n<td>KC (Korea)<\/td>\n<\/tr>\n<tr>\n<td>CE<\/td>\n<\/tr>\n<tr>\n<td>FCC<\/td>\n<\/tr>\n<tr>\n<td>RoHS 2<\/td>\n<\/tr>\n<tr>\n<td>ERREICHEN<\/td>\n<\/tr>\n<tr>\n<td colspan=\"2\" width=\"769\">Unterst\u00fctzte Ger\u00e4tetreiber und Betriebssysteme<\/td>\n<\/tr>\n<tr>\n<td rowspan=\"2\" width=\"376\">Unterst\u00fctzte Ger\u00e4tetreiber und Betriebssysteme<\/td>\n<td>Android\u2122 2.0 und h\u00f6her<\/td>\n<\/tr>\n<tr>\n<td>iOS 5.0 und h\u00f6her<\/td>\n<\/tr>\n<\/tbody>\n<\/table>","protected":false},"excerpt":{"rendered":"<p>Der ACR35 NFC MobileMate Reader ist ein tragbarer kontaktloser Reader, der mobile Ger\u00e4te erweitert und sichere NFC-Transaktionen f\u00fcr Benutzer erm\u00f6glicht.<\/p>","protected":false},"featured_media":1499,"template":"","meta":[],"product_brand":[],"product_cat":[38],"product_tag":[],"class_list":{"0":"post-1512","1":"product","2":"type-product","3":"status-publish","4":"has-post-thumbnail","6":"product_cat-mobile-ble-nfc-reader","8":"first","9":"instock","10":"shipping-taxable","11":"product-type-simple"},"_links":{"self":[{"href":"https:\/\/nfc-readers.com\/de\/wp-json\/wp\/v2\/product\/1512","targetHints":{"allow":["GET"]}}],"collection":[{"href":"https:\/\/nfc-readers.com\/de\/wp-json\/wp\/v2\/product"}],"about":[{"href":"https:\/\/nfc-readers.com\/de\/wp-json\/wp\/v2\/types\/product"}],"wp:featuredmedia":[{"embeddable":true,"href":"https:\/\/nfc-readers.com\/de\/wp-json\/wp\/v2\/media\/1499"}],"wp:attachment":[{"href":"https:\/\/nfc-readers.com\/de\/wp-json\/wp\/v2\/media?parent=1512"}],"wp:term":[{"taxonomy":"product_brand","embeddable":true,"href":"https:\/\/nfc-readers.com\/de\/wp-json\/wp\/v2\/product_brand?post=1512"},{"taxonomy":"product_cat","embeddable":true,"href":"https:\/\/nfc-readers.com\/de\/wp-json\/wp\/v2\/product_cat?post=1512"},{"taxonomy":"product_tag","embeddable":true,"href":"https:\/\/nfc-readers.com\/de\/wp-json\/wp\/v2\/product_tag?post=1512"}],"curies":[{"name":"wp","href":"https:\/\/api.w.org\/{rel}","templated":true}]}}