{"id":1527,"date":"2024-04-07T04:11:14","date_gmt":"2024-04-07T04:11:14","guid":{"rendered":"https:\/\/nfc-readers.com\/?post_type=product&#038;p=1527"},"modified":"2024-10-16T08:04:40","modified_gmt":"2024-10-16T08:04:40","slug":"acr39u-nf-pocketmate-ii-usb-type-c-smart-card-reader","status":"publish","type":"product","link":"https:\/\/nfc-readers.com\/de\/ic-reader\/acr39u-nf-pocketmate-ii-usb-type-c-smart-card-reader\/","title":{"rendered":"ACR39U-NF PocketMate II (USB Typ-C) SmartCard-Leseger\u00e4t"},"content":{"rendered":"<h1>ACR39U-NF PocketMate II (USB Typ-C) SmartCard-Leseger\u00e4t<\/h1>\n<p>Der ACR39 PocketMate II ist ein kompakter und dennoch robuster tragbarer NFC-Leser und Smart Card Reader, der ein breites Spektrum an sicheren Anwendungen abdeckt. Seine hochmoderne USB Type C-Konnektivit\u00e4t, umfassende Kartenunterst\u00fctzung und Multiplattformintegration machen ihn zu einem unverzichtbaren Werkzeug f\u00fcr sichere und flexible Eins\u00e4tze sowohl am Computer als auch auf Mobilger\u00e4ten.<\/p>\n<ul>\n<li>\n<h2>USB 2.0 Full Speed-Schnittstelle<\/h2>\n<\/li>\n<li>\n<h2>USB-Typ-C-Anschluss<\/h2>\n<\/li>\n<li>\n<h2>Plug and Play \u2013 CCID-Unterst\u00fctzung bringt h\u00f6chste Mobilit\u00e4t<\/h2>\n<\/li>\n<li>\n<h2>Schwenkbewegungsdesign<\/h2>\n<\/li>\n<li>\n<h2>Chipkartenleser:<\/h2>\n<ul>\n<li>\n<h3>Unterst\u00fctzt Karten der ISO 7816-Klassen A, B und C (5 V, 3 V, 1,8 V)<\/h3>\n<\/li>\n<li>\n<h3>Unterst\u00fctzt CAC<\/h3>\n<\/li>\n<li>\n<h3>Unterst\u00fctzt SIPRNET-Karte<\/h3>\n<\/li>\n<li>\n<h3>Unterst\u00fctzt J-LIS-Karte<\/h3>\n<\/li>\n<li>\n<h3>Unterst\u00fctzt Mykad-Karte<\/h3>\n<\/li>\n<li>\n<h3>Unterst\u00fctzt Mikroprozessorkarten mit T=0- oder T=1-Protokoll<\/h3>\n<\/li>\n<li>\n<h3>Unterst\u00fctzt Speicherkarten<\/h3>\n<\/li>\n<li>\n<h3>Unterst\u00fctzt PPS (Protokoll- und Parameterauswahl)<\/h3>\n<\/li>\n<li>\n<h3>Verf\u00fcgt \u00fcber Kurzschlussschutz<\/h3>\n<\/li>\n<\/ul>\n<\/li>\n<li>\n<h2>Programmierschnittstelle:<\/h2>\n<ul>\n<li>\n<h3>Unterst\u00fctzt PC\/SC<\/h3>\n<\/li>\n<li>\n<h3>Unterst\u00fctzt CT-API CT-API (durch Wrapper auf PC\/SC)<\/h3>\n<\/li>\n<\/ul>\n<\/li>\n<li>\n<h2>Unterst\u00fctzt Android\u2122 3.1 und h\u00f6her<\/h2>\n<\/li>\n<li>\n<div>\n<table width=\"719\">\n<tbody>\n<tr>\n<td colspan=\"2\" width=\"719\">Physikalische Eigenschaften<\/td>\n<\/tr>\n<tr>\n<td width=\"326\">Gr\u00f6\u00dfe (mm)<\/td>\n<td width=\"393\">58,0 mm (L) x 20,0 mm (B) x 13,9 mm (H)<\/td>\n<\/tr>\n<tr>\n<td width=\"326\">Gewicht (g)<\/td>\n<td width=\"393\">10 g<\/td>\n<\/tr>\n<tr>\n<td colspan=\"2\" width=\"719\">USB-Schnittstelle<\/td>\n<\/tr>\n<tr>\n<td width=\"326\">Protokoll<\/td>\n<td width=\"393\">USB-CCID<\/td>\n<\/tr>\n<tr>\n<td width=\"326\">Steckertyp<\/td>\n<td width=\"393\">Standard Typ C<\/td>\n<\/tr>\n<tr>\n<td width=\"326\">Energiequelle<\/td>\n<td width=\"393\">Vom USB-Anschluss<\/td>\n<\/tr>\n<tr>\n<td width=\"326\">Geschwindigkeit<\/td>\n<td width=\"393\">USB-Vollgeschwindigkeit (12 Mbit\/s)<\/td>\n<\/tr>\n<tr>\n<td colspan=\"2\" width=\"719\">Kontakt Smart Card Schnittstelle<\/td>\n<\/tr>\n<tr>\n<td width=\"326\">Anzahl der Steckpl\u00e4tze<\/td>\n<td width=\"393\">1 Kartensteckplatz in voller Gr\u00f6\u00dfe<\/td>\n<\/tr>\n<tr>\n<td width=\"326\">Standard<\/td>\n<td width=\"393\">ISO 7816 Teile 1-3, Klasse A, B, C (5 V, 3 V, 1,8 V)<\/td>\n<\/tr>\n<tr>\n<td width=\"326\">Protokoll<\/td>\n<td width=\"393\">T=0; T=1; Speicherkartenunterst\u00fctzung<\/td>\n<\/tr>\n<tr>\n<td width=\"326\">Andere<\/td>\n<td width=\"393\">CAC-, PIV-, SIPRNET- und J-LIS-Smartcards<\/td>\n<\/tr>\n<tr>\n<td colspan=\"2\" width=\"719\">Zertifizierungen\/Konformit\u00e4t<\/td>\n<\/tr>\n<tr>\n<td rowspan=\"16\" width=\"326\">Zertifizierungen\/Konformit\u00e4t<\/td>\n<td>EN 60950\/IEC 60950<\/td>\n<\/tr>\n<tr>\n<td>ISO 7816<\/td>\n<\/tr>\n<tr>\n<td>USB mit voller Geschwindigkeit<\/td>\n<\/tr>\n<tr>\n<td>EMV\u2122 Level 1 (Kontakt)<\/td>\n<\/tr>\n<tr>\n<td>PC\/SC<\/td>\n<\/tr>\n<tr>\n<td>CCID<\/td>\n<\/tr>\n<tr>\n<td>TAA (USA)<\/td>\n<\/tr>\n<tr>\n<td>VCCI (Japan)<\/td>\n<\/tr>\n<tr>\n<td>J-LIS (Japan)<\/td>\n<\/tr>\n<tr>\n<td>PBoC (China)<\/td>\n<\/tr>\n<tr>\n<td>CE<\/td>\n<\/tr>\n<tr>\n<td>FCC<\/td>\n<\/tr>\n<tr>\n<td>Elektro- und Elektronik-Altger\u00e4te<\/td>\n<\/tr>\n<tr>\n<td>RoHS 2<\/td>\n<\/tr>\n<tr>\n<td>ERREICHEN<\/td>\n<\/tr>\n<tr>\n<td>Microsoft\u00ae WHQL<\/td>\n<\/tr>\n<tr>\n<td colspan=\"2\" width=\"719\">Unterst\u00fctzte Ger\u00e4tetreiber und Betriebssysteme<\/td>\n<\/tr>\n<tr>\n<td rowspan=\"5\" width=\"326\">Unterst\u00fctzte Ger\u00e4tetreiber und Betriebssysteme<\/td>\n<td>Windows\u00ae<\/td>\n<\/tr>\n<tr>\n<td>Linux\u00ae<\/td>\n<\/tr>\n<tr>\n<td>MAC OS\u00ae<\/td>\n<\/tr>\n<tr>\n<td>Solaris<\/td>\n<\/tr>\n<tr>\n<td>Android\u2122 3.1 und h\u00f6her<\/td>\n<\/tr>\n<\/tbody>\n<\/table>\n<\/div>\n<\/li>\n<\/ul>","protected":false},"excerpt":{"rendered":"<p>Der ACR39U PocketMate II ist ein kompakter sicherer USB-Leser vom Typ C, der Hochgeschwindigkeitsleistung f\u00fcr Smartcard-Anwendungen bietet, darunter digitale Signaturen und sicheres Banking.<\/p>","protected":false},"featured_media":1530,"template":"","meta":[],"product_brand":[],"product_cat":[39],"product_tag":[],"class_list":{"0":"post-1527","1":"product","2":"type-product","3":"status-publish","4":"has-post-thumbnail","6":"product_cat-usb-ic-smartcard-reader","8":"first","9":"instock","10":"shipping-taxable","11":"product-type-simple"},"_links":{"self":[{"href":"https:\/\/nfc-readers.com\/de\/wp-json\/wp\/v2\/product\/1527","targetHints":{"allow":["GET"]}}],"collection":[{"href":"https:\/\/nfc-readers.com\/de\/wp-json\/wp\/v2\/product"}],"about":[{"href":"https:\/\/nfc-readers.com\/de\/wp-json\/wp\/v2\/types\/product"}],"wp:featuredmedia":[{"embeddable":true,"href":"https:\/\/nfc-readers.com\/de\/wp-json\/wp\/v2\/media\/1530"}],"wp:attachment":[{"href":"https:\/\/nfc-readers.com\/de\/wp-json\/wp\/v2\/media?parent=1527"}],"wp:term":[{"taxonomy":"product_brand","embeddable":true,"href":"https:\/\/nfc-readers.com\/de\/wp-json\/wp\/v2\/product_brand?post=1527"},{"taxonomy":"product_cat","embeddable":true,"href":"https:\/\/nfc-readers.com\/de\/wp-json\/wp\/v2\/product_cat?post=1527"},{"taxonomy":"product_tag","embeddable":true,"href":"https:\/\/nfc-readers.com\/de\/wp-json\/wp\/v2\/product_tag?post=1527"}],"curies":[{"name":"wp","href":"https:\/\/api.w.org\/{rel}","templated":true}]}}