{"id":1532,"date":"2024-04-07T04:16:02","date_gmt":"2024-04-07T04:16:02","guid":{"rendered":"https:\/\/nfc-readers.com\/?post_type=product&#038;p=1532"},"modified":"2024-10-16T08:01:13","modified_gmt":"2024-10-16T08:01:13","slug":"acr39u-nd-pocketmate-ii-micro-usb-smart-card-reader","status":"publish","type":"product","link":"https:\/\/nfc-readers.com\/de\/ic-reader\/acr39u-nd-pocketmate-ii-micro-usb-smart-card-reader\/","title":{"rendered":"ACR39U-ND PocketMate II (Micro-USB) SmartCard-Leseger\u00e4t"},"content":{"rendered":"<div>\n<h1>ACR39U-ND PocketMate II (Micro-USB) SmartCard-Leseger\u00e4t<\/h1>\n<p>Der ACR39 Pocketmate II, der mit einem Micro-USB-Anschluss ausgestattet ist, l\u00e4sst sich durch einfaches Schwenken auf raffinierte Weise in einen vollwertigen Kontakt-Smartcard-Leser verwandeln. Dieses Ger\u00e4t ist kompakt genug, um an einem Schl\u00fcsselbund befestigt zu werden, und unterst\u00fctzt anspruchsvolle Smartcard-Anwendungen effizient. Dieser tragbare Leser unterst\u00fctzt problemlos Smartcards gem\u00e4\u00df ISO 7816 Klasse A, B und C (5 V, 3 V und 1,8 V) sowie Mikroprozessorkarten, die sowohl mit den Protokollen T=0 als auch T=1 arbeiten. Seine Vielseitigkeit erstreckt sich auf eine Reihe von Speicherkarten, einschlie\u00dflich derjenigen, die vom Verteidigungsministerium f\u00fcr Common Access (CAC) und SIPRNET verwendet werden. Der ACR39U PocketMate II eignet sich f\u00fcr verschiedene Szenarien, darunter Identit\u00e4ts\u00fcberpr\u00fcfung, Zugangskontrollen, digitale Signaturen und sichere Online-Transaktionen. Die Micro-USB-Variante stellt sicher, dass der ACR39U Pocketmate II alle bekannten Funktionen der ACR39U-Serie beibeh\u00e4lt und gleichzeitig Abw\u00e4rtskompatibilit\u00e4t und einfache Orientierung bietet. Die Treiber sind f\u00fcr die Integration auf Desktop- und Mobilger\u00e4ten geeignet und harmonieren mit einer Vielzahl von Betriebssystemen wie Windows\u00ae, Linux\u00ae, Solaris und Mac OS\u00ae. Dar\u00fcber hinaus wurde der Nutzen des ACR39U PocketMate II auf Android\u2122-Ger\u00e4te mit Version 3.1 oder h\u00f6her erweitert.<\/p>\n<ul>\n<li>\n<h2>USB 2.0 Full Speed-Schnittstelle<\/h2>\n<\/li>\n<li>\n<h2>USB-Micro-USB-Anschluss<\/h2>\n<\/li>\n<li>\n<h2>Plug and Play \u2013 CCID-Unterst\u00fctzung bringt h\u00f6chste Mobilit\u00e4t<\/h2>\n<\/li>\n<li>\n<h2>Schwenkbewegungsdesign<\/h2>\n<\/li>\n<li>\n<h2>Chipkartenleser:<\/h2>\n<ul>\n<li>\n<h3>Unterst\u00fctzt Karten der ISO 7816-Klassen A, B und C (5 V, 3 V, 1,8 V)<\/h3>\n<\/li>\n<li>\n<h3>Unterst\u00fctzt CAC<\/h3>\n<\/li>\n<li>\n<h3>Unterst\u00fctzt SIPRNET-Karte<\/h3>\n<\/li>\n<li>\n<h3>Unterst\u00fctzt J-LIS-Karte<\/h3>\n<\/li>\n<li>\n<h3>Unterst\u00fctzt Mykad-Karte<\/h3>\n<\/li>\n<li>\n<h3>Unterst\u00fctzt Mikroprozessorkarten mit T=0- oder T=1-Protokoll<\/h3>\n<\/li>\n<li>\n<h3>Unterst\u00fctzt Speicherkarten<\/h3>\n<\/li>\n<li>\n<h3>Unterst\u00fctzt PPS (Protokoll- und Parameterauswahl)<\/h3>\n<\/li>\n<li>\n<h3>Verf\u00fcgt \u00fcber Kurzschlussschutz<\/h3>\n<\/li>\n<\/ul>\n<\/li>\n<li>\n<h2>Programmierschnittstelle:<\/h2>\n<ul>\n<li>\n<h3>Unterst\u00fctzt PC\/SC<\/h3>\n<\/li>\n<li>\n<h3>Unterst\u00fctzt CT-API CT-API (durch Wrapper auf PC\/SC)<\/h3>\n<\/li>\n<\/ul>\n<\/li>\n<li>\n<h2>Unterst\u00fctzt Android\u2122 3.1 und h\u00f6her<\/h2>\n<\/li>\n<li>\n<table width=\"719\">\n<tbody>\n<tr>\n<td colspan=\"2\" width=\"719\">Physikalische Eigenschaften<\/td>\n<\/tr>\n<tr>\n<td width=\"326\">Gr\u00f6\u00dfe (mm)<\/td>\n<td width=\"393\">58,0 mm (L) x 20,0 mm (B) x 13,7 mm (H)<\/td>\n<\/tr>\n<tr>\n<td width=\"326\">Gewicht (g)<\/td>\n<td width=\"393\">9,7 g<\/td>\n<\/tr>\n<tr>\n<td colspan=\"2\" width=\"719\">USB-Schnittstelle<\/td>\n<\/tr>\n<tr>\n<td width=\"326\">Protokoll<\/td>\n<td width=\"393\">USB-CCID<\/td>\n<\/tr>\n<tr>\n<td width=\"326\">Steckertyp<\/td>\n<td width=\"393\">Micro-USB<\/td>\n<\/tr>\n<tr>\n<td width=\"326\">Energiequelle<\/td>\n<td width=\"393\">Vom USB-Anschluss<\/td>\n<\/tr>\n<tr>\n<td width=\"326\">Geschwindigkeit<\/td>\n<td width=\"393\">USB-Vollgeschwindigkeit (12 Mbit\/s)<\/td>\n<\/tr>\n<tr>\n<td colspan=\"2\" width=\"719\">Kontakt Smart Card Schnittstelle<\/td>\n<\/tr>\n<tr>\n<td width=\"326\">Anzahl der Steckpl\u00e4tze<\/td>\n<td width=\"393\">1 Kartensteckplatz in voller Gr\u00f6\u00dfe<\/td>\n<\/tr>\n<tr>\n<td width=\"326\">Standard<\/td>\n<td width=\"393\">ISO 7816 Teile 1-3, Klasse A, B, C (5 V, 3 V, 1,8 V)<\/td>\n<\/tr>\n<tr>\n<td width=\"326\">Protokoll<\/td>\n<td width=\"393\">T=0; T=1; Speicherkartenunterst\u00fctzung<\/td>\n<\/tr>\n<tr>\n<td width=\"326\">Andere<\/td>\n<td width=\"393\">CAC-, PIV-, SIPRNET- und J-LIS-Smartcards<\/td>\n<\/tr>\n<tr>\n<td colspan=\"2\" width=\"719\">Zertifizierungen\/Konformit\u00e4t<\/td>\n<\/tr>\n<tr>\n<td rowspan=\"16\" width=\"326\">Zertifizierungen\/Konformit\u00e4t<\/td>\n<td>EN 60950\/IEC 60950<\/td>\n<\/tr>\n<tr>\n<td>ISO 7816<\/td>\n<\/tr>\n<tr>\n<td>USB mit voller Geschwindigkeit<\/td>\n<\/tr>\n<tr>\n<td>EMV\u2122 Level 1 (Kontakt)<\/td>\n<\/tr>\n<tr>\n<td>PC\/SC<\/td>\n<\/tr>\n<tr>\n<td>CCID<\/td>\n<\/tr>\n<tr>\n<td>TAA (USA)<\/td>\n<\/tr>\n<tr>\n<td>VCCI (Japan)<\/td>\n<\/tr>\n<tr>\n<td>J-LIS (Japan)<\/td>\n<\/tr>\n<tr>\n<td>PBoC (China)<\/td>\n<\/tr>\n<tr>\n<td>CE<\/td>\n<\/tr>\n<tr>\n<td>FCC<\/td>\n<\/tr>\n<tr>\n<td>Elektro- und Elektronik-Altger\u00e4te<\/td>\n<\/tr>\n<tr>\n<td>RoHS 2<\/td>\n<\/tr>\n<tr>\n<td>ERREICHEN<\/td>\n<\/tr>\n<tr>\n<td>Microsoft\u00ae WHQL<\/td>\n<\/tr>\n<tr>\n<td colspan=\"2\" width=\"719\">Unterst\u00fctzte Ger\u00e4tetreiber und Betriebssysteme<\/td>\n<\/tr>\n<tr>\n<td rowspan=\"5\" width=\"326\">Unterst\u00fctzte Ger\u00e4tetreiber und Betriebssysteme<\/td>\n<td>Windows\u00ae<\/td>\n<\/tr>\n<tr>\n<td>Linux\u00ae<\/td>\n<\/tr>\n<tr>\n<td>MAC OS\u00ae<\/td>\n<\/tr>\n<tr>\n<td>Solaris<\/td>\n<\/tr>\n<tr>\n<td>Android\u2122 3.1 und h\u00f6her<\/td>\n<\/tr>\n<\/tbody>\n<\/table>\n<\/li>\n<\/ul>\n<\/div>\n<div><\/div>","protected":false},"excerpt":{"rendered":"<p>Der ACR39U Pocketmate II ist ein kompakter USB Secure Reader, der Hochgeschwindigkeitsunterst\u00fctzung f\u00fcr verschiedene Smartcard-Anwendungen bietet.<\/p>","protected":false},"featured_media":1534,"template":"","meta":[],"product_brand":[],"product_cat":[39],"product_tag":[],"class_list":{"0":"post-1532","1":"product","2":"type-product","3":"status-publish","4":"has-post-thumbnail","6":"product_cat-usb-ic-smartcard-reader","8":"first","9":"instock","10":"shipping-taxable","11":"product-type-simple"},"_links":{"self":[{"href":"https:\/\/nfc-readers.com\/de\/wp-json\/wp\/v2\/product\/1532","targetHints":{"allow":["GET"]}}],"collection":[{"href":"https:\/\/nfc-readers.com\/de\/wp-json\/wp\/v2\/product"}],"about":[{"href":"https:\/\/nfc-readers.com\/de\/wp-json\/wp\/v2\/types\/product"}],"wp:featuredmedia":[{"embeddable":true,"href":"https:\/\/nfc-readers.com\/de\/wp-json\/wp\/v2\/media\/1534"}],"wp:attachment":[{"href":"https:\/\/nfc-readers.com\/de\/wp-json\/wp\/v2\/media?parent=1532"}],"wp:term":[{"taxonomy":"product_brand","embeddable":true,"href":"https:\/\/nfc-readers.com\/de\/wp-json\/wp\/v2\/product_brand?post=1532"},{"taxonomy":"product_cat","embeddable":true,"href":"https:\/\/nfc-readers.com\/de\/wp-json\/wp\/v2\/product_cat?post=1532"},{"taxonomy":"product_tag","embeddable":true,"href":"https:\/\/nfc-readers.com\/de\/wp-json\/wp\/v2\/product_tag?post=1532"}],"curies":[{"name":"wp","href":"https:\/\/api.w.org\/{rel}","templated":true}]}}