{"id":1537,"date":"2024-04-07T06:01:23","date_gmt":"2024-04-07T06:01:23","guid":{"rendered":"https:\/\/nfc-readers.com\/?post_type=product&#038;p=1537"},"modified":"2024-10-16T07:57:49","modified_gmt":"2024-10-16T07:57:49","slug":"acr3901u-s1-bluetooth-smart-card-reader-writer","status":"publish","type":"product","link":"https:\/\/nfc-readers.com\/de\/ic-reader\/acr3901u-s1-bluetooth-smart-card-reader-writer\/","title":{"rendered":"ACR3901U-S1 Bluetooth\u00ae SmartCard-Lese-\/Schreibger\u00e4t"},"content":{"rendered":"<h1>ACR3901U-S1 Bluetooth\u00ae SmartCard-Lese-\/Schreibger\u00e4t<\/h1>\n<p>Der ACR3901U-S1 pr\u00e4sentiert sich als Hightech-NFC-Leser mit Bluetooth, der sich gut f\u00fcr den modernen, technisch versierten Menschen eignet. Er gew\u00e4hrleistet umfassende Kompatibilit\u00e4t mit Chipkarten und pers\u00f6nlichen Ger\u00e4ten und kombiniert schnelle Daten\u00fcbertragungsraten mit Portabilit\u00e4t, die durch seine drahtlose Bluetooth-Funktion noch weiter verbessert wird. Damit ist er ein unverzichtbares Werkzeug f\u00fcr alle, die sichere und flexible Chipkartentransaktionen verlangen.<\/p>\n<ul>\n<li>\n<h2>Bluetooth\u00ae-Schnittstelle<\/h2>\n<\/li>\n<li>\n<h2>USB 2.0 Full Speed-Schnittstelle<\/h2>\n<\/li>\n<li>\n<h2>Energiequelle<\/h2>\n<ul>\n<li>\n<h3>Batteriebetrieben (enth\u00e4lt einen Lithium-Ionen-Akku, der \u00fcber den Micro-USB-Anschluss aufladbar ist)<\/h3>\n<\/li>\n<li>\n<h3>Stromversorgung \u00fcber USB (\u00fcber PC-Verbindungsmodus)<\/h3>\n<\/li>\n<\/ul>\n<\/li>\n<li>\n<h2>CCID-Konformit\u00e4t<\/h2>\n<\/li>\n<li>\n<h2>Chipkartenleser:<\/h2>\n<ul>\n<li>\n<h3>Kontaktschnittstelle:<\/h3>\n<ul>\n<li>\n<h4>Unterst\u00fctzt Karten der ISO 7816-Klassen A, B und C (5 V, 3 V, 1,8 V)<\/h4>\n<\/li>\n<li>\n<h4>Unterst\u00fctzt Mikroprozessorkarten mit T=0- oder T=1-Protokoll<\/h4>\n<\/li>\n<li>\n<h4>Unterst\u00fctzt Speicherkarten<\/h4>\n<\/li>\n<li>\n<h4>Unterst\u00fctzt PPS (Protokoll- und Parameterauswahl)<\/h4>\n<\/li>\n<li>\n<h4>Verf\u00fcgt \u00fcber Kurzschlussschutz<\/h4>\n<\/li>\n<li>\n<h4>Unterst\u00fctzt den AES-128-Verschl\u00fcsselungsalgorithmus<\/h4>\n<\/li>\n<\/ul>\n<\/li>\n<\/ul>\n<\/li>\n<li>\n<h2>Integriertes Peripherieger\u00e4t:<\/h2>\n<ul>\n<li>\n<h3>Drei einfarbige LEDs<\/h3>\n<\/li>\n<\/ul>\n<\/li>\n<li>\n<h2>Programmierschnittstelle:<\/h2>\n<ul>\n<li>\n<h3>Unterst\u00fctzt PC\/SC<\/h3>\n<\/li>\n<li>\n<h3>Unterst\u00fctzt CT-API (durch Wrapper auf PC\/SC)<\/h3>\n<\/li>\n<\/ul>\n<\/li>\n<li>\n<h2>USB-Firmware-Aktualisierbarkeit<\/h2>\n<\/li>\n<li>\n<h2>Unterst\u00fctzt Android\u2122 4.3 und h\u00f6her<\/h2>\n<\/li>\n<li>\n<h2>Unterst\u00fctzt iOS 8.0 und h\u00f6her<\/h2>\n<\/li>\n<li>\n<div>\n<table width=\"556\">\n<tbody>\n<tr>\n<td colspan=\"2\" width=\"556\">Physikalische Eigenschaften<\/td>\n<\/tr>\n<tr>\n<td width=\"190\">Gr\u00f6\u00dfe (mm)<\/td>\n<td width=\"366\">94 mm (L) \u00d7 60 mm (B) \u00d7 12 mm (H)<\/td>\n<\/tr>\n<tr>\n<td width=\"190\">Gewicht (g)<\/td>\n<td width=\"366\">30,8 g (59,7 g mit Kabel \u00b1 5 g Toleranz)<\/td>\n<\/tr>\n<tr>\n<td colspan=\"2\" width=\"556\">Bluetooth-Schnittstelle<\/td>\n<\/tr>\n<tr>\n<td width=\"190\">Protokoll<\/td>\n<td width=\"366\">Bluetooth\u00ae (Bluetooth Low Energy \/ Bluetooth 4.0)<\/td>\n<\/tr>\n<tr>\n<td width=\"190\">Energiequelle<\/td>\n<td width=\"366\">Wiederaufladbarer Lithium-Ionen-Akku (Aufladen \u00fcber USB)<\/td>\n<\/tr>\n<tr>\n<td width=\"190\">Geschwindigkeit<\/td>\n<td width=\"366\">1 Mbit\/s<\/td>\n<\/tr>\n<tr>\n<td colspan=\"2\" width=\"556\">USB-Schnittstelle<\/td>\n<\/tr>\n<tr>\n<td width=\"190\">Protokoll<\/td>\n<td width=\"366\">USB-CCID<\/td>\n<\/tr>\n<tr>\n<td width=\"190\">Steckertyp<\/td>\n<td width=\"366\">Micro-USB<\/td>\n<\/tr>\n<tr>\n<td width=\"190\">Energiequelle<\/td>\n<td width=\"366\">Vom USB-Anschluss<\/td>\n<\/tr>\n<tr>\n<td width=\"190\">Geschwindigkeit<\/td>\n<td width=\"366\">USB-Vollgeschwindigkeit (12 Mbit\/s)<\/td>\n<\/tr>\n<tr>\n<td width=\"190\">Kabell\u00e4nge<\/td>\n<td width=\"366\">1 m, Abnehmbar<\/td>\n<\/tr>\n<tr>\n<td colspan=\"2\" width=\"556\">Kontakt Smart Card Schnittstelle<\/td>\n<\/tr>\n<tr>\n<td width=\"190\">Anzahl der Steckpl\u00e4tze<\/td>\n<td width=\"366\">1 Kartensteckplatz in voller Gr\u00f6\u00dfe<\/td>\n<\/tr>\n<tr>\n<td width=\"190\">Standard<\/td>\n<td width=\"366\">ISO 7816 Teile 1-4, Klasse A, B, C (5 V, 3 V, 1,8 V)<\/td>\n<\/tr>\n<tr>\n<td width=\"190\">Protokoll<\/td>\n<td width=\"366\">T=0; T=1; Speicherkartenunterst\u00fctzung<\/td>\n<\/tr>\n<tr>\n<td colspan=\"2\" width=\"556\">Integrierte Peripherieger\u00e4te<\/td>\n<\/tr>\n<tr>\n<td width=\"190\">LED<\/td>\n<td width=\"366\">3 Einzelfarben: Rot, Blau und Gr\u00fcn<\/td>\n<\/tr>\n<tr>\n<td colspan=\"2\" width=\"556\">Andere Eigenschaften<\/td>\n<\/tr>\n<tr>\n<td width=\"190\">Verschl\u00fcsselung<\/td>\n<td width=\"366\">Im Ger\u00e4t integrierter AES-Verschl\u00fcsselungsalgorithmus<\/td>\n<\/tr>\n<tr>\n<td width=\"190\">Firmware-Aktualisierung<\/td>\n<td width=\"366\">Unterst\u00fctzt<\/td>\n<\/tr>\n<tr>\n<td colspan=\"2\" width=\"556\">Zertifizierungen\/Konformit\u00e4t<\/td>\n<\/tr>\n<tr>\n<td rowspan=\"14\" width=\"190\">Zertifizierungen\/Konformit\u00e4t<\/td>\n<td width=\"366\">EN 60950\/IEC 60950<\/td>\n<\/tr>\n<tr>\n<td width=\"366\">ISO 7816<\/td>\n<\/tr>\n<tr>\n<td width=\"366\">USB mit voller Geschwindigkeit<\/td>\n<\/tr>\n<tr>\n<td width=\"366\">Bluetooth\u00ae<\/td>\n<\/tr>\n<tr>\n<td width=\"366\">EMV\u2122 Level 1 (Kontakt)<\/td>\n<\/tr>\n<tr>\n<td width=\"366\">PC\/SC<\/td>\n<\/tr>\n<tr>\n<td width=\"366\">CCID<\/td>\n<\/tr>\n<tr>\n<td width=\"366\">CE<\/td>\n<\/tr>\n<tr>\n<td width=\"366\">FCC<\/td>\n<\/tr>\n<tr>\n<td width=\"366\">RoHS<\/td>\n<\/tr>\n<tr>\n<td width=\"366\">ERREICHEN<\/td>\n<\/tr>\n<tr>\n<td width=\"366\">VCCI (Japan)<\/td>\n<\/tr>\n<tr>\n<td width=\"366\">MIC (Japan)<\/td>\n<\/tr>\n<tr>\n<td width=\"366\">Microsoft\u00ae WHQL<\/td>\n<\/tr>\n<tr>\n<td colspan=\"2\" width=\"556\">Unterst\u00fctzte Ger\u00e4tetreiber und Betriebssysteme<\/td>\n<\/tr>\n<tr>\n<td rowspan=\"5\" width=\"190\">Unterst\u00fctzte Ger\u00e4tetreiber und Betriebssysteme<\/td>\n<td width=\"366\">Windows\u00ae<\/td>\n<\/tr>\n<tr>\n<td width=\"366\">Linux\u00ae<\/td>\n<\/tr>\n<tr>\n<td width=\"366\">MAC OS\u00ae 10.7 und h\u00f6her<\/td>\n<\/tr>\n<tr>\n<td width=\"366\">Android\u2122 4.3 und h\u00f6her<\/td>\n<\/tr>\n<tr>\n<td width=\"366\">iOS 8.0 und h\u00f6her<\/td>\n<\/tr>\n<\/tbody>\n<\/table>\n<\/div>\n<\/li>\n<\/ul>","protected":false},"excerpt":{"rendered":"<p>Der ACR3901U-S1 ist ein tragbarer sicherer USB-Leser und Bluetooth\u00ae-Kontaktleser, der Hochgeschwindigkeitsleistung f\u00fcr Smartcard-Anwendungen unterwegs bietet.<\/p>","protected":false},"featured_media":1538,"template":"","meta":[],"product_brand":[],"product_cat":[39],"product_tag":[],"class_list":{"0":"post-1537","1":"product","2":"type-product","3":"status-publish","4":"has-post-thumbnail","6":"product_cat-usb-ic-smartcard-reader","8":"first","9":"instock","10":"shipping-taxable","11":"product-type-simple"},"_links":{"self":[{"href":"https:\/\/nfc-readers.com\/de\/wp-json\/wp\/v2\/product\/1537","targetHints":{"allow":["GET"]}}],"collection":[{"href":"https:\/\/nfc-readers.com\/de\/wp-json\/wp\/v2\/product"}],"about":[{"href":"https:\/\/nfc-readers.com\/de\/wp-json\/wp\/v2\/types\/product"}],"wp:featuredmedia":[{"embeddable":true,"href":"https:\/\/nfc-readers.com\/de\/wp-json\/wp\/v2\/media\/1538"}],"wp:attachment":[{"href":"https:\/\/nfc-readers.com\/de\/wp-json\/wp\/v2\/media?parent=1537"}],"wp:term":[{"taxonomy":"product_brand","embeddable":true,"href":"https:\/\/nfc-readers.com\/de\/wp-json\/wp\/v2\/product_brand?post=1537"},{"taxonomy":"product_cat","embeddable":true,"href":"https:\/\/nfc-readers.com\/de\/wp-json\/wp\/v2\/product_cat?post=1537"},{"taxonomy":"product_tag","embeddable":true,"href":"https:\/\/nfc-readers.com\/de\/wp-json\/wp\/v2\/product_tag?post=1537"}],"curies":[{"name":"wp","href":"https:\/\/api.w.org\/{rel}","templated":true}]}}