{"id":1542,"date":"2024-04-07T06:09:00","date_gmt":"2024-04-07T06:09:00","guid":{"rendered":"https:\/\/nfc-readers.com\/?post_type=product&#038;p=1542"},"modified":"2024-10-16T07:16:12","modified_gmt":"2024-10-16T07:16:12","slug":"acr122u-nfc-reader-writer","status":"publish","type":"product","link":"https:\/\/nfc-readers.com\/de\/ic-reader\/acr122u-nfc-reader-writer\/","title":{"rendered":"ACR122U NFC-Lese-\/Schreibger\u00e4t"},"content":{"rendered":"<h1>ACR122U NFC-Lese-\/Schreibger\u00e4t<\/h1>\n<p><span style=\"color: #555555;\">Der ACR122U ist ein erstklassiger NFC-Kartenleser und -schreiber, der sich durch seine breite Kartenkompatibilit\u00e4t, einfache Integration und schnelle Betriebsgeschwindigkeit auszeichnet. Er dient als sicheres, benutzerfreundliches POS-Terminal mit NFC-Lesefunktionen. Mit zus\u00e4tzlichen Funktionen wie einem entwicklerfreundlichen SDK, einem strapazierf\u00e4higen Formfaktor und einer robusten Verschl\u00fcsselung stellt der ACR122U eine vollst\u00e4ndige, zuverl\u00e4ssige L\u00f6sung f\u00fcr alle dar, die eine erweiterte und sichere kontaktlose Interaktion in ihrer Betriebsinfrastruktur ben\u00f6tigen.<\/span><\/p>\n<p><iframe loading=\"lazy\" title=\"ACR122U NFC-Lese-\/Schreibger\u00e4t\" width=\"1020\" height=\"574\" src=\"https:\/\/www.youtube.com\/embed\/uWYpJXXT7_Q?feature=oembed\" frameborder=\"0\" allow=\"accelerometer; autoplay; clipboard-write; encrypted-media; gyroscope; picture-in-picture; web-share\" referrerpolicy=\"strict-origin-when-cross-origin\" allowfullscreen><\/iframe><\/p>\n<ul>\n<li>\n<h2>USB-Full-Speed-Schnittstelle<\/h2>\n<\/li>\n<li>\n<h2>CCID-Konformit\u00e4t<\/h2>\n<\/li>\n<li>\n<h2>Chipkartenleser:<\/h2>\n<ul>\n<li>\n<h3>Kontaktlose Schnittstelle:<\/h3>\n<ul>\n<li>\n<h4>Lese-\/Schreibgeschwindigkeit bis zu 424 kbps<\/h4>\n<\/li>\n<li>\n<h4>Integrierte Antenne f\u00fcr kontaktlosen Tag-Zugriff mit einer Kartenlesereichweite von bis zu 30 mm (je nach Tag-Typ)<\/h4>\n<\/li>\n<li>\n<h4>Unterst\u00fctzt ISO 14443 Typ A und B-Karten, MIFARE\u00ae, FeliCa und alle 4 Arten von NFC-Tags (ISO\/IEC 18092)<\/h4>\n<\/li>\n<li>\n<h4>Integrierte Antikollisionsfunktion (es kann immer nur auf 1 Tag zugegriffen werden)<\/h4>\n<\/li>\n<li>\n<h4>NFC-Unterst\u00fctzung<\/h4>\n<\/li>\n<li>\n<h4>Kartenlese-\/-schreibmodus<\/h4>\n<\/li>\n<\/ul>\n<\/li>\n<\/ul>\n<\/li>\n<li>\n<h2>Integrierte Peripherieger\u00e4te:<\/h2>\n<ul>\n<li>\n<h3>LEDs:<\/h3>\n<ul>\n<li>\n<h4>Vom Benutzer steuerbare zweifarbige LED<\/h4>\n<\/li>\n<\/ul>\n<\/li>\n<\/ul>\n<\/li>\n<li>\n<h2>Programmierschnittstelle:<\/h2>\n<ul>\n<li>\n<h3>Unterst\u00fctzt PC\/SC<\/h3>\n<\/li>\n<li>\n<h3>Unterst\u00fctzt CT-API (durch Wrapper auf PC\/SC)<\/h3>\n<\/li>\n<\/ul>\n<\/li>\n<li>\n<h2>USB-Firmware-Aktualisierbarkeit<\/h2>\n<\/li>\n<li>\n<h2>Unterst\u00fctzt Android\u2122 3.1 und h\u00f6her<\/h2>\n<\/li>\n<li>\n<div>\n<table width=\"854\">\n<tbody>\n<tr>\n<td colspan=\"3\" width=\"854\">Physikalische Eigenschaften<\/td>\n<\/tr>\n<tr>\n<td width=\"400\">Gr\u00f6\u00dfe (mm)<\/td>\n<td width=\"61\"><\/td>\n<td width=\"393\">98,0 mm (L) x 65,0 mm (B) x 12,8 mm (H)<\/td>\n<\/tr>\n<tr>\n<td width=\"400\">Gewicht (g)<\/td>\n<td width=\"61\"><\/td>\n<td width=\"393\">70 g<\/td>\n<\/tr>\n<tr>\n<td colspan=\"3\" width=\"854\">USB-Schnittstelle<\/td>\n<\/tr>\n<tr>\n<td width=\"400\">Protokoll<\/td>\n<td width=\"61\"><\/td>\n<td width=\"393\">USB-CCID<\/td>\n<\/tr>\n<tr>\n<td width=\"400\">Energiequelle<\/td>\n<td width=\"61\"><\/td>\n<td width=\"393\">Vom USB-Anschluss<\/td>\n<\/tr>\n<tr>\n<td width=\"400\">Geschwindigkeit<\/td>\n<td width=\"61\"><\/td>\n<td width=\"393\">USB-Vollgeschwindigkeit (12 Mbit\/s)<\/td>\n<\/tr>\n<tr>\n<td width=\"400\">Kabell\u00e4nge<\/td>\n<td width=\"61\"><\/td>\n<td width=\"393\">1,0 m, fest<\/td>\n<\/tr>\n<tr>\n<td colspan=\"3\" width=\"854\">Kontaktlose Smartcard-Schnittstelle<\/td>\n<\/tr>\n<tr>\n<td width=\"400\">Standard<\/td>\n<td width=\"61\"><\/td>\n<td width=\"393\">ISO\/IEC 18092 NFC, ISO 14443 Typ A und B, MIFARE\u00ae, FeliCa<\/td>\n<\/tr>\n<tr>\n<td rowspan=\"4\" width=\"400\">Protokoll<\/td>\n<td width=\"61\"><\/td>\n<td width=\"393\">ISO 14443-4-konforme Karte, T=CL<\/td>\n<\/tr>\n<tr>\n<td width=\"61\"><\/td>\n<td width=\"393\">MIFARE\u00ae Classic Karte, T=CL<\/td>\n<\/tr>\n<tr>\n<td width=\"61\"><\/td>\n<td width=\"393\">ISO18092, NFC-Tags<\/td>\n<\/tr>\n<tr>\n<td width=\"61\"><\/td>\n<td width=\"393\">Abonnieren<\/td>\n<\/tr>\n<tr>\n<td colspan=\"3\" width=\"854\">Integrierte Peripherieger\u00e4te<\/td>\n<\/tr>\n<tr>\n<td width=\"400\">LED<\/td>\n<td width=\"61\"><\/td>\n<td width=\"393\">1 zweifarbig: Rot und Gr\u00fcn<\/td>\n<\/tr>\n<tr>\n<td width=\"400\">Summer<\/td>\n<td width=\"61\"><\/td>\n<td width=\"393\">Monoton<\/td>\n<\/tr>\n<tr>\n<td colspan=\"3\" width=\"854\">Zertifizierungen\/Konformit\u00e4t<\/td>\n<\/tr>\n<tr>\n<td rowspan=\"13\" width=\"400\">Zertifizierungen\/Konformit\u00e4t<\/td>\n<td width=\"61\"><\/td>\n<td width=\"393\">EN 60950\/IEC 60950<\/td>\n<\/tr>\n<tr>\n<td width=\"61\"><\/td>\n<td width=\"393\">ISO 18092<\/td>\n<\/tr>\n<tr>\n<td width=\"61\"><\/td>\n<td width=\"393\">ISO 14443<\/td>\n<\/tr>\n<tr>\n<td width=\"61\"><\/td>\n<td width=\"393\">USB mit voller Geschwindigkeit<\/td>\n<\/tr>\n<tr>\n<td width=\"61\"><\/td>\n<td width=\"393\">PC\/SC<\/td>\n<\/tr>\n<tr>\n<td width=\"61\"><\/td>\n<td width=\"393\">CCID<\/td>\n<\/tr>\n<tr>\n<td width=\"61\"><\/td>\n<td width=\"393\">VCCI (Japan)<\/td>\n<\/tr>\n<tr>\n<td width=\"61\"><\/td>\n<td width=\"393\">KC (Korea)<\/td>\n<\/tr>\n<tr>\n<td width=\"61\"><\/td>\n<td width=\"393\">Microsoft\u00ae WHQL<\/td>\n<\/tr>\n<tr>\n<td width=\"61\"><\/td>\n<td width=\"393\">CE<\/td>\n<\/tr>\n<tr>\n<td width=\"61\"><\/td>\n<td width=\"393\">FCC<\/td>\n<\/tr>\n<tr>\n<td width=\"61\"><\/td>\n<td width=\"393\">RoHS 2<\/td>\n<\/tr>\n<tr>\n<td width=\"61\"><\/td>\n<td width=\"393\">ERREICHEN<\/td>\n<\/tr>\n<tr>\n<td colspan=\"3\" width=\"854\">Unterst\u00fctzte Ger\u00e4tetreiber und Betriebssysteme<\/td>\n<\/tr>\n<tr>\n<td rowspan=\"6\" width=\"400\">Unterst\u00fctzte Ger\u00e4tetreiber und Betriebssysteme<\/td>\n<td width=\"61\"><\/td>\n<td width=\"393\">Windows\u00ae CE<\/td>\n<\/tr>\n<tr>\n<td width=\"61\"><\/td>\n<td width=\"393\">Windows\u00ae<\/td>\n<\/tr>\n<tr>\n<td width=\"61\"><\/td>\n<td width=\"393\">Linux\u00ae<\/td>\n<\/tr>\n<tr>\n<td width=\"61\"><\/td>\n<td width=\"393\">MAC OS\u00ae<\/td>\n<\/tr>\n<tr>\n<td width=\"61\"><\/td>\n<td width=\"393\">Solaris<\/td>\n<\/tr>\n<tr>\n<td width=\"61\"><\/td>\n<td width=\"393\">Android\u2122<\/td>\n<\/tr>\n<\/tbody>\n<\/table>\n<\/div>\n<\/li>\n<\/ul>","protected":false},"excerpt":{"rendered":"<div class=\"auto-hide-last-sibling-br paragraph_4183d\">Der ACR122U ist ein vielseitiger USB-NFC-Leser, der RFID-Technologie nutzt und CCID- und PC\/SC-Standards f\u00fcr eine nahtlose kontaktlose Kommunikation mit Smartcards unterst\u00fctzt.<\/div>\n<div class=\"auto-hide-last-sibling-br paragraph_4183d\"><\/div>","protected":false},"featured_media":1544,"template":"","meta":[],"product_brand":[],"product_cat":[45,40],"product_tag":[],"class_list":{"0":"post-1542","1":"product","2":"type-product","3":"status-publish","4":"has-post-thumbnail","6":"product_cat-contactless-nfc-reader","7":"product_cat-rfid-nfc-reader","9":"first","10":"instock","11":"shipping-taxable","12":"product-type-simple"},"_links":{"self":[{"href":"https:\/\/nfc-readers.com\/de\/wp-json\/wp\/v2\/product\/1542","targetHints":{"allow":["GET"]}}],"collection":[{"href":"https:\/\/nfc-readers.com\/de\/wp-json\/wp\/v2\/product"}],"about":[{"href":"https:\/\/nfc-readers.com\/de\/wp-json\/wp\/v2\/types\/product"}],"wp:featuredmedia":[{"embeddable":true,"href":"https:\/\/nfc-readers.com\/de\/wp-json\/wp\/v2\/media\/1544"}],"wp:attachment":[{"href":"https:\/\/nfc-readers.com\/de\/wp-json\/wp\/v2\/media?parent=1542"}],"wp:term":[{"taxonomy":"product_brand","embeddable":true,"href":"https:\/\/nfc-readers.com\/de\/wp-json\/wp\/v2\/product_brand?post=1542"},{"taxonomy":"product_cat","embeddable":true,"href":"https:\/\/nfc-readers.com\/de\/wp-json\/wp\/v2\/product_cat?post=1542"},{"taxonomy":"product_tag","embeddable":true,"href":"https:\/\/nfc-readers.com\/de\/wp-json\/wp\/v2\/product_tag?post=1542"}],"curies":[{"name":"wp","href":"https:\/\/api.w.org\/{rel}","templated":true}]}}