{"id":1545,"date":"2024-04-07T06:11:51","date_gmt":"2024-04-07T06:11:51","guid":{"rendered":"https:\/\/nfc-readers.com\/?post_type=product&#038;p=1545"},"modified":"2024-10-16T06:54:40","modified_gmt":"2024-10-16T06:54:40","slug":"acr1251u-nfc-reader-writer","status":"publish","type":"product","link":"https:\/\/nfc-readers.com\/de\/ic-reader\/acr1251u-nfc-reader-writer\/","title":{"rendered":"ACR1251U NFC-Lese-\/Schreibger\u00e4t"},"content":{"rendered":"<h1>ACR1251U NFC-Lese-\/Schreibger\u00e4t<\/h1>\n<p>Der ACR1251U-A1 ist der kontaktlose NFC-Leser der n\u00e4chsten Generation und verbessert das Benutzererlebnis mit Funktionen wie Firmware-Aktualisierbarkeit, einem SAM-Steckplatz (Secure Access Module) und der M\u00f6glichkeit, mit NFC-Tags und -Ger\u00e4ten zu interagieren. Er zeichnet sich im Bereich der kontaktlosen Funktionen aus und bietet eine zus\u00e4tzliche Sicherheitsebene. Dank des SAM kann er Schl\u00fcsseldiversifizierung und gegenseitige Authentifizierung durchf\u00fchren, wodurch die Schl\u00fcsselexposition drastisch reduziert und das Risiko einer Schl\u00fcsselkompromittierung minimiert wird, wodurch die Sicherheit kontaktloser Vorg\u00e4nge erh\u00f6ht wird. Der ACR1251U-A1 wurde f\u00fcr eine Vielzahl von kontaktlosen Smartcard-Zwecken entwickelt und eignet sich f\u00fcr Anwendungen wie pers\u00f6nliche Identit\u00e4tsauthentifizierung, Netzwerkzugriff, E-Banking und Transaktionen im kleinen Ma\u00dfstab. Seine erweiterten NFC-Funktionen machen ihn auch f\u00fcr innovative Anwendungen wie Smart Poster f\u00fcr Werbung und Kommunikation mit einem breiten Spektrum NFC-kompatibler Smartphones geeignet. Die Kompatibilit\u00e4t mit PC\/SC f\u00f6rdert eine reibungslose plattform\u00fcbergreifende, anwendungsweite Integration. Der ACR1251U-A1 unterst\u00fctzt au\u00dferdem Remote-Firmware-Updates nach der Bereitstellung, sodass keine physischen Hardware\u00e4nderungen erforderlich sind. Sein schlankes, platzsparendes Design und seine umfassende Funktionalit\u00e4t machen den ACR1251U-A1 zu einem erstklassigen Werkzeug f\u00fcr alle, die die Vorteile der NFC-Technologie voll aussch\u00f6pfen m\u00f6chten.<\/p>\n<p><iframe loading=\"lazy\" title=\"ACR1251U C1 NFC-LESEGER\u00c4T\" width=\"1020\" height=\"574\" src=\"https:\/\/www.youtube.com\/embed\/8QiOKOoec6k?feature=oembed\" frameborder=\"0\" allow=\"accelerometer; autoplay; clipboard-write; encrypted-media; gyroscope; picture-in-picture; web-share\" referrerpolicy=\"strict-origin-when-cross-origin\" allowfullscreen><\/iframe><\/p>\n<ul>\n<li>\n<h2>USB-Full-Speed-Schnittstelle<\/h2>\n<\/li>\n<li>\n<h2>CCID-Konformit\u00e4t<\/h2>\n<\/li>\n<li>\n<h2>Chipkartenleser:<\/h2>\n<ul>\n<li>\n<h3>Kontaktlose Schnittstelle:<\/h3>\n<ul>\n<li>\n<h4>Lese-\/Schreibgeschwindigkeit bis zu 424 kbps<\/h4>\n<\/li>\n<li>\n<h4>Integrierte Antenne f\u00fcr kontaktlosen Tag-Zugriff mit einer Kartenlesereichweite von bis zu 30 mm (je nach Tag-Typ)<\/h4>\n<\/li>\n<li>\n<h4>Unterst\u00fctzt ISO 14443 Typ A und B-Karten, MIFARE\u00ae, FeliCa und alle 4 Arten von NFC-Tags (ISO\/IEC 18092)<\/h4>\n<\/li>\n<li>\n<h4>Integrierte Antikollisionsfunktion (es kann immer nur auf 1 Tag zugegriffen werden)<\/h4>\n<\/li>\n<li>\n<h4>NFC-Unterst\u00fctzung<\/h4>\n<\/li>\n<li>\n<h4>Kartenlese-\/-schreibmodus<\/h4>\n<\/li>\n<\/ul>\n<\/li>\n<\/ul>\n<\/li>\n<li>\n<h2>Integrierte Peripherieger\u00e4te:<\/h2>\n<ul>\n<li>\n<h3>LEDs:<\/h3>\n<ul>\n<li>\n<h4>Vom Benutzer steuerbare zweifarbige LED<\/h4>\n<\/li>\n<\/ul>\n<\/li>\n<\/ul>\n<\/li>\n<li>\n<h2>Programmierschnittstelle:<\/h2>\n<ul>\n<li>\n<h3>Unterst\u00fctzt PC\/SC<\/h3>\n<\/li>\n<li>\n<h3>Unterst\u00fctzt CT-API (durch Wrapper auf PC\/SC)<\/h3>\n<\/li>\n<\/ul>\n<\/li>\n<li>\n<h2>USB-Firmware-Aktualisierbarkeit<\/h2>\n<\/li>\n<li>\n<h2>Unterst\u00fctzt Android\u2122 3.1 und h\u00f6her<\/h2>\n<\/li>\n<li>\n<div>\n<table width=\"843\">\n<tbody>\n<tr>\n<td colspan=\"2\" width=\"843\">Physikalische Eigenschaften<\/td>\n<\/tr>\n<tr>\n<td width=\"450\">Gr\u00f6\u00dfe (mm)<\/td>\n<td width=\"393\">98,0 mm (L) x 65,0 mm (B) x 12,8 mm (H)<\/td>\n<\/tr>\n<tr>\n<td width=\"450\">Gewicht (g)<\/td>\n<td width=\"393\">70 g<\/td>\n<\/tr>\n<tr>\n<td colspan=\"2\" width=\"843\">USB-Schnittstelle<\/td>\n<\/tr>\n<tr>\n<td width=\"450\">Protokoll<\/td>\n<td width=\"393\">USB-CCID<\/td>\n<\/tr>\n<tr>\n<td width=\"450\">Energiequelle<\/td>\n<td width=\"393\">Vom USB-Anschluss<\/td>\n<\/tr>\n<tr>\n<td width=\"450\">Geschwindigkeit<\/td>\n<td width=\"393\">USB-Vollgeschwindigkeit (12 Mbit\/s)<\/td>\n<\/tr>\n<tr>\n<td width=\"450\">Kabell\u00e4nge<\/td>\n<td width=\"393\">1,0 m, fest<\/td>\n<\/tr>\n<tr>\n<td colspan=\"2\" width=\"843\">Kontaktlose Smartcard-Schnittstelle<\/td>\n<\/tr>\n<tr>\n<td width=\"450\">Standard<\/td>\n<td width=\"393\">ISO\/IEC 18092 NFC, ISO 14443 Typ A und B, MIFARE\u00ae, FeliCa<\/td>\n<\/tr>\n<tr>\n<td rowspan=\"4\" width=\"450\">Protokoll<\/td>\n<td width=\"393\">ISO 14443-4-konforme Karte, T=CL<\/td>\n<\/tr>\n<tr>\n<td width=\"393\">MIFARE\u00ae Classic Karte, T=CL<\/td>\n<\/tr>\n<tr>\n<td width=\"393\">ISO18092, NFC-Tags<\/td>\n<\/tr>\n<tr>\n<td width=\"393\">Abonnieren<\/td>\n<\/tr>\n<tr>\n<td colspan=\"2\" width=\"843\">Integrierte Peripherieger\u00e4te<\/td>\n<\/tr>\n<tr>\n<td width=\"450\">LED<\/td>\n<td width=\"393\">1 zweifarbig: Rot und Gr\u00fcn<\/td>\n<\/tr>\n<tr>\n<td width=\"450\">Summer<\/td>\n<td width=\"393\">Monoton<\/td>\n<\/tr>\n<tr>\n<td colspan=\"2\" width=\"843\">Zertifizierungen\/Konformit\u00e4t<\/td>\n<\/tr>\n<tr>\n<td rowspan=\"13\" width=\"450\">Zertifizierungen\/Konformit\u00e4t<\/td>\n<td width=\"393\">EN 60950\/IEC 60950<\/td>\n<\/tr>\n<tr>\n<td width=\"393\">ISO 18092<\/td>\n<\/tr>\n<tr>\n<td width=\"393\">ISO 14443<\/td>\n<\/tr>\n<tr>\n<td width=\"393\">USB mit voller Geschwindigkeit<\/td>\n<\/tr>\n<tr>\n<td width=\"393\">PC\/SC<\/td>\n<\/tr>\n<tr>\n<td width=\"393\">CCID<\/td>\n<\/tr>\n<tr>\n<td width=\"393\">VCCI (Japan)<\/td>\n<\/tr>\n<tr>\n<td width=\"393\">KC (Korea)<\/td>\n<\/tr>\n<tr>\n<td width=\"393\">Microsoft\u00ae WHQL<\/td>\n<\/tr>\n<tr>\n<td width=\"393\">CE<\/td>\n<\/tr>\n<tr>\n<td width=\"393\">FCC<\/td>\n<\/tr>\n<tr>\n<td width=\"393\">RoHS 2<\/td>\n<\/tr>\n<tr>\n<td width=\"393\">ERREICHEN<\/td>\n<\/tr>\n<tr>\n<td colspan=\"2\" width=\"843\">Unterst\u00fctzte Ger\u00e4tetreiber und Betriebssysteme<\/td>\n<\/tr>\n<tr>\n<td rowspan=\"6\" width=\"450\">Unterst\u00fctzte Ger\u00e4tetreiber und Betriebssysteme<\/td>\n<td width=\"393\">Windows\u00ae CE<\/td>\n<\/tr>\n<tr>\n<td width=\"393\">Windows\u00ae<\/td>\n<\/tr>\n<tr>\n<td width=\"393\">Linux\u00ae<\/td>\n<\/tr>\n<tr>\n<td width=\"393\">MAC OS\u00ae<\/td>\n<\/tr>\n<tr>\n<td width=\"393\">Solaris<\/td>\n<\/tr>\n<tr>\n<td width=\"393\">Android\u2122<\/td>\n<\/tr>\n<\/tbody>\n<\/table>\n<\/div>\n<\/li>\n<\/ul>","protected":false},"excerpt":{"rendered":"<p>Der ACR1251U-A1 ist ein hochmoderner USB-NFC-Leser mit SAM-Steckplatz, der verbesserte Sicherheit und Vielseitigkeit f\u00fcr verschiedene kontaktlose Anwendungen bietet.<\/p>","protected":false},"featured_media":1549,"template":"","meta":[],"product_brand":[],"product_cat":[45,40],"product_tag":[],"class_list":{"0":"post-1545","1":"product","2":"type-product","3":"status-publish","4":"has-post-thumbnail","6":"product_cat-contactless-nfc-reader","7":"product_cat-rfid-nfc-reader","9":"first","10":"instock","11":"shipping-taxable","12":"product-type-simple"},"_links":{"self":[{"href":"https:\/\/nfc-readers.com\/de\/wp-json\/wp\/v2\/product\/1545","targetHints":{"allow":["GET"]}}],"collection":[{"href":"https:\/\/nfc-readers.com\/de\/wp-json\/wp\/v2\/product"}],"about":[{"href":"https:\/\/nfc-readers.com\/de\/wp-json\/wp\/v2\/types\/product"}],"wp:featuredmedia":[{"embeddable":true,"href":"https:\/\/nfc-readers.com\/de\/wp-json\/wp\/v2\/media\/1549"}],"wp:attachment":[{"href":"https:\/\/nfc-readers.com\/de\/wp-json\/wp\/v2\/media?parent=1545"}],"wp:term":[{"taxonomy":"product_brand","embeddable":true,"href":"https:\/\/nfc-readers.com\/de\/wp-json\/wp\/v2\/product_brand?post=1545"},{"taxonomy":"product_cat","embeddable":true,"href":"https:\/\/nfc-readers.com\/de\/wp-json\/wp\/v2\/product_cat?post=1545"},{"taxonomy":"product_tag","embeddable":true,"href":"https:\/\/nfc-readers.com\/de\/wp-json\/wp\/v2\/product_tag?post=1545"}],"curies":[{"name":"wp","href":"https:\/\/api.w.org\/{rel}","templated":true}]}}