{"id":1550,"date":"2024-04-07T06:15:08","date_gmt":"2024-04-07T06:15:08","guid":{"rendered":"https:\/\/nfc-readers.com\/?post_type=product&#038;p=1550"},"modified":"2024-10-16T06:43:39","modified_gmt":"2024-10-16T06:43:39","slug":"acr1281u-c1-usb-dual-interface-reader","status":"publish","type":"product","link":"https:\/\/nfc-readers.com\/de\/ic-reader\/acr1281u-c1-usb-dual-interface-reader\/","title":{"rendered":"ACR1281U-C1 USB-Leseger\u00e4t mit zwei Schnittstellen"},"content":{"rendered":"<h1>ACR1281U-C1 USB-Leseger\u00e4t mit zwei Schnittstellen<\/h1>\n<p>Der ACR1281U-C1 DualBoost II ist eine verbesserte Version des ACR128 DualBoost Reader. Als Smartcard-Leseger\u00e4t bietet er eine effiziente Dual-Schnittstelle, die mit allen Smartcards kompatibel ist, die den Standards ISO 7816 und ISO 14443 entsprechen. Dieser DualBoost II der zweiten Generation vereint traditionell unterschiedliche kontaktbehaftete und kontaktlose Smartcard-Funktionen zu einer einzigen, zusammenh\u00e4ngenden Einheit, sodass eine Karte f\u00fcr verschiedene Anwendungen verwendet werden kann. Sein Nutzen kommt im E-Commerce zum Tragen, da er die sichere Abwicklung von Online-Zahlungen mit Kreditkarten erm\u00f6glicht, und er spielt eine Schl\u00fcsselrolle im \u00f6ffentlichen Verkehr, da er das Aufladen kontaktloser Karten in automatisierten Fahrkartensystemen unterst\u00fctzt. Er verk\u00f6rpert die Vision einer Ein-Karten-L\u00f6sung, bei der eine Vielzahl von Smartcard-Funktionen in einer Karte vereint sind. Die verbesserte DualBoost-Serie ist vollst\u00e4ndig PC\/SC-kompatibel und erm\u00f6glicht eine nahtlose Interaktion mit kontaktbehafteten und kontaktlosen Schnittstellen. Als tragbarer NFC-Leser beschleunigt er die Kommunikation f\u00fcr kontaktlose Karten auf Geschwindigkeiten von bis zu 848 kbps und eignet sich f\u00fcr fortgeschrittene Anwendungen, die hohe Leistung erfordern. Der Leser ist au\u00dferdem mit intelligenten Mechanismen f\u00fcr die Handhabung von Hybrid- und Kombikarten ausgestattet und bietet die M\u00f6glichkeit, kontaktlose Karten zu identifizieren, die f\u00e4lschlicherweise in den Kontaktkartensteckplatz eingef\u00fchrt wurden. Integraler Bestandteil seines Designs ist der SAM-Steckplatz, der die Sicherheit \u00fcber beide Schnittstellen hinweg verst\u00e4rkt. Verbesserte Funktionen wie die M\u00f6glichkeit, die Firmware \u00fcber USB zu aktualisieren, die Kompatibilit\u00e4t mit Kontaktspeicherkarten und die Unterst\u00fctzung erweiterter APDU-Befehle unterstreichen den ACR1281U-C1 DualBoost II als kosteng\u00fcnstiges und leistungsstarkes All-Inclusive-Tool, das den Komfort und die Vielseitigkeit zahlreicher Smartcardsysteme erh\u00f6ht.<\/p>\n<p><iframe loading=\"lazy\" title=\"ACR1281U C1 Kontakt- und kontaktloses Chipkartenleseger\u00e4t\" width=\"1020\" height=\"574\" src=\"https:\/\/www.youtube.com\/embed\/dABTVMG9dvI?feature=oembed\" frameborder=\"0\" allow=\"accelerometer; autoplay; clipboard-write; encrypted-media; gyroscope; picture-in-picture; web-share\" referrerpolicy=\"strict-origin-when-cross-origin\" allowfullscreen><\/iframe><\/p>\n<ul>\n<li>\n<h2>USB 2.0 Full Speed-Schnittstelle<\/h2>\n<\/li>\n<li>\n<h2>CCID-Konformit\u00e4t<\/h2>\n<\/li>\n<li>\n<h2>Kontaktloser Chipkartenleser:<\/h2>\n<ul>\n<li>\n<h3>Lese-\/Schreibgeschwindigkeit von bis zu 848 kbps<\/h3>\n<\/li>\n<li>\n<h3>Integrierte Antenne f\u00fcr kontaktlosen Tag-Zugriff mit Kartenleseabstand von bis zu 50 mm (je nach Tag-Typ)<\/h3>\n<\/li>\n<li>\n<h3>Unterst\u00fctzt ISO 14443 Teil 4 Typ A- und B-Karten und die MIFARE\u00ae-Serie<\/h3>\n<\/li>\n<li>\n<h3>Integrierte Antikollisionsfunktion (es kann immer nur auf ein Tag zugegriffen werden)<\/h3>\n<\/li>\n<li>\n<h3>Unterst\u00fctzt erweiterte APDU (max. 64 KBytes)<\/h3>\n<\/li>\n<\/ul>\n<\/li>\n<li>\n<h2>Kontakt Smart Card Reader:<\/h2>\n<ul>\n<li>\n<h3>Unterst\u00fctzt ISO 7816 Klasse A, B und C (5 V, 3 V und 1,8 V)<\/h3>\n<\/li>\n<li>\n<h3>Unterst\u00fctzt CAC (Common Access Card)<\/h3>\n<\/li>\n<li>\n<h3>Unterst\u00fctzt PIV (Personal Identity Verification Card)<\/h3>\n<\/li>\n<li>\n<h3>Unterst\u00fctzt Mikroprozessorkarten mit T=0- oder T=1-Protokoll<\/h3>\n<\/li>\n<li>\n<h3>Unterst\u00fctzt Speicherkarten<\/h3>\n<\/li>\n<li>\n<h3>ISO 7816-konformer SAM-Steckplatz<\/h3>\n<\/li>\n<\/ul>\n<\/li>\n<li>\n<h2>Programmierschnittstelle:<\/h2>\n<ul>\n<li>\n<h3>Unterst\u00fctzt PC\/SC<\/h3>\n<\/li>\n<li>\n<h3>Unterst\u00fctzt CT-API (durch Wrapper auf PC\/SC)<\/h3>\n<\/li>\n<\/ul>\n<\/li>\n<li>\n<h2>Integrierte Peripherieger\u00e4te:<\/h2>\n<ul>\n<li>\n<h3>Zwei benutzersteuerbare LEDs<\/h3>\n<\/li>\n<li>\n<h3>Vom Benutzer steuerbarer Summer<\/h3>\n<\/li>\n<\/ul>\n<\/li>\n<li>\n<h2>Aktualisierbarkeit der USB-Firmware<\/h2>\n<\/li>\n<li>\n<div>\n<table width=\"551\">\n<tbody>\n<tr>\n<td colspan=\"2\" width=\"551\">Physikalische Eigenschaften<\/td>\n<\/tr>\n<tr>\n<td width=\"230\">Gr\u00f6\u00dfe (mm)<\/td>\n<td width=\"321\">120,5 mm (L) x 72,0 mm (B) x 20,4 mm (H)<\/td>\n<\/tr>\n<tr>\n<td width=\"230\">Gewicht (g)<\/td>\n<td width=\"321\">140 g<\/td>\n<\/tr>\n<tr>\n<td colspan=\"2\" width=\"551\">USB-Schnittstelle<\/td>\n<\/tr>\n<tr>\n<td width=\"230\">Protokoll<\/td>\n<td width=\"321\">USB-CCID<\/td>\n<\/tr>\n<tr>\n<td width=\"230\">Steckertyp<\/td>\n<td width=\"321\">Standard Typ A<\/td>\n<\/tr>\n<tr>\n<td width=\"230\">Energiequelle<\/td>\n<td width=\"321\">Vom USB-Anschluss<\/td>\n<\/tr>\n<tr>\n<td width=\"230\">Geschwindigkeit<\/td>\n<td width=\"321\">USB-Vollgeschwindigkeit (12 Mbit\/s)<\/td>\n<\/tr>\n<tr>\n<td width=\"230\">Kabell\u00e4nge<\/td>\n<td width=\"321\">2,0 m, fest<\/td>\n<\/tr>\n<tr>\n<td colspan=\"2\" width=\"551\">Kontakt Smart Card Schnittstelle<\/td>\n<\/tr>\n<tr>\n<td width=\"230\">Anzahl der Steckpl\u00e4tze<\/td>\n<td width=\"321\">1 Kartensteckplatz in voller Gr\u00f6\u00dfe<\/td>\n<\/tr>\n<tr>\n<td width=\"230\">Standard<\/td>\n<td width=\"321\">ISO 7816 Klasse A, B, C (5 V, 3 V, 1,8 V)<\/td>\n<\/tr>\n<tr>\n<td width=\"230\">Protokoll<\/td>\n<td width=\"321\">T = 0; T = 1<\/td>\n<\/tr>\n<tr>\n<td colspan=\"2\" width=\"551\">Kontaktlose Smartcard-Schnittstelle<\/td>\n<\/tr>\n<tr>\n<td width=\"230\">Standard<\/td>\n<td width=\"321\">ISO 14443 A und B Teile 1-4<\/td>\n<\/tr>\n<tr>\n<td rowspan=\"2\" width=\"230\">Protokoll<\/td>\n<td width=\"321\">ISO 14443-4-konforme Karte, T=CL<\/td>\n<\/tr>\n<tr>\n<td width=\"321\">MIFARE\u00ae Classic Karte, T=CL<\/td>\n<\/tr>\n<tr>\n<td colspan=\"2\" width=\"551\">SAM-Kartenschnittstelle<\/td>\n<\/tr>\n<tr>\n<td width=\"230\">Anzahl der Steckpl\u00e4tze<\/td>\n<td width=\"321\">1 Steckplatz f\u00fcr SIM-Karten im Standardformat<\/td>\n<\/tr>\n<tr>\n<td width=\"230\">Standard<\/td>\n<td width=\"321\">ISO 7816 Klasse A (5 V)<\/td>\n<\/tr>\n<tr>\n<td width=\"230\">Protokoll<\/td>\n<td width=\"321\">T = 0; T = 1<\/td>\n<\/tr>\n<tr>\n<td colspan=\"2\" width=\"551\">Integrierte Peripherieger\u00e4te<\/td>\n<\/tr>\n<tr>\n<td width=\"230\">LED<\/td>\n<td width=\"321\">2 einfarbig: Rot und Gr\u00fcn<\/td>\n<\/tr>\n<tr>\n<td width=\"230\">Summer<\/td>\n<td width=\"321\">Monoton<\/td>\n<\/tr>\n<tr>\n<td colspan=\"2\" width=\"551\">Andere Eigenschaften<\/td>\n<\/tr>\n<tr>\n<td width=\"230\">Firmware-Aktualisierung<\/td>\n<td width=\"321\">Unterst\u00fctzt<\/td>\n<\/tr>\n<tr>\n<td colspan=\"2\" width=\"551\">Zertifizierungen\/Konformit\u00e4t<\/td>\n<\/tr>\n<tr>\n<td rowspan=\"10\" width=\"230\">Zertifizierungen\/Konformit\u00e4t<\/td>\n<td width=\"321\">ISO 14443<\/td>\n<\/tr>\n<tr>\n<td width=\"321\">ISO 7816<\/td>\n<\/tr>\n<tr>\n<td width=\"321\">USB mit voller Geschwindigkeit<\/td>\n<\/tr>\n<tr>\n<td width=\"321\">PC\/SC<\/td>\n<\/tr>\n<tr>\n<td width=\"321\">CCID<\/td>\n<\/tr>\n<tr>\n<td width=\"321\">Microsoft\u00ae WHQL<\/td>\n<\/tr>\n<tr>\n<td width=\"321\">CE<\/td>\n<\/tr>\n<tr>\n<td width=\"321\">FCC<\/td>\n<\/tr>\n<tr>\n<td width=\"321\">RoHS<\/td>\n<\/tr>\n<tr>\n<td width=\"321\">ERREICHEN<\/td>\n<\/tr>\n<tr>\n<td colspan=\"2\" width=\"551\">Unterst\u00fctzte Ger\u00e4tetreiber und Betriebssysteme<\/td>\n<\/tr>\n<tr>\n<td rowspan=\"5\" width=\"230\">Unterst\u00fctzte Ger\u00e4tetreiber und Betriebssysteme<\/td>\n<td width=\"321\">Windows\u00ae<\/td>\n<\/tr>\n<tr>\n<td width=\"321\">Linux\u00ae<\/td>\n<\/tr>\n<tr>\n<td width=\"321\">MAC OS\u00ae<\/td>\n<\/tr>\n<tr>\n<td width=\"321\">Solaris<\/td>\n<\/tr>\n<tr>\n<td width=\"321\">Android\u2122<\/td>\n<\/tr>\n<\/tbody>\n<\/table>\n<\/div>\n<\/li>\n<\/ul>","protected":false},"excerpt":{"rendered":"<p>Der ACR1281U-C1 ist ein vielseitiger USB-Kontakt- und kontaktloser Leser mit einem SAM-Steckplatz und tragbaren NFC-Funktionen f\u00fcr verbesserte Leistung in Smartcard-Anwendungen.<\/p>","protected":false},"featured_media":1557,"template":"","meta":[],"product_brand":[],"product_cat":[45],"product_tag":[],"class_list":{"0":"post-1550","1":"product","2":"type-product","3":"status-publish","4":"has-post-thumbnail","6":"product_cat-contactless-nfc-reader","8":"first","9":"instock","10":"shipping-taxable","11":"product-type-simple"},"_links":{"self":[{"href":"https:\/\/nfc-readers.com\/de\/wp-json\/wp\/v2\/product\/1550","targetHints":{"allow":["GET"]}}],"collection":[{"href":"https:\/\/nfc-readers.com\/de\/wp-json\/wp\/v2\/product"}],"about":[{"href":"https:\/\/nfc-readers.com\/de\/wp-json\/wp\/v2\/types\/product"}],"wp:featuredmedia":[{"embeddable":true,"href":"https:\/\/nfc-readers.com\/de\/wp-json\/wp\/v2\/media\/1557"}],"wp:attachment":[{"href":"https:\/\/nfc-readers.com\/de\/wp-json\/wp\/v2\/media?parent=1550"}],"wp:term":[{"taxonomy":"product_brand","embeddable":true,"href":"https:\/\/nfc-readers.com\/de\/wp-json\/wp\/v2\/product_brand?post=1550"},{"taxonomy":"product_cat","embeddable":true,"href":"https:\/\/nfc-readers.com\/de\/wp-json\/wp\/v2\/product_cat?post=1550"},{"taxonomy":"product_tag","embeddable":true,"href":"https:\/\/nfc-readers.com\/de\/wp-json\/wp\/v2\/product_tag?post=1550"}],"curies":[{"name":"wp","href":"https:\/\/api.w.org\/{rel}","templated":true}]}}