{"id":1558,"date":"2024-04-07T06:20:55","date_gmt":"2024-04-07T06:20:55","guid":{"rendered":"https:\/\/nfc-readers.com\/?post_type=product&#038;p=1558"},"modified":"2024-10-16T06:35:34","modified_gmt":"2024-10-16T06:35:34","slug":"nfc-reader-with-lcd-acr1222l","status":"publish","type":"product","link":"https:\/\/nfc-readers.com\/de\/ic-reader\/nfc-reader-with-lcd-acr1222l\/","title":{"rendered":"NFC-Lese-\/Schreibger\u00e4t mit LCD | ACR1222L"},"content":{"rendered":"<h1>NFC-Lese-\/Schreibger\u00e4t mit LCD | ACR1222L<\/h1>\n<p>Der ACR1222L ist ein vielseitiger und benutzerfreundlicher NFC-Smartcard-Leser, der sich ideal f\u00fcr Anwendungen wie E-Payment, Treueprogramme und Zugangskontrolle eignet. Sein LCD und die mehrsprachige Unterst\u00fctzung sowie seine robusten Sicherheitsfunktionen mit drei SAM-Steckpl\u00e4tzen machen ihn zu einem hochwertigen Angebot, wenn man das Verh\u00e4ltnis zwischen Funktionen und Preis des NFC-Lesers ber\u00fccksichtigt.<\/p>\n<p><iframe loading=\"lazy\" title=\"ACR1222L NFC-Leseger\u00e4t\" width=\"1020\" height=\"765\" src=\"https:\/\/www.youtube.com\/embed\/i-7zrKP8WJo?feature=oembed\" frameborder=\"0\" allow=\"accelerometer; autoplay; clipboard-write; encrypted-media; gyroscope; picture-in-picture; web-share\" referrerpolicy=\"strict-origin-when-cross-origin\" allowfullscreen><\/iframe><\/p>\n<h2>NFC-Leseger\u00e4t mit LCD | ACR1222L<\/h2>\n<ul>\n<li data-sider-select-id=\"cbe5159f-0e15-4e91-8597-4873bf6b4e88\">\n<h2>USB 2.0 Full Speed-Schnittstelle<\/h2>\n<\/li>\n<li>\n<h2>CCID-Konformit\u00e4t<\/h2>\n<\/li>\n<li>\n<h2>Chipkartenleser:<\/h2>\n<ul>\n<li>\n<h3>Lese-\/Schreibgeschwindigkeit von bis zu 424 kbps<\/h3>\n<\/li>\n<li>\n<h3>Integrierte Antenne f\u00fcr kontaktlosen Tag-Zugriff mit Kartenleseabstand von bis zu 50 mm (je nach Tag-Typ)<\/h3>\n<\/li>\n<li>\n<h3>Unterst\u00fctzt ISO 14443 Typ A und B-Karten, MIFARE\u00ae, FeliCa und alle 4 Arten von NFC-Tags (ISO\/IEC 18092)<\/h3>\n<\/li>\n<li>\n<h3>Integrierte Antikollisionsfunktion (es kann immer nur auf ein Tag zugegriffen werden)<\/h3>\n<\/li>\n<li>\n<h3>Drei ISO 7816-konforme SAM-Steckpl\u00e4tze<\/h3>\n<\/li>\n<\/ul>\n<\/li>\n<li>\n<h2>Integrierte Peripherieger\u00e4te:<\/h2>\n<ul>\n<li>\n<h3>Zweizeiliges Grafik-LCD mit interaktiver Bedienbarkeit (z. B. nach oben und unten, links und rechts scrollen usw.) und Mehrsprachenunterst\u00fctzung (z. B. Chinesisch, Englisch, Japanisch und mehrere europ\u00e4ische Sprachen)<\/h3>\n<\/li>\n<li>\n<h3>Vier benutzersteuerbare LEDs<\/h3>\n<\/li>\n<li>\n<h3>Vom Benutzer steuerbarer Summer<\/h3>\n<\/li>\n<\/ul>\n<\/li>\n<li>\n<h2>Aktualisierbarkeit der USB-Firmware<\/h2>\n<\/li>\n<\/ul>\n<div>\n<h2 data-sider-select-id=\"d4706cbf-1e8e-448d-9503-dfee41ca8b25\"><strong>Merkmale und Funktionen des kontaktlosen NFC-Leseger\u00e4ts ACR1222L:<\/strong><\/h2>\n<ul>\n<li>\n<h3><strong>Innovative Technologieintegration<\/strong><\/h3>\n<p>Der ACR1222L integriert nahtlos LCD-Technologie mit PC-Link-NFC-Funktionen und bietet eine benutzerfreundliche Schnittstelle f\u00fcr m\u00fchelose Interaktion.<\/li>\n<li>\n<h3><strong>Umfassende Kompatibilit\u00e4t<\/strong><\/h3>\n<p>Der ACR1222L basiert auf der 13,56 MHz RFID-Technologie und dem ISO\/IEC 18092-Standard und bietet umfassende Kompatibilit\u00e4t mit ISO14443-Karten vom Typ A und B, MIFARE, FeliCa und allen vier Arten von NFC-Tags.<\/li>\n<li>\n<h3><strong>Verbessertes Benutzererlebnis<\/strong><\/h3>\n<\/li>\n<\/ul>\n<p style=\"text-align: left; padding-left: 40px;\"><span style=\"color: #555555; font-size: 14.4px;\">Dank der PC\/SC-Konformit\u00e4t erleichtert der ACR1222L einfache Upgrades von Smartcard-Anwendungen und gew\u00e4hrleistet einen nahtlosen \u00dcbergang f\u00fcr Benutzer, die nach erweiterten Funktionen und Interaktionen suchen.<\/span><\/p>\n<ul>\n<li>\n<h3><strong>Intuitive Schnittstelle<\/strong><\/h3>\n<\/li>\n<\/ul>\n<p style=\"text-align: left; padding-left: 40px;\">\u00a0Ausgestattet mit 4 LEDs, einem Summer und einem mehrsprachigen LCD-Display bietet der ACR1222L klare Anzeigen \u00fcber den Status des Leseger\u00e4ts und der Anwendung und verbessert so das Verst\u00e4ndnis und Engagement des Benutzers.<\/p>\n<ul>\n<li>\n<h3><strong>Mehrsprachige Unterst\u00fctzung<\/strong><\/h3>\n<p>Das zweizeilige grafische LCD unterst\u00fctzt mehrere Sprachen, darunter Chinesisch, Englisch, Japanisch und ausgew\u00e4hlte europ\u00e4ische Sprachen, sodass einer vielf\u00e4ltigen Benutzerbasis eine m\u00fchelose Interaktion mit dem Ger\u00e4t erm\u00f6glicht wird.<\/li>\n<li>\n<h3><strong>Interaktive Bedienung<\/strong><\/h3>\n<p>Das LCD erm\u00f6glicht interaktive Vorg\u00e4nge wie Scrollen und verbessert so den Benutzerkomfort und die Zug\u00e4nglichkeit weiter.<\/li>\n<li>\n<h3><strong>Erweiterte Sicherheitsfunktionen<\/strong><\/h3>\n<p>Mit drei integrierten SAM-Steckpl\u00e4tzen gew\u00e4hrleistet der ACR1222L erh\u00f6hte Sicherheit bei kontaktlosen Vorg\u00e4ngen und sch\u00fctzt vertrauliche Daten und Transaktionen.<\/li>\n<\/ul>\n<\/div>\n<div><\/div>\n<div>\n<table width=\"702\">\n<tbody>\n<tr>\n<td colspan=\"2\" width=\"702\">Physikalische Eigenschaften<\/td>\n<\/tr>\n<tr>\n<td rowspan=\"2\" width=\"250\">Gr\u00f6\u00dfe (mm)<\/td>\n<td width=\"452\">Hauptgeh\u00e4use: 133,5 mm (L) x 88,5 mm (B) x 21,0 mm (H)<\/td>\n<\/tr>\n<tr>\n<td width=\"452\">Mit St\u00e4nder: 158,0 mm (L) x 95,0 mm (B) x 95,0 mm (H)<\/td>\n<\/tr>\n<tr>\n<td rowspan=\"2\" width=\"250\">Gewicht (g)<\/td>\n<td width=\"452\">Hauptteil: 173 g<\/td>\n<\/tr>\n<tr>\n<td width=\"452\">Mit St\u00e4nder: 415 g<\/td>\n<\/tr>\n<tr>\n<td colspan=\"2\" width=\"702\">USB-Schnittstelle<\/td>\n<\/tr>\n<tr>\n<td width=\"250\">Protokoll<\/td>\n<td width=\"452\">USB-CCID<\/td>\n<\/tr>\n<tr>\n<td width=\"250\">Steckertyp<\/td>\n<td width=\"452\">Standard Typ A<\/td>\n<\/tr>\n<tr>\n<td width=\"250\">Energiequelle<\/td>\n<td width=\"452\">Vom USB-Anschluss<\/td>\n<\/tr>\n<tr>\n<td width=\"250\">Geschwindigkeit<\/td>\n<td width=\"452\">USB-Vollgeschwindigkeit (12 Mbit\/s)<\/td>\n<\/tr>\n<tr>\n<td width=\"250\">Kabell\u00e4nge<\/td>\n<td width=\"452\">1,5 m, fest<\/td>\n<\/tr>\n<tr>\n<td colspan=\"2\" width=\"702\">Kontaktlose Smartcard-Schnittstelle<\/td>\n<\/tr>\n<tr>\n<td width=\"250\">Standard<\/td>\n<td width=\"452\">ISO\/IEC 18092 NFC, ISO 14443 Typ A und B, MIFARE\u00ae, FeliCa<\/td>\n<\/tr>\n<tr>\n<td rowspan=\"4\" width=\"250\">Protokoll<\/td>\n<td width=\"452\">ISO 14443-4-konforme Karte, T=CL<\/td>\n<\/tr>\n<tr>\n<td width=\"452\">MIFARE\u00ae Classic Karte, T=CL<\/td>\n<\/tr>\n<tr>\n<td width=\"452\">ISO18092, NFC-Tags<\/td>\n<\/tr>\n<tr>\n<td width=\"452\">Abonnieren<\/td>\n<\/tr>\n<tr>\n<td colspan=\"2\" width=\"702\">SAM-Kartenschnittstelle<\/td>\n<\/tr>\n<tr>\n<td width=\"250\">Anzahl der Steckpl\u00e4tze<\/td>\n<td width=\"452\">3 Steckpl\u00e4tze f\u00fcr SIM-Karten im Standardformat<\/td>\n<\/tr>\n<tr>\n<td width=\"250\">Standard<\/td>\n<td width=\"452\">ISO 7816 Klasse A (5 V)<\/td>\n<\/tr>\n<tr>\n<td width=\"250\">Protokoll<\/td>\n<td width=\"452\">T = 0; T = 1<\/td>\n<\/tr>\n<tr>\n<td colspan=\"2\" width=\"702\">Integrierte Peripherieger\u00e4te<\/td>\n<\/tr>\n<tr>\n<td rowspan=\"3\" width=\"250\">LCD<\/td>\n<td width=\"452\">Grafisches LCD mit gelb-gr\u00fcner Hintergrundbeleuchtung<\/td>\n<\/tr>\n<tr>\n<td width=\"452\">Aufl\u00f6sung: 128 x 32 Pixel<\/td>\n<\/tr>\n<tr>\n<td width=\"452\">Anzahl der Zeichen: 16 Zeichen x 2 Zeilen<\/td>\n<\/tr>\n<tr>\n<td width=\"250\">LED<\/td>\n<td width=\"452\">4 Einzelfarben: Gr\u00fcn, Blau, Orange und Rot<\/td>\n<\/tr>\n<tr>\n<td width=\"250\">Summer<\/td>\n<td width=\"452\">Monoton<\/td>\n<\/tr>\n<tr>\n<td colspan=\"2\" width=\"702\">Andere Eigenschaften<\/td>\n<\/tr>\n<tr>\n<td width=\"250\">Firmware-Aktualisierung<\/td>\n<td width=\"452\">Unterst\u00fctzt<\/td>\n<\/tr>\n<tr>\n<td colspan=\"2\" width=\"702\">Zertifizierungen\/Konformit\u00e4t<\/td>\n<\/tr>\n<tr>\n<td rowspan=\"13\" width=\"250\">Zertifizierungen\/Konformit\u00e4t<\/td>\n<td width=\"452\">ISO 18092<\/td>\n<\/tr>\n<tr>\n<td width=\"452\">ISO 14443<\/td>\n<\/tr>\n<tr>\n<td width=\"452\">ISO 7816 (SAM-Steckplatz)<\/td>\n<\/tr>\n<tr>\n<td width=\"452\">USB mit voller Geschwindigkeit<\/td>\n<\/tr>\n<tr>\n<td width=\"452\">PC\/SC<\/td>\n<\/tr>\n<tr>\n<td width=\"452\">CCID<\/td>\n<\/tr>\n<tr>\n<td width=\"452\">VCCI (Japan)<\/td>\n<\/tr>\n<tr>\n<td width=\"452\">KC (Korea)<\/td>\n<\/tr>\n<tr>\n<td width=\"452\">Microsoft\u00ae WHQL<\/td>\n<\/tr>\n<tr>\n<td width=\"452\">CE<\/td>\n<\/tr>\n<tr>\n<td width=\"452\">FCC<\/td>\n<\/tr>\n<tr>\n<td width=\"452\">RoHS<\/td>\n<\/tr>\n<tr>\n<td width=\"452\">ERREICHEN<\/td>\n<\/tr>\n<tr>\n<td colspan=\"2\" width=\"702\">Unterst\u00fctzte Ger\u00e4tetreiber und Betriebssysteme<\/td>\n<\/tr>\n<tr>\n<td rowspan=\"5\" width=\"250\">Unterst\u00fctzte Ger\u00e4tetreiber und Betriebssysteme<\/td>\n<td width=\"452\">Windows\u00ae<\/td>\n<\/tr>\n<tr>\n<td width=\"452\">Linux\u00ae<\/td>\n<\/tr>\n<tr>\n<td width=\"452\">MAC OS\u00ae<\/td>\n<\/tr>\n<tr>\n<td width=\"452\">Solaris<\/td>\n<\/tr>\n<tr>\n<td width=\"452\">Android\u2122<\/td>\n<\/tr>\n<\/tbody>\n<\/table>\n<\/div>\n<div><\/div>\n<div><\/div>\n<div><\/div>\n<div><\/div>","protected":false},"excerpt":{"rendered":"<p>Der ACR1222L ist ein vielseitiger USB-Kontaktlosleser mit LCD, der RFID-NFC-Technologie unterst\u00fctzt und verbesserte Sicherheit f\u00fcr Smartcard-Anwendungen bietet.<\/p>","protected":false},"featured_media":1563,"template":"","meta":[],"product_brand":[],"product_cat":[45,40],"product_tag":[],"class_list":{"0":"post-1558","1":"product","2":"type-product","3":"status-publish","4":"has-post-thumbnail","6":"product_cat-contactless-nfc-reader","7":"product_cat-rfid-nfc-reader","9":"first","10":"instock","11":"shipping-taxable","12":"product-type-simple"},"_links":{"self":[{"href":"https:\/\/nfc-readers.com\/de\/wp-json\/wp\/v2\/product\/1558","targetHints":{"allow":["GET"]}}],"collection":[{"href":"https:\/\/nfc-readers.com\/de\/wp-json\/wp\/v2\/product"}],"about":[{"href":"https:\/\/nfc-readers.com\/de\/wp-json\/wp\/v2\/types\/product"}],"wp:featuredmedia":[{"embeddable":true,"href":"https:\/\/nfc-readers.com\/de\/wp-json\/wp\/v2\/media\/1563"}],"wp:attachment":[{"href":"https:\/\/nfc-readers.com\/de\/wp-json\/wp\/v2\/media?parent=1558"}],"wp:term":[{"taxonomy":"product_brand","embeddable":true,"href":"https:\/\/nfc-readers.com\/de\/wp-json\/wp\/v2\/product_brand?post=1558"},{"taxonomy":"product_cat","embeddable":true,"href":"https:\/\/nfc-readers.com\/de\/wp-json\/wp\/v2\/product_cat?post=1558"},{"taxonomy":"product_tag","embeddable":true,"href":"https:\/\/nfc-readers.com\/de\/wp-json\/wp\/v2\/product_tag?post=1558"}],"curies":[{"name":"wp","href":"https:\/\/api.w.org\/{rel}","templated":true}]}}