{"id":1564,"date":"2024-04-07T06:24:04","date_gmt":"2024-04-07T06:24:04","guid":{"rendered":"https:\/\/nfc-readers.com\/?post_type=product&#038;p=1564"},"modified":"2024-10-16T06:23:32","modified_gmt":"2024-10-16T06:23:32","slug":"acm1281u-c7-usb-contactless-reader-module-with-sam-slot","status":"publish","type":"product","link":"https:\/\/nfc-readers.com\/de\/ic-reader\/acm1281u-c7-usb-contactless-reader-module-with-sam-slot\/","title":{"rendered":"ACM1281U-C7 USB-Kontaktloslesemodul mit SAM-Steckplatz"},"content":{"rendered":"<h1>ACM1281U-C7 USB-Kontaktloslesemodul mit SAM-Steckplatz<\/h1>\n<p>Der ACM1281U-C7 ist ein hochentwickelter Smartcard-Leser, der f\u00fcr die nahtlose Integration in verschiedene eingebettete Systeme konzipiert wurde. Durch die Unterst\u00fctzung von ISO 14443 A\/B f\u00fcr die wichtigsten Kartentechnologien und die Bereitstellung umfassender Sicherheit durch seinen kompatiblen SAM-Steckplatz sowie die Flexibilit\u00e4t einer vor Ort aktualisierbaren Firmware ist dieser tragbare NFC-Leser f\u00fcr Umgebungen geeignet, in denen Sicherheit und Zuverl\u00e4ssigkeit von gr\u00f6\u00dfter Bedeutung sind, wie z. B. Zahlungs- und Spielesysteme.<\/p>\n<ul>\n<li>\n<h2>USB 2.0 Full Speed-Schnittstelle<\/h2>\n<\/li>\n<li>\n<h2>CCID-Konformit\u00e4t<\/h2>\n<\/li>\n<li>\n<h2>USB-Firmware-Aktualisierbarkeit<\/h2>\n<\/li>\n<li>\n<h2>Chipkartenleser:<\/h2>\n<ul>\n<li>\n<h3>Kontaktlose Schnittstelle:<\/h3>\n<ul>\n<li>\n<h4>Lese-\/Schreibgeschwindigkeit bis zu 848 kbps<\/h4>\n<\/li>\n<li>\n<h4>Integrierte Antenne f\u00fcr kontaktlosen Tag-Zugriff mit Kartenleseabstand von bis zu 50 mm (je nach Tag-Typ)<\/h4>\n<\/li>\n<li>\n<h4>Unterst\u00fctzt ISO 14443 Teil 4 Typ A- und B-Karten und die MIFARE\u00ae Classic-Serie<\/h4>\n<\/li>\n<li>\n<h4>Integrierte Antikollisionsfunktion (es kann immer nur auf 1 Tag zugegriffen werden)<\/h4>\n<\/li>\n<li>\n<h4>Unterst\u00fctzt erweiterte APDU (max. 64 KBytes)<\/h4>\n<\/li>\n<\/ul>\n<\/li>\n<li>\n<h3>SAM-Schnittstelle:<\/h3>\n<ul>\n<li>\n<h4>ISO 7816-konformer SAM-Steckplatz, Klasse A (5 V)<\/h4>\n<\/li>\n<\/ul>\n<\/li>\n<\/ul>\n<\/li>\n<li>\n<h2>Programmierschnittstelle:<\/h2>\n<ul>\n<li>\n<h3>Unterst\u00fctzt PC\/SC<\/h3>\n<\/li>\n<li>\n<h3>Unterst\u00fctzt CT-API (durch Wrapper auf PC\/SC)<\/h3>\n<\/li>\n<\/ul>\n<\/li>\n<li>\n<h2>Peripherieger\u00e4te:<\/h2>\n<ul>\n<li>\n<h3>Vom Benutzer steuerbare zweifarbige LED<\/h3>\n<\/li>\n<li>\n<h3>Vom Benutzer steuerbarer Summer<\/h3>\n<\/li>\n<li>\n<div>\n<table width=\"558\">\n<tbody>\n<tr>\n<td colspan=\"2\" width=\"558\">Physikalische Eigenschaften<\/td>\n<\/tr>\n<tr>\n<td width=\"234\">Gr\u00f6\u00dfe (mm)<\/td>\n<td width=\"324\">106,6 mm (L) x 67,0 mm (B) x 16,0 mm (H)<\/td>\n<\/tr>\n<tr>\n<td width=\"234\">Gewicht (g)<\/td>\n<td width=\"324\">20,8 g<\/td>\n<\/tr>\n<tr>\n<td colspan=\"2\" width=\"558\">USB-Schnittstelle<\/td>\n<\/tr>\n<tr>\n<td width=\"234\">Protokoll<\/td>\n<td width=\"324\">USB-CCID<\/td>\n<\/tr>\n<tr>\n<td width=\"234\">Steckertyp<\/td>\n<td width=\"324\">Standard Typ A<\/td>\n<\/tr>\n<tr>\n<td width=\"234\">Energiequelle<\/td>\n<td width=\"324\">Vom USB-Anschluss<\/td>\n<\/tr>\n<tr>\n<td width=\"234\">Geschwindigkeit<\/td>\n<td width=\"324\">USB-Vollgeschwindigkeit (12 Mbit\/s)<\/td>\n<\/tr>\n<tr>\n<td width=\"234\">Kabell\u00e4nge<\/td>\n<td width=\"324\">1,0 m, abnehmbar (optional)<\/td>\n<\/tr>\n<tr>\n<td colspan=\"2\" width=\"558\">Kontaktlose Smartcard-Schnittstelle<\/td>\n<\/tr>\n<tr>\n<td width=\"234\">Standard<\/td>\n<td width=\"324\">ISO 14443 A und B Teile 1-4<\/td>\n<\/tr>\n<tr>\n<td rowspan=\"2\" width=\"234\">Protokoll<\/td>\n<td width=\"324\">ISO14443-4-konforme Karten, T=CL<\/td>\n<\/tr>\n<tr>\n<td width=\"324\">MIFARE\u00ae Classic-Kartenprotokoll, T=CL<\/td>\n<\/tr>\n<tr>\n<td width=\"234\">Antenne<\/td>\n<td width=\"324\">65 mm x 60 mm<\/td>\n<\/tr>\n<tr>\n<td colspan=\"2\" width=\"558\">SAM-Kartenschnittstelle<\/td>\n<\/tr>\n<tr>\n<td width=\"234\">Anzahl der Steckpl\u00e4tze<\/td>\n<td width=\"324\">1<\/td>\n<\/tr>\n<tr>\n<td width=\"234\">Standard<\/td>\n<td width=\"324\">ISO 7816 Teile 1-3, Klasse A (5 V)<\/td>\n<\/tr>\n<tr>\n<td width=\"234\">Protokoll<\/td>\n<td width=\"324\">T = 0; T = 1<\/td>\n<\/tr>\n<tr>\n<td colspan=\"2\" width=\"558\">Integrierte Peripherieger\u00e4te<\/td>\n<\/tr>\n<tr>\n<td width=\"234\">LED<\/td>\n<td width=\"324\">2 einfarbig: Rot und Gr\u00fcn<\/td>\n<\/tr>\n<tr>\n<td width=\"234\">Summer<\/td>\n<td width=\"324\">Monoton<\/td>\n<\/tr>\n<tr>\n<td colspan=\"2\" width=\"558\">Andere Eigenschaften<\/td>\n<\/tr>\n<tr>\n<td width=\"234\">Firmware-Aktualisierung<\/td>\n<td width=\"324\">Unterst\u00fctzt<\/td>\n<\/tr>\n<tr>\n<td colspan=\"2\" width=\"558\">Zertifizierungen\/Konformit\u00e4t<\/td>\n<\/tr>\n<tr>\n<td rowspan=\"10\" width=\"234\">Zertifizierungen\/Konformit\u00e4t<\/td>\n<td width=\"324\">ISO 7816 (SAM-Steckplatz)<\/td>\n<\/tr>\n<tr>\n<td width=\"324\">ISO 14443<\/td>\n<\/tr>\n<tr>\n<td width=\"324\">USB mit voller Geschwindigkeit<\/td>\n<\/tr>\n<tr>\n<td width=\"324\">PC\/SC<\/td>\n<\/tr>\n<tr>\n<td width=\"324\">CCID<\/td>\n<\/tr>\n<tr>\n<td width=\"324\">CE<\/td>\n<\/tr>\n<tr>\n<td width=\"324\">FCC<\/td>\n<\/tr>\n<tr>\n<td width=\"324\">RoHS<\/td>\n<\/tr>\n<tr>\n<td width=\"324\">ERREICHEN<\/td>\n<\/tr>\n<tr>\n<td width=\"324\">Microsoft\u00ae WHQL<\/td>\n<\/tr>\n<tr>\n<td colspan=\"2\" width=\"558\">Unterst\u00fctzte Ger\u00e4tetreiber und Betriebssysteme<\/td>\n<\/tr>\n<tr>\n<td rowspan=\"5\" width=\"234\">Unterst\u00fctzte Ger\u00e4tetreiber und Betriebssysteme<\/td>\n<td width=\"324\">Windows\u00ae<\/td>\n<\/tr>\n<tr>\n<td width=\"324\">Linux\u00ae<\/td>\n<\/tr>\n<tr>\n<td width=\"324\">MAC OS\u00ae<\/td>\n<\/tr>\n<tr>\n<td width=\"324\">Solaris<\/td>\n<\/tr>\n<tr>\n<td width=\"324\">Android\u2122<\/td>\n<\/tr>\n<\/tbody>\n<\/table>\n<\/div>\n<\/li>\n<\/ul>\n<\/li>\n<\/ul>","protected":false},"excerpt":{"rendered":"<p>Der ACM1281U-C7 ist ein vielseitiger USB-Kontaktlosleser mit SAM, der CCID und PC\/SC unterst\u00fctzt und sich ideal f\u00fcr sichere NFC-Anwendungen wie Autozahlungsautomaten eignet.<\/p>","protected":false},"featured_media":1565,"template":"","meta":[],"product_brand":[],"product_cat":[41],"product_tag":[],"class_list":{"0":"post-1564","1":"product","2":"type-product","3":"status-publish","4":"has-post-thumbnail","6":"product_cat-module-ic-reader","8":"first","9":"instock","10":"shipping-taxable","11":"product-type-simple"},"_links":{"self":[{"href":"https:\/\/nfc-readers.com\/de\/wp-json\/wp\/v2\/product\/1564","targetHints":{"allow":["GET"]}}],"collection":[{"href":"https:\/\/nfc-readers.com\/de\/wp-json\/wp\/v2\/product"}],"about":[{"href":"https:\/\/nfc-readers.com\/de\/wp-json\/wp\/v2\/types\/product"}],"wp:featuredmedia":[{"embeddable":true,"href":"https:\/\/nfc-readers.com\/de\/wp-json\/wp\/v2\/media\/1565"}],"wp:attachment":[{"href":"https:\/\/nfc-readers.com\/de\/wp-json\/wp\/v2\/media?parent=1564"}],"wp:term":[{"taxonomy":"product_brand","embeddable":true,"href":"https:\/\/nfc-readers.com\/de\/wp-json\/wp\/v2\/product_brand?post=1564"},{"taxonomy":"product_cat","embeddable":true,"href":"https:\/\/nfc-readers.com\/de\/wp-json\/wp\/v2\/product_cat?post=1564"},{"taxonomy":"product_tag","embeddable":true,"href":"https:\/\/nfc-readers.com\/de\/wp-json\/wp\/v2\/product_tag?post=1564"}],"curies":[{"name":"wp","href":"https:\/\/api.w.org\/{rel}","templated":true}]}}