{"id":1566,"date":"2024-04-07T06:26:05","date_gmt":"2024-04-07T06:26:05","guid":{"rendered":"https:\/\/nfc-readers.com\/?post_type=product&#038;p=1566"},"modified":"2024-10-16T06:20:36","modified_gmt":"2024-10-16T06:20:36","slug":"acm1281s-c7-serial-contactless-reader-module-with-sam-slot","status":"publish","type":"product","link":"https:\/\/nfc-readers.com\/de\/ic-reader\/acm1281s-c7-serial-contactless-reader-module-with-sam-slot\/","title":{"rendered":"ACM1281S-C7 Serielles kontaktloses Lesemodul mit SAM-Steckplatz"},"content":{"rendered":"<h1>ACM1281S-C7 Serielles kontaktloses Lesemodul mit SAM-Steckplatz<\/h1>\n<p>Der ACM1281S-C7 ist ein fortschrittlicher serieller kontaktloser Smartcard-Leser mit Hochgeschwindigkeits- und Portabilit\u00e4tseigenschaften, der f\u00fcr eine Vielzahl von Anwendungen geeignet ist, die schnelle, zuverl\u00e4ssige und sichere Interaktionen erfordern. Seine F\u00e4higkeit, erweiterte APDU zu unterst\u00fctzen, gepaart mit seiner Benutzerfreundlichkeit, macht diesen Leser zu einer robusten L\u00f6sung f\u00fcr mobile und feste Umgebungen.<\/p>\n<ul>\n<li>\n<h2>Serielle RS232-Schnittstelle<\/h2>\n<\/li>\n<li>\n<h2>USB-Schnittstelle zur Stromversorgung<\/h2>\n<\/li>\n<li>\n<h2>CCID-\u00e4hnliches Rahmenformat (Bin\u00e4rformat)<\/h2>\n<\/li>\n<li>\n<h2>USB-Firmware-Aktualisierbarkeit<\/h2>\n<\/li>\n<li>\n<h2>Chipkartenleser:<\/h2>\n<ul>\n<li>\n<h3>Kontaktlose Schnittstelle:<\/h3>\n<ul>\n<li>\n<h4>Lese-\/Schreibgeschwindigkeit bis zu 848 kbps<\/h4>\n<\/li>\n<li>\n<h4>Integrierte Antenne f\u00fcr kontaktlosen Tag-Zugriff mit Kartenleseabstand von bis zu 50 mm (je nach Tag-Typ)<\/h4>\n<\/li>\n<li>\n<h4>Unterst\u00fctzt ISO 14443 Teil 4 Typ A- und B-Karten und die MIFARE\u00ae Classic-Serie<\/h4>\n<\/li>\n<li>\n<h4>Integrierte Antikollisionsfunktion (es kann immer nur auf 1 Tag zugegriffen werden)<\/h4>\n<\/li>\n<li>\n<h4>Unterst\u00fctzt erweiterte APDU (max. 64 KBytes)<\/h4>\n<\/li>\n<\/ul>\n<\/li>\n<li>\n<h3>SAM-Schnittstelle:<\/h3>\n<ul>\n<li>\n<h4>ISO 7816-konformer SAM-Steckplatz, Klasse A (5 V)<\/h4>\n<\/li>\n<\/ul>\n<\/li>\n<\/ul>\n<\/li>\n<li>\n<h2>Peripherieger\u00e4te:<\/h2>\n<ul>\n<li>\n<h3>Vom Benutzer steuerbare zweifarbige LED<\/h3>\n<\/li>\n<li>\n<h3>Vom Benutzer steuerbarer Summer<\/h3>\n<\/li>\n<li>\n<div>\n<table width=\"551\">\n<tbody>\n<tr>\n<td colspan=\"2\" width=\"551\">Physikalische Eigenschaften<\/td>\n<\/tr>\n<tr>\n<td width=\"226\">Gr\u00f6\u00dfe (mm)<\/td>\n<td width=\"325\">106,6 mm (L) x 67,0 g (B) x 16,0 g (H)<\/td>\n<\/tr>\n<tr>\n<td width=\"226\">Gewicht (g)<\/td>\n<td width=\"325\">20,8 g<\/td>\n<\/tr>\n<tr>\n<td colspan=\"2\" width=\"551\">Serielle Schnittstelle<\/td>\n<\/tr>\n<tr>\n<td width=\"226\">Protokoll<\/td>\n<td width=\"325\">RS-232<\/td>\n<\/tr>\n<tr>\n<td width=\"226\">Steckertyp<\/td>\n<td width=\"325\">DB-9-Anschluss<\/td>\n<\/tr>\n<tr>\n<td width=\"226\">Energiequelle<\/td>\n<td width=\"325\">\u00dcber USB-Kabel<\/td>\n<\/tr>\n<tr>\n<td width=\"226\">Kabell\u00e4nge<\/td>\n<td width=\"325\">1,5 m, abnehmbar (optional)<\/td>\n<\/tr>\n<tr>\n<td colspan=\"2\" width=\"551\">Kontaktlose Smartcard-Schnittstelle<\/td>\n<\/tr>\n<tr>\n<td width=\"226\">Standard<\/td>\n<td width=\"325\">ISO 14443 A und B Teile 1-4<\/td>\n<\/tr>\n<tr>\n<td rowspan=\"2\" width=\"226\">Protokoll<\/td>\n<td width=\"325\">ISO14443-4-konforme Karten, T=CL<\/td>\n<\/tr>\n<tr>\n<td width=\"325\">MIFARE\u00ae Classic-Kartenprotokoll, T=CL<\/td>\n<\/tr>\n<tr>\n<td width=\"226\">Antenne<\/td>\n<td width=\"325\">65 mm x 60 mm<\/td>\n<\/tr>\n<tr>\n<td colspan=\"2\" width=\"551\">SAM-Kartenschnittstelle<\/td>\n<\/tr>\n<tr>\n<td width=\"226\">Anzahl der Steckpl\u00e4tze<\/td>\n<td width=\"325\">1<\/td>\n<\/tr>\n<tr>\n<td width=\"226\">Standard<\/td>\n<td width=\"325\">ISO 7816 Teile 1-3, Klasse A (5 V)<\/td>\n<\/tr>\n<tr>\n<td width=\"226\">Protokoll<\/td>\n<td width=\"325\">T = 0; T = 1<\/td>\n<\/tr>\n<tr>\n<td colspan=\"2\" width=\"551\">Integrierte Peripherieger\u00e4te<\/td>\n<\/tr>\n<tr>\n<td width=\"226\">LED<\/td>\n<td width=\"325\">2 einfarbig: Rot und Gr\u00fcn<\/td>\n<\/tr>\n<tr>\n<td width=\"226\">Summer<\/td>\n<td width=\"325\">Monoton<\/td>\n<\/tr>\n<tr>\n<td colspan=\"2\" width=\"551\">Andere Eigenschaften<\/td>\n<\/tr>\n<tr>\n<td width=\"226\">Firmware-Aktualisierung<\/td>\n<td width=\"325\">Unterst\u00fctzt<\/td>\n<\/tr>\n<tr>\n<td colspan=\"2\" width=\"551\">Zertifizierungen\/Konformit\u00e4t<\/td>\n<\/tr>\n<tr>\n<td rowspan=\"6\" width=\"226\">Zertifizierungen\/Konformit\u00e4t<\/td>\n<td width=\"325\">ISO 7816 (SAM-Steckplatz)<\/td>\n<\/tr>\n<tr>\n<td width=\"325\">ISO 14443<\/td>\n<\/tr>\n<tr>\n<td width=\"325\">CE<\/td>\n<\/tr>\n<tr>\n<td width=\"325\">FCC<\/td>\n<\/tr>\n<tr>\n<td width=\"325\">RoHS<\/td>\n<\/tr>\n<tr>\n<td width=\"325\">ERREICHEN<\/td>\n<\/tr>\n<tr>\n<td colspan=\"2\" width=\"551\">Unterst\u00fctzte Ger\u00e4tetreiber und Betriebssysteme<\/td>\n<\/tr>\n<tr>\n<td rowspan=\"2\" width=\"226\">Unterst\u00fctzte Ger\u00e4tetreiber und Betriebssysteme<\/td>\n<td width=\"325\">Windows\u00ae<\/td>\n<\/tr>\n<tr>\n<td width=\"325\">Linux\u00ae<\/td>\n<\/tr>\n<\/tbody>\n<\/table>\n<\/div>\n<\/li>\n<\/ul>\n<\/li>\n<\/ul>","protected":false},"excerpt":{"rendered":"<p>Der ACM1281S-C7 ist ein kompakter serieller kontaktloser Leser mit einem SAM-Modul, der Hochgeschwindigkeitsleistung und einfache Integration f\u00fcr verschiedene eingebettete Anwendungen bietet.<\/p>","protected":false},"featured_media":1567,"template":"","meta":[],"product_brand":[],"product_cat":[45,41],"product_tag":[],"class_list":{"0":"post-1566","1":"product","2":"type-product","3":"status-publish","4":"has-post-thumbnail","6":"product_cat-contactless-nfc-reader","7":"product_cat-module-ic-reader","9":"first","10":"instock","11":"shipping-taxable","12":"product-type-simple"},"_links":{"self":[{"href":"https:\/\/nfc-readers.com\/de\/wp-json\/wp\/v2\/product\/1566","targetHints":{"allow":["GET"]}}],"collection":[{"href":"https:\/\/nfc-readers.com\/de\/wp-json\/wp\/v2\/product"}],"about":[{"href":"https:\/\/nfc-readers.com\/de\/wp-json\/wp\/v2\/types\/product"}],"wp:featuredmedia":[{"embeddable":true,"href":"https:\/\/nfc-readers.com\/de\/wp-json\/wp\/v2\/media\/1567"}],"wp:attachment":[{"href":"https:\/\/nfc-readers.com\/de\/wp-json\/wp\/v2\/media?parent=1566"}],"wp:term":[{"taxonomy":"product_brand","embeddable":true,"href":"https:\/\/nfc-readers.com\/de\/wp-json\/wp\/v2\/product_brand?post=1566"},{"taxonomy":"product_cat","embeddable":true,"href":"https:\/\/nfc-readers.com\/de\/wp-json\/wp\/v2\/product_cat?post=1566"},{"taxonomy":"product_tag","embeddable":true,"href":"https:\/\/nfc-readers.com\/de\/wp-json\/wp\/v2\/product_tag?post=1566"}],"curies":[{"name":"wp","href":"https:\/\/api.w.org\/{rel}","templated":true}]}}