{"id":1568,"date":"2024-04-07T06:30:24","date_gmt":"2024-04-07T06:30:24","guid":{"rendered":"https:\/\/nfc-readers.com\/?post_type=product&#038;p=1568"},"modified":"2024-10-16T06:16:19","modified_gmt":"2024-10-16T06:16:19","slug":"acm1252u-y3-usb-nfc-reader-module-with-detachable-antenna-board","status":"publish","type":"product","link":"https:\/\/nfc-readers.com\/de\/ic-reader\/acm1252u-y3-usb-nfc-reader-module-with-detachable-antenna-board\/","title":{"rendered":"ACM1252U-Y3 USB-NFC-Lesemodul mit abnehmbarer Antennenplatine"},"content":{"rendered":"<h1>ACM1252U-Y3 USB-NFC-Lesemodul mit abnehmbarer Antennenplatine<\/h1>\n<p>Das ACM1252U-Y3 ist ein hochmodernes NFC-Smartcard-USB-Lesemodul, das sich ideal f\u00fcr vielf\u00e4ltige Anwendungen eignet, die eingebettete NFC-Technologie erfordern. Mit seiner erweiterten Reichweite, Hochgeschwindigkeitsdaten\u00fcbertragung und zus\u00e4tzlichen Funktionen zur Verbesserung der Anpassungsf\u00e4higkeit und Benutzerfreundlichkeit ist dieses Modul eine erstklassige Wahl f\u00fcr die Erm\u00f6glichung von NFC-Transaktionen in integrierten Systemanwendungen.<\/p>\n<ul>\n<li>\n<h2>USB 2.0 Full Speed-Schnittstelle<\/h2>\n<\/li>\n<li>\n<h2>CCID-Konformit\u00e4t<\/h2>\n<\/li>\n<li>\n<h2>USB-Firmware-Aktualisierbarkeit<\/h2>\n<\/li>\n<li>\n<h2>Chipkartenleser:<\/h2>\n<ul>\n<li>\n<h3>Kontaktlose Schnittstelle:<\/h3>\n<ul>\n<li>\n<h4>Lese-\/Schreibgeschwindigkeit bis zu 424 kbps<\/h4>\n<\/li>\n<li>\n<h4>Integrierte Antenne f\u00fcr kontaktlosen Tag-Zugriff mit Kartenleseabstand von bis zu 50 mm (je nach Tag-Typ)<\/h4>\n<\/li>\n<li>\n<h4>Unterst\u00fctzt ISO 14443 Typ A und B, MIFARE\u00ae und FeliCa-Karten sowie alle 4 Arten von NFC-Tags (ISO\/IEC 18092)<\/h4>\n<\/li>\n<li>\n<h4>Unterst\u00fctzt MIFARE\u00ae 7-Byte-UID, MIFARE\u00ae Plus und MIFARE\u00ae DESfire<\/h4>\n<\/li>\n<li>\n<h4>Integrierte Antikollisionsfunktion (es kann immer nur auf 1 Tag zugegriffen werden)<\/h4>\n<\/li>\n<li>\n<h4>NFC-Unterst\u00fctzung:<\/h4>\n<ul>\n<li>NFC-Lese-\/Schreibmodus<\/li>\n<li>Peer-to-Peer-Modus<\/li>\n<li>Kartenemulationsmodus<\/li>\n<\/ul>\n<\/li>\n<\/ul>\n<\/li>\n<\/ul>\n<\/li>\n<li>\n<h2>Programmierschnittstelle:<\/h2>\n<ul>\n<li>\n<h3>Unterst\u00fctzt PC\/SC<\/h3>\n<\/li>\n<li>\n<h3>Unterst\u00fctzt CT-API (durch Wrapper auf PC\/SC)<\/h3>\n<\/li>\n<\/ul>\n<\/li>\n<li>\n<h2>Peripherieger\u00e4te:<\/h2>\n<ul>\n<li>\n<h3>Vom Benutzer steuerbare zweifarbige LED<\/h3>\n<\/li>\n<li>\n<h3>Vom Benutzer steuerbarer Summer<\/h3>\n<\/li>\n<li>\n<div>\n<table width=\"495\">\n<tbody>\n<tr>\n<td colspan=\"2\" width=\"495\">Physikalische Eigenschaften<\/td>\n<\/tr>\n<tr>\n<td rowspan=\"2\" width=\"187\">Gr\u00f6\u00dfe (mm)<\/td>\n<td width=\"308\">Hauptplatine: 55,0 mm (L) x 45,0 mm (B) x 5,1 mm (H)<\/td>\n<\/tr>\n<tr>\n<td width=\"308\">Antennenplatine: 91,0 mm (L) x 49,5 mm (B) x 5,1 mm (H)<\/td>\n<\/tr>\n<tr>\n<td width=\"187\">Gewicht (g)<\/td>\n<td width=\"308\">26,6 g<\/td>\n<\/tr>\n<tr>\n<td colspan=\"2\" width=\"495\">USB-Schnittstelle<\/td>\n<\/tr>\n<tr>\n<td width=\"187\">Protokoll<\/td>\n<td width=\"308\">USB-CCID<\/td>\n<\/tr>\n<tr>\n<td width=\"187\">Steckertyp<\/td>\n<td width=\"308\">Standard Typ A<\/td>\n<\/tr>\n<tr>\n<td width=\"187\">Energiequelle<\/td>\n<td width=\"308\">Vom USB-Anschluss<\/td>\n<\/tr>\n<tr>\n<td width=\"187\">Geschwindigkeit<\/td>\n<td width=\"308\">USB-Vollgeschwindigkeit (12 Mbit\/s)<\/td>\n<\/tr>\n<tr>\n<td width=\"187\">Kabell\u00e4nge<\/td>\n<td width=\"308\">1,0 m, abnehmbar (optional)<\/td>\n<\/tr>\n<tr>\n<td colspan=\"2\" width=\"495\">Kontaktlose Smartcard-Schnittstelle<\/td>\n<\/tr>\n<tr>\n<td width=\"187\">Standard<\/td>\n<td width=\"308\">ISO\/IEC 18092 NFC, ISO 14443 Typ A und B, MIFARE\u00ae, FeliCa<\/td>\n<\/tr>\n<tr>\n<td rowspan=\"4\" width=\"187\">Protokoll<\/td>\n<td width=\"308\">ISO 14443-4-konforme Karte, T=CL<\/td>\n<\/tr>\n<tr>\n<td width=\"308\">MIFARE\u00ae Classic Karte, T=CL<\/td>\n<\/tr>\n<tr>\n<td width=\"308\">ISO18092, NFC-Tags<\/td>\n<\/tr>\n<tr>\n<td width=\"308\">Abonnieren<\/td>\n<\/tr>\n<tr>\n<td width=\"187\">Antenne<\/td>\n<td width=\"308\">77 mm x 49,5 mm<\/td>\n<\/tr>\n<tr>\n<td colspan=\"2\" width=\"495\">SAM-Kartenschnittstelle<\/td>\n<\/tr>\n<tr>\n<td width=\"187\">Anzahl der Steckpl\u00e4tze<\/td>\n<td width=\"308\">1 (Optional)<\/td>\n<\/tr>\n<tr>\n<td colspan=\"2\" width=\"495\">Integrierte Peripherieger\u00e4te<\/td>\n<\/tr>\n<tr>\n<td width=\"187\">LED<\/td>\n<td width=\"308\">1 zweifarbig: Rot und Gr\u00fcn<\/td>\n<\/tr>\n<tr>\n<td width=\"187\">Summer<\/td>\n<td width=\"308\">Monoton<\/td>\n<\/tr>\n<tr>\n<td colspan=\"2\" width=\"495\">Andere Eigenschaften<\/td>\n<\/tr>\n<tr>\n<td width=\"187\">Firmware-Aktualisierung<\/td>\n<td width=\"308\">Unterst\u00fctzt<\/td>\n<\/tr>\n<tr>\n<td colspan=\"2\" width=\"495\">Zertifizierungen\/Konformit\u00e4t<\/td>\n<\/tr>\n<tr>\n<td rowspan=\"13\" width=\"187\">Zertifizierungen\/Konformit\u00e4t<\/td>\n<td width=\"308\">EN 60950\/IEC 60950<\/td>\n<\/tr>\n<tr>\n<td width=\"308\">ISO 7816 (SAM-Steckplatz)<\/td>\n<\/tr>\n<tr>\n<td width=\"308\">ISO 14443<\/td>\n<\/tr>\n<tr>\n<td width=\"308\">ISO 18092<\/td>\n<\/tr>\n<tr>\n<td width=\"308\">USB mit voller Geschwindigkeit<\/td>\n<\/tr>\n<tr>\n<td width=\"308\">PC\/SC<\/td>\n<\/tr>\n<tr>\n<td width=\"308\">CCID<\/td>\n<\/tr>\n<tr>\n<td width=\"308\">VCCI (Japan)<\/td>\n<\/tr>\n<tr>\n<td width=\"308\">CE<\/td>\n<\/tr>\n<tr>\n<td width=\"308\">FCC<\/td>\n<\/tr>\n<tr>\n<td width=\"308\">RoHS<\/td>\n<\/tr>\n<tr>\n<td width=\"308\">ERREICHEN<\/td>\n<\/tr>\n<tr>\n<td width=\"308\">Microsoft\u00ae WHQL<\/td>\n<\/tr>\n<tr>\n<td colspan=\"2\" width=\"495\">Unterst\u00fctzte Ger\u00e4tetreiber und Betriebssysteme<\/td>\n<\/tr>\n<tr>\n<td rowspan=\"5\" width=\"187\">Unterst\u00fctzte Ger\u00e4tetreiber und Betriebssysteme<\/td>\n<td width=\"308\">Windows\u00ae<\/td>\n<\/tr>\n<tr>\n<td width=\"308\">Linux\u00ae<\/td>\n<\/tr>\n<tr>\n<td width=\"308\">MAC OS\u00ae<\/td>\n<\/tr>\n<tr>\n<td width=\"308\">Solaris<\/td>\n<\/tr>\n<tr>\n<td width=\"308\">Android\u2122<\/td>\n<\/tr>\n<\/tbody>\n<\/table>\n<\/div>\n<\/li>\n<\/ul>\n<\/li>\n<\/ul>","protected":false},"excerpt":{"rendered":"<p>Das ACM1252U-Y3 ist ein vielseitiges NFC-USB-Modul mit 13,56M-Technologie, das Hochgeschwindigkeitsdatenaustausch unterst\u00fctzt und sich ideal f\u00fcr verschiedene eingebettete Anwendungen eignet.<\/p>","protected":false},"featured_media":1570,"template":"","meta":[],"product_brand":[],"product_cat":[45,41,40],"product_tag":[],"class_list":{"0":"post-1568","1":"product","2":"type-product","3":"status-publish","4":"has-post-thumbnail","6":"product_cat-contactless-nfc-reader","7":"product_cat-module-ic-reader","8":"product_cat-rfid-nfc-reader","10":"first","11":"instock","12":"shipping-taxable","13":"product-type-simple"},"_links":{"self":[{"href":"https:\/\/nfc-readers.com\/de\/wp-json\/wp\/v2\/product\/1568","targetHints":{"allow":["GET"]}}],"collection":[{"href":"https:\/\/nfc-readers.com\/de\/wp-json\/wp\/v2\/product"}],"about":[{"href":"https:\/\/nfc-readers.com\/de\/wp-json\/wp\/v2\/types\/product"}],"wp:featuredmedia":[{"embeddable":true,"href":"https:\/\/nfc-readers.com\/de\/wp-json\/wp\/v2\/media\/1570"}],"wp:attachment":[{"href":"https:\/\/nfc-readers.com\/de\/wp-json\/wp\/v2\/media?parent=1568"}],"wp:term":[{"taxonomy":"product_brand","embeddable":true,"href":"https:\/\/nfc-readers.com\/de\/wp-json\/wp\/v2\/product_brand?post=1568"},{"taxonomy":"product_cat","embeddable":true,"href":"https:\/\/nfc-readers.com\/de\/wp-json\/wp\/v2\/product_cat?post=1568"},{"taxonomy":"product_tag","embeddable":true,"href":"https:\/\/nfc-readers.com\/de\/wp-json\/wp\/v2\/product_tag?post=1568"}],"curies":[{"name":"wp","href":"https:\/\/api.w.org\/{rel}","templated":true}]}}