{"id":1572,"date":"2024-04-07T06:32:56","date_gmt":"2024-04-07T06:32:56","guid":{"rendered":"https:\/\/nfc-readers.com\/?post_type=product&#038;p=1572"},"modified":"2024-10-16T06:13:06","modified_gmt":"2024-10-16T06:13:06","slug":"acm1252u-z2-small-nfc-reader-module","status":"publish","type":"product","link":"https:\/\/nfc-readers.com\/de\/ic-reader\/acm1252u-z2-small-nfc-reader-module\/","title":{"rendered":"Kleines NFC-Lesemodul ACM1252U-Z2"},"content":{"rendered":"<h1>Kleines NFC-Lesemodul ACM1252U-Z2<\/h1>\n<p>Das ACM1252U-Z2 ist ein vielseitiges und robustes NFC-Lesemodul, das f\u00fcr die Integration eingebetteter Systeme entwickelt wurde und eine wertvolle Mischung aus umfassender Protokollunterst\u00fctzung und effizienter Funktionalit\u00e4t bietet. Seine Antikollisionsfunktion bietet zus\u00e4tzlichen Nutzen in Szenarien mit mehreren Karten und festigt seine Rolle als kosteng\u00fcnstige L\u00f6sung im Bereich der NFC-Technologie.<\/p>\n<ul>\n<li>\n<h2>USB 2.0 Full Speed-Schnittstelle<\/h2>\n<\/li>\n<li>\n<h2>CCID-Konformit\u00e4t<\/h2>\n<\/li>\n<li>\n<h2>Unterst\u00fctzung f\u00fcr kontaktlose Karten:<\/h2>\n<ul>\n<li>\n<h3>Lese-\/Schreibgeschwindigkeit von bis zu 424 kbps<\/h3>\n<\/li>\n<li>\n<h3>Integrierte Antenne f\u00fcr kontaktlosen Tag-Zugriff mit Kartenleseabstand von bis zu 30 mm (je nach Tag-Typ)<\/h3>\n<\/li>\n<li>\n<h3>Unterst\u00fctzt ISO 14443 Teil 4 Typ A- und B-Karten, MIFARE\u00ae, FeliCa und alle vier Arten von NFC (ISO 18092-Tags)<\/h3>\n<\/li>\n<li>\n<h3>Integrierte Antikollisionsfunktion (es kann immer nur auf ein Tag zugegriffen werden)<\/h3>\n<\/li>\n<\/ul>\n<\/li>\n<li>\n<h2>Programmierschnittstelle<\/h2>\n<ul>\n<li>\n<h3>Unterst\u00fctzt PC\/SC<\/h3>\n<\/li>\n<\/ul>\n<\/li>\n<li>\n<h2>Aktualisierbarkeit der USB-Firmware<\/h2>\n<\/li>\n<li>\n<div>\n<table width=\"574\">\n<tbody>\n<tr>\n<td colspan=\"2\" width=\"574\">Physikalische Eigenschaften<\/td>\n<\/tr>\n<tr>\n<td width=\"204\">Gr\u00f6\u00dfe (mm)<\/td>\n<td width=\"370\">52,0 mm (L) x 20,0 mm (B) x 6,0 mm (H)<\/td>\n<\/tr>\n<tr>\n<td width=\"204\">Gewicht (g)<\/td>\n<td width=\"370\">3,65 g<\/td>\n<\/tr>\n<tr>\n<td colspan=\"2\" width=\"574\">USB-Schnittstelle<\/td>\n<\/tr>\n<tr>\n<td width=\"204\">Protokoll<\/td>\n<td width=\"370\">USB-CCID<\/td>\n<\/tr>\n<tr>\n<td width=\"204\">Steckertyp<\/td>\n<td width=\"370\">Micro-USB<\/td>\n<\/tr>\n<tr>\n<td width=\"204\">Energiequelle<\/td>\n<td width=\"370\">Vom USB-Anschluss<\/td>\n<\/tr>\n<tr>\n<td width=\"204\">Geschwindigkeit<\/td>\n<td width=\"370\">USB-Vollgeschwindigkeit (12 Mbit\/s)<\/td>\n<\/tr>\n<tr>\n<td width=\"204\">Kabell\u00e4nge<\/td>\n<td width=\"370\">1,0 m, abnehmbar (optional)<\/td>\n<\/tr>\n<tr>\n<td colspan=\"2\" width=\"574\">Kontaktlose Smartcard-Schnittstelle<\/td>\n<\/tr>\n<tr>\n<td width=\"204\">Standard<\/td>\n<td width=\"370\">ISO\/IEC 18092 NFC, ISO 14443 Typ A und B, MIFARE\u00ae, FeliCa<\/td>\n<\/tr>\n<tr>\n<td rowspan=\"4\" width=\"204\">Protokoll<\/td>\n<td width=\"370\">ISO14443-4-konforme Karten, T=CL<\/td>\n<\/tr>\n<tr>\n<td width=\"370\">MIFARE\u00ae Classic-Kartenprotokoll, T=CL<\/td>\n<\/tr>\n<tr>\n<td width=\"370\">ISO 18092, NFC-Tags<\/td>\n<\/tr>\n<tr>\n<td width=\"370\">Abonnieren<\/td>\n<\/tr>\n<tr>\n<td width=\"204\">Antenne<\/td>\n<td width=\"370\">20 mm x 22 mm<\/td>\n<\/tr>\n<tr>\n<td colspan=\"2\" width=\"574\">Integrierte Peripherieger\u00e4te<\/td>\n<\/tr>\n<tr>\n<td width=\"204\">LED<\/td>\n<td width=\"370\">1 zweifarbig: Rot und Gr\u00fcn<\/td>\n<\/tr>\n<tr>\n<td colspan=\"2\" width=\"574\">Andere Eigenschaften<\/td>\n<\/tr>\n<tr>\n<td width=\"204\">Firmware-Aktualisierung<\/td>\n<td width=\"370\">Unterst\u00fctzt<\/td>\n<\/tr>\n<tr>\n<td colspan=\"2\" width=\"574\">Zertifizierungen\/Konformit\u00e4t<\/td>\n<\/tr>\n<tr>\n<td rowspan=\"10\" width=\"204\">Zertifizierungen\/Konformit\u00e4t<\/td>\n<td width=\"370\">ISO 14443<\/td>\n<\/tr>\n<tr>\n<td width=\"370\">ISO 18092<\/td>\n<\/tr>\n<tr>\n<td width=\"370\">USB mit voller Geschwindigkeit<\/td>\n<\/tr>\n<tr>\n<td width=\"370\">PC\/SC<\/td>\n<\/tr>\n<tr>\n<td width=\"370\">CCID<\/td>\n<\/tr>\n<tr>\n<td width=\"370\">CE<\/td>\n<\/tr>\n<tr>\n<td width=\"370\">FCC<\/td>\n<\/tr>\n<tr>\n<td width=\"370\">RoHS<\/td>\n<\/tr>\n<tr>\n<td width=\"370\">ERREICHEN<\/td>\n<\/tr>\n<tr>\n<td width=\"370\">Microsoft\u00ae WHQL<\/td>\n<\/tr>\n<tr>\n<td colspan=\"2\" width=\"574\">Unterst\u00fctzte Ger\u00e4tetreiber und Betriebssysteme<\/td>\n<\/tr>\n<tr>\n<td rowspan=\"5\" width=\"204\">Unterst\u00fctzte Ger\u00e4tetreiber und Betriebssysteme<\/td>\n<td width=\"370\">Windows\u00ae<\/td>\n<\/tr>\n<tr>\n<td width=\"370\">Linux\u00ae<\/td>\n<\/tr>\n<tr>\n<td width=\"370\">MAC OS\u00ae<\/td>\n<\/tr>\n<tr>\n<td width=\"370\">Solaris<\/td>\n<\/tr>\n<tr>\n<td width=\"370\">Android\u2122<\/td>\n<\/tr>\n<\/tbody>\n<\/table>\n<\/div>\n<\/li>\n<\/ul>","protected":false},"excerpt":{"rendered":"<p>Das ACM1252U-Z2 ist ein leistungsstarkes NFC-USB-Modul mit 13,56 Mbit\/s, das ISO 14443 und 18092 unterst\u00fctzt und sich somit ideal f\u00fcr eingebettete NFC-Anwendungen eignet.<\/p>","protected":false},"featured_media":1573,"template":"","meta":[],"product_brand":[],"product_cat":[45,41,40],"product_tag":[],"class_list":{"0":"post-1572","1":"product","2":"type-product","3":"status-publish","4":"has-post-thumbnail","6":"product_cat-contactless-nfc-reader","7":"product_cat-module-ic-reader","8":"product_cat-rfid-nfc-reader","10":"first","11":"instock","12":"shipping-taxable","13":"product-type-simple"},"_links":{"self":[{"href":"https:\/\/nfc-readers.com\/de\/wp-json\/wp\/v2\/product\/1572","targetHints":{"allow":["GET"]}}],"collection":[{"href":"https:\/\/nfc-readers.com\/de\/wp-json\/wp\/v2\/product"}],"about":[{"href":"https:\/\/nfc-readers.com\/de\/wp-json\/wp\/v2\/types\/product"}],"wp:featuredmedia":[{"embeddable":true,"href":"https:\/\/nfc-readers.com\/de\/wp-json\/wp\/v2\/media\/1573"}],"wp:attachment":[{"href":"https:\/\/nfc-readers.com\/de\/wp-json\/wp\/v2\/media?parent=1572"}],"wp:term":[{"taxonomy":"product_brand","embeddable":true,"href":"https:\/\/nfc-readers.com\/de\/wp-json\/wp\/v2\/product_brand?post=1572"},{"taxonomy":"product_cat","embeddable":true,"href":"https:\/\/nfc-readers.com\/de\/wp-json\/wp\/v2\/product_cat?post=1572"},{"taxonomy":"product_tag","embeddable":true,"href":"https:\/\/nfc-readers.com\/de\/wp-json\/wp\/v2\/product_tag?post=1572"}],"curies":[{"name":"wp","href":"https:\/\/api.w.org\/{rel}","templated":true}]}}