{"id":1598,"date":"2024-04-07T07:36:03","date_gmt":"2024-04-07T07:36:03","guid":{"rendered":"https:\/\/nfc-readers.com\/?post_type=product&#038;p=1598"},"modified":"2024-10-16T03:12:59","modified_gmt":"2024-10-16T03:12:59","slug":"acr1552u-m1-nfc-rfid-reader-writer","status":"publish","type":"product","link":"https:\/\/nfc-readers.com\/de\/ic-reader\/acr1552u-m1-nfc-rfid-reader-writer\/","title":{"rendered":"ACR1552U-M1 NFC-RFID-Lese-\/Schreibger\u00e4t"},"content":{"rendered":"<h1>ACR1552U-M1 NFC-RFID-Lese-\/Schreibger\u00e4t<\/h1>\n<p>Der ACR1552U-M1 USB-C NFC-Leser ist ein leistungsstarkes, vielseitiges Ger\u00e4t, das eine Vielzahl von Smartcard-Funktionen unterst\u00fctzt. Er \u00fcberzeugt Benutzer mit erweiterten Funktionen, die Sicherheit, Anpassungsf\u00e4higkeit und umfassende Smartcard-Kompatibilit\u00e4t betonen, was ihn zu einem unverzichtbaren Werkzeug in einer Reihe von Branchen macht.<\/p>\n<ul>\n<li>\n<h2>USB 2.0 Full Speed-Schnittstelle<\/h2>\n<\/li>\n<li>\n<h2>CCID-Konformit\u00e4t<\/h2>\n<\/li>\n<li>\n<h2>Kontaktloser Chipkartenleser:<\/h2>\n<ul>\n<li>\n<h3>Lese-\/Schreibgeschwindigkeit bis zu 848 kbps<\/h3>\n<\/li>\n<li>\n<h3>Integrierte Antenne f\u00fcr kontaktlosen Tag-Zugriff mit Kartenleseabstand von bis zu 70 mm (je nach Tag-Typ)<\/h3>\n<\/li>\n<li>\n<h3>Unterst\u00fctzt ISO 14443 Typ A und B Karten, ISO 15693 Karten und ISO18092 NFC<\/h3>\n<\/li>\n<li>\n<h3>Unterst\u00fctzt MIFARE\u00ae (T=CL), FeliCa, NFC-Tags, SRI\/SRIX, CTS, Innovatron, Picopass, Topaz Card<\/h3>\n<\/li>\n<li>\n<h3>Integrierte Antikollisionsfunktion<\/h3>\n<\/li>\n<li>\n<h3>Unterst\u00fctzt erweiterte APDU (max. 64 KBytes)<\/h3>\n<\/li>\n<li>\n<h3>Ein ISO7816-konformer SAM-Steckplatz (Klasse A)<\/h3>\n<\/li>\n<li>\n<h3>NFC-Unterst\u00fctzung<\/h3>\n<ul>\n<li>\n<h4>\u00a0 \u00a0Smartcard-Lese-\/Schreibmodus<\/h4>\n<\/li>\n<li>\n<h4>\u00a0 \u00a0Kartenemulationsmodus<\/h4>\n<\/li>\n<li>\n<h4>\u00a0 \u00a0Tastaturemulationsmodus<\/h4>\n<\/li>\n<\/ul>\n<\/li>\n<\/ul>\n<\/li>\n<li>\n<h2>Programmierschnittstelle:<\/h2>\n<ul>\n<li>\n<h3>Unterst\u00fctzt PC\/SC<\/h3>\n<\/li>\n<li>\n<h3>Unterst\u00fctzt CT-API (durch Wrapper auf PC\/SC)<\/h3>\n<\/li>\n<\/ul>\n<\/li>\n<li>\n<h2>Peripherieger\u00e4te:<\/h2>\n<ul>\n<li>\n<h3>Vom Benutzer steuerbare zweifarbige LED (Blau und Gr\u00fcn)<\/h3>\n<\/li>\n<li>\n<h3>Vom Benutzer steuerbarer Summer (monoton)<\/h3>\n<\/li>\n<li>\n<h3>Ein SAM-Steckplatz<\/h3>\n<\/li>\n<\/ul>\n<\/li>\n<li>\n<h2>Aktualisierbarkeit der USB-Firmware<\/h2>\n<\/li>\n<li>\n<div>\n<table width=\"528\">\n<tbody>\n<tr>\n<td colspan=\"2\" width=\"528\">Physikalische Eigenschaften<\/td>\n<\/tr>\n<tr>\n<td rowspan=\"2\" width=\"215\">Gr\u00f6\u00dfe (mm)<\/td>\n<td width=\"313\">Hauptk\u00f6rper: 98 x 65 x 12,8 mm<\/td>\n<\/tr>\n<tr>\n<td width=\"313\">Antennengr\u00f6\u00dfe: 50 x 40 mm<\/td>\n<\/tr>\n<tr>\n<td width=\"215\">Gewicht (g)<\/td>\n<td width=\"313\">89 g<\/td>\n<\/tr>\n<tr>\n<td colspan=\"2\" width=\"528\">USB-Schnittstelle<\/td>\n<\/tr>\n<tr>\n<td width=\"215\">Protokoll<\/td>\n<td width=\"313\">USB-CCID<\/td>\n<\/tr>\n<tr>\n<td width=\"215\">Steckertyp<\/td>\n<td width=\"313\">USB Typ-A (ACR1552U-M1), USB Typ-C (ACR1552U-MF)<\/td>\n<\/tr>\n<tr>\n<td width=\"215\">Energiequelle<\/td>\n<td width=\"313\">Vom USB-Anschluss<\/td>\n<\/tr>\n<tr>\n<td width=\"215\">Geschwindigkeit<\/td>\n<td width=\"313\">USB-Vollgeschwindigkeit (12 Mbit\/s)<\/td>\n<\/tr>\n<tr>\n<td width=\"215\">Kabell\u00e4nge<\/td>\n<td width=\"313\">1 m, nicht abnehmbar<\/td>\n<\/tr>\n<tr>\n<td colspan=\"2\" width=\"528\">Kontaktlose Smartcard-Schnittstelle<\/td>\n<\/tr>\n<tr>\n<td width=\"215\">Standard<\/td>\n<td width=\"313\">ISO\/IEC 18092 NFC, ISO 14443 Typ A und B, ISO 15693, MIFARE\u00ae, FeliCa<\/td>\n<\/tr>\n<tr>\n<td rowspan=\"5\" width=\"215\">Protokoll<\/td>\n<td width=\"313\">ISO 14443-4-konforme Karte, T=CL<\/td>\n<\/tr>\n<tr>\n<td width=\"313\">MIFARE\u00ae Classic Karte, T=CL<\/td>\n<\/tr>\n<tr>\n<td width=\"313\">ISO 15693<\/td>\n<\/tr>\n<tr>\n<td width=\"313\">ISO 18092 NFC-Tags<\/td>\n<\/tr>\n<tr>\n<td width=\"313\">Abonnieren<\/td>\n<\/tr>\n<tr>\n<td colspan=\"2\" width=\"528\">SAM-Kartenschnittstelle<\/td>\n<\/tr>\n<tr>\n<td width=\"215\">Anzahl der Steckpl\u00e4tze<\/td>\n<td width=\"313\">1 Steckplatz f\u00fcr SIM-Karten im Standardformat<\/td>\n<\/tr>\n<tr>\n<td width=\"215\">Standard<\/td>\n<td width=\"313\">ISO 7816 Klasse A (5 V)<\/td>\n<\/tr>\n<tr>\n<td width=\"215\">Protokoll<\/td>\n<td width=\"313\">T = 0; T = 1<\/td>\n<\/tr>\n<tr>\n<td colspan=\"2\" width=\"528\">Integrierte Peripherieger\u00e4te<\/td>\n<\/tr>\n<tr>\n<td width=\"215\">LED<\/td>\n<td width=\"313\">1 zweifarbig: Blau und Gr\u00fcn<\/td>\n<\/tr>\n<tr>\n<td width=\"215\">Summer<\/td>\n<td width=\"313\">Ja<\/td>\n<\/tr>\n<tr>\n<td colspan=\"2\" width=\"528\">Andere Eigenschaften<\/td>\n<\/tr>\n<tr>\n<td rowspan=\"4\" width=\"215\">Andere Eigenschaften<\/td>\n<td width=\"313\">Unterst\u00fctzte Kartentypen:<\/td>\n<\/tr>\n<tr>\n<td width=\"313\">ISO 14443 Typ A und B Teile 1\u20134, ISO 15693, ISO 18092 NFC, MIFARE\u00ae, FeliCa, SRI\/SRIX, CTS, Innovatron, Picopass, Topaz Card<\/td>\n<\/tr>\n<tr>\n<td width=\"313\">\u00a0 NFC-Funktionen:<\/td>\n<\/tr>\n<tr>\n<td width=\"313\">SmartCard-Lese-\/Schreibger\u00e4t, Tastaturemulation, Kartenemulation<\/td>\n<\/tr>\n<tr>\n<td width=\"215\">Firmware-Aktualisierung<\/td>\n<td width=\"313\">Unterst\u00fctzt<\/td>\n<\/tr>\n<tr>\n<td colspan=\"2\" width=\"528\">Zertifizierungen\/Konformit\u00e4t<\/td>\n<\/tr>\n<tr>\n<td rowspan=\"4\" width=\"215\">Zertifizierungen\/Konformit\u00e4t<\/td>\n<td width=\"313\">Zertifizierungen:<\/td>\n<\/tr>\n<tr>\n<td width=\"313\">IEC\/EN 62368, CE, UKCA, FCC, VCCI, KC, J-LIS, RoHS, REACH, WEEE, Microsoft\u00ae WHQL<\/td>\n<\/tr>\n<tr>\n<td width=\"313\">Einhaltung:<\/td>\n<\/tr>\n<tr>\n<td width=\"313\">USB-CCID, PC\/SC<\/td>\n<\/tr>\n<tr>\n<td colspan=\"2\" width=\"528\">Unterst\u00fctzte Ger\u00e4tetreiber und Betriebssysteme<\/td>\n<\/tr>\n<tr>\n<td width=\"215\">Unterst\u00fctzte Ger\u00e4tetreiber und Betriebssysteme<\/td>\n<td width=\"313\">Windows\u00ae, Linux\u00ae, macOS, Android\u2122, iOS\/iPadOS (16 oder h\u00f6her)<\/td>\n<\/tr>\n<\/tbody>\n<\/table>\n<\/div>\n<\/li>\n<\/ul>","protected":false},"excerpt":{"rendered":"<p>Der ACR1552U ist ein CCID- und PC\/SC-kompatibler Hochgeschwindigkeits-NFC-USB-Leser, der ISO 14443 und 15693 unterst\u00fctzt und sich ideal f\u00fcr verschiedene Smartcard-Anwendungen eignet.<\/p>","protected":false},"featured_media":1599,"template":"","meta":[],"product_brand":[],"product_cat":[45,40],"product_tag":[],"class_list":{"0":"post-1598","1":"product","2":"type-product","3":"status-publish","4":"has-post-thumbnail","6":"product_cat-contactless-nfc-reader","7":"product_cat-rfid-nfc-reader","9":"first","10":"instock","11":"shipping-taxable","12":"product-type-simple"},"_links":{"self":[{"href":"https:\/\/nfc-readers.com\/de\/wp-json\/wp\/v2\/product\/1598","targetHints":{"allow":["GET"]}}],"collection":[{"href":"https:\/\/nfc-readers.com\/de\/wp-json\/wp\/v2\/product"}],"about":[{"href":"https:\/\/nfc-readers.com\/de\/wp-json\/wp\/v2\/types\/product"}],"wp:featuredmedia":[{"embeddable":true,"href":"https:\/\/nfc-readers.com\/de\/wp-json\/wp\/v2\/media\/1599"}],"wp:attachment":[{"href":"https:\/\/nfc-readers.com\/de\/wp-json\/wp\/v2\/media?parent=1598"}],"wp:term":[{"taxonomy":"product_brand","embeddable":true,"href":"https:\/\/nfc-readers.com\/de\/wp-json\/wp\/v2\/product_brand?post=1598"},{"taxonomy":"product_cat","embeddable":true,"href":"https:\/\/nfc-readers.com\/de\/wp-json\/wp\/v2\/product_cat?post=1598"},{"taxonomy":"product_tag","embeddable":true,"href":"https:\/\/nfc-readers.com\/de\/wp-json\/wp\/v2\/product_tag?post=1598"}],"curies":[{"name":"wp","href":"https:\/\/api.w.org\/{rel}","templated":true}]}}