{"id":1603,"date":"2024-04-07T07:42:37","date_gmt":"2024-04-07T07:42:37","guid":{"rendered":"https:\/\/nfc-readers.com\/?post_type=product&#038;p=1603"},"modified":"2024-10-16T02:49:08","modified_gmt":"2024-10-16T02:49:08","slug":"acr1581u-c1-15693-dualboost-iii-dual-interface-nfc-reader-writer","status":"publish","type":"product","link":"https:\/\/nfc-readers.com\/de\/ic-reader\/acr1581u-c1-15693-dualboost-iii-dual-interface-nfc-reader-writer\/","title":{"rendered":"ACR1581U-C1 15693 DualBoost III NFC-Lese-\/Schreibger\u00e4t mit zwei Schnittstellen"},"content":{"rendered":"<h1>ACR1581U-C1 15693 DualBoost III NFC-Lese-\/Schreibger\u00e4t mit zwei Schnittstellen<\/h1>\n<p>Der ACR1581U DualBoost III verk\u00f6rpert fortschrittliche Vielseitigkeit und Sicherheit und vereint Kontakt- und kontaktlose Technologien effizient unter einem Dach mit umfassender Unterst\u00fctzung f\u00fcr verschiedene Chipkartenformate. Egal, ob Ihre Ambitionen im technologischen Fortschritt oder in robuster Sicherheit f\u00fcr Chipkartenfunktionen liegen, der ACR1581U ist ein unvergleichlicher Verfechter der Zuverl\u00e4ssigkeit im Bereich der Chipkartenleser.<\/p>\n<ul>\n<li>\n<h2>USB 2.0 Full Speed-Schnittstelle<\/h2>\n<\/li>\n<li>\n<h2>CCID-Konformit\u00e4t<\/h2>\n<\/li>\n<li>\n<h2>Kontaktloser Chipkartenleser:<\/h2>\n<ul>\n<li>\n<h3>Lese-\/Schreibgeschwindigkeit ISO 14443A\/B von bis zu 848 kbps<\/h3>\n<\/li>\n<li>\n<h3>Taktfrequenz bis zu 13,56 MHz<\/h3>\n<\/li>\n<li>\n<h3>Integrierte Antenne f\u00fcr kontaktlosen Tag-Zugriff mit Kartenleseabstand von bis zu 70 mm (je nach Tag-Typ)<\/h3>\n<\/li>\n<li>\n<h3>Unterst\u00fctzt ISO 14443 Typ A und B Karten, ISO 15693 Karten<\/h3>\n<\/li>\n<li>\n<h3>Unterst\u00fctzt MIFARE\u00ae, FeliCa, NFC-Tags, SRI\/SRIX, CTS, Innovatron, Picopass, Topaz Card<\/h3>\n<\/li>\n<\/ul>\n<\/li>\n<li>\n<h2>Unterst\u00fctzt erweiterte APDU (max. 64 KBytes)<\/h2>\n<\/li>\n<li>\n<h2><strong>Kontakt Smart Card Reader<\/strong><\/h2>\n<ul>\n<li>\n<h3>Unterst\u00fctzt ISO 7816 Klasse A, B und C (5 V, 3 V und 1,8 V) mit einer Geschwindigkeit von bis zu 1.250 kbps<\/h3>\n<\/li>\n<li>\n<h3>Unterst\u00fctzt CAC (Common Access Card)<\/h3>\n<\/li>\n<li>\n<h3>Unterst\u00fctzt PIV (Personal Identity Verification Card)<\/h3>\n<\/li>\n<li>\n<h3>Unterst\u00fctzt Mikroprozessorkarten mit T=0- oder T=1-Protokoll<\/h3>\n<\/li>\n<li>\n<h3>Unterst\u00fctzt Speicherkarten<\/h3>\n<\/li>\n<li>\n<h3>ISO 7816-konformer SAM-Steckplatz (Klasse A)<\/h3>\n<\/li>\n<\/ul>\n<\/li>\n<li>\n<h2>Programmierschnittstelle:<\/h2>\n<ul>\n<li>\n<h3>Unterst\u00fctzt PC\/SC<\/h3>\n<\/li>\n<\/ul>\n<\/li>\n<li>\n<h2>Peripherieger\u00e4te:<\/h2>\n<ul>\n<li>\n<h3>Vom Benutzer steuerbare zweifarbige LED (Blau und Gr\u00fcn)<\/h3>\n<\/li>\n<li>\n<h3>Vom Benutzer steuerbarer Summer<\/h3>\n<\/li>\n<\/ul>\n<\/li>\n<li>\n<h2>Aktualisierbarkeit der USB-Firmware<\/h2>\n<\/li>\n<li>\n<div>\n<table width=\"483\">\n<tbody>\n<tr>\n<td colspan=\"2\" width=\"483\">Physikalische Eigenschaften<\/td>\n<\/tr>\n<tr>\n<td width=\"188\">Gr\u00f6\u00dfe (mm)<\/td>\n<td width=\"295\">120,5 mm (L) x 72,0 mm (B) x 20,4 mm (H)<\/td>\n<\/tr>\n<tr>\n<td width=\"188\">Gewicht (g)<\/td>\n<td width=\"295\">143 g<\/td>\n<\/tr>\n<tr>\n<td colspan=\"2\" width=\"483\">USB-Schnittstelle<\/td>\n<\/tr>\n<tr>\n<td width=\"188\">Protokoll<\/td>\n<td width=\"295\">USB-CCID<\/td>\n<\/tr>\n<tr>\n<td width=\"188\">Steckertyp<\/td>\n<td width=\"295\">USB Typ-A (ACR1581U-C1), USB Typ-C (ACR1581U-CF)<\/td>\n<\/tr>\n<tr>\n<td width=\"188\">Energiequelle<\/td>\n<td width=\"295\">Vom USB-Anschluss<\/td>\n<\/tr>\n<tr>\n<td width=\"188\">Geschwindigkeit<\/td>\n<td width=\"295\">USB-Vollgeschwindigkeit (12 Mbit\/s)<\/td>\n<\/tr>\n<tr>\n<td width=\"188\">Kabell\u00e4nge<\/td>\n<td width=\"295\">2m, nicht abnehmbar<\/td>\n<\/tr>\n<tr>\n<td colspan=\"2\" width=\"483\">Kontakt Smart Card Schnittstelle<\/td>\n<\/tr>\n<tr>\n<td width=\"188\">Anzahl der Steckpl\u00e4tze<\/td>\n<td width=\"295\">1 Kartensteckplatz in voller Gr\u00f6\u00dfe<\/td>\n<\/tr>\n<tr>\n<td width=\"188\">Standard<\/td>\n<td width=\"295\">ISO 7816 Klasse A, B, C (5 V, 3 V, 1,8 V)<\/td>\n<\/tr>\n<tr>\n<td width=\"188\">Protokoll<\/td>\n<td width=\"295\">T = 0; T = 1<\/td>\n<\/tr>\n<tr>\n<td colspan=\"2\" width=\"483\">Kontaktlose Smartcard-Schnittstelle<\/td>\n<\/tr>\n<tr>\n<td width=\"188\">Standard<\/td>\n<td width=\"295\">ISO 14443 Typ A und B, ISO 15693, MIFARE\u00ae, FeliCa<\/td>\n<\/tr>\n<tr>\n<td rowspan=\"4\" width=\"188\">Protokoll<\/td>\n<td width=\"295\">ISO 14443-4-konforme Karte, T=CL<\/td>\n<\/tr>\n<tr>\n<td width=\"295\">ISO 15693<\/td>\n<\/tr>\n<tr>\n<td width=\"295\">MIFARE\u00ae Classic Karte, T=CL<\/td>\n<\/tr>\n<tr>\n<td width=\"295\">Abonnieren<\/td>\n<\/tr>\n<tr>\n<td colspan=\"2\" width=\"483\">SAM-Kartenschnittstelle<\/td>\n<\/tr>\n<tr>\n<td width=\"188\">Anzahl der Steckpl\u00e4tze<\/td>\n<td width=\"295\">1 Steckplatz f\u00fcr SIM-Karten im Standardformat<\/td>\n<\/tr>\n<tr>\n<td width=\"188\">Standard<\/td>\n<td width=\"295\">ISO 7816 Klasse A (5 V)<\/td>\n<\/tr>\n<tr>\n<td width=\"188\">Protokoll<\/td>\n<td width=\"295\">T = 0; T = 1<\/td>\n<\/tr>\n<tr>\n<td colspan=\"2\" width=\"483\">Integrierte Peripherieger\u00e4te<\/td>\n<\/tr>\n<tr>\n<td width=\"188\">LED<\/td>\n<td width=\"295\">2 Einzelfarben: Blau und Gr\u00fcn<\/td>\n<\/tr>\n<tr>\n<td width=\"188\">Summer<\/td>\n<td width=\"295\">Monoton<\/td>\n<\/tr>\n<tr>\n<td colspan=\"2\" width=\"483\">Andere Eigenschaften<\/td>\n<\/tr>\n<tr>\n<td rowspan=\"5\" width=\"188\">Andere Eigenschaften<\/td>\n<td width=\"295\">Unterst\u00fctzte Kartentypen:<\/td>\n<\/tr>\n<tr>\n<td width=\"295\">ISO 14443 Typ A und B Teile 1-4,<\/td>\n<\/tr>\n<tr>\n<td width=\"295\">ISO 15693, MIFARE\u00ae, FeliCa, NFC-Tags, SRI\/SRIX, CTS, Innovatron, Picopass, Topaz-Karte<\/td>\n<\/tr>\n<tr>\n<td width=\"295\">Weitere NFC-Funktionen:<\/td>\n<\/tr>\n<tr>\n<td width=\"295\">SmartCard-Lese-\/Schreibger\u00e4t, Tastaturemulation, Kartenemulation<\/td>\n<\/tr>\n<tr>\n<td width=\"188\">Firmware-Aktualisierung<\/td>\n<td width=\"295\">Unterst\u00fctzt<\/td>\n<\/tr>\n<tr>\n<td colspan=\"2\" width=\"483\">Zertifizierungen\/Konformit\u00e4t<\/td>\n<\/tr>\n<tr>\n<td rowspan=\"4\" width=\"188\">Zertifizierungen\/Konformit\u00e4t<\/td>\n<td width=\"295\">Zertifizierungen:<\/td>\n<\/tr>\n<tr>\n<td width=\"295\">IEC\/EN 62368, CE, FCC, UKCA, VCCI, RoHS, REACH, WEEE<\/td>\n<\/tr>\n<tr>\n<td width=\"295\">Konformit\u00e4ten:<\/td>\n<\/tr>\n<tr>\n<td width=\"295\">USB-CCID, PC\/SC<\/td>\n<\/tr>\n<tr>\n<td colspan=\"2\" width=\"483\">Unterst\u00fctzte Ger\u00e4tetreiber und Betriebssysteme<\/td>\n<\/tr>\n<tr>\n<td width=\"188\">Unterst\u00fctzte Ger\u00e4tetreiber und Betriebssysteme<\/td>\n<td width=\"295\">Windows\u00ae, Linux\u00ae, macOS, Android\u2122, iOS\/iPadOS (16 oder h\u00f6her)<\/td>\n<\/tr>\n<\/tbody>\n<\/table>\n<\/div>\n<\/li>\n<\/ul>","protected":false},"excerpt":{"rendered":"<p>Der ACR1581U ist ein Hochgeschwindigkeits-NFC-Smartcard-Leseger\u00e4t, das NFC und ISO\/IEC 15693\uff0c14443 unterst\u00fctzt.<\/p>","protected":false},"featured_media":1605,"template":"","meta":[],"product_brand":[],"product_cat":[45,40],"product_tag":[],"class_list":{"0":"post-1603","1":"product","2":"type-product","3":"status-publish","4":"has-post-thumbnail","6":"product_cat-contactless-nfc-reader","7":"product_cat-rfid-nfc-reader","9":"first","10":"instock","11":"shipping-taxable","12":"product-type-simple"},"_links":{"self":[{"href":"https:\/\/nfc-readers.com\/de\/wp-json\/wp\/v2\/product\/1603","targetHints":{"allow":["GET"]}}],"collection":[{"href":"https:\/\/nfc-readers.com\/de\/wp-json\/wp\/v2\/product"}],"about":[{"href":"https:\/\/nfc-readers.com\/de\/wp-json\/wp\/v2\/types\/product"}],"wp:featuredmedia":[{"embeddable":true,"href":"https:\/\/nfc-readers.com\/de\/wp-json\/wp\/v2\/media\/1605"}],"wp:attachment":[{"href":"https:\/\/nfc-readers.com\/de\/wp-json\/wp\/v2\/media?parent=1603"}],"wp:term":[{"taxonomy":"product_brand","embeddable":true,"href":"https:\/\/nfc-readers.com\/de\/wp-json\/wp\/v2\/product_brand?post=1603"},{"taxonomy":"product_cat","embeddable":true,"href":"https:\/\/nfc-readers.com\/de\/wp-json\/wp\/v2\/product_cat?post=1603"},{"taxonomy":"product_tag","embeddable":true,"href":"https:\/\/nfc-readers.com\/de\/wp-json\/wp\/v2\/product_tag?post=1603"}],"curies":[{"name":"wp","href":"https:\/\/api.w.org\/{rel}","templated":true}]}}