{"id":1615,"date":"2024-04-07T07:52:08","date_gmt":"2024-04-07T07:52:08","guid":{"rendered":"https:\/\/nfc-readers.com\/?post_type=product&#038;p=1615"},"modified":"2024-10-16T02:36:24","modified_gmt":"2024-10-16T02:36:24","slug":"acm1552u-z2-small-multi-iso-nfc-module-reader-writer","status":"publish","type":"product","link":"https:\/\/nfc-readers.com\/de\/ic-reader\/acm1552u-z2-small-multi-iso-nfc-module-reader-writer\/","title":{"rendered":"ACM1552U-Z2 \u2013 Kleines Multi-ISO NFC-Modul-Lese-\/Schreibger\u00e4t"},"content":{"rendered":"<h1>ACM1552U-Z2 \u2013 Kleines Multi-ISO NFC-Modul-Lese-\/Schreibger\u00e4t<\/h1>\n<p>Das ACM1552U-Z2 ist ein kompaktes und vielseitiges Modul, das NFC-Hochgeschwindigkeitsfunktionen und Kompatibilit\u00e4t mit mehreren Standards bietet. Mit seinen zus\u00e4tzlichen Sicherheits- und energieeffizienten Funktionen sowie einer benutzerfreundlichen Schnittstelle stellt es eine ausgereifte L\u00f6sung f\u00fcr kontaktlose Kommunikation in kompakten Ger\u00e4ten dar.<\/p>\n<ul>\n<li>\n<h2>USB 2.0 Full Speed-Schnittstelle<\/h2>\n<\/li>\n<li>\n<h2>CCID-Konformit\u00e4t<\/h2>\n<\/li>\n<li>\n<h2>Unterst\u00fctzung kontaktloser Smartcards:<\/h2>\n<ul>\n<li>\n<h3>Lese-\/Schreibgeschwindigkeit bis zu 848 kbps<\/h3>\n<\/li>\n<li>\n<h3>Integrierte Antenne f\u00fcr kontaktlosen Tag-Zugriff mit Kartenleseabstand von bis zu 70 mm (je nach Tag-Typ)<\/h3>\n<\/li>\n<li>\n<h3>Unterst\u00fctzt ISO 14443 Typ A und B Karten, ISO 15693 Karten und ISO18092 NFC<\/h3>\n<\/li>\n<li>\n<h3>Unterst\u00fctzt MIFARE Classic\u00ae, MIFARE\u00ae, DESFire\u00ae, MIFARE Ultralight\u00ae, MIFARE Plus\u00ae, FeliCa und Topaz<\/h3>\n<\/li>\n<li>\n<h3>Integrierte Antikollisionsfunktion<\/h3>\n<\/li>\n<li>\n<h3>Unterst\u00fctzt erweiterte APDU (max. 64 KBytes)<\/h3>\n<\/li>\n<\/ul>\n<\/li>\n<li>\n<h2>NFC-Unterst\u00fctzung:<\/h2>\n<ul>\n<li>\n<h3>Smartcard-Lese-\/Schreibmodus<\/h3>\n<\/li>\n<li>\n<h3>Kartenemulationsmodus<\/h3>\n<\/li>\n<li>\n<h3>Tastaturemulationsmodus<\/h3>\n<\/li>\n<\/ul>\n<\/li>\n<li>\n<h2>Programmierschnittstelle:<\/h2>\n<ul>\n<li>\n<h3>Unterst\u00fctzt PC\/SC<\/h3>\n<\/li>\n<li>\n<h3>Unterst\u00fctzt CT-API (durch Wrapper auf PC\/SC)<\/h3>\n<\/li>\n<\/ul>\n<\/li>\n<li>\n<h2>Peripherieger\u00e4te:<\/h2>\n<ul>\n<li>\n<h3>Vom Benutzer steuerbare zweifarbige LED (Blau und Gr\u00fcn)<\/h3>\n<\/li>\n<\/ul>\n<\/li>\n<li>\n<h2>Kompakte Gr\u00f6\u00dfe<\/h2>\n<\/li>\n<li>\n<h2>Aktualisierbarkeit der USB-Firmware<\/h2>\n<\/li>\n<li>\n<div>\n<table width=\"545\">\n<tbody>\n<tr>\n<td colspan=\"2\" width=\"545\">Physikalische Eigenschaften<\/td>\n<\/tr>\n<tr>\n<td width=\"228\">Gr\u00f6\u00dfe (mm)<\/td>\n<td width=\"317\">52,0 x 20,0 x 5,7<\/td>\n<\/tr>\n<tr>\n<td width=\"228\">Gewicht (g)<\/td>\n<td width=\"317\">3.4<\/td>\n<\/tr>\n<tr>\n<td colspan=\"2\" width=\"545\">USB-Schnittstelle<\/td>\n<\/tr>\n<tr>\n<td width=\"228\">Protokoll<\/td>\n<td width=\"317\">USB-CCID<\/td>\n<\/tr>\n<tr>\n<td width=\"228\">Steckertyp<\/td>\n<td width=\"317\">5-polig, 1\u00a0mm Abstand, kompatibel mit der JST SH-Serie<\/td>\n<\/tr>\n<tr>\n<td width=\"228\">Energiequelle<\/td>\n<td width=\"317\">Vom USB-Anschluss<\/td>\n<\/tr>\n<tr>\n<td width=\"228\">Geschwindigkeit<\/td>\n<td width=\"317\">USB 2.0 Full Speed (12 Mbit\/s), kompatibel mit USB 3.0<\/td>\n<\/tr>\n<tr>\n<td width=\"228\">Kabell\u00e4nge<\/td>\n<td width=\"317\">1 m, abnehmbar (auf Anfrage)<\/td>\n<\/tr>\n<tr>\n<td colspan=\"2\" width=\"545\">Kontaktlose Smartcard-Schnittstelle<\/td>\n<\/tr>\n<tr>\n<td width=\"228\">Standard<\/td>\n<td width=\"317\">ISO 18092 NFC, ISO 14443 Typ A und B, ISO 15693, MIFARE\u00ae, FeliCa<\/td>\n<\/tr>\n<tr>\n<td rowspan=\"5\" width=\"228\">Protokoll<\/td>\n<td width=\"317\">ISO 14443-4-konforme Karte, T=CL<\/td>\n<\/tr>\n<tr>\n<td width=\"317\">MIFARE\u00ae Classic Karte, T=CL<\/td>\n<\/tr>\n<tr>\n<td width=\"317\">ISO 15693<\/td>\n<\/tr>\n<tr>\n<td width=\"317\">ISO 18092 NFC-Tags<\/td>\n<\/tr>\n<tr>\n<td width=\"317\">Abonnieren<\/td>\n<\/tr>\n<tr>\n<td colspan=\"2\" width=\"545\">Integrierte Peripherieger\u00e4te<\/td>\n<\/tr>\n<tr>\n<td width=\"228\">LED<\/td>\n<td width=\"317\">1 zweifarbig: Blau und Gr\u00fcn<\/td>\n<\/tr>\n<tr>\n<td colspan=\"2\" width=\"545\">Andere Eigenschaften<\/td>\n<\/tr>\n<tr>\n<td rowspan=\"6\" width=\"228\">Andere Eigenschaften<\/td>\n<td width=\"317\">Unterst\u00fctzte Kartentypen:<\/td>\n<\/tr>\n<tr>\n<td width=\"317\">ISO 14443 Typ A und B Teile 1-4,<\/td>\n<\/tr>\n<tr>\n<td width=\"317\">ISO 15693, ISO 18092 NFC,<\/td>\n<\/tr>\n<tr>\n<td width=\"317\">MIFARE Classic\u00ae, MIFARE DESFire\u00ae, MIFARE Ultralight\u00ae, MIFARE Plus\u00ae, FeliCa und Topaz<\/td>\n<\/tr>\n<tr>\n<td width=\"317\">Weitere NFC-Funktionen:<\/td>\n<\/tr>\n<tr>\n<td width=\"317\">SmartCard-Lese-\/Schreibger\u00e4t, Tastaturemulation, Kartenemulation<\/td>\n<\/tr>\n<tr>\n<td width=\"228\">Firmware-Aktualisierung<\/td>\n<td width=\"317\">Unterst\u00fctzt<\/td>\n<\/tr>\n<tr>\n<td colspan=\"2\" width=\"545\">Zertifizierungen\/Konformit\u00e4t<\/td>\n<\/tr>\n<tr>\n<td rowspan=\"4\" width=\"228\">Zertifizierungen\/Konformit\u00e4t<\/td>\n<td width=\"317\">Zertifizierungen:<\/td>\n<\/tr>\n<tr>\n<td width=\"317\">IEC\/EN 62368, CE, UKCA, FCC, VCCI, RoHS, REACH, WEEE, Microsoft\u00ae WHQL<\/td>\n<\/tr>\n<tr>\n<td width=\"317\">\u00a0 Einhaltung:<\/td>\n<\/tr>\n<tr>\n<td width=\"317\">USB-CCID, PC\/SC<\/td>\n<\/tr>\n<tr>\n<td colspan=\"2\" width=\"545\">Unterst\u00fctzte Ger\u00e4tetreiber und Betriebssysteme<\/td>\n<\/tr>\n<tr>\n<td width=\"228\">Unterst\u00fctzte Ger\u00e4tetreiber und Betriebssysteme<\/td>\n<td width=\"317\">Windows\u00ae, Linux\u00ae, macOS, Android\u2122<\/td>\n<\/tr>\n<\/tbody>\n<\/table>\n<\/div>\n<\/li>\n<\/ul>","protected":false},"excerpt":{"rendered":"<p>Das ACM1552U-Z2 ist ein Hochgeschwindigkeits-USB-NFC-Modul, das Smartcard-Lese-\/Schreibger\u00e4te sowie Kartenemulation unterst\u00fctzt und f\u00fcr effiziente und sichere kontaktlose Vorg\u00e4nge entwickelt wurde.<\/p>","protected":false},"featured_media":1616,"template":"","meta":[],"product_brand":[],"product_cat":[41,40],"product_tag":[],"class_list":{"0":"post-1615","1":"product","2":"type-product","3":"status-publish","4":"has-post-thumbnail","6":"product_cat-module-ic-reader","7":"product_cat-rfid-nfc-reader","9":"first","10":"instock","11":"shipping-taxable","12":"product-type-simple"},"_links":{"self":[{"href":"https:\/\/nfc-readers.com\/de\/wp-json\/wp\/v2\/product\/1615","targetHints":{"allow":["GET"]}}],"collection":[{"href":"https:\/\/nfc-readers.com\/de\/wp-json\/wp\/v2\/product"}],"about":[{"href":"https:\/\/nfc-readers.com\/de\/wp-json\/wp\/v2\/types\/product"}],"wp:featuredmedia":[{"embeddable":true,"href":"https:\/\/nfc-readers.com\/de\/wp-json\/wp\/v2\/media\/1616"}],"wp:attachment":[{"href":"https:\/\/nfc-readers.com\/de\/wp-json\/wp\/v2\/media?parent=1615"}],"wp:term":[{"taxonomy":"product_brand","embeddable":true,"href":"https:\/\/nfc-readers.com\/de\/wp-json\/wp\/v2\/product_brand?post=1615"},{"taxonomy":"product_cat","embeddable":true,"href":"https:\/\/nfc-readers.com\/de\/wp-json\/wp\/v2\/product_cat?post=1615"},{"taxonomy":"product_tag","embeddable":true,"href":"https:\/\/nfc-readers.com\/de\/wp-json\/wp\/v2\/product_tag?post=1615"}],"curies":[{"name":"wp","href":"https:\/\/api.w.org\/{rel}","templated":true}]}}