{"id":1619,"date":"2024-04-07T07:56:40","date_gmt":"2024-04-07T07:56:40","guid":{"rendered":"https:\/\/nfc-readers.com\/?post_type=product&#038;p=1619"},"modified":"2024-10-16T02:33:14","modified_gmt":"2024-10-16T02:33:14","slug":"acm39u-y3-smart-card-reader-module","status":"publish","type":"product","link":"https:\/\/nfc-readers.com\/de\/ic-reader\/acm39u-y3-smart-card-reader-module\/","title":{"rendered":"ACM39U-Y3 Chipkartenlesermodul"},"content":{"rendered":"<h1>ACM39U-Y3 Chipkartenlesermodul<\/h1>\n<p>Das ACM39U-Y3 ist ein flexibles, einfach zu installierendes Modul, das eine Vielzahl von Plattformen und Schnittstellen unterst\u00fctzt und sich daher ideal f\u00fcr eingebettete Smartcard-L\u00f6sungen eignet. Es bietet au\u00dferdem die M\u00f6glichkeit, ein Secure Access Module (SAM) f\u00fcr mehr Sicherheit zu integrieren.<\/p>\n<ul>\n<li>\n<h2>USB 2.0 Full Speed-Schnittstelle<\/h2>\n<\/li>\n<li>\n<h2>Plug and Play \u2013 CCID-Unterst\u00fctzung bringt h\u00f6chste Mobilit\u00e4t<\/h2>\n<\/li>\n<li>\n<h2>Chipkartenleser:<\/h2>\n<ul>\n<li>\n<h3>Unterst\u00fctzt Karten der ISO 7816-Klassen A, B und C (5 V, 3 V, 1,8 V)<\/h3>\n<\/li>\n<li>\n<h3>Unterst\u00fctzt CAC (Common Access Card)<\/h3>\n<\/li>\n<li>\n<h3>Unterst\u00fctzt SIPRNET-Karte<\/h3>\n<\/li>\n<li>\n<h3>Unterst\u00fctzt J-LIS-Karte<\/h3>\n<\/li>\n<li>\n<h3>Unterst\u00fctzt Mikroprozessorkarten mit T=0- oder T=1-Protokoll<\/h3>\n<\/li>\n<li>\n<h3>Unterst\u00fctzt Speicherkarten<\/h3>\n<\/li>\n<li>\n<h3>Unterst\u00fctzt PPS (Protokoll- und Parameterauswahl)<\/h3>\n<\/li>\n<li>\n<h3>Mit Kurzschlussschutz<\/h3>\n<\/li>\n<\/ul>\n<\/li>\n<li>\n<h2>Programmierschnittstelle:<\/h2>\n<ul>\n<li>\n<h3>Unterst\u00fctzt PC\/SC<\/h3>\n<\/li>\n<li>\n<h3>Unterst\u00fctzt CT-API (durch Wrapper auf PC\/SC)<\/h3>\n<\/li>\n<\/ul>\n<\/li>\n<li>\n<h2>Unterst\u00fctzt Android\u2122 3.1 und h\u00f6her<\/h2>\n<\/li>\n<li>\n<div>\n<table width=\"491\">\n<tbody>\n<tr>\n<td colspan=\"2\" width=\"491\">Physikalische Eigenschaften<\/td>\n<\/tr>\n<tr>\n<td width=\"172\">Gr\u00f6\u00dfe (mm)<\/td>\n<td width=\"319\">70,0 mm (L) \u00d7 82,0 mm (B) \u00d7 10,0 mm (H)<\/td>\n<\/tr>\n<tr>\n<td width=\"172\">Gewicht (g)<\/td>\n<td width=\"319\">32 g<\/td>\n<\/tr>\n<tr>\n<td colspan=\"2\" width=\"491\">USB-Schnittstelle<\/td>\n<\/tr>\n<tr>\n<td width=\"172\">Protokoll<\/td>\n<td width=\"319\">USB-CCID<\/td>\n<\/tr>\n<tr>\n<td rowspan=\"2\" width=\"172\">Steckertyp<\/td>\n<td width=\"319\">1 x 5-poliger Stiftleistenanschluss;<\/td>\n<\/tr>\n<tr>\n<td width=\"319\">2 x 3-poliger Stiftleistenanschluss<\/td>\n<\/tr>\n<tr>\n<td width=\"172\">Energiequelle<\/td>\n<td width=\"319\">Vom USB-Anschluss<\/td>\n<\/tr>\n<tr>\n<td width=\"172\">Geschwindigkeit<\/td>\n<td width=\"319\">USB-Vollgeschwindigkeit (12 Mbit\/s)<\/td>\n<\/tr>\n<tr>\n<td colspan=\"2\" width=\"491\">Kontakt Smart Card Schnittstelle<\/td>\n<\/tr>\n<tr>\n<td width=\"172\">Anzahl der Steckpl\u00e4tze<\/td>\n<td width=\"319\">1 Kartensteckplatz in voller Gr\u00f6\u00dfe<\/td>\n<\/tr>\n<tr>\n<td width=\"172\">Standard<\/td>\n<td width=\"319\">ISO 7816 Teile 1-4, Klasse A, B, C (5 V, 3 V, 1,8 V)<\/td>\n<\/tr>\n<tr>\n<td width=\"172\">Protokoll<\/td>\n<td width=\"319\">T=0; T=1; Speicherkartenunterst\u00fctzung<\/td>\n<\/tr>\n<tr>\n<td width=\"172\">Andere<\/td>\n<td width=\"319\">CAC-, PIV-, SIPRNET- und J-LIS-Smartcards<\/td>\n<\/tr>\n<tr>\n<td colspan=\"2\" width=\"491\">Zertifizierungen\/Konformit\u00e4t<\/td>\n<\/tr>\n<tr>\n<td rowspan=\"12\" width=\"172\">Zertifizierungen\/Konformit\u00e4t<\/td>\n<td width=\"319\">EN60950\/IEC 60950<\/td>\n<\/tr>\n<tr>\n<td width=\"319\">ISO 7816<\/td>\n<\/tr>\n<tr>\n<td width=\"319\">USB mit voller Geschwindigkeit<\/td>\n<\/tr>\n<tr>\n<td width=\"319\">EMV\u2122 Level 1 (Kontakt)<\/td>\n<\/tr>\n<tr>\n<td width=\"319\">PC\/SC<\/td>\n<\/tr>\n<tr>\n<td width=\"319\">CCID<\/td>\n<\/tr>\n<tr>\n<td width=\"319\">CE<\/td>\n<\/tr>\n<tr>\n<td width=\"319\">FCC<\/td>\n<\/tr>\n<tr>\n<td width=\"319\">Elektro- und Elektronik-Altger\u00e4te<\/td>\n<\/tr>\n<tr>\n<td width=\"319\">RoHS<\/td>\n<\/tr>\n<tr>\n<td width=\"319\">ERREICHEN<\/td>\n<\/tr>\n<tr>\n<td width=\"319\">Microsoft\u00ae WHQL<\/td>\n<\/tr>\n<tr>\n<td colspan=\"2\" width=\"491\">Unterst\u00fctzte Ger\u00e4tetreiber und Betriebssysteme<\/td>\n<\/tr>\n<tr>\n<td rowspan=\"5\" width=\"172\">Unterst\u00fctzte Ger\u00e4tetreiber und Betriebssysteme<\/td>\n<td width=\"319\">Windows\u00ae<\/td>\n<\/tr>\n<tr>\n<td width=\"319\">Linux\u00ae<\/td>\n<\/tr>\n<tr>\n<td width=\"319\">MAC OS\u00ae<\/td>\n<\/tr>\n<tr>\n<td width=\"319\">Android\u2122<\/td>\n<\/tr>\n<tr>\n<td width=\"319\">Solaris<\/td>\n<\/tr>\n<\/tbody>\n<\/table>\n<\/div>\n<\/li>\n<\/ul>","protected":false},"excerpt":{"rendered":"<p>ACM39U-Y3 ist ein Hochgeschwindigkeits-USB-Kontaktlesemodul f\u00fcr Smartcard-Anwendungen, das verschiedene Betriebssysteme und einen optionalen SAM-Kartenleser unterst\u00fctzt.<\/p>","protected":false},"featured_media":1620,"template":"","meta":[],"product_brand":[],"product_cat":[41],"product_tag":[],"class_list":{"0":"post-1619","1":"product","2":"type-product","3":"status-publish","4":"has-post-thumbnail","6":"product_cat-module-ic-reader","8":"first","9":"instock","10":"shipping-taxable","11":"product-type-simple"},"_links":{"self":[{"href":"https:\/\/nfc-readers.com\/de\/wp-json\/wp\/v2\/product\/1619","targetHints":{"allow":["GET"]}}],"collection":[{"href":"https:\/\/nfc-readers.com\/de\/wp-json\/wp\/v2\/product"}],"about":[{"href":"https:\/\/nfc-readers.com\/de\/wp-json\/wp\/v2\/types\/product"}],"wp:featuredmedia":[{"embeddable":true,"href":"https:\/\/nfc-readers.com\/de\/wp-json\/wp\/v2\/media\/1620"}],"wp:attachment":[{"href":"https:\/\/nfc-readers.com\/de\/wp-json\/wp\/v2\/media?parent=1619"}],"wp:term":[{"taxonomy":"product_brand","embeddable":true,"href":"https:\/\/nfc-readers.com\/de\/wp-json\/wp\/v2\/product_brand?post=1619"},{"taxonomy":"product_cat","embeddable":true,"href":"https:\/\/nfc-readers.com\/de\/wp-json\/wp\/v2\/product_cat?post=1619"},{"taxonomy":"product_tag","embeddable":true,"href":"https:\/\/nfc-readers.com\/de\/wp-json\/wp\/v2\/product_tag?post=1619"}],"curies":[{"name":"wp","href":"https:\/\/api.w.org\/{rel}","templated":true}]}}