{"id":1623,"date":"2024-04-07T07:59:43","date_gmt":"2024-04-07T07:59:43","guid":{"rendered":"https:\/\/nfc-readers.com\/?post_type=product&#038;p=1623"},"modified":"2024-09-29T07:34:42","modified_gmt":"2024-09-29T07:34:42","slug":"acr40t-type-a-usb-sim-sized-smart-card-reader","status":"publish","type":"product","link":"https:\/\/nfc-readers.com\/de\/ic-reader\/acr40t-type-a-usb-sim-sized-smart-card-reader\/","title":{"rendered":"ACR40T Typ-A USB-Smartcard-Leseger\u00e4t im SIM-Format (integrierte Taste und Schlaufe im Lieferumfang enthalten)"},"content":{"rendered":"<h1>ACR40T Typ-A USB-Smartcard-Leseger\u00e4t im SIM-Format (integrierte Taste und Schlaufe im Lieferumfang enthalten)<\/h1>\n<p>Der ACR40T ist ein hocheffizienter und aktualisierbarer Chipkartenleser, der umfassende Kompatibilit\u00e4t mit ISO 7816-Chipkarten und verschiedenen Speicherkarten bietet und \u00fcber einen benutzerfreundlichen Chipkartensteckplatz in einem bemerkenswert kleinen Design verf\u00fcgt.<\/p>\n<ul>\n<li>\n<h2><strong>Unterst\u00fctzt verschiedene Arten von Kontaktkarten<\/strong><\/h2>\n<ul>\n<li>\n<h3>ISO 7816 Klasse A, B und C (5 V, 3 V und 1,8 V)<\/h3>\n<\/li>\n<li>\n<h3>Mikroprozessorkarte (T=0, T=1)<\/h3>\n<\/li>\n<li>\n<h3>Speicherkarte<\/h3>\n<\/li>\n<li>\n<h3>Mit Kurzschlussschutz<\/h3>\n<\/li>\n<\/ul>\n<\/li>\n<li>\n<h2><strong>Programmierschnittstelle:<\/strong><\/h2>\n<ul>\n<li>\n<h3>Unterst\u00fctzt PC\/SC<\/h3>\n<\/li>\n<\/ul>\n<\/li>\n<li>\n<h2><strong>Integrierte Peripherieger\u00e4te<\/strong><\/h2>\n<ul>\n<li>\n<h3>1 x programmierbare LED (gr\u00fcn)<\/h3>\n<\/li>\n<li>\n<table width=\"591\">\n<tbody>\n<tr>\n<td colspan=\"2\" width=\"591\">Physikalische Eigenschaften<\/td>\n<\/tr>\n<tr>\n<td rowspan=\"2\" width=\"266\">Gr\u00f6\u00dfe (mm)<\/td>\n<td width=\"325\">ACR40T-A1: 48,9 mm (L) \u00d7 17,7 mm (B) \u00d7 8,0 mm (H)<\/td>\n<\/tr>\n<tr>\n<td width=\"325\">ACR40T-A5: 44,7 mm (L) \u00d7 17,7 mm (B) \u00d7 8,0 mm (H)<\/td>\n<\/tr>\n<tr>\n<td rowspan=\"2\" width=\"266\">Gewicht (g)<\/td>\n<td width=\"325\">ACR40T-A1: 6,8 g \u00b1 1,0 g<\/td>\n<\/tr>\n<tr>\n<td width=\"325\">ACR40T-A5: 5,3 g \u00b1 1,0 g<\/td>\n<\/tr>\n<tr>\n<td colspan=\"2\" width=\"591\">USB-Schnittstelle<\/td>\n<\/tr>\n<tr>\n<td width=\"266\">Protokoll<\/td>\n<td width=\"325\">USB-CCID<\/td>\n<\/tr>\n<tr>\n<td rowspan=\"2\" width=\"266\">Steckertyp<\/td>\n<td width=\"325\">USB Typ-A<\/td>\n<\/tr>\n<tr>\n<td width=\"325\">USB Typ C<\/td>\n<\/tr>\n<tr>\n<td width=\"266\">Energiequelle<\/td>\n<td width=\"325\">Vom USB-Anschluss<\/td>\n<\/tr>\n<tr>\n<td width=\"266\">Geschwindigkeit<\/td>\n<td width=\"325\">USB-Vollgeschwindigkeit (12 Mbit\/s)<\/td>\n<\/tr>\n<tr>\n<td colspan=\"2\" width=\"591\">Kontakt Smart Card Schnittstelle<\/td>\n<\/tr>\n<tr>\n<td width=\"266\">Anzahl der Steckpl\u00e4tze<\/td>\n<td width=\"325\">1 SIM-Kartensteckplatz (2FF)<\/td>\n<\/tr>\n<tr>\n<td width=\"266\">Protokoll<\/td>\n<td width=\"325\">T = 0; T = 1<\/td>\n<\/tr>\n<tr>\n<td colspan=\"2\" width=\"591\">Integrierte Peripherieger\u00e4te<\/td>\n<\/tr>\n<tr>\n<td width=\"266\">LED<\/td>\n<td width=\"325\">Gr\u00fcn<\/td>\n<\/tr>\n<tr>\n<td colspan=\"2\" width=\"591\">Andere Eigenschaften<\/td>\n<\/tr>\n<tr>\n<td width=\"266\">Andere Eigenschaften<\/td>\n<td width=\"325\">Unterst\u00fctzt Firmware-Upgrade<\/td>\n<\/tr>\n<tr>\n<td colspan=\"2\" width=\"591\">Zertifizierungen\/Konformit\u00e4t<\/td>\n<\/tr>\n<tr>\n<td rowspan=\"12\" width=\"266\">Zertifizierungen\/Konformit\u00e4t<\/td>\n<td width=\"325\">Zertifizierungen:<\/td>\n<\/tr>\n<tr>\n<td width=\"325\">UL 62368<\/td>\n<\/tr>\n<tr>\n<td width=\"325\">CE<\/td>\n<\/tr>\n<tr>\n<td width=\"325\">UKCA<\/td>\n<\/tr>\n<tr>\n<td width=\"325\">FCC<\/td>\n<\/tr>\n<tr>\n<td width=\"325\">RoHS<\/td>\n<\/tr>\n<tr>\n<td width=\"325\">ERREICHEN<\/td>\n<\/tr>\n<tr>\n<td width=\"325\">VCCI<\/td>\n<\/tr>\n<tr>\n<td width=\"325\">Microsoft\u00ae WHQL<\/td>\n<\/tr>\n<tr>\n<td width=\"325\">Konformit\u00e4ten:<\/td>\n<\/tr>\n<tr>\n<td width=\"325\">USB-CCID<\/td>\n<\/tr>\n<tr>\n<td width=\"325\">PC\/SC<\/td>\n<\/tr>\n<tr>\n<td colspan=\"2\" width=\"591\">Unterst\u00fctzte Ger\u00e4tetreiber und Betriebssysteme<\/td>\n<\/tr>\n<tr>\n<td rowspan=\"4\" width=\"266\">Unterst\u00fctzte Ger\u00e4tetreiber und Betriebssysteme<\/td>\n<td width=\"325\">Windows\u00ae<\/td>\n<\/tr>\n<tr>\n<td width=\"325\">Linux\u00ae<\/td>\n<\/tr>\n<tr>\n<td width=\"325\">Mac OS<\/td>\n<\/tr>\n<tr>\n<td width=\"325\">Android\u2122<\/td>\n<\/tr>\n<\/tbody>\n<\/table>\n<\/li>\n<\/ul>\n<\/li>\n<\/ul>","protected":false},"excerpt":{"rendered":"<p>Der ACR40T ist ein Hochgeschwindigkeits-USB-Kontaktleser, der auf SIM-Karten zugeschnitten ist und Firmware-Updates und Kompatibilit\u00e4t mit verschiedenen Smart- und Speicherkarten bietet.<\/p>","protected":false},"featured_media":1624,"template":"","meta":[],"product_brand":[],"product_cat":[39],"product_tag":[],"class_list":{"0":"post-1623","1":"product","2":"type-product","3":"status-publish","4":"has-post-thumbnail","6":"product_cat-usb-ic-smartcard-reader","8":"first","9":"instock","10":"shipping-taxable","11":"product-type-simple"},"_links":{"self":[{"href":"https:\/\/nfc-readers.com\/de\/wp-json\/wp\/v2\/product\/1623","targetHints":{"allow":["GET"]}}],"collection":[{"href":"https:\/\/nfc-readers.com\/de\/wp-json\/wp\/v2\/product"}],"about":[{"href":"https:\/\/nfc-readers.com\/de\/wp-json\/wp\/v2\/types\/product"}],"wp:featuredmedia":[{"embeddable":true,"href":"https:\/\/nfc-readers.com\/de\/wp-json\/wp\/v2\/media\/1624"}],"wp:attachment":[{"href":"https:\/\/nfc-readers.com\/de\/wp-json\/wp\/v2\/media?parent=1623"}],"wp:term":[{"taxonomy":"product_brand","embeddable":true,"href":"https:\/\/nfc-readers.com\/de\/wp-json\/wp\/v2\/product_brand?post=1623"},{"taxonomy":"product_cat","embeddable":true,"href":"https:\/\/nfc-readers.com\/de\/wp-json\/wp\/v2\/product_cat?post=1623"},{"taxonomy":"product_tag","embeddable":true,"href":"https:\/\/nfc-readers.com\/de\/wp-json\/wp\/v2\/product_tag?post=1623"}],"curies":[{"name":"wp","href":"https:\/\/api.w.org\/{rel}","templated":true}]}}