{"id":1626,"date":"2024-04-07T08:02:18","date_gmt":"2024-04-07T08:02:18","guid":{"rendered":"https:\/\/nfc-readers.com\/?post_type=product&#038;p=1626"},"modified":"2024-09-29T07:31:36","modified_gmt":"2024-09-29T07:31:36","slug":"acr40u-high-speed-contact-reader-writer","status":"publish","type":"product","link":"https:\/\/nfc-readers.com\/de\/ic-reader\/acr40u-high-speed-contact-reader-writer\/","title":{"rendered":"ACR40U Hochgeschwindigkeits-Kontaktlese-\/Schreibger\u00e4t"},"content":{"rendered":"<h1>ACR40U Hochgeschwindigkeits-Kontaktlese-\/Schreibger\u00e4t<\/h1>\n<p>Der ACR40U-Smartcard-Leser bietet eine ausgereifte L\u00f6sung f\u00fcr sichere digitale Transaktionen und Zugangskontrolle, wobei der Schwerpunkt auf Geschwindigkeit, Haltbarkeit und Benutzerfreundlichkeit \u00fcber verschiedene Plattformen und Anwendungen hinweg liegt.<\/p>\n<ul>\n<li>\n<h2>USB 2.0 Full Speed-Schnittstelle<\/h2>\n<\/li>\n<li>\n<h2>USB Typ A<\/h2>\n<\/li>\n<li>\n<h2>Plug and Play \u2013 CCID-Unterst\u00fctzung bringt h\u00f6chste Mobilit\u00e4t<\/h2>\n<\/li>\n<li>\n<h2>Chipkartenleser:<\/h2>\n<\/li>\n<li>\n<h2>Unterst\u00fctzt Karten der ISO 7816-Klassen A, B und C (5 V, 3 V, 1,8 V)<\/h2>\n<ul>\n<li>\n<h3>Unterst\u00fctzt CAC<\/h3>\n<\/li>\n<li>\n<h3>Unterst\u00fctzt SIPRNET-Karte<\/h3>\n<\/li>\n<li>\n<h3>Unterst\u00fctzt MyKad<\/h3>\n<\/li>\n<li>\n<h3>Unterst\u00fctzt J-LIS-Karte<\/h3>\n<\/li>\n<li>\n<h3>Unterst\u00fctzt Mikroprozessorkarten mit T=0- oder T=1-Protokoll<\/h3>\n<\/li>\n<li>\n<h3>Unterst\u00fctzt Speicherkarten<\/h3>\n<\/li>\n<li>\n<h3>Unterst\u00fctzt PPS (Protokoll- und Parameterauswahl)<\/h3>\n<\/li>\n<li>\n<h3>Verf\u00fcgt \u00fcber Kurzschlussschutz<\/h3>\n<\/li>\n<\/ul>\n<\/li>\n<li>\n<h2>Programmierschnittstelle:<\/h2>\n<ul>\n<li>\n<h3>Unterst\u00fctzt PC\/SC<\/h3>\n<\/li>\n<li>\n<h3>CT-API unterst\u00fctzen<\/h3>\n<\/li>\n<\/ul>\n<\/li>\n<li>\n<h2>Unterst\u00fctzt alle wichtigen Betriebssysteme<\/h2>\n<ul>\n<li>\n<h3>Windows\u00ae, Linux\u00ae, macOS, iOS, iPadOS, Android\u2122, Solaris\u2122<\/h3>\n<\/li>\n<li>\n<div>\n<table width=\"566\">\n<tbody>\n<tr>\n<td colspan=\"2\" width=\"566\">Physikalische Eigenschaften<\/td>\n<\/tr>\n<tr>\n<td width=\"207\">Gr\u00f6\u00dfe (mm)<\/td>\n<td width=\"359\">55 mm (L) \u00d7 65,0 mm (B) \u00d7 9,0 mm (H)<\/td>\n<\/tr>\n<tr>\n<td width=\"207\">Gewicht (g)<\/td>\n<td width=\"359\">40,0 g \u00b1 5,0 g<\/td>\n<\/tr>\n<tr>\n<td colspan=\"2\" width=\"566\">USB-Schnittstelle<\/td>\n<\/tr>\n<tr>\n<td width=\"207\">Protokoll<\/td>\n<td width=\"359\">USB-CCID<\/td>\n<\/tr>\n<tr>\n<td width=\"207\">Steckertyp<\/td>\n<td width=\"359\">Standard Typ A, Typ C<\/td>\n<\/tr>\n<tr>\n<td width=\"207\">Energiequelle<\/td>\n<td width=\"359\">Vom USB-Anschluss<\/td>\n<\/tr>\n<tr>\n<td width=\"207\">Geschwindigkeit<\/td>\n<td width=\"359\">USB 2.0 Volle Geschwindigkeit (12 Mbit\/s)<\/td>\n<\/tr>\n<tr>\n<td width=\"207\">Kabell\u00e4nge<\/td>\n<td width=\"359\">1 m, Fest<\/td>\n<\/tr>\n<tr>\n<td colspan=\"2\" width=\"566\">Kontakt Smart Card Schnittstelle<\/td>\n<\/tr>\n<tr>\n<td width=\"207\">Anzahl der Steckpl\u00e4tze<\/td>\n<td width=\"359\">1 Kartensteckplatz in voller Gr\u00f6\u00dfe<\/td>\n<\/tr>\n<tr>\n<td width=\"207\">Standard<\/td>\n<td width=\"359\">ISO 7816 Teile 1-4, Klasse A, B, C (5 V, 3 V, 1,8 V)<\/td>\n<\/tr>\n<tr>\n<td width=\"207\">Protokoll<\/td>\n<td width=\"359\">T=0; T=1; Speicherkartenunterst\u00fctzung<\/td>\n<\/tr>\n<tr>\n<td width=\"207\">Andere<\/td>\n<td width=\"359\">Mykad, CAC, J-LIS, SIPRNET-Karte<\/td>\n<\/tr>\n<tr>\n<td colspan=\"2\" width=\"566\">Zertifizierungen\/Konformit\u00e4t<\/td>\n<\/tr>\n<tr>\n<td rowspan=\"17\" width=\"207\">Zertifizierungen\/Konformit\u00e4t<\/td>\n<td width=\"359\">EN62368\/IEC 62368<\/td>\n<\/tr>\n<tr>\n<td width=\"359\">CE<\/td>\n<\/tr>\n<tr>\n<td width=\"359\">FCC<\/td>\n<\/tr>\n<tr>\n<td width=\"359\">RoHS<\/td>\n<\/tr>\n<tr>\n<td width=\"359\">ERREICHEN<\/td>\n<\/tr>\n<tr>\n<td width=\"359\">EMV\u2122 Level 1 (Kontakt)<\/td>\n<\/tr>\n<tr>\n<td width=\"359\">UL 62368<\/td>\n<\/tr>\n<tr>\n<td width=\"359\">J-LIS<\/td>\n<\/tr>\n<tr>\n<td width=\"359\">KC<\/td>\n<\/tr>\n<tr>\n<td width=\"359\">PBOC Level 1 (Kontakt)<\/td>\n<\/tr>\n<tr>\n<td width=\"359\">TAA<\/td>\n<\/tr>\n<tr>\n<td width=\"359\">UKCA<\/td>\n<\/tr>\n<tr>\n<td width=\"359\">UL<\/td>\n<\/tr>\n<tr>\n<td width=\"359\">VCCI<\/td>\n<\/tr>\n<tr>\n<td width=\"359\">Elektro- und Elektronik-Altger\u00e4te<\/td>\n<\/tr>\n<tr>\n<td width=\"359\">USB 2.0 Volle Geschwindigkeit<\/td>\n<\/tr>\n<tr>\n<td width=\"359\">Microsoft\u00ae WHQL<\/td>\n<\/tr>\n<tr>\n<td colspan=\"2\" width=\"566\">Unterst\u00fctzte Ger\u00e4tetreiber und Betriebssysteme<\/td>\n<\/tr>\n<tr>\n<td rowspan=\"7\" width=\"207\">Unterst\u00fctzte Ger\u00e4tetreiber und Betriebssysteme<\/td>\n<td width=\"359\">Windows\u00ae<\/td>\n<\/tr>\n<tr>\n<td width=\"359\">Linux\u00ae<\/td>\n<\/tr>\n<tr>\n<td width=\"359\">Mac OS<\/td>\n<\/tr>\n<tr>\n<td width=\"359\">IOS<\/td>\n<\/tr>\n<tr>\n<td width=\"359\">iPadOS<\/td>\n<\/tr>\n<tr>\n<td width=\"359\">Android\u2122<\/td>\n<\/tr>\n<tr>\n<td width=\"359\">Solaris\u2122<\/td>\n<\/tr>\n<\/tbody>\n<\/table>\n<\/div>\n<\/li>\n<\/ul>\n<\/li>\n<\/ul>","protected":false},"excerpt":{"rendered":"<p>Der ACR40U ist ein Hochgeschwindigkeits-USB-Kontaktleser, der EMV-Karten unterst\u00fctzt und zuverl\u00e4ssige Leistung und Kompatibilit\u00e4t \u00fcber mehrere Betriebssysteme f\u00fcr verschiedene Anwendungen bietet.<\/p>","protected":false},"featured_media":1628,"template":"","meta":[],"product_brand":[],"product_cat":[39],"product_tag":[],"class_list":{"0":"post-1626","1":"product","2":"type-product","3":"status-publish","4":"has-post-thumbnail","6":"product_cat-usb-ic-smartcard-reader","8":"first","9":"instock","10":"shipping-taxable","11":"product-type-simple"},"_links":{"self":[{"href":"https:\/\/nfc-readers.com\/de\/wp-json\/wp\/v2\/product\/1626","targetHints":{"allow":["GET"]}}],"collection":[{"href":"https:\/\/nfc-readers.com\/de\/wp-json\/wp\/v2\/product"}],"about":[{"href":"https:\/\/nfc-readers.com\/de\/wp-json\/wp\/v2\/types\/product"}],"wp:featuredmedia":[{"embeddable":true,"href":"https:\/\/nfc-readers.com\/de\/wp-json\/wp\/v2\/media\/1628"}],"wp:attachment":[{"href":"https:\/\/nfc-readers.com\/de\/wp-json\/wp\/v2\/media?parent=1626"}],"wp:term":[{"taxonomy":"product_brand","embeddable":true,"href":"https:\/\/nfc-readers.com\/de\/wp-json\/wp\/v2\/product_brand?post=1626"},{"taxonomy":"product_cat","embeddable":true,"href":"https:\/\/nfc-readers.com\/de\/wp-json\/wp\/v2\/product_cat?post=1626"},{"taxonomy":"product_tag","embeddable":true,"href":"https:\/\/nfc-readers.com\/de\/wp-json\/wp\/v2\/product_tag?post=1626"}],"curies":[{"name":"wp","href":"https:\/\/api.w.org\/{rel}","templated":true}]}}