{"id":1909,"date":"2024-10-15T13:42:27","date_gmt":"2024-10-15T13:42:27","guid":{"rendered":"https:\/\/nfc-readers.com\/?post_type=product&#038;p=1909"},"modified":"2024-10-28T15:36:29","modified_gmt":"2024-10-28T15:36:29","slug":"acr1222l-contactless-rfid-nfc-reader-writer","status":"publish","type":"product","link":"https:\/\/nfc-readers.com\/de\/ic-reader\/acr1222l-contactless-rfid-nfc-reader-writer\/","title":{"rendered":"ACR1222L Kontaktloser RFID NFC Leser\/Schreiber"},"content":{"rendered":"<p><iframe loading=\"lazy\" title=\"ACR1222L NFC-Leseger\u00e4t\" width=\"1020\" height=\"765\" src=\"https:\/\/www.youtube.com\/embed\/i-7zrKP8WJo?feature=oembed\" frameborder=\"0\" allow=\"accelerometer; autoplay; clipboard-write; encrypted-media; gyroscope; picture-in-picture; web-share\" referrerpolicy=\"strict-origin-when-cross-origin\" allowfullscreen><\/iframe><\/p>\n<div>\n<h1><strong>ACR1222L Kontaktloser RFID NFC Leser\/Schreiber<\/strong><\/h1>\n<p>Der\u00a0<strong>ACR1222L Kontaktloser RFID NFC Leser\/Schreiber<\/strong>\u00a0ist ein Premium-Ger\u00e4t, das eine nahtlose Interaktion mit einer Vielzahl kontaktloser Chipkarten und NFC-Tags erm\u00f6glicht. Mit fortschrittlicher Technologieintegration und benutzerfreundlichen Funktionen ist dies\u00a0<strong>NFC-Leseger\u00e4t<\/strong>\u00a0ist ideal f\u00fcr verschiedene Anwendungen, einschlie\u00dflich sicherer Zugangskontrolle, kontaktloser Zahlungen und Datenerfassung. Wenn Sie Ihren Betrieb mit einem zuverl\u00e4ssigen und effizienten\u00a0<strong>Kartenleser<\/strong>, ist der ACR1222L eine \u00dcberlegung wert.<\/p>\n<p>Dieses Ger\u00e4t bietet au\u00dfergew\u00f6hnliche Kompatibilit\u00e4t mit mehreren NFC-Tags und Smartcards und unterst\u00fctzt Unternehmen bei der Optimierung von Transaktionen und der Verbesserung der Benutzereinbindung. Zu den Vorteilen einer Investition in den ACR1222L geh\u00f6ren seine erweiterten Sicherheitsfunktionen, die interaktive Schnittstelle mit integriertem LCD und die umfassende Unterst\u00fctzung verschiedener Kartentypen. Erfahren Sie mehr dar\u00fcber, warum dieses Ger\u00e4t ein Muss f\u00fcr Unternehmen ist, die die Leistung von nutzen m\u00f6chten\u00a0<strong>RFID<\/strong>\u00a0Technologie.<\/p>\n<h3>1. Umfassende Kompatibilit\u00e4t mit mehreren NFC-Technologien<\/h3>\n<p>Der ACR1222L basiert auf der fortschrittlichen\u00a0<strong>13,56 MHz RFID-Technologie<\/strong>, wodurch die Kompatibilit\u00e4t mit einem breiten Spektrum kontaktloser Karten gew\u00e4hrleistet wird und\u00a0<strong>NFC<\/strong>\u00a0Tags. Dazu geh\u00f6ren\u00a0<strong>ISO 14443 Typ A und B Karten, MIFARE<\/strong>, FeliCa und alle vier Arten von NFC-Tags. Diese Vielseitigkeit macht den ACR1222L zu einem unverzichtbaren Werkzeug f\u00fcr Unternehmen, die kontaktlose Technologie in ihre Abl\u00e4ufe integrieren m\u00f6chten.<\/p>\n<p>Dar\u00fcber hinaus\u00a0<strong>ACR1222L<\/strong>\u00a0unterst\u00fctzt\u00a0<strong>NFC-Funktionalit\u00e4ten<\/strong>\u00a0die es erm\u00f6glichen, NFC-Tags effizient zu lesen und zu schreiben. Diese F\u00e4higkeit kann besonders f\u00fcr Unternehmen von Vorteil sein, die\u00a0<strong>Smartphone<\/strong>\u00a0Transaktionen, wie\u00a0<strong>Google Pay<\/strong>, die eine reibungslose Zahlungsabwicklung \u00fcber NFC-f\u00e4hige Ger\u00e4te erm\u00f6glicht. Egal, ob Sie mit herk\u00f6mmlichen RFID-Karten oder den neuesten\u00a0<strong>NFC-Chips<\/strong>, dieses Ger\u00e4t ist eine Top-Wahl auf dem Markt.<\/p>\n<h3>2. Verbesserte Sicherheitsfunktionen f\u00fcr sichere Transaktionen<\/h3>\n<p>Sicherheit ist f\u00fcr jede Organisation, die mit sensiblen Daten umgeht, von gr\u00f6\u00dfter Bedeutung. Die Funktionen des ACR1222L\u00a0<strong>drei ISO 7816-konforme Secure Access Module (SAM)<\/strong>\u00a0Slots, die f\u00fcr mehr Sicherheit bei kontaktlosen Vorg\u00e4ngen sorgen. Diese SAM-Slots erm\u00f6glichen die sichere Verwaltung kryptografischer Schl\u00fcssel und stellen sicher, dass nur autorisierte Transaktionen verarbeitet werden.<\/p>\n<p>Dank der integrierten Antikollisionstechnologie kann der ACR1222L mehrere NFC-Karten gleichzeitig verarbeiten und stellt sicher, dass jeweils nur ein Tag aufgerufen wird. Diese Funktion verbessert die Datenintegrit\u00e4t und verringert das Risiko eines unbefugten Zugriffs, ein wichtiger Aspekt bei Zugangskontrollsystemen und Finanztransaktionen. Dadurch ist dieser\u00a0<strong>NFC-Leseger\u00e4t<\/strong>\u00a0erf\u00fcllt nicht nur die Industriestandards f\u00fcr Sicherheit, sondern \u00fcbertrifft sie.<\/p>\n<h3>3. Intuitive Benutzeroberfl\u00e4che f\u00fcr nahtlose Interaktion<\/h3>\n<p>Der ACR1222L ist ausgestattet mit einem\u00a0<strong>zweizeiliges Grafik-LCD<\/strong>\u00a0das mehrere Sprachen unterst\u00fctzt, darunter Chinesisch, Englisch, Japanisch und mehrere europ\u00e4ische Sprachen. Diese Mehrsprachenunterst\u00fctzung erleichtert die Interaktion f\u00fcr eine vielf\u00e4ltige Benutzerbasis und stellt sicher, dass alle Benutzer das Ger\u00e4t und seine Funktionen verstehen k\u00f6nnen.<\/p>\n<p>Dar\u00fcber hinaus k\u00f6nnen Benutzer \u00fcber das interaktive LCD durch die Optionen scrollen und problemlos auf verschiedene Einstellungen zugreifen. In Verbindung mit\u00a0<strong>vier benutzersteuerbare LEDs<\/strong>\u00a0und einem akustischen Summer f\u00fcr Statusbenachrichtigungen garantiert der ACR1222L ein klares und ansprechendes Benutzererlebnis. Diese intuitive Benutzeroberfl\u00e4che wurde entwickelt, um das Benutzerverst\u00e4ndnis zu verbessern und Betriebsabl\u00e4ufe zu optimieren, was sie zu einer hervorragenden Erg\u00e4nzung f\u00fcr jeden Technologie-Stack macht.<\/p>\n<h3>4. Vielseitige Anwendungen in allen Branchen<\/h3>\n<p>Der kontaktlose RFID-NFC-Lese- und Schreiber ACR1222L kann in verschiedenen Branchen eingesetzt werden, darunter Einzelhandel, Gesundheitswesen und Transport. Im Einzelhandel erm\u00f6glicht die F\u00e4higkeit, NFC-Tags zu lesen und zu schreiben, Unternehmen, Transaktionen zu rationalisieren und die Kundenbindung zu verbessern.\u00a0<strong>NFC-Werkzeuge<\/strong>\u00a0kann integriert werden, um Treueprogramme zu verwalten oder kontaktlose Zahlungen zu erm\u00f6glichen und so die allgemeine Kundenzufriedenheit zu verbessern.<\/p>\n<p>Im Gesundheitswesen kann der ACR1222L dazu beitragen, das Einchecken von Patienten zu vereinfachen, den sicheren Zugriff auf vertrauliche Informationen zu gew\u00e4hrleisten und sicherzustellen, dass medizinisches Personal schnell auf Daten zugreifen kann. Dar\u00fcber hinaus ist er aufgrund seiner Kompatibilit\u00e4t mit RFID-Karten ideal f\u00fcr die Zugangskontrolle zu Sperrbereichen geeignet und erh\u00f6ht die Sicherheit in Verkehrsknotenpunkten.<\/p>\n<h3>5. Technische Daten und Leistungskennzahlen<\/h3>\n<p>Die technische Leistungsf\u00e4higkeit des ACR1222L wird durch seine beeindruckenden Spezifikationen belegt:<\/p>\n<\/div>\n<div>\n<table width=\"702\">\n<tbody>\n<tr>\n<td colspan=\"2\" width=\"702\">Physikalische Eigenschaften<\/td>\n<\/tr>\n<tr>\n<td rowspan=\"2\" width=\"250\">Gr\u00f6\u00dfe (mm)<\/td>\n<td width=\"452\">Hauptgeh\u00e4use: 133,5 mm (L) x 88,5 mm (B) x 21,0 mm (H)<\/td>\n<\/tr>\n<tr>\n<td width=\"452\">Mit St\u00e4nder: 158,0 mm (L) x 95,0 mm (B) x 95,0 mm (H)<\/td>\n<\/tr>\n<tr>\n<td rowspan=\"2\" width=\"250\">Gewicht (g)<\/td>\n<td width=\"452\">Hauptteil: 173 g<\/td>\n<\/tr>\n<tr>\n<td width=\"452\">Mit St\u00e4nder: 415 g<\/td>\n<\/tr>\n<tr>\n<td colspan=\"2\" width=\"702\">USB-Schnittstelle<\/td>\n<\/tr>\n<tr>\n<td width=\"250\">Protokoll<\/td>\n<td width=\"452\">USB-CCID<\/td>\n<\/tr>\n<tr>\n<td width=\"250\">Steckertyp<\/td>\n<td width=\"452\">Standard Typ A<\/td>\n<\/tr>\n<tr>\n<td width=\"250\">Energiequelle<\/td>\n<td width=\"452\">Vom USB-Anschluss<\/td>\n<\/tr>\n<tr>\n<td width=\"250\">Geschwindigkeit<\/td>\n<td width=\"452\">USB-Vollgeschwindigkeit (12 Mbit\/s)<\/td>\n<\/tr>\n<tr>\n<td width=\"250\">Kabell\u00e4nge<\/td>\n<td width=\"452\">1,5 m, fest<\/td>\n<\/tr>\n<tr>\n<td colspan=\"2\" width=\"702\">Kontaktlose Smartcard-Schnittstelle<\/td>\n<\/tr>\n<tr>\n<td width=\"250\">Standard<\/td>\n<td width=\"452\">ISO\/IEC 18092 NFC, ISO 14443 Typ A und B, MIFARE\u00ae, FeliCa<\/td>\n<\/tr>\n<tr>\n<td rowspan=\"4\" width=\"250\">Protokoll<\/td>\n<td width=\"452\">ISO 14443-4-konforme Karte, T=CL<\/td>\n<\/tr>\n<tr>\n<td width=\"452\">MIFARE\u00ae Classic Karte, T=CL<\/td>\n<\/tr>\n<tr>\n<td width=\"452\">ISO18092, NFC-Tags<\/td>\n<\/tr>\n<tr>\n<td width=\"452\">Abonnieren<\/td>\n<\/tr>\n<tr>\n<td colspan=\"2\" width=\"702\">SAM-Kartenschnittstelle<\/td>\n<\/tr>\n<tr>\n<td width=\"250\">Anzahl der Steckpl\u00e4tze<\/td>\n<td width=\"452\">3 Steckpl\u00e4tze f\u00fcr SIM-Karten im Standardformat<\/td>\n<\/tr>\n<tr>\n<td width=\"250\">Standard<\/td>\n<td width=\"452\">ISO 7816 Klasse A (5 V)<\/td>\n<\/tr>\n<tr>\n<td width=\"250\">Protokoll<\/td>\n<td width=\"452\">T = 0; T = 1<\/td>\n<\/tr>\n<tr>\n<td colspan=\"2\" width=\"702\">Integrierte Peripherieger\u00e4te<\/td>\n<\/tr>\n<tr>\n<td rowspan=\"3\" width=\"250\">LCD<\/td>\n<td width=\"452\">Grafisches LCD mit gelb-gr\u00fcner Hintergrundbeleuchtung<\/td>\n<\/tr>\n<tr>\n<td width=\"452\">Aufl\u00f6sung: 128 x 32 Pixel<\/td>\n<\/tr>\n<tr>\n<td width=\"452\">Anzahl der Zeichen: 16 Zeichen x 2 Zeilen<\/td>\n<\/tr>\n<tr>\n<td width=\"250\">LED<\/td>\n<td width=\"452\">4 Einzelfarben: Gr\u00fcn, Blau, Orange und Rot<\/td>\n<\/tr>\n<tr>\n<td width=\"250\">Summer<\/td>\n<td width=\"452\">Monoton<\/td>\n<\/tr>\n<tr>\n<td colspan=\"2\" width=\"702\">Andere Eigenschaften<\/td>\n<\/tr>\n<tr>\n<td width=\"250\">Firmware-Aktualisierung<\/td>\n<td width=\"452\">Unterst\u00fctzt<\/td>\n<\/tr>\n<tr>\n<td colspan=\"2\" width=\"702\">Zertifizierungen\/Konformit\u00e4t<\/td>\n<\/tr>\n<tr>\n<td rowspan=\"13\" width=\"250\">Zertifizierungen\/Konformit\u00e4t<\/td>\n<td width=\"452\">ISO 18092<\/td>\n<\/tr>\n<tr>\n<td width=\"452\">ISO 14443<\/td>\n<\/tr>\n<tr>\n<td width=\"452\">ISO 7816 (SAM-Steckplatz)<\/td>\n<\/tr>\n<tr>\n<td width=\"452\">USB mit voller Geschwindigkeit<\/td>\n<\/tr>\n<tr>\n<td width=\"452\">PC\/SC<\/td>\n<\/tr>\n<tr>\n<td width=\"452\">CCID<\/td>\n<\/tr>\n<tr>\n<td width=\"452\">VCCI (Japan)<\/td>\n<\/tr>\n<tr>\n<td width=\"452\">KC (Korea)<\/td>\n<\/tr>\n<tr>\n<td width=\"452\">Microsoft\u00ae WHQL<\/td>\n<\/tr>\n<tr>\n<td width=\"452\">CE<\/td>\n<\/tr>\n<tr>\n<td width=\"452\">FCC<\/td>\n<\/tr>\n<tr>\n<td width=\"452\">RoHS<\/td>\n<\/tr>\n<tr>\n<td width=\"452\">ERREICHEN<\/td>\n<\/tr>\n<tr>\n<td colspan=\"2\" width=\"702\">Unterst\u00fctzte Ger\u00e4tetreiber und Betriebssysteme<\/td>\n<\/tr>\n<tr>\n<td rowspan=\"5\" width=\"250\">Unterst\u00fctzte Ger\u00e4tetreiber und Betriebssysteme<\/td>\n<td width=\"452\">Windows\u00ae<\/td>\n<\/tr>\n<tr>\n<td width=\"452\">Linux\u00ae<\/td>\n<\/tr>\n<tr>\n<td width=\"452\">MAC OS\u00ae<\/td>\n<\/tr>\n<tr>\n<td width=\"452\">Solaris<\/td>\n<\/tr>\n<tr>\n<td width=\"452\">Android\u2122<\/td>\n<\/tr>\n<\/tbody>\n<\/table>\n<\/div>\n<div><\/div>\n<div>\n<p>Mit seinen Hochgeschwindigkeits-Lesefunktionen und der Flexibilit\u00e4t bei der Verwaltung verschiedener Karten ist der ACR1222L ein leistungsstarker\u00a0<strong>Chipkartenleser<\/strong>.<\/p>\n<h3>6. Benutzerfreundliche Einrichtung und Integration<\/h3>\n<p>Die Einrichtung des ACR1222L ist unkompliziert und sowohl f\u00fcr technische als auch f\u00fcr nicht-technische Benutzer zug\u00e4nglich. Das Ger\u00e4t kann problemlos in bestehende Systeme integriert werden \u00fcber\u00a0<strong>USB<\/strong>, wodurch die Kompatibilit\u00e4t mit g\u00e4ngigen Betriebssystemen wie Windows, Linux und macOS gew\u00e4hrleistet wird. Dar\u00fcber hinaus ist die\u00a0<strong>Aktualisierbarkeit der USB-Firmware<\/strong>\u00a0Mit dieser Funktion k\u00f6nnen Benutzer ihre Ger\u00e4te mit den neuesten Verbesserungen und Sicherheitsfunktionen auf dem neuesten Stand halten.<\/p>\n<p>Diese einfache Einrichtung ist besonders vorteilhaft f\u00fcr Unternehmen, die schnell implementieren m\u00f6chten\u00a0<strong>kontaktlose L\u00f6sungen<\/strong>\u00a0ohne lange Ausfallzeiten oder komplizierte Installationen.<\/p>\n<h3>7. Umweltauswirkungen und nachhaltige Nutzung<\/h3>\n<p>Da Unternehmen sich ihrer Umweltauswirkungen immer bewusster werden, folgt der ACR1222L den Grunds\u00e4tzen einer nachhaltigen Nutzung. Durch den geringen Stromverbrauch senkt das Ger\u00e4t nicht nur die Energiekosten, sondern tr\u00e4gt auch zu einem geringeren CO2-Fu\u00dfabdruck bei.<\/p>\n<p>Dar\u00fcber hinaus ist das Ger\u00e4t auf dauerhafte Leistung ausgelegt, wodurch der Bedarf an h\u00e4ufigen Austauschvorg\u00e4ngen minimiert und der Elektroschrott im Laufe der Zeit reduziert wird. Dieser Nachhaltigkeitsaspekt ist ein wesentlicher Faktor f\u00fcr Organisationen, die in ihren Betrieben umweltfreundliche Initiativen f\u00f6rdern m\u00f6chten.<\/p>\n<h3>8. Kundenbewertungen und Feedback<\/h3>\n<p>Das Kundenfeedback zum ACR1222L unterstreicht seine Zuverl\u00e4ssigkeit, Benutzerfreundlichkeit und umfassenden Funktionen. Benutzer sch\u00e4tzen die reibungslose Leistung beim Lesen und Schreiben von NFC-Tags sowie die robusten Sicherheitsfunktionen.<\/p>\n<p>Ein Benutzer erkl\u00e4rte: \u201eDer ACR1222L hat unsere Transaktionsprozesse ver\u00e4ndert. Er ist schnell, sicher und das eingebaute Display ist unglaublich n\u00fctzlich, um unsere Kunden auf dem Laufenden zu halten.\u201c<\/p>\n<\/div>\n<div><\/div>\n<div><\/div>","protected":false},"excerpt":{"rendered":"<p>Der kontaktlose RFID-NFC-Lese- und Schreiber ACR1222L kann in verschiedenen Branchen eingesetzt werden, darunter Einzelhandel, Gesundheitswesen und Transport. Im Einzelhandel erm\u00f6glicht die F\u00e4higkeit, NFC-Tags zu lesen und zu schreiben, Unternehmen, Transaktionen zu rationalisieren und die Kundenbindung zu verbessern. <strong>NFC-Werkzeuge<\/strong>\u00a0kann integriert werden, um Treueprogramme zu verwalten oder kontaktlose Zahlungen zu erm\u00f6glichen und so die allgemeine Kundenzufriedenheit zu verbessern.<\/p>","protected":false},"featured_media":1563,"template":"","meta":[],"product_brand":[],"product_cat":[45,40],"product_tag":[],"class_list":{"0":"post-1909","1":"product","2":"type-product","3":"status-publish","4":"has-post-thumbnail","6":"product_cat-contactless-nfc-reader","7":"product_cat-rfid-nfc-reader","9":"first","10":"instock","11":"shipping-taxable","12":"product-type-simple"},"_links":{"self":[{"href":"https:\/\/nfc-readers.com\/de\/wp-json\/wp\/v2\/product\/1909","targetHints":{"allow":["GET"]}}],"collection":[{"href":"https:\/\/nfc-readers.com\/de\/wp-json\/wp\/v2\/product"}],"about":[{"href":"https:\/\/nfc-readers.com\/de\/wp-json\/wp\/v2\/types\/product"}],"wp:featuredmedia":[{"embeddable":true,"href":"https:\/\/nfc-readers.com\/de\/wp-json\/wp\/v2\/media\/1563"}],"wp:attachment":[{"href":"https:\/\/nfc-readers.com\/de\/wp-json\/wp\/v2\/media?parent=1909"}],"wp:term":[{"taxonomy":"product_brand","embeddable":true,"href":"https:\/\/nfc-readers.com\/de\/wp-json\/wp\/v2\/product_brand?post=1909"},{"taxonomy":"product_cat","embeddable":true,"href":"https:\/\/nfc-readers.com\/de\/wp-json\/wp\/v2\/product_cat?post=1909"},{"taxonomy":"product_tag","embeddable":true,"href":"https:\/\/nfc-readers.com\/de\/wp-json\/wp\/v2\/product_tag?post=1909"}],"curies":[{"name":"wp","href":"https:\/\/api.w.org\/{rel}","templated":true}]}}