{"id":2027,"date":"2024-04-19T13:31:13","date_gmt":"2024-04-19T13:31:13","guid":{"rendered":"https:\/\/nfc-readers.com\/?post_type=product&#038;p=2027"},"modified":"2024-09-29T07:26:17","modified_gmt":"2024-09-29T07:26:17","slug":"d60-smart-pos","status":"publish","type":"product","link":"https:\/\/nfc-readers.com\/de\/ic-reader\/d60-smart-pos\/","title":{"rendered":"D60 Intelligentes POS-System"},"content":{"rendered":"<h1>D60 Intelligentes POS-System<\/h1>\n<p>Wir stellen das Smart POS D60 vor, unser neuestes Flaggschiff unter den Android-POS-Ger\u00e4ten. Mit einem ger\u00e4umigen 6,5-Zoll-Touchscreen und blitzschneller Druckgeschwindigkeit bietet es ein beeindruckendes Benutzererlebnis und eine effiziente Transaktionsverarbeitung. Sein ergonomisches Design sorgt f\u00fcr einen bequemen Griff, w\u00e4hrend die integrierte Kamera schnelles Scannen von QR-Codes f\u00fcr reibungslose Zahlungen erm\u00f6glicht. Das D60 ist taschenfreundlich und langlebig und ist Ihr zuverl\u00e4ssiger Partner den ganzen Tag \u00fcber. Erleben Sie mit dem Smart POS D60 ein neues Ma\u00df an Komfort und Innovation.<\/p>\n<table width=\"589\">\n<tbody>\n<tr>\n<td width=\"177\">Betriebssystem<\/td>\n<td width=\"412\">Android 11<\/td>\n<\/tr>\n<tr>\n<td width=\"177\"><\/td>\n<td width=\"412\">Anwendungs-CPU: 4*A53@ 2,0GHz<\/td>\n<\/tr>\n<tr>\n<td width=\"177\">Prozessor<\/td>\n<td width=\"412\">Sicherheits-CPU: 32-Bit ARM 192 MHz<\/td>\n<\/tr>\n<tr>\n<td width=\"177\">Erinnerung<\/td>\n<td width=\"412\">1\u00a0GB LPDDR3, 16\u00a0GB eMMC<\/td>\n<\/tr>\n<tr>\n<td width=\"177\"><\/td>\n<td width=\"412\">6,5-Zoll-TFT-IPS-Display (1600 x 720)<\/td>\n<\/tr>\n<tr>\n<td width=\"177\">Anzeige<\/td>\n<td width=\"412\">Touchscreen-Anzeige<\/td>\n<\/tr>\n<tr>\n<td width=\"177\"><\/td>\n<td width=\"412\">LTE I WCDMA I GSM<\/td>\n<\/tr>\n<tr>\n<td width=\"177\">Kommunikation<\/td>\n<td width=\"412\">Bluetooth 5.0 und WLAN: 802.11 a\/b\/g\/n\/ac, 2,4 GHz und 5G, unterst\u00fctzt AP<\/td>\n<\/tr>\n<tr>\n<td width=\"177\">Satellitenortung<\/td>\n<td width=\"412\">GPS | A-GPS | GLONASS | BEIDOU<\/td>\n<\/tr>\n<tr>\n<td width=\"177\">Kamera<\/td>\n<td width=\"412\">2M FF-Pixel<\/td>\n<\/tr>\n<tr>\n<td width=\"177\">Drucker<\/td>\n<td width=\"412\">Hochgeschwindigkeits-Thermodrucker I Papierrolle, Breite: 58mm I Papierrollendurchmesser: 40mm<\/td>\n<\/tr>\n<tr>\n<td width=\"177\">EMV-Kartenleser<\/td>\n<td width=\"412\">EMV\/PBOC-Chipkartenleser, ISO 7816-konform, Klasse A, B, C<\/td>\n<\/tr>\n<tr>\n<td width=\"177\">NFC-Leseger\u00e4t<\/td>\n<td width=\"412\">EMV kontaktlos, ISO 14443A\/B, Mifare<\/td>\n<\/tr>\n<tr>\n<td width=\"177\">Magnetstreifenkartenleser<\/td>\n<td width=\"412\">ISO-7811\/7813\/7810<\/td>\n<\/tr>\n<tr>\n<td width=\"177\">Schl\u00fcsselverwaltung<\/td>\n<td width=\"412\">DUKPT, MK\/SK<\/td>\n<\/tr>\n<tr>\n<td width=\"177\">Verschl\u00fcsselungsalgorithmus<\/td>\n<td width=\"412\">DES, 3DES, RSA, AES, SHA-256<\/td>\n<\/tr>\n<tr>\n<td width=\"177\"><\/td>\n<td width=\"412\">PCI PTS 6.x SRED<\/td>\n<\/tr>\n<tr>\n<td width=\"177\">Zertifizierungen<\/td>\n<td width=\"412\">EMV L1 und L2, Kontaktlos L1<\/td>\n<\/tr>\n<tr>\n<td width=\"177\"><\/td>\n<td width=\"412\">Visa Paywave, MasterCard Paypass, Amex Expresspay, MasterCard TQM CE, FCC, RoHS<\/td>\n<\/tr>\n<tr>\n<td width=\"177\">Adapter<\/td>\n<td width=\"412\">Gleichstrom 5 V, 2 A<\/td>\n<\/tr>\n<tr>\n<td width=\"177\">Batterie<\/td>\n<td width=\"412\">2500 mAh, 7,2 V<\/td>\n<\/tr>\n<tr>\n<td width=\"177\"><\/td>\n<td width=\"412\">1 Typ C (OTG)<\/td>\n<\/tr>\n<tr>\n<td width=\"177\">Peripherieanschl\u00fcsse<\/td>\n<td width=\"412\">1 Nano-SIM + 1 Mini-SIM + 1 Mini-SAM<\/td>\n<\/tr>\n<tr>\n<td width=\"177\"><\/td>\n<td width=\"412\">1 Micro-SD-Kartensteckplatz, unterst\u00fctzt bis zu 128 GB<\/td>\n<\/tr>\n<tr>\n<td width=\"177\"><\/td>\n<td width=\"412\">Betriebstemperatur (0 \u00b0C bis +50 \u00b0C)<\/td>\n<\/tr>\n<tr>\n<td width=\"177\">Umweltbedingungen<\/td>\n<td width=\"412\">Luftfeuchtigkeit bei Betrieb (5% bis 95%, nicht kondensierend)<\/td>\n<\/tr>\n<tr>\n<td width=\"177\">Ma\u00dfe<\/td>\n<td width=\"412\">186,4 mm x 79 mm x 54,6\u201325,85 mm, 384 g (inkl. Akku)<\/td>\n<\/tr>\n<tr>\n<td width=\"177\">Standardzubeh\u00f6r<\/td>\n<td width=\"412\">1 Netzteil, 1 Typ-C-Kabel<\/td>\n<\/tr>\n<\/tbody>\n<\/table>","protected":false},"excerpt":{"rendered":"<p>Lernen Sie das Smart POS D60 kennen, ein kompaktes Android mPOS mit einem 6,5-Zoll-Touchscreen, schnellem QR-Code-Scanning und einem RFID-Leseger\u00e4t f\u00fcr effiziente Transaktionen den ganzen Tag lang.<\/p>","protected":false},"featured_media":2028,"template":"","meta":[],"product_brand":[],"product_cat":[15,45],"product_tag":[],"class_list":{"0":"post-2027","1":"product","2":"type-product","3":"status-publish","4":"has-post-thumbnail","6":"product_cat-pos-machine","7":"product_cat-contactless-nfc-reader","9":"first","10":"instock","11":"shipping-taxable","12":"product-type-simple"},"_links":{"self":[{"href":"https:\/\/nfc-readers.com\/de\/wp-json\/wp\/v2\/product\/2027","targetHints":{"allow":["GET"]}}],"collection":[{"href":"https:\/\/nfc-readers.com\/de\/wp-json\/wp\/v2\/product"}],"about":[{"href":"https:\/\/nfc-readers.com\/de\/wp-json\/wp\/v2\/types\/product"}],"wp:featuredmedia":[{"embeddable":true,"href":"https:\/\/nfc-readers.com\/de\/wp-json\/wp\/v2\/media\/2028"}],"wp:attachment":[{"href":"https:\/\/nfc-readers.com\/de\/wp-json\/wp\/v2\/media?parent=2027"}],"wp:term":[{"taxonomy":"product_brand","embeddable":true,"href":"https:\/\/nfc-readers.com\/de\/wp-json\/wp\/v2\/product_brand?post=2027"},{"taxonomy":"product_cat","embeddable":true,"href":"https:\/\/nfc-readers.com\/de\/wp-json\/wp\/v2\/product_cat?post=2027"},{"taxonomy":"product_tag","embeddable":true,"href":"https:\/\/nfc-readers.com\/de\/wp-json\/wp\/v2\/product_tag?post=2027"}],"curies":[{"name":"wp","href":"https:\/\/api.w.org\/{rel}","templated":true}]}}