{"id":2032,"date":"2024-10-19T14:08:52","date_gmt":"2024-10-19T14:08:52","guid":{"rendered":"https:\/\/nfc-readers.com\/?post_type=product&#038;p=2032"},"modified":"2024-10-28T14:12:28","modified_gmt":"2024-10-28T14:12:28","slug":"mifare-classic-1k-4k-rfid-cards","status":"publish","type":"product","link":"https:\/\/nfc-readers.com\/de\/ic-reader\/mifare-classic-1k-4k-rfid-cards\/","title":{"rendered":"Mifare Classic 1k 4K RFID-Karten"},"content":{"rendered":"<h1>Mifare classic 1k 4K RFID-Karten<\/h1>\n<p>Die MIFARE Classic\u00ae 1K- oder 4K-Karte ist ein integraler Bestandteil der kontaktlosen Chipkartentechnologie. Als Pionier auf diesem Gebiet wird sie f\u00fcr eine Vielzahl von Anwendungen eingesetzt, von \u00f6ffentlichen Verkehrsmitteln und Zugangskontrollen bis hin zu Veranstaltungstickets und Treueprogrammen. Die MIFARE Classic\u00ae 1K-\/4K-Karte verf\u00fcgt \u00fcber eine Speicherkapazit\u00e4t von 1 Kilobyte\/4 Kilobyte, die f\u00fcr die Speicherung pers\u00f6nlicher Daten, Authentifizierungsinformationen und anwendungsspezifischer Datens\u00e4tze ausreicht.<\/p>\n<p><span class=\"AnswerParser_TextContainer__z_Iiv\" data-testid=\"youchat-text\">Der\u00a0<strong>MIFARE-Karte<\/strong>\u00a0ist ein Markenzeichen f\u00fcr Innovation und Zuverl\u00e4ssigkeit im Bereich kontaktloser Chipkarten. Der von NXP Semiconductors entwickelte MIFARE MF1ICS50 IC ist ein Eckpfeiler in Fahrkartensystemen des \u00f6ffentlichen Nahverkehrs und anderen Anwendungen mit hohem Datendurchsatz und bietet nahtlose Transaktionen und robuste Sicherheit. Mit seiner intelligenten Antikollisionsfunktion und Kompatibilit\u00e4t mit ISO\/IEC 14443 Typ-A gew\u00e4hrleistet er eine effiziente und sichere kontaktlose Kommunikation und ist damit ein unsch\u00e4tzbarer Vorteil in schnelllebigen Umgebungen.<\/span><\/p>\n<h2 class=\"AnswerParser_AnswerParserH2__SIHnF\">Das Erbe der MIFARE-Technologie<\/h2>\n<h3 class=\"AnswerParser_AnswerParserH3__Mpe4s\">Bahnbrechende kontaktlose L\u00f6sungen<\/h3>\n<p><span class=\"AnswerParser_TextContainer__z_Iiv\" data-testid=\"youchat-text\"><strong>MIFARE-Technologie<\/strong>\u00a0ist seit seiner Einf\u00fchrung Vorreiter bei kontaktlosen Chipkartenl\u00f6sungen. Der MIFARE MF1ICS50 IC, oft als\u00a0<strong>MIFARE Classic 1K<\/strong>ist ein Beweis f\u00fcr das Engagement von NXP f\u00fcr Innovation. Sein Design erleichtert die Integration in bestehende Systeme und bietet sowohl Betreibern als auch Benutzern ein nahtloses Erlebnis. Mit einem\u00a0<strong>13,56 MHz<\/strong>\u00a0Betriebsfrequenz sorgt es f\u00fcr eine effiziente Daten\u00fcbertragung und Energieversorgung, sodass keine Batterie erforderlich ist.<\/span><span class=\"AnswerParser_TextContainer__z_Iiv\" data-testid=\"youchat-text\">Der\u00a0<strong>Antikollisionsfunktion<\/strong>\u00a0der MIFARE-Karte erm\u00f6glicht den gleichzeitigen, st\u00f6rungsfreien Betrieb mehrerer Karten. Diese Funktion ist in \u00fcberf\u00fcllten Umgebungen wie \u00f6ffentlichen Verkehrsmitteln von entscheidender Bedeutung, wo Geschwindigkeit und Genauigkeit von gr\u00f6\u00dfter Bedeutung sind. Die eindeutige Seriennummer der Karte erh\u00f6ht ihre Sicherheit zus\u00e4tzlich und stellt sicher, dass jede Transaktion nachvollziehbar und sicher ist.<\/span><\/p>\n<h3 class=\"AnswerParser_AnswerParserH3__Mpe4s\">Vielseitige Anwendungen in allen Branchen<\/h3>\n<p><span class=\"AnswerParser_TextContainer__z_Iiv\" data-testid=\"youchat-text\">Der\u00a0<strong>MIFARE-Karte<\/strong>\u00a0ist nicht nur auf den \u00f6ffentlichen Verkehr beschr\u00e4nkt; seine Einsatzm\u00f6glichkeiten sind umfangreich und vielf\u00e4ltig. Von der sicheren Zugangskontrolle in Unternehmensumgebungen bis hin zu Treueprogrammen und Mikrozahlungen im Einzelhandel ist die Vielseitigkeit der MIFARE-Karte un\u00fcbertroffen. Ihre F\u00e4higkeit, auch in einer Brieftasche, umgeben von M\u00fcnzen, funktionsf\u00e4hig zu bleiben, unterstreicht ihre Zweckm\u00e4\u00dfigkeit und Anpassungsf\u00e4higkeit.<\/span><span class=\"AnswerParser_TextContainer__z_Iiv\" data-testid=\"youchat-text\">F\u00fcr Systembetreiber und Entwickler ist die\u00a0<strong>MIFARE-Karte<\/strong>\u00a0bietet eine robuste Plattform f\u00fcr die Erstellung zuverl\u00e4ssiger, interoperabler und skalierbarer kontaktloser L\u00f6sungen. Seine schnelle Transaktionszeit, die normalerweise weniger als 100 ms betr\u00e4gt, gew\u00e4hrleistet einen hohen Durchsatz und reduzierte Wartezeiten und ist daher ideal f\u00fcr Bereiche mit hohem Verkehrsaufkommen.<\/span><\/p>\n<h2 class=\"AnswerParser_AnswerParserH2__SIHnF\">Technische Daten und Funktionen<\/h2>\n<p><span class=\"AnswerParser_TextContainer__z_Iiv\" data-testid=\"youchat-text\">Der\u00a0<strong>MIFARE-Karte<\/strong>\u00a0verf\u00fcgt \u00fcber beeindruckende technische Spezifikationen, die ein breites Anwendungsspektrum abdecken:<\/span><\/p>\n<div class=\"AnswerParser_TableContainer__Erb6v\" data-testid=\"table-container\">\n<table>\n<thead>\n<tr>\n<th style=\"text-align: left;\">Spezifikation<\/th>\n<th style=\"text-align: left;\">Details<\/th>\n<\/tr>\n<\/thead>\n<tbody>\n<tr>\n<td>Frequenz<\/td>\n<td>13,56 MHz<\/td>\n<\/tr>\n<tr>\n<td>Daten\u00fcbertragung<\/td>\n<td>106 kbit\/s<\/td>\n<\/tr>\n<tr>\n<td>Erinnerung<\/td>\n<td>1 kB \u2013 4 kB, organisiert in 16 Sektoren mit 4 Bl\u00f6cken zu je 16 Byte<\/td>\n<\/tr>\n<tr>\n<td>Sicherheit<\/td>\n<td>Gegenseitige Drei-Pass-Authentifizierung, eindeutige Seriennummer<\/td>\n<\/tr>\n<tr>\n<td>Reichweite<\/td>\n<td>Bis zu 100mm (je nach Antennengeometrie)<\/td>\n<\/tr>\n<tr>\n<td>Ausdauer schreiben<\/td>\n<td>100.000 \u2013 200.000 Zyklen<\/td>\n<\/tr>\n<tr>\n<td>Datenaufbewahrung<\/td>\n<td>10 Jahre<\/td>\n<\/tr>\n<\/tbody>\n<\/table>\n<\/div>\n<h3 class=\"AnswerParser_AnswerParserH3__Mpe4s\">Hohe Sicherheit und Datenintegrit\u00e4t<\/h3>\n<p><span class=\"AnswerParser_TextContainer__z_Iiv\" data-testid=\"youchat-text\">Sicherheit ist ein Eckpfeiler der\u00a0<strong>MIFARE-Karte<\/strong>. Es verwendet eine gegenseitige Drei-Pass-Authentifizierung gem\u00e4\u00df dem ISO\/IEC DIS 9798-2-Standard und stellt sicher, dass nur autorisierte Benutzer auf die Daten zugreifen k\u00f6nnen. Jeder Sektor der Karte ist durch einen individuellen Satz von zwei Schl\u00fcsseln gesch\u00fctzt und unterst\u00fctzt Multi-Anwendungsumgebungen mit einer Schl\u00fcsselhierarchie.<\/span><span class=\"AnswerParser_TextContainer__z_Iiv\" data-testid=\"youchat-text\">Die Datenintegrit\u00e4t der Karte wird durch 16-Bit-CRC, Parit\u00e4t, Bitcodierung und Bitz\u00e4hlung gew\u00e4hrleistet, wodurch Datenbesch\u00e4digungen verhindert und zuverl\u00e4ssige Transaktionen sichergestellt werden. Aufgrund dieses Sicherheitsniveaus ist die MIFARE-Karte ideal f\u00fcr Anwendungen, die ein hohes Ma\u00df an Schutz erfordern.<\/span><\/p>\n<h3 class=\"AnswerParser_AnswerParserH3__Mpe4s\">Nahtlose Integration und Benutzerfreundlichkeit<\/h3>\n<p><span class=\"AnswerParser_TextContainer__z_Iiv\" data-testid=\"youchat-text\">Der\u00a0<strong>MIFARE-Karte<\/strong>\u00a0ist f\u00fcr eine einfache Integration in vorhandene Infrastrukturen konzipiert. Es unterst\u00fctzt verschiedene Lieferoptionen, darunter Die-on-Wafer, Bump-Die-on-Wafer und kontaktlose Kartenmodule, und bietet so Flexibilit\u00e4t f\u00fcr verschiedene Einsatzszenarien. Diese Anpassungsf\u00e4higkeit stellt sicher, dass die MIFARE-Karte die spezifischen Anforderungen jeder Anwendung erf\u00fcllen kann, von \u00f6ffentlichen Verkehrssystemen bis hin zur Zugangskontrolle in Unternehmen.<\/span><\/p>\n<h2 class=\"AnswerParser_AnswerParserH2__SIHnF\">Kundenrezensionen und Erfahrungsberichte<\/h2>\n<p><span class=\"AnswerParser_TextContainer__z_Iiv\" data-testid=\"youchat-text\">Kunden weltweit loben die\u00a0<strong>MIFARE-Karte<\/strong>\u00a0f\u00fcr ihre Zuverl\u00e4ssigkeit und Effizienz. Ein zufriedener Benutzer kommentierte: \u201eDie MIFARE-Karte hat unser Transportsystem revolutioniert, die Einstiegszeiten verk\u00fcrzt und die Sicherheit erh\u00f6ht.\u201c Ein anderer bemerkte: \u201eDie M\u00f6glichkeit, mehrere Anwendungen auf einer einzigen Karte abzuwickeln, hat unsere Abl\u00e4ufe erheblich rationalisiert.\u201c<\/span><\/p>\n<h2 class=\"AnswerParser_AnswerParserH2__SIHnF\">H\u00e4ufig gestellte Fragen<\/h2>\n<p><span class=\"AnswerParser_TextContainer__z_Iiv\" data-testid=\"youchat-text\"><strong>F: Warum ist die MIFARE-Karte f\u00fcr den \u00f6ffentlichen Nahverkehr geeignet?<\/strong><br \/>\nA: Seine schnelle Transaktionszeit, die Antikollisionsfunktion und die robuste Sicherheit machen es ideal f\u00fcr Umgebungen mit hohem Durchsatz wie den \u00f6ffentlichen Nahverkehr.<\/span><\/p>\n<p><span class=\"AnswerParser_TextContainer__z_Iiv\" data-testid=\"youchat-text\"><strong>F: Wie gew\u00e4hrleistet die MIFARE-Karte die Datensicherheit?<\/strong><br \/>\nA: Es verwendet eine gegenseitige Drei-Pass-Authentifizierung und individuelle Sektorschl\u00fcssel und gew\u00e4hrleistet so, dass nur autorisierter Zugriff auf die Daten erfolgt.<\/span><\/p>\n<p><span class=\"AnswerParser_TextContainer__z_Iiv\" data-testid=\"youchat-text\"><strong>F: Kann die MIFARE-Karte auch f\u00fcr andere Zwecke als den \u00f6ffentlichen Nahverkehr verwendet werden?<\/strong><br \/>\nA: Ja, es ist vielseitig genug f\u00fcr den Einsatz in sicheren Zugangskontrollen, Treueprogrammen und Mikrozahlungssystemen.<\/span><\/p>\n<h2 class=\"AnswerParser_AnswerParserH2__SIHnF\">Umweltauswirkungen und Nachhaltigkeit<\/h2>\n<p><span class=\"AnswerParser_TextContainer__z_Iiv\" data-testid=\"youchat-text\">Der\u00a0<strong>MIFARE-Karte<\/strong>\u00a0wurde im Hinblick auf Nachhaltigkeit entwickelt. Die lange Datenspeicherung und hohe Schreiblebensdauer reduzieren die Notwendigkeit h\u00e4ufiger Kartenaustausche und minimieren so den Abfall. Durch die Unterst\u00fctzung mehrerer Anwendungen auf einer einzigen Karte wird auch die Umweltbelastung durch die Produktion mehrerer Karten reduziert.<\/span><\/p>\n<h2 class=\"AnswerParser_AnswerParserH2__SIHnF\">Fazit: Warum die MIFARE-Karte w\u00e4hlen?<\/h2>\n<p><span class=\"AnswerParser_TextContainer__z_Iiv\" data-testid=\"youchat-text\">Der\u00a0<strong>MIFARE-Karte<\/strong>\u00a0bietet eine robuste, sichere und vielseitige L\u00f6sung f\u00fcr jede kontaktlose Anwendung. Ob es um die Verbesserung eines \u00f6ffentlichen Verkehrssystems, die Verbesserung der Unternehmenszugangskontrolle oder die Integration mehrerer Dienste in eine Smart City-Umgebung geht, die MIFARE-Karte ist eine zuverl\u00e4ssige und effiziente Wahl. Ihre erweiterten Sicherheitsfunktionen, die nahtlose Integration und die vielf\u00e4ltigen Anwendungsm\u00f6glichkeiten machen sie zu einer lohnenden Investition f\u00fcr jedes Unternehmen.<\/span><span class=\"AnswerParser_TextContainer__z_Iiv\" data-testid=\"youchat-text\">F\u00fcr weitere Informationen oder um eine Bestellung aufzugeben,\u00a0<strong>kontaktiere uns<\/strong>\u00a0heute. Sch\u00f6pfen Sie das Potenzial kontaktloser L\u00f6sungen mit der MIFARE-Karte.<\/span><\/p>","protected":false},"excerpt":{"rendered":"<div class=\"auto-hide-last-sibling-br paragraph_4183d\">Mifare Classic 1k 4K RFID-Karten sind wichtige RFID-L\u00f6sungen f\u00fcr den \u00f6ffentlichen Verkehr, die Zugangskontrolle und Treueprogramme und bieten reichlich Speicherplatz f\u00fcr pers\u00f6nliche Daten.<\/div>","protected":false},"featured_media":2033,"template":"","meta":[],"product_brand":[],"product_cat":[46],"product_tag":[],"class_list":{"0":"post-2032","1":"product","2":"type-product","3":"status-publish","4":"has-post-thumbnail","6":"product_cat-nfc-cards","8":"first","9":"instock","10":"shipping-taxable","11":"product-type-simple"},"_links":{"self":[{"href":"https:\/\/nfc-readers.com\/de\/wp-json\/wp\/v2\/product\/2032","targetHints":{"allow":["GET"]}}],"collection":[{"href":"https:\/\/nfc-readers.com\/de\/wp-json\/wp\/v2\/product"}],"about":[{"href":"https:\/\/nfc-readers.com\/de\/wp-json\/wp\/v2\/types\/product"}],"wp:featuredmedia":[{"embeddable":true,"href":"https:\/\/nfc-readers.com\/de\/wp-json\/wp\/v2\/media\/2033"}],"wp:attachment":[{"href":"https:\/\/nfc-readers.com\/de\/wp-json\/wp\/v2\/media?parent=2032"}],"wp:term":[{"taxonomy":"product_brand","embeddable":true,"href":"https:\/\/nfc-readers.com\/de\/wp-json\/wp\/v2\/product_brand?post=2032"},{"taxonomy":"product_cat","embeddable":true,"href":"https:\/\/nfc-readers.com\/de\/wp-json\/wp\/v2\/product_cat?post=2032"},{"taxonomy":"product_tag","embeddable":true,"href":"https:\/\/nfc-readers.com\/de\/wp-json\/wp\/v2\/product_tag?post=2032"}],"curies":[{"name":"wp","href":"https:\/\/api.w.org\/{rel}","templated":true}]}}