{"id":2038,"date":"2024-04-19T14:36:49","date_gmt":"2024-04-19T14:36:49","guid":{"rendered":"https:\/\/nfc-readers.com\/?post_type=product&#038;p=2038"},"modified":"2024-09-29T07:24:42","modified_gmt":"2024-09-29T07:24:42","slug":"d20-smart-mpos","status":"publish","type":"product","link":"https:\/\/nfc-readers.com\/de\/ic-reader\/d20-smart-mpos\/","title":{"rendered":"D20 intelligente MPOS"},"content":{"rendered":"<h1>D20 intelligente MPOS<\/h1>\n<div class=\"p\">Ein ergonomisch gestaltetes Android Smart POS, das perfekt in der Hand liegt. 4-Zoll-Touchscreen, QR-Code-Scanner und zahlreiche Konnektivit\u00e4tsoptionen sorgen f\u00fcr ein komfortableres Zahlungserlebnis.<\/div>\n<div><\/div>\n<div class=\"p_list\">\n<div class=\"span clearfix\">Hochleistung<\/div>\n<div><\/div>\n<div class=\"span clearfix\">Multi-Konnektivit\u00e4t: 4G\/3G\/2G\/WIFI\/BT<\/div>\n<div><\/div>\n<div class=\"span clearfix\">Umfassende Zahlungsunterst\u00fctzung: MSR\/IC\/NFC<\/div>\n<div><\/div>\n<\/div>\n<table width=\"539\">\n<tbody>\n<tr>\n<td width=\"166\">Betriebssystem<\/td>\n<td width=\"373\">Android 10<\/td>\n<\/tr>\n<tr>\n<td width=\"166\"><\/td>\n<td rowspan=\"2\" width=\"373\">Anwendungs-CPU: 4*A53@ 1,8 GHz Sicherheits-CPU: 32-Bit ARM 192 MHz<\/td>\n<\/tr>\n<tr>\n<td width=\"166\">Prozessor<\/td>\n<\/tr>\n<tr>\n<td rowspan=\"2\" width=\"166\">Erinnerung<\/td>\n<td width=\"373\">1\u00a0GB + 16\u00a0GB<\/td>\n<\/tr>\n<tr>\n<td width=\"373\">2\u00a0GB + 16\u00a0GB (optional)<\/td>\n<\/tr>\n<tr>\n<td width=\"166\"><\/td>\n<td width=\"373\">4,0-Zoll-TFT-IPS-Display (480 x 800)<\/td>\n<\/tr>\n<tr>\n<td width=\"166\">Anzeige<\/td>\n<td width=\"373\">Touchscreen-Anzeige<\/td>\n<\/tr>\n<tr>\n<td width=\"166\"><\/td>\n<td width=\"373\">LTE I WCDMA I GSM<\/td>\n<\/tr>\n<tr>\n<td width=\"166\">Kommunikation<\/td>\n<td width=\"373\">Bluetooth 5.0 und WLAN: 802.11 a\/b\/g\/n\/ac, 2,4 GHz und 5G, unterst\u00fctzt AP<\/td>\n<\/tr>\n<tr>\n<td width=\"166\">Satellitenortung<\/td>\n<td width=\"373\">GPS | A-GPS | GLONASS<\/td>\n<\/tr>\n<tr>\n<td width=\"166\">Kamera<\/td>\n<td width=\"373\">R\u00fcckseite: 0,3\u00a0M FF-Pixel<\/td>\n<\/tr>\n<tr>\n<td width=\"166\">EMV-Kartenleser<\/td>\n<td width=\"373\">EMV L1 und L2<\/td>\n<\/tr>\n<tr>\n<td width=\"166\">NFC-Leseger\u00e4t<\/td>\n<td width=\"373\">EMV Kontaktlos L1<\/td>\n<\/tr>\n<tr>\n<td width=\"166\">Magnetstreifenkartenleser<\/td>\n<td width=\"373\">ISO-7811\/7813\/7810<\/td>\n<\/tr>\n<tr>\n<td width=\"166\"><\/td>\n<td width=\"373\">PCI PTS 5.x SRED<\/td>\n<\/tr>\n<tr>\n<td width=\"166\"><\/td>\n<td width=\"373\">EMV L1 und L2, EMV kontaktlos L1<\/td>\n<\/tr>\n<tr>\n<td width=\"166\">Zertifizierungen<\/td>\n<td width=\"373\">Visa Paywave, MasterCard Paypass, Amex Expresspay Discovery D-PAS, Rupay qSPARC<\/td>\n<\/tr>\n<tr>\n<td width=\"166\"><\/td>\n<td width=\"373\">PCI-PIN-Sicherheit, MasterCard TQM CE, FCC, BQB, RoHS, WEEE<\/td>\n<\/tr>\n<tr>\n<td width=\"166\">Adapter<\/td>\n<td width=\"373\">Gleichstrom 5 V\/1 A<\/td>\n<\/tr>\n<tr>\n<td width=\"166\">Batterie<\/td>\n<td width=\"373\">4,35 V\/2450 mAh<\/td>\n<\/tr>\n<tr>\n<td width=\"166\">Audio<\/td>\n<td width=\"373\">Lautsprecher<\/td>\n<\/tr>\n<tr>\n<td width=\"166\"><\/td>\n<td width=\"373\">1 Typ C (OTG)<\/td>\n<\/tr>\n<tr>\n<td width=\"166\">Peripherieanschl\u00fcsse<\/td>\n<td width=\"373\">1 Nano-SIM + 1 Mini-SIM + 1 Mini-SAM<\/td>\n<\/tr>\n<tr>\n<td width=\"166\"><\/td>\n<td width=\"373\">1 Micro-SD-Kartensteckplatz, unterst\u00fctzt bis zu 32 GB<\/td>\n<\/tr>\n<tr>\n<td width=\"166\"><\/td>\n<td width=\"373\">Betriebstemperatur: 0\u2103 bis +45\u2103<\/td>\n<\/tr>\n<tr>\n<td width=\"166\">Umweltbedingungen<\/td>\n<td width=\"373\">Lagertemperatur: 0 \u00b0C bis +50 \u00b0C<\/td>\n<\/tr>\n<tr>\n<td width=\"166\"><\/td>\n<td width=\"373\">Relative Luftfeuchtigkeit: 10% bis 90% nicht kondensierend<\/td>\n<\/tr>\n<tr>\n<td width=\"166\">Ma\u00dfe<\/td>\n<td width=\"373\">129 mm x 68,5 mm x 17,4 mm, 168 g (einschlie\u00dflich Batterie)<\/td>\n<\/tr>\n<\/tbody>\n<\/table>","protected":false},"excerpt":{"rendered":"<p>Dieses ergonomische Android mPOS verf\u00fcgt \u00fcber einen 4-Zoll-Touchscreen und einen QR-Code-Scanner und gew\u00e4hrleistet ein nahtloses Zahlungserlebnis mit robusten Konnektivit\u00e4tsoptionen.<\/p>","protected":false},"featured_media":2039,"template":"","meta":[],"product_brand":[],"product_cat":[15],"product_tag":[],"class_list":{"0":"post-2038","1":"product","2":"type-product","3":"status-publish","4":"has-post-thumbnail","6":"product_cat-pos-machine","8":"first","9":"instock","10":"shipping-taxable","11":"product-type-simple"},"_links":{"self":[{"href":"https:\/\/nfc-readers.com\/de\/wp-json\/wp\/v2\/product\/2038","targetHints":{"allow":["GET"]}}],"collection":[{"href":"https:\/\/nfc-readers.com\/de\/wp-json\/wp\/v2\/product"}],"about":[{"href":"https:\/\/nfc-readers.com\/de\/wp-json\/wp\/v2\/types\/product"}],"wp:featuredmedia":[{"embeddable":true,"href":"https:\/\/nfc-readers.com\/de\/wp-json\/wp\/v2\/media\/2039"}],"wp:attachment":[{"href":"https:\/\/nfc-readers.com\/de\/wp-json\/wp\/v2\/media?parent=2038"}],"wp:term":[{"taxonomy":"product_brand","embeddable":true,"href":"https:\/\/nfc-readers.com\/de\/wp-json\/wp\/v2\/product_brand?post=2038"},{"taxonomy":"product_cat","embeddable":true,"href":"https:\/\/nfc-readers.com\/de\/wp-json\/wp\/v2\/product_cat?post=2038"},{"taxonomy":"product_tag","embeddable":true,"href":"https:\/\/nfc-readers.com\/de\/wp-json\/wp\/v2\/product_tag?post=2038"}],"curies":[{"name":"wp","href":"https:\/\/api.w.org\/{rel}","templated":true}]}}