{"id":2046,"date":"2024-04-20T12:17:56","date_gmt":"2024-04-20T12:17:56","guid":{"rendered":"https:\/\/nfc-readers.com\/?post_type=product&#038;p=2046"},"modified":"2024-09-29T07:20:59","modified_gmt":"2024-09-29T07:20:59","slug":"fudan-f08-nfc-card","status":"publish","type":"product","link":"https:\/\/nfc-readers.com\/de\/ic-reader\/fudan-f08-nfc-card\/","title":{"rendered":"Fudan F08 NFC-Karte"},"content":{"rendered":"<h1>Fudan F08 NFC-Karte<\/h1>\n<p>Die Fudan F08 NFC-Karte ist eine kontaktlose Hochfrequenz-Chipkarte, die von der Fudan Microelectronics Group mit Sitz in Shanghai, China, entwickelt wurde. Sie enth\u00e4lt fortschrittliche Sicherheitstechnologien und Verschl\u00fcsselungsalgorithmen und bietet eine sichere und zuverl\u00e4ssige Identit\u00e4ts\u00fcberpr\u00fcfung und Daten\u00fcbertragung f\u00fcr verschiedene Anwendungen. Die Fudan F08 wird haupts\u00e4chlich in Zugangskontrollsystemen, Anwesenheitssystemen, Fahrkarten, Campus-Karten und mehr eingesetzt. Die Fudan F08-Karte ist mit Anwendungen der MIFARE Classic\u00ae 1K-Karte kompatibel und bietet Benutzern zus\u00e4tzliche Auswahlm\u00f6glichkeiten.<\/p>\n<table width=\"388\">\n<tbody>\n<tr style=\"font-style: inherit; font-weight: inherit;\">\n<td style=\"font-style: inherit;\" width=\"137\">\n<p data-spm-anchor-id=\"a2700.details.0.i74.641d36fcHPDT7G\">Material<\/p>\n<\/td>\n<td style=\"font-style: inherit;\" width=\"251\">PVC, PETG<\/td>\n<\/tr>\n<tr style=\"font-style: inherit; font-weight: inherit;\">\n<td style=\"font-style: inherit;\" width=\"137\">Gr\u00f6\u00dfe<\/td>\n<td style=\"font-style: inherit;\" width=\"251\">\n<p data-spm-anchor-id=\"a2700.details.0.i69.641d36fcHPDT7G\">CR80 85,5 x 54 mm als Kreditkarte oder Sondergr\u00f6\u00dfe oder unregelm\u00e4\u00dfige Form<\/p>\n<\/td>\n<\/tr>\n<tr style=\"font-style: inherit; font-weight: inherit;\">\n<td style=\"font-style: inherit;\" width=\"137\">Dicke<\/td>\n<td style=\"font-style: inherit;\" width=\"251\">0,84 mm als Kreditkarte oder individuelle Dicke<\/td>\n<\/tr>\n<tr style=\"font-style: inherit; font-weight: inherit;\">\n<td style=\"font-style: inherit;\" width=\"137\">Drucken<\/td>\n<td style=\"font-style: inherit;\" width=\"251\">Heidelberg Offsetdruck \/ Pantone-Farbdruck \/ Siebdruck: 100% entspricht der vom Kunden gew\u00fcnschten Farbe oder dem Muster<\/td>\n<\/tr>\n<tr style=\"font-style: inherit; font-weight: inherit;\">\n<td style=\"font-style: inherit;\" width=\"137\">Oberfl\u00e4che<\/td>\n<td style=\"font-style: inherit;\" width=\"251\">Gl\u00e4nzend, matt, Glitter, Metallic, Laser, oder mit Overlay f\u00fcr Thermodrucker oder mit Speziallack f\u00fcr Epson Tintenstrahldrucker<\/td>\n<\/tr>\n<tr style=\"font-style: inherit; font-weight: inherit;\">\n<td style=\"font-style: inherit;\" rowspan=\"10\" width=\"137\">Personalisierung oder besondere Anfertigung<\/td>\n<td style=\"font-style: inherit;\" width=\"251\">Magnetstreifen: Loco 300oe, Hico 2750oe, 2 oder 3 Spuren, schwarz\/gold\/silber<\/td>\n<\/tr>\n<tr>\n<td width=\"251\">Barcode: EAN-13, EAN-128, CODE128, CODE39, QR-Barcode usw.<\/td>\n<\/tr>\n<tr>\n<td width=\"251\">Pr\u00e4gung von Zahlen oder Buchstaben in Silber- oder Goldfarbe<\/td>\n<\/tr>\n<tr>\n<td width=\"251\">Metallicdruck auf goldenem oder silbernem Hintergrund<\/td>\n<\/tr>\n<tr>\n<td width=\"251\">Unterschriftenfeld \/ Rubbelfeld<\/td>\n<\/tr>\n<tr>\n<td width=\"251\">Zahlen mit Lasergravur<\/td>\n<\/tr>\n<tr>\n<td width=\"251\">Gold-\/Silberfolienpr\u00e4gung<\/td>\n<\/tr>\n<tr>\n<td width=\"251\">UV-Spotdruck<\/td>\n<\/tr>\n<tr>\n<td width=\"251\">Beutel mit rundem oder ovalem Loch<\/td>\n<\/tr>\n<tr>\n<td width=\"251\">Sicherheitsdruck: Hologramm, OVI-Sicherheitsdruck, Brailleschrift, fluoreszierender F\u00e4lschungsschutz, Mikrotextdruck<\/td>\n<\/tr>\n<tr style=\"font-style: inherit; font-weight: inherit;\">\n<td style=\"font-style: inherit;\" width=\"137\">13,56 MHz Chip verf\u00fcgbar<\/td>\n<td style=\"font-style: inherit;\" width=\"251\">NTAG213, NTAG215, NTAG216 usw.<\/td>\n<\/tr>\n<tr style=\"font-style: inherit; font-weight: inherit;\">\n<td style=\"font-style: inherit;\" rowspan=\"2\" width=\"137\">Anwendungen<\/td>\n<td style=\"font-style: inherit;\" width=\"251\">\n<p data-spm-anchor-id=\"a2700.details.0.i70.641d36fcHPDT7G\">Unternehmen, Schule, Club, Werbung, Verkehr, Supermarkt, Parkplatz, Bank, Regierung, Versicherung, medizinische Versorgung, F\u00f6rderung,<\/p>\n<\/td>\n<\/tr>\n<tr>\n<td width=\"251\">Besuche usw.<\/td>\n<\/tr>\n<\/tbody>\n<\/table>","protected":false},"excerpt":{"rendered":"<p>Der Fudan F08 NFC-Chip ist eine sichere Smartcard, die sich ideal f\u00fcr Zugangskontrolle und Ticketing eignet und f\u00fcr zus\u00e4tzliche Flexibilit\u00e4t mit RFID MIFARE Classic\u00ae 1K-Anwendungen kompatibel ist.<\/p>","protected":false},"featured_media":2047,"template":"","meta":[],"product_brand":[],"product_cat":[46],"product_tag":[],"class_list":{"0":"post-2046","1":"product","2":"type-product","3":"status-publish","4":"has-post-thumbnail","6":"product_cat-nfc-cards","8":"first","9":"instock","10":"shipping-taxable","11":"product-type-simple"},"_links":{"self":[{"href":"https:\/\/nfc-readers.com\/de\/wp-json\/wp\/v2\/product\/2046","targetHints":{"allow":["GET"]}}],"collection":[{"href":"https:\/\/nfc-readers.com\/de\/wp-json\/wp\/v2\/product"}],"about":[{"href":"https:\/\/nfc-readers.com\/de\/wp-json\/wp\/v2\/types\/product"}],"wp:featuredmedia":[{"embeddable":true,"href":"https:\/\/nfc-readers.com\/de\/wp-json\/wp\/v2\/media\/2047"}],"wp:attachment":[{"href":"https:\/\/nfc-readers.com\/de\/wp-json\/wp\/v2\/media?parent=2046"}],"wp:term":[{"taxonomy":"product_brand","embeddable":true,"href":"https:\/\/nfc-readers.com\/de\/wp-json\/wp\/v2\/product_brand?post=2046"},{"taxonomy":"product_cat","embeddable":true,"href":"https:\/\/nfc-readers.com\/de\/wp-json\/wp\/v2\/product_cat?post=2046"},{"taxonomy":"product_tag","embeddable":true,"href":"https:\/\/nfc-readers.com\/de\/wp-json\/wp\/v2\/product_tag?post=2046"}],"curies":[{"name":"wp","href":"https:\/\/api.w.org\/{rel}","templated":true}]}}