{"id":2081,"date":"2024-10-22T01:16:34","date_gmt":"2024-10-22T01:16:34","guid":{"rendered":"https:\/\/nfc-readers.com\/?post_type=product&#038;p=2081"},"modified":"2024-10-28T14:02:37","modified_gmt":"2024-10-28T14:02:37","slug":"mifare-plus-s-2k-4k-rfid-cards","status":"publish","type":"product","link":"https:\/\/nfc-readers.com\/de\/ic-reader\/mifare-plus-s-2k-4k-rfid-cards\/","title":{"rendered":"\u00a0MIFARE Plus\u00ae S 2k 4k RFID-Karten"},"content":{"rendered":"<h1>\u00a0MIFARE Plus\u00ae S 2k 4k RFID-Karten<\/h1>\n<table style=\"height: 505px;\" width=\"655\">\n<tbody>\n<tr style=\"font-style: inherit; font-weight: inherit;\">\n<td style=\"font-style: inherit;\" width=\"172\">\n<p data-spm-anchor-id=\"a2700.details.0.i71.17213ba4RCuUOM\">Artikel<\/p>\n<\/td>\n<td style=\"font-style: inherit;\" width=\"252\">\u00a0MIFARE Plus\u00ae S 2k 4k RFID-Karte<\/td>\n<\/tr>\n<tr style=\"font-style: inherit; font-weight: inherit;\">\n<td style=\"font-style: inherit;\" width=\"172\">Besondere Merkmale<\/td>\n<td style=\"font-style: inherit;\" width=\"252\">Wasserdicht \/ Wetterfest<\/td>\n<\/tr>\n<tr style=\"font-style: inherit; font-weight: inherit;\">\n<td style=\"font-style: inherit;\" width=\"172\">Kommunikationsinterface<\/td>\n<td style=\"font-style: inherit;\" width=\"252\">RFID<\/td>\n<\/tr>\n<tr style=\"font-style: inherit; font-weight: inherit;\">\n<td style=\"font-style: inherit;\" width=\"172\">Herkunftsort<\/td>\n<td style=\"font-style: inherit;\" width=\"252\">Guangdong, China<\/td>\n<\/tr>\n<tr style=\"font-style: inherit; font-weight: inherit;\">\n<td style=\"font-style: inherit;\" width=\"172\">Frequenz<\/td>\n<td style=\"font-style: inherit;\" width=\"252\">13,56 MHz<\/td>\n<\/tr>\n<tr style=\"font-style: inherit; font-weight: inherit;\">\n<td style=\"font-style: inherit;\" width=\"172\">Chip<\/td>\n<td style=\"font-style: inherit;\" width=\"252\">MIFARE Plus\u00ae S 2K (MIFARE\u00ae und MIFARE Plus\u00ae sind eingetragene Marken von NXP BV und werden unter Lizenz verwendet.)<\/td>\n<\/tr>\n<tr style=\"font-style: inherit; font-weight: inherit;\">\n<td style=\"font-style: inherit;\" width=\"172\">Material<\/td>\n<td style=\"font-style: inherit;\" width=\"252\">aus PVC<\/td>\n<\/tr>\n<tr style=\"font-style: inherit; font-weight: inherit;\">\n<td style=\"font-style: inherit;\" width=\"172\">Anwendung<\/td>\n<td style=\"font-style: inherit;\" width=\"252\">Zugriffskontrollsystem<\/td>\n<\/tr>\n<tr style=\"font-style: inherit; font-weight: inherit;\">\n<td style=\"font-style: inherit;\" width=\"172\">Protokoll<\/td>\n<td style=\"font-style: inherit;\" width=\"252\">ISO 14443A<\/td>\n<\/tr>\n<tr style=\"font-style: inherit; font-weight: inherit;\">\n<td style=\"font-style: inherit;\" width=\"172\">Dicke<\/td>\n<td style=\"font-style: inherit;\" width=\"252\">0,84 mm\/Kundenspezifisch<\/td>\n<\/tr>\n<tr style=\"font-style: inherit; font-weight: inherit;\">\n<td style=\"font-style: inherit;\" width=\"172\">Oberfl\u00e4chenfinish<\/td>\n<td style=\"font-style: inherit;\" width=\"252\">Gl\u00e4nzend.Silber.Matt<\/td>\n<\/tr>\n<tr style=\"font-style: inherit; font-weight: inherit;\">\n<td style=\"font-style: inherit;\" width=\"172\">Eingangskapazit\u00e4t [pF]<\/td>\n<td style=\"font-style: inherit;\" width=\"252\">17\/70 PF<\/td>\n<\/tr>\n<tr style=\"font-style: inherit; font-weight: inherit;\">\n<td style=\"font-style: inherit;\" width=\"172\">Schl\u00fcssell\u00e4nge<\/td>\n<td style=\"font-style: inherit;\" width=\"252\">48-Bit-Krypto-1, 128-Bit-AES<\/td>\n<\/tr>\n<tr style=\"font-style: inherit; font-weight: inherit;\">\n<td style=\"font-style: inherit;\" width=\"172\">Speichermodell<\/td>\n<td style=\"font-style: inherit;\" width=\"252\">Kompakt, Sektoren und 16-Byte-Bl\u00f6cke<\/td>\n<\/tr>\n<tr style=\"font-style: inherit; font-weight: inherit;\">\n<td style=\"font-style: inherit;\" width=\"172\">NFC-Kompatibilit\u00e4t<\/td>\n<td style=\"font-style: inherit;\" width=\"252\">NFC-f\u00e4hig im SL3<\/td>\n<\/tr>\n<\/tbody>\n<\/table>\n<p>&nbsp;<\/p>\n<p><span class=\"AnswerParser_TextContainer__z_Iiv\" data-testid=\"youchat-text\"><strong>MIFARE Plus\u00ae S 2k 4k RFID-Karten<\/strong>\u00a0sind die Branchenl\u00f6sung, um Ihre vorhandenen Systeme auf die n\u00e4chste Stufe zu bringen. Diese Karten erm\u00f6glichen eine nahtlose Migration von MIFARE Classic, gew\u00e4hrleisten h\u00f6here Sicherheit durch AES-128-Verschl\u00fcsselung und bleiben mit Ihrer aktuellen Infrastruktur kompatibel. Mit \u00fcberragender Datenintegrit\u00e4t und sicherer Kommunikation sind sie die ultimative Wahl zur Verbesserung Ihrer RFID-Anwendungen.<\/span><\/p>\n<h2 class=\"AnswerParser_AnswerParserH2__SIHnF\">Entsperren Sie Hochsicherheitsl\u00f6sungen mit MIFARE Plus\u00ae S<\/h2>\n<p><span class=\"AnswerParser_TextContainer__z_Iiv\" data-testid=\"youchat-text\">Der\u00a0<strong>MIFARE Plus\u00ae S 2k 4k RFID-Karten<\/strong>\u00a0zeichnen sich als vielseitige Option f\u00fcr Organisationen aus, die ihre Systeme aktualisieren m\u00f6chten. Diese Karten wurden mit einem Schwerpunkt auf Sicherheit entwickelt und implementieren die AES-128-Verschl\u00fcsselung, um sicherzustellen, dass Ihre Daten vor unbefugtem Zugriff gesch\u00fctzt bleiben. Die Verwendung fortschrittlicher kryptografischer Methoden garantiert, dass Ihre Informationen ihre Integrit\u00e4t und Vertraulichkeit bewahren.<\/span><span class=\"AnswerParser_TextContainer__z_Iiv\" data-testid=\"youchat-text\">Diese Smartcards sind mit MIFARE Classic kompatibel und erleichtern Unternehmen die Umstellung, ohne dass sie ihre vorhandene Hardware ersetzen m\u00fcssen. Diese Kompatibilit\u00e4t erm\u00f6glicht ein kosteng\u00fcnstiges Upgrade und bietet verbesserte Sicherheitsfunktionen, ohne Ihren Betrieb zu unterbrechen.<\/span><\/p>\n<h3 class=\"AnswerParser_AnswerParserH3__Mpe4s\">Robuste RFID-Technologie<\/h3>\n<p><span class=\"AnswerParser_TextContainer__z_Iiv\" data-testid=\"youchat-text\">Mit einer Frequenz von 13,56 MHz ist die\u00a0<strong>MIFARE Plus\u00ae S 2k 4k RFID-Karten<\/strong>\u00a0bieten zuverl\u00e4ssige und effiziente Kommunikation. Die Karten sind dank ihrer wasserdichten und wetterfesten Konstruktion so konstruiert, dass sie verschiedenen Umweltbedingungen standhalten. Sie sind aus strapazierf\u00e4higem PVC-Material gefertigt und f\u00fcr den langfristigen Einsatz in jeder Umgebung konzipiert.<\/span><span class=\"AnswerParser_TextContainer__z_Iiv\" data-testid=\"youchat-text\">Das kompakte Design dieser RFID-Karten mit einer Dicke von 0,84 mm gew\u00e4hrleistet eine einfache Integration in Ihre aktuellen Systeme. Ihre anpassbaren Oberfl\u00e4chenoptionen, darunter gl\u00e4nzend, matt und matt, bieten zus\u00e4tzliche Flexibilit\u00e4t, um Ihren spezifischen Designanforderungen gerecht zu werden.<\/span><\/p>\n<h3 class=\"AnswerParser_AnswerParserH3__Mpe4s\">Erweiterte Sicherheitsfunktionen<\/h3>\n<p><span class=\"AnswerParser_TextContainer__z_Iiv\" data-testid=\"youchat-text\">Sicherheit steht im Mittelpunkt der\u00a0<strong>MIFARE Plus\u00ae S 2k 4k RFID-Karten<\/strong>. Durch die Integration der AES-128-Verschl\u00fcsselung bieten diese Karten ein erweitertes Schutzniveau. Diese kryptografische Methode authentifiziert nicht nur Benutzer, sondern gew\u00e4hrleistet auch Datenintegrit\u00e4t und -verschl\u00fcsselung und sch\u00fctzt vertrauliche Informationen vor potenziellen Bedrohungen.<\/span><span class=\"AnswerParser_TextContainer__z_Iiv\" data-testid=\"youchat-text\">Die Karten unterst\u00fctzen 48-Bit Crypto-1 und 128-Bit AES-Schl\u00fcssell\u00e4ngen und bieten so mehrere Sicherheitsebenen. Dadurch sind sie ideal f\u00fcr Anwendungen, die ein hohes Ma\u00df an Schutz erfordern, wie z. B. Zugangskontrollsysteme in Unternehmen, \u00f6ffentliche Verkehrsmittel und Finanztransaktionen.<\/span><\/p>\n<h3 class=\"AnswerParser_AnswerParserH3__Mpe4s\">Nahtlose Integration und Kompatibilit\u00e4t<\/h3>\n<p><span class=\"AnswerParser_TextContainer__z_Iiv\" data-testid=\"youchat-text\">Einer der wesentlichen Vorteile der\u00a0<strong>MIFARE Plus\u00ae S 2k 4k RFID-Karten<\/strong>\u00a0ist ihre nahtlose Integration in bestehende Systeme. Diese Karten sind nicht nur mit MIFARE Classic kompatibel, sondern entsprechen auch den Protokollstandards ISO 14443A und gew\u00e4hrleisten so eine reibungslose Integration in Ihre aktuelle Infrastruktur. Die NFC-Kompatibilit\u00e4t von SL3 verbessert ihre Anwendbarkeit in einer Vielzahl von Umgebungen zus\u00e4tzlich.<\/span><\/p>\n<h3 class=\"AnswerParser_AnswerParserH3__Mpe4s\">Kundenrezensionen und Erfahrungsberichte<\/h3>\n<p><span class=\"AnswerParser_TextContainer__z_Iiv\" data-testid=\"youchat-text\"><strong>Kunden loben die MIFARE Plus\u00ae S 2k 4k RFID-Karten<\/strong>\u00a0f\u00fcr ihre Zuverl\u00e4ssigkeit und Benutzerfreundlichkeit. Ein Benutzer bemerkte: \u201eDie Aufr\u00fcstung unseres Zugangskontrollsystems mit diesen Karten verlief reibungslos. Die verbesserten Sicherheitsfunktionen geben uns ein gutes Gef\u00fchl.\u201c Ein anderer f\u00fcgte hinzu: \u201eWir sch\u00e4tzen die Haltbarkeit und konstante Leistung dieser Karten in verschiedenen Umgebungen.\u201c<\/span><\/p>\n<h3 class=\"AnswerParser_AnswerParserH3__Mpe4s\">H\u00e4ufig gestellte Fragen<\/h3>\n<p><span class=\"AnswerParser_TextContainer__z_Iiv\" data-testid=\"youchat-text\"><strong>F: Wie erh\u00f6hen die MIFARE Plus\u00ae S 2k 4k RFID-Karten die Sicherheit?<\/strong><br \/>\nA: Diese Karten nutzen die AES-128-Verschl\u00fcsselung und gew\u00e4hrleisten so die Datenintegrit\u00e4t und den Schutz vor unbefugtem Zugriff.<\/span><\/p>\n<p><span class=\"AnswerParser_TextContainer__z_Iiv\" data-testid=\"youchat-text\"><strong>F: Sind diese Karten mit vorhandenen MIFARE Classic-Systemen kompatibel?<\/strong><br \/>\nA: Ja, sie bieten Kompatibilit\u00e4t mit MIFARE Classic und erm\u00f6glichen einen reibungslosen \u00dcbergang ohne neue Hardware.<\/span><\/p>\n<p><span class=\"AnswerParser_TextContainer__z_Iiv\" data-testid=\"youchat-text\"><strong>F: Was ist die typische Anwendung f\u00fcr diese RFID-Karten?<\/strong><br \/>\nA: Sie eignen sich ideal f\u00fcr Zugangskontrollsysteme, Unternehmensumgebungen und \u00f6ffentliche Verkehrssysteme mit hohen Sicherheitsanforderungen.<\/span><\/p>\n<h3 class=\"AnswerParser_AnswerParserH3__Mpe4s\">Umweltauswirkungen und Nachhaltigkeit<\/h3>\n<p><span class=\"AnswerParser_TextContainer__z_Iiv\" data-testid=\"youchat-text\">Der\u00a0<strong>MIFARE Plus\u00ae S 2k 4k RFID-Karten<\/strong>\u00a0sind auf Nachhaltigkeit ausgelegt. Ihre robuste PVC-Konstruktion sorgt f\u00fcr eine lange Produktlebensdauer, reduziert Abfall und die Notwendigkeit h\u00e4ufiger Austausche. Durch ein Upgrade auf MIFARE Plus k\u00f6nnen Unternehmen auch ihren \u00f6kologischen Fu\u00dfabdruck minimieren, indem sie die Lebensdauer bestehender Systeme verl\u00e4ngern, anstatt sie vollst\u00e4ndig zu ersetzen.<\/span><\/p>\n<h3 class=\"AnswerParser_AnswerParserH3__Mpe4s\">Fazit: Warum sollten Sie sich f\u00fcr MIFARE Plus\u00ae S 2k 4k RFID-Karten entscheiden?<\/h3>\n<p><span class=\"AnswerParser_TextContainer__z_Iiv\" data-testid=\"youchat-text\">Der\u00a0<strong>MIFARE Plus\u00ae S 2k 4k RFID-Karten<\/strong>\u00a0bieten ein perfektes Gleichgewicht aus Sicherheit, Kompatibilit\u00e4t und Haltbarkeit f\u00fcr jedes Zugangskontrollsystem. Egal, ob Sie Ihre aktuelle Infrastruktur aktualisieren oder eine zuverl\u00e4ssige L\u00f6sung f\u00fcr Neuinstallationen suchen, diese Karten bieten eine robuste und sichere Option. Ihre erweiterten Verschl\u00fcsselungsfunktionen und die nahtlose Integration machen sie zu einer lohnenden Investition f\u00fcr Organisationen, bei denen Sicherheit und Effizienz im Vordergrund stehen.<\/span><span class=\"AnswerParser_TextContainer__z_Iiv\" data-testid=\"youchat-text\">F\u00fcr weitere Informationen oder um eine Bestellung aufzugeben,\u00a0<strong>kontaktiere uns<\/strong>\u00a0heute. Erschlie\u00dfen Sie Sicherheit und Effizienz auf einem ganz neuen Niveau mit MIFARE Plus.<\/span><\/p>","protected":false},"excerpt":{"rendered":"<p>Die MIFARE Plus-Karte von NXP ist eine sichere NFC-Chipl\u00f6sung, die den RFID-Standards entspricht und sich ideal f\u00fcr \u00f6ffentliche Verkehrsmittel, Zugangskontrolle und Zahlungsanwendungen eignet.<\/p>","protected":false},"featured_media":2082,"template":"","meta":[],"product_brand":[],"product_cat":[46],"product_tag":[],"class_list":{"0":"post-2081","1":"product","2":"type-product","3":"status-publish","4":"has-post-thumbnail","6":"product_cat-nfc-cards","8":"first","9":"instock","10":"shipping-taxable","11":"product-type-simple"},"_links":{"self":[{"href":"https:\/\/nfc-readers.com\/de\/wp-json\/wp\/v2\/product\/2081","targetHints":{"allow":["GET"]}}],"collection":[{"href":"https:\/\/nfc-readers.com\/de\/wp-json\/wp\/v2\/product"}],"about":[{"href":"https:\/\/nfc-readers.com\/de\/wp-json\/wp\/v2\/types\/product"}],"wp:featuredmedia":[{"embeddable":true,"href":"https:\/\/nfc-readers.com\/de\/wp-json\/wp\/v2\/media\/2082"}],"wp:attachment":[{"href":"https:\/\/nfc-readers.com\/de\/wp-json\/wp\/v2\/media?parent=2081"}],"wp:term":[{"taxonomy":"product_brand","embeddable":true,"href":"https:\/\/nfc-readers.com\/de\/wp-json\/wp\/v2\/product_brand?post=2081"},{"taxonomy":"product_cat","embeddable":true,"href":"https:\/\/nfc-readers.com\/de\/wp-json\/wp\/v2\/product_cat?post=2081"},{"taxonomy":"product_tag","embeddable":true,"href":"https:\/\/nfc-readers.com\/de\/wp-json\/wp\/v2\/product_tag?post=2081"}],"curies":[{"name":"wp","href":"https:\/\/api.w.org\/{rel}","templated":true}]}}