{"id":2109,"date":"2024-04-22T02:26:55","date_gmt":"2024-04-22T02:26:55","guid":{"rendered":"https:\/\/nfc-readers.com\/?post_type=product&#038;p=2109"},"modified":"2024-09-29T01:56:55","modified_gmt":"2024-09-29T01:56:55","slug":"nfc-stickers-ntag213216","status":"publish","type":"product","link":"https:\/\/nfc-readers.com\/de\/ic-reader\/nfc-stickers-ntag213216\/","title":{"rendered":"NFC-Aufkleber NTAG213 215 216"},"content":{"rendered":"<h1>NFC-Aufkleber NTAG213 215 216<\/h1>\n<table width=\"534\">\n<tbody>\n<tr style=\"font-style: inherit; font-weight: inherit;\">\n<td style=\"font-style: inherit;\" width=\"215\">\n<p data-spm-anchor-id=\"a2700.pc-decorate.0.i49.7c5c3333IeSDv6\">Artikel<\/p>\n<\/td>\n<td width=\"319\">Spezifikationen<\/td>\n<\/tr>\n<tr style=\"font-style: inherit; font-weight: inherit;\">\n<td style=\"font-style: inherit;\" width=\"215\">\n<p data-spm-anchor-id=\"a2700.pc-decorate.0.i22.bd1b3333wXnVY0\">Herkunftsort<\/p>\n<\/td>\n<td width=\"319\">China<\/td>\n<\/tr>\n<tr style=\"font-style: inherit; font-weight: inherit;\">\n<td style=\"font-style: inherit;\" width=\"215\">\n<p data-spm-anchor-id=\"0.0.0.i10.277b4f05XiiaMd\">Zertifizierung<\/p>\n<\/td>\n<td width=\"319\">\n<p data-spm-anchor-id=\"a2700.pc-decorate.0.i10.bd1b3333wXnVY0\">CE\/ROHS<\/p>\n<\/td>\n<\/tr>\n<tr style=\"font-style: inherit; font-weight: inherit;\">\n<td style=\"font-style: inherit;\" width=\"215\">Material<\/td>\n<td width=\"319\">\n<p data-spm-anchor-id=\"a2700.pc-decorate.0.i50.7c5c3333IeSDv6\">PET, beschichtetes Papier, Epoxid, Thermopapier usw.<\/p>\n<\/td>\n<\/tr>\n<tr style=\"font-style: inherit; font-weight: inherit;\">\n<td style=\"font-style: inherit;\" width=\"215\">Chip<\/td>\n<td width=\"319\">\n<p data-spm-anchor-id=\"a2700.pc-decorate.0.i50.bd1b3333wXnVY0\">NTAG 213\/ NTAG 215\/Ntag 216\/Fudan F08 oder anpassen<\/p>\n<\/td>\n<\/tr>\n<tr style=\"font-style: inherit; font-weight: inherit;\">\n<td style=\"font-style: inherit;\" width=\"215\">Frequenz<\/td>\n<td width=\"319\">\n<p data-spm-anchor-id=\"0.0.0.i5.277b4f05QIK8KU\">13,56 MHz<\/p>\n<\/td>\n<\/tr>\n<tr style=\"font-style: inherit; font-weight: inherit;\">\n<td style=\"font-style: inherit;\" width=\"215\">\n<p data-spm-anchor-id=\"a2700.pc-decorate.0.i90.6e273333nK6FqH\">Protokoll<\/p>\n<\/td>\n<td width=\"319\">\n<p data-spm-anchor-id=\"a2700.pc-decorate.0.i51.bd1b3333wXnVY0\">ISO 14443A<\/p>\n<\/td>\n<\/tr>\n<tr style=\"font-style: inherit; font-weight: inherit;\">\n<td style=\"font-style: inherit;\" rowspan=\"3\" width=\"215\">Gr\u00f6\u00dfe<\/td>\n<td width=\"319\">\n<p data-spm-anchor-id=\"a2700.pc-decorate.0.i53.bd1b3333wXnVY0\">Rund 18,25, 30, 35,40mm<\/p>\n<\/td>\n<\/tr>\n<tr>\n<td width=\"319\">\n<p data-spm-anchor-id=\"a2700.pc-decorate.0.i53.bd1b3333wXnVY0\">Quadrat 86*54,40*25,55*18,10*20,18*18,30*15<\/p>\n<\/td>\n<\/tr>\n<tr>\n<td width=\"319\">\n<p data-spm-anchor-id=\"a2700.pc-decorate.0.i53.bd1b3333wXnVY0\">oder kundenspezifische Gr\u00f6\u00dfe<\/p>\n<\/td>\n<\/tr>\n<tr style=\"font-style: inherit; font-weight: inherit;\">\n<td style=\"font-style: inherit;\" width=\"215\">\n<p data-spm-anchor-id=\"0.0.0.i1.277b4f05XiiaMd\">Besonderheit<\/p>\n<\/td>\n<td width=\"319\">\n<p data-spm-anchor-id=\"a2700.pc-decorate.0.i47.bd1b3333wXnVY0\">Daten k\u00f6nnen per NFC-f\u00e4higem Telefon geteilt werden, schneller und bequemer als mit normalen Tags<\/p>\n<\/td>\n<\/tr>\n<tr style=\"font-style: inherit; font-weight: inherit;\">\n<td style=\"font-style: inherit;\" width=\"215\">\n<p data-spm-anchor-id=\"0.0.0.i8.277b4f05XiiaMd\">Probe<\/p>\n<\/td>\n<td width=\"319\">\n<p data-spm-anchor-id=\"a2700.pc-decorate.0.i39.6e273333nK6FqH\">frei verf\u00fcgbar<\/p>\n<\/td>\n<\/tr>\n<tr style=\"font-style: inherit; font-weight: inherit;\">\n<td style=\"font-style: inherit;\" width=\"215\">\n<p data-spm-anchor-id=\"a2700.pc-decorate.0.i95.6e273333nK6FqH\">Leseabstand<\/p>\n<\/td>\n<td width=\"319\">\n<p data-spm-anchor-id=\"a2700.pc-decorate.0.i89.6e273333nK6FqH\">0-10 cm<\/p>\n<\/td>\n<\/tr>\n<tr style=\"font-style: inherit; font-weight: inherit;\">\n<td style=\"font-style: inherit;\" width=\"215\">\n<p data-spm-anchor-id=\"a2700.pc-decorate.0.i35.6e273333nK6FqH\">Produktname<\/p>\n<\/td>\n<td width=\"319\">\n<p data-spm-anchor-id=\"a2700.pc-decorate.0.i12.bd1b3333wXnVY0\">Benutzerdefinierte NTAG 213 NFC-Aufkleber, rund, 18 mm, blanko, wei\u00dfes Etikett. NTAG 213-Tags funktionieren perfekt mit NFC-f\u00e4higen Mobiltelefonen<\/p>\n<\/td>\n<\/tr>\n<tr style=\"font-style: inherit; font-weight: inherit;\">\n<td style=\"font-style: inherit;\" rowspan=\"3\" width=\"215\">Personalisierung<\/td>\n<td style=\"font-style: inherit;\" width=\"319\">- individuelles Logo, farbig auf Papier gedruckt<\/td>\n<\/tr>\n<tr>\n<td width=\"319\">-kundenspezifisches Oberfl\u00e4chenmaterial<\/td>\n<\/tr>\n<tr>\n<td width=\"319\">-benutzerdefinierte, in den Chip schreibbare Dateninformationen, wie URL (Website), Seriennummern usw.<\/td>\n<\/tr>\n<tr style=\"font-style: inherit; font-weight: inherit;\">\n<td style=\"font-style: inherit;\" rowspan=\"3\" width=\"215\">Anwendung<\/td>\n<td style=\"font-style: inherit;\" width=\"319\">NFC Social Media, Logistik, Management, Asset Management, Supply Chain Management, Fahrzeugmanagement, Produktionssteuerung,<\/td>\n<\/tr>\n<tr>\n<td width=\"319\">Lagerverwaltung, Produktmanagement, Produktverifizierung, Asset Tracking, Tracking Gep\u00e4ckabfertigung, Inventarverwaltung,<\/td>\n<\/tr>\n<tr>\n<td width=\"319\">usw.<\/td>\n<\/tr>\n<\/tbody>\n<\/table>\n<p>&nbsp;<\/p>\n<p><img loading=\"lazy\" decoding=\"async\" class=\"alignnone wp-image-2110\" src=\"https:\/\/nfc-readers.com\/wp-content\/uploads\/2024\/04\/H13e28f218c5e4df380794f87c5769ff4e-300x252.jpg\" alt=\"\" width=\"573\" height=\"481\" srcset=\"https:\/\/nfc-readers.com\/wp-content\/uploads\/2024\/04\/H13e28f218c5e4df380794f87c5769ff4e-300x252.jpg 300w, https:\/\/nfc-readers.com\/wp-content\/uploads\/2024\/04\/H13e28f218c5e4df380794f87c5769ff4e-600x503.jpg 600w, https:\/\/nfc-readers.com\/wp-content\/uploads\/2024\/04\/H13e28f218c5e4df380794f87c5769ff4e.jpg 750w\" sizes=\"auto, (max-width: 573px) 100vw, 573px\" \/><\/p>\n<div class=\"J_module\">\n<div class=\"detail-decorate-json-renderer-container\">\n<div class=\"magic-1\">\n<div class=\"magic-2\">\n<div class=\"magic-3\">\n<div class=\"magic-4\">\n<div class=\"magic-5\" data-spm-anchor-id=\"a2700.details.0.i69.2c8dabc3vwGabt\"><b class=\"magic-6\"><span class=\"magic-7\">Benutzerdefinierte NTAG 213 NFC-Aufkleber, rund, 18 mm, blanko, wei\u00dfes Etikett. NTAG 213-Tags funktionieren perfekt mit NFC-f\u00e4higen Mobiltelefonen<\/span><\/b><\/div>\n<div>\n<div><\/div>\n<\/div>\n<\/div>\n<\/div>\n<\/div>\n<\/div>\n<\/div>\n<\/div>\n<div class=\"J_module\">\n<div class=\"detail-decorate-json-renderer-container\">\n<div class=\"magic-1\">\n<div class=\"magic-2\">\n<div class=\"magic-3\">\n<div class=\"magic-4\"><b><span class=\"magic-8\">Was ist ein NFC-Tag und wie funktioniert es? <\/span><\/b><br \/>\nNFC-Tags (Near Field Communication) sind kleine integrierte Schaltkreise, die Informationen speichern, die dann abgerufen werden k\u00f6nnen von<br \/>\nNFC-f\u00e4hige Ger\u00e4te wie Smartphones und Tablets. Es handelt sich um kleine Aufkleber in runder oder quadratischer Form, die etwa so gro\u00df wie eine gro\u00dfe M\u00fcnze sind. Diese kleinen Aufkleber mit drahtloser Technologie erm\u00f6glichen auch die Daten\u00fcbertragung zwischen zwei NFC-f\u00e4higen Ger\u00e4ten.<\/p>\n<div>\n<div>NFC-Tags k\u00f6nnen unterschiedliche Speicherkapazit\u00e4ten haben. Sie k\u00f6nnen eine Telefonnummer oder eine URL (Webadresse) speichern. Um den Schutz zu erh\u00f6hen, k\u00f6nnen NFC-Tags gesperrt werden, sodass einmal geschriebene Daten nicht mehr ge\u00e4ndert werden k\u00f6nnen. Sie k\u00f6nnen jedoch mehrmals neu codiert werden, bis sie gesperrt sind. Sobald sie gesperrt sind, k\u00f6nnen NFC-Tags nicht mehr entsperrt werden.<\/div>\n<div><\/div>\n<div>Um ein NFC-Tag zu verwenden, m\u00fcssen Sie entweder mit Ihrem NFC-f\u00e4higen Ger\u00e4t auf den Aufkleber tippen oder Ihr Ger\u00e4t nahe genug heranbringen (etwa einen Zentimeter auseinander), damit das Ger\u00e4t Ihren programmierten Befehl ausf\u00fchrt.<\/div>\n<\/div>\n<\/div>\n<\/div>\n<\/div>\n<\/div>\n<\/div>\n<\/div>\n<div class=\"J_module\">\n<div class=\"detail-decorate-json-renderer-container\">\n<div class=\"magic-1\">\n<div class=\"magic-2\">\n<div class=\"magic-3\">\n<div class=\"magic-4\"><span class=\"magic-9\"><span class=\"magic-10\"><b>13,56 MHz RFID-Tag, NFC-Tag ist einfach zu programmieren, etwa per URL-Codierung, sodass es mit Android-\/iOS-Smartphones mit NFC funktioniert.<br \/>\nWenn der NFC-Tag an die NFC-Position des Smartphones angeschlossen wird, wird sofort ein programmierter Website-Link angezeigt. Er wird haupts\u00e4chlich f\u00fcr viele Anwendungen wie Visitenkarten, Firmenwerbung, Smartposter, Eventtickets, industrielle Nutzung usw. verwendet.<\/b><\/span><\/span><\/p>\n<div><b><span class=\"magic-9\">\u00a0<\/span><\/b><\/div>\n<div><span class=\"magic-10\"><b class=\"magic-9\">Unsere Features:<br \/>\n<\/b><span class=\"magic-11\" style=\"font-family: Arial;\">1.Angepasst<br \/>\n2. Schnelle Liefergeschwindigkeit<br \/>\n3.RFID-Tag-Struktur: RFID-Chip + RFID-Antenne + Oberfl\u00e4chenmaterialien<br \/>\n4. Professioneller Lieferant von RFID-Produkten<\/span><\/span><\/div>\n<\/div>\n<\/div>\n<\/div>\n<\/div>\n<\/div>\n<\/div>\n<p>&nbsp;<\/p>\n<p>&nbsp;<\/p>","protected":false},"excerpt":{"rendered":"<p>Kompakte NFC-Aufkleber mit NTAG213-, 215- und 216-Chips erm\u00f6glichen intelligente Werbung, Produktauthentifizierung und schnelles Pairing und machen RFID-L\u00f6sungen zug\u00e4nglich und effektiv.<\/p>","protected":false},"featured_media":2111,"template":"","meta":[],"product_brand":[],"product_cat":[48],"product_tag":[],"class_list":{"0":"post-2109","1":"product","2":"type-product","3":"status-publish","4":"has-post-thumbnail","6":"product_cat-nfc-stickers","8":"first","9":"instock","10":"shipping-taxable","11":"product-type-simple"},"_links":{"self":[{"href":"https:\/\/nfc-readers.com\/de\/wp-json\/wp\/v2\/product\/2109","targetHints":{"allow":["GET"]}}],"collection":[{"href":"https:\/\/nfc-readers.com\/de\/wp-json\/wp\/v2\/product"}],"about":[{"href":"https:\/\/nfc-readers.com\/de\/wp-json\/wp\/v2\/types\/product"}],"wp:featuredmedia":[{"embeddable":true,"href":"https:\/\/nfc-readers.com\/de\/wp-json\/wp\/v2\/media\/2111"}],"wp:attachment":[{"href":"https:\/\/nfc-readers.com\/de\/wp-json\/wp\/v2\/media?parent=2109"}],"wp:term":[{"taxonomy":"product_brand","embeddable":true,"href":"https:\/\/nfc-readers.com\/de\/wp-json\/wp\/v2\/product_brand?post=2109"},{"taxonomy":"product_cat","embeddable":true,"href":"https:\/\/nfc-readers.com\/de\/wp-json\/wp\/v2\/product_cat?post=2109"},{"taxonomy":"product_tag","embeddable":true,"href":"https:\/\/nfc-readers.com\/de\/wp-json\/wp\/v2\/product_tag?post=2109"}],"curies":[{"name":"wp","href":"https:\/\/api.w.org\/{rel}","templated":true}]}}