{"id":2117,"date":"2024-04-22T02:40:43","date_gmt":"2024-04-22T02:40:43","guid":{"rendered":"https:\/\/nfc-readers.com\/?post_type=product&#038;p=2117"},"modified":"2024-09-24T06:42:23","modified_gmt":"2024-09-24T06:42:23","slug":"nfc-wet-inlay-ntag213216","status":"publish","type":"product","link":"https:\/\/nfc-readers.com\/de\/ic-reader\/nfc-wet-inlay-ntag213216\/","title":{"rendered":"NFC Trocken-\/Nass-Inlay NTAG213 215 216"},"content":{"rendered":"<h1>NFC Trocken-\/Nass-Inlay NTAG213 215 216<\/h1>\n<table width=\"504\">\n<tbody>\n<tr style=\"font-style: inherit; font-weight: inherit;\">\n<td style=\"font-style: inherit;\" width=\"149\">\n<p data-spm-anchor-id=\"a2700.details.0.i60.4f6d26e9ifeROs\">Produkt<\/p>\n<\/td>\n<td style=\"font-style: inherit;\" width=\"355\">Werkseitig gelieferte 13,56 MHz RFID-Aufkleber mit NFC-Trocken-\/Nasseinlage NTAG213 215 216<\/td>\n<\/tr>\n<tr style=\"font-style: inherit; font-weight: inherit;\">\n<td style=\"font-style: inherit;\" width=\"149\">Antennenmaterial<\/td>\n<td style=\"font-style: inherit;\" width=\"355\">Aluminium Al (30\u03bcm) + PET (38\u03bcm) + Al-Br\u00fccke (10\u03bcm)<\/td>\n<\/tr>\n<tr style=\"font-style: inherit; font-weight: inherit;\">\n<td style=\"font-style: inherit;\" width=\"149\">\n<p data-spm-anchor-id=\"a2700.details.0.i59.4f6d26e9ifeROs\">Antennenform<\/p>\n<\/td>\n<td style=\"font-style: inherit;\" width=\"355\">Rund oder eckig<\/td>\n<\/tr>\n<tr style=\"font-style: inherit; font-weight: inherit;\">\n<td style=\"font-style: inherit;\" width=\"149\">Dicke<\/td>\n<td style=\"font-style: inherit;\" width=\"355\">0,07 mm (Chipposition: 0,23 mm)<\/td>\n<\/tr>\n<tr style=\"font-style: inherit; font-weight: inherit;\">\n<td style=\"font-style: inherit;\" width=\"149\">Frequenz<\/td>\n<td style=\"font-style: inherit;\" width=\"355\">13,56 MHz<\/td>\n<\/tr>\n<tr style=\"font-style: inherit; font-weight: inherit;\">\n<td style=\"font-style: inherit;\" width=\"149\">Trockeneinlage<\/td>\n<td style=\"font-style: inherit;\" width=\"355\">12*18 mm, 14,5*14,5 mm, 76*45 mm, Durchmesser 20 mm, 40 mm usw.<\/td>\n<\/tr>\n<tr style=\"font-style: inherit; font-weight: inherit;\">\n<td style=\"font-style: inherit;\" width=\"149\">Arbeitstemperatur<\/td>\n<td style=\"font-style: inherit;\" width=\"355\">-20\u2103 bis +60\u2103<\/td>\n<\/tr>\n<tr style=\"font-style: inherit; font-weight: inherit;\">\n<td style=\"font-style: inherit;\" width=\"149\">Lagertemperatur<\/td>\n<td style=\"font-style: inherit;\" width=\"355\">-25\u2103 bis +65\u2103<\/td>\n<\/tr>\n<tr style=\"font-style: inherit; font-weight: inherit;\">\n<td style=\"font-style: inherit;\" width=\"149\">Arbeitsleben<\/td>\n<td style=\"font-style: inherit;\" width=\"355\">100000 mal \/ 10 Jahre<\/td>\n<\/tr>\n<tr style=\"font-style: inherit; font-weight: inherit;\">\n<td style=\"font-style: inherit;\" width=\"149\">Nominale Lesereichweite<\/td>\n<td style=\"font-style: inherit;\" width=\"355\">2~6cm, abh\u00e4ngig von der Antennengeometrie und der Leserkonfiguration<\/td>\n<\/tr>\n<tr style=\"font-style: inherit; font-weight: inherit;\">\n<td style=\"font-style: inherit;\" width=\"149\">Anwendung<\/td>\n<td width=\"355\">Identifikation, Karte, Logistik, Bibliothek, Verm\u00f6gensverwaltung, Zahlung, Zugang<\/td>\n<\/tr>\n<\/tbody>\n<\/table>\n<p>&nbsp;<\/p>\n<p><span style=\"font-size: medium;\"><b>Wof\u00fcr wird das RFID-Inlay verwendet?<\/b><\/span><\/p>\n<p><span style=\"color: #0000ff;\">\u2606<\/span>\u00a0 Zuerst m\u00fcssen wir herausfinden, was ein RFID-Trockeninlay ist. Ein RFID-Trockeninlay besteht aus 3 Teilen: Aluminium, Chipsatz und PET. Ein RFID-Trockeninlay ist ein halbfertiges RFID, es kann HF oder UHF sein und kann vom Leseger\u00e4t gelesen werden. Jedes RFID-Trockeninlay hat seine eigene eindeutige ID-Nummer.<\/p>\n<p><span style=\"color: #0000ff;\">\u2606<\/span>\u00a0 Das RFID-Trockeninlay kann in Karten, Aufklebern, intelligenten Heimunterk\u00fcnften usw. verwendet werden.<br \/>\n<span style=\"color: #0000ff;\">\u2606\u00a0<\/span>\u00a0Aktuelle Anwendungen wie Zugangskontrolle, Anlagenverwaltung, Anwesenheitsverwaltung, Tieridentifikationssystem, Parksystem, Logistikmanagement, Industrieautomatisierung, Supermarkt, Ladenverwaltung, Sicherheitssystem, Verwaltung medizinischer Einrichtungen usw.<\/p>\n<p><img loading=\"lazy\" decoding=\"async\" class=\"alignnone wp-image-2119\" src=\"https:\/\/nfc-readers.com\/wp-content\/uploads\/2024\/04\/HTB1wkZ8X6DuK1Rjy1zjq6zraFXae-300x164.jpg\" alt=\"\" width=\"561\" height=\"307\" srcset=\"https:\/\/nfc-readers.com\/wp-content\/uploads\/2024\/04\/HTB1wkZ8X6DuK1Rjy1zjq6zraFXae-300x164.jpg 300w, https:\/\/nfc-readers.com\/wp-content\/uploads\/2024\/04\/HTB1wkZ8X6DuK1Rjy1zjq6zraFXae-600x329.jpg 600w, https:\/\/nfc-readers.com\/wp-content\/uploads\/2024\/04\/HTB1wkZ8X6DuK1Rjy1zjq6zraFXae.jpg 730w\" sizes=\"auto, (max-width: 561px) 100vw, 561px\" \/><\/p>\n<p><img loading=\"lazy\" decoding=\"async\" class=\"alignnone wp-image-2120\" src=\"https:\/\/nfc-readers.com\/wp-content\/uploads\/2024\/04\/HTB1IBVIDTtYBeNjy1Xdq6xXyVXaq-300x300.jpg\" alt=\"\" width=\"561\" height=\"561\" srcset=\"https:\/\/nfc-readers.com\/wp-content\/uploads\/2024\/04\/HTB1IBVIDTtYBeNjy1Xdq6xXyVXaq-300x300.jpg 300w, https:\/\/nfc-readers.com\/wp-content\/uploads\/2024\/04\/HTB1IBVIDTtYBeNjy1Xdq6xXyVXaq-150x150.jpg 150w, https:\/\/nfc-readers.com\/wp-content\/uploads\/2024\/04\/HTB1IBVIDTtYBeNjy1Xdq6xXyVXaq-600x600.jpg 600w, https:\/\/nfc-readers.com\/wp-content\/uploads\/2024\/04\/HTB1IBVIDTtYBeNjy1Xdq6xXyVXaq-100x100.jpg 100w, https:\/\/nfc-readers.com\/wp-content\/uploads\/2024\/04\/HTB1IBVIDTtYBeNjy1Xdq6xXyVXaq.jpg 750w\" sizes=\"auto, (max-width: 561px) 100vw, 561px\" \/><\/p>","protected":false},"excerpt":{"rendered":"<p>NFC-Trocken-\/Nass-Inlays NTAG213 verf\u00fcgen \u00fcber einen NFC-Chip f\u00fcr vielseitige Anwendungen, wobei Trocken-Inlays nur \u00fcber Klebestrukturen verf\u00fcgen und Nass-Inlays zus\u00e4tzlichen Schutz bieten.<\/p>","protected":false},"featured_media":2122,"template":"","meta":[],"product_brand":[],"product_cat":[48],"product_tag":[],"class_list":{"0":"post-2117","1":"product","2":"type-product","3":"status-publish","4":"has-post-thumbnail","6":"product_cat-nfc-stickers","8":"first","9":"instock","10":"shipping-taxable","11":"product-type-simple"},"_links":{"self":[{"href":"https:\/\/nfc-readers.com\/de\/wp-json\/wp\/v2\/product\/2117","targetHints":{"allow":["GET"]}}],"collection":[{"href":"https:\/\/nfc-readers.com\/de\/wp-json\/wp\/v2\/product"}],"about":[{"href":"https:\/\/nfc-readers.com\/de\/wp-json\/wp\/v2\/types\/product"}],"wp:featuredmedia":[{"embeddable":true,"href":"https:\/\/nfc-readers.com\/de\/wp-json\/wp\/v2\/media\/2122"}],"wp:attachment":[{"href":"https:\/\/nfc-readers.com\/de\/wp-json\/wp\/v2\/media?parent=2117"}],"wp:term":[{"taxonomy":"product_brand","embeddable":true,"href":"https:\/\/nfc-readers.com\/de\/wp-json\/wp\/v2\/product_brand?post=2117"},{"taxonomy":"product_cat","embeddable":true,"href":"https:\/\/nfc-readers.com\/de\/wp-json\/wp\/v2\/product_cat?post=2117"},{"taxonomy":"product_tag","embeddable":true,"href":"https:\/\/nfc-readers.com\/de\/wp-json\/wp\/v2\/product_tag?post=2117"}],"curies":[{"name":"wp","href":"https:\/\/api.w.org\/{rel}","templated":true}]}}