{"id":2133,"date":"2024-04-22T03:16:50","date_gmt":"2024-04-22T03:16:50","guid":{"rendered":"https:\/\/nfc-readers.com\/?post_type=product&#038;p=2133"},"modified":"2024-09-24T06:04:13","modified_gmt":"2024-09-24T06:04:13","slug":"silicone-rfid-nfc-wristbands","status":"publish","type":"product","link":"https:\/\/nfc-readers.com\/de\/ic-reader\/silicone-rfid-nfc-wristbands\/","title":{"rendered":"Silikon RFID NFC-Armb\u00e4nder"},"content":{"rendered":"<table width=\"476\">\n<tbody>\n<tr style=\"font-style: inherit; font-weight: inherit;\">\n<td style=\"font-style: inherit;\" width=\"187\"><span style=\"font-style: inherit; font-weight: inherit;\" data-spm-anchor-id=\"a2700.details.0.i62.23d334f5zYksZe\">Produkt<\/span><\/td>\n<td style=\"font-style: inherit;\" width=\"289\"><span style=\"font-style: inherit; font-weight: inherit;\">\u00a0RFID-Silikonarmband\u00a0<\/span><\/td>\n<\/tr>\n<tr style=\"font-style: inherit; font-weight: inherit;\">\n<td style=\"font-style: inherit;\" width=\"187\"><span style=\"font-style: inherit; font-weight: inherit;\">\u00a0Material\u00a0<\/span><\/td>\n<td style=\"font-style: inherit;\" width=\"289\"><span style=\"font-style: inherit; font-weight: inherit;\">\u00a0Silikon<\/span><\/td>\n<\/tr>\n<tr style=\"font-style: inherit; font-weight: inherit;\">\n<td style=\"font-style: inherit;\" width=\"187\"><span style=\"font-style: inherit; font-weight: inherit;\">\u00a0Gr\u00f6\u00dfe<\/span><\/td>\n<td style=\"font-style: inherit;\" width=\"289\"><span style=\"font-style: inherit; font-weight: inherit;\">\u00a0Individuell<\/span><\/td>\n<\/tr>\n<tr style=\"font-style: inherit; font-weight: inherit;\">\n<td style=\"font-style: inherit;\" width=\"187\"><span style=\"font-style: inherit; font-weight: inherit;\">\u00a0Farbe<\/span><\/td>\n<td style=\"font-style: inherit;\" width=\"289\"><span style=\"font-style: inherit; font-weight: inherit;\">\u00a0Blau \/ Rot \/ Schwarz \/ Wei\u00df \/ Gelb \/ Grau \/ Gr\u00fcn \/ Rosa usw. oder individuell<\/span><\/td>\n<\/tr>\n<tr style=\"font-style: inherit; font-weight: inherit;\">\n<td style=\"font-style: inherit;\" width=\"187\"><span style=\"font-style: inherit; font-weight: inherit;\">\u00a0Protokoll<\/span><\/td>\n<td width=\"289\"><span style=\"font-style: inherit; font-weight: inherit;\">\u00a0ISO14443A, ISO15693<\/span><\/td>\n<\/tr>\n<tr style=\"font-style: inherit; font-weight: inherit;\">\n<td style=\"font-style: inherit;\" width=\"187\"><span style=\"font-style: inherit; font-weight: inherit;\">\u00a0HF-Chip (13,56 MHz)\u00a0<\/span><\/td>\n<td style=\"font-style: inherit;\" width=\"289\"><span style=\"font-style: inherit; font-weight: inherit;\">\u00a0FM11RF08, S50, S70, M1K, NFC-Tag213\/216 usw.<\/span><\/td>\n<\/tr>\n<tr style=\"font-style: inherit; font-weight: inherit;\">\n<td style=\"font-style: inherit;\" rowspan=\"4\" width=\"187\"><span style=\"font-style: inherit; font-weight: inherit;\">\u00a0Handwerk<\/span><\/td>\n<td style=\"font-style: inherit;\" width=\"289\"><span style=\"font-style: inherit; font-weight: inherit;\">\u00a0Anpassen des Drucks<\/span><\/td>\n<\/tr>\n<tr>\n<td width=\"289\"><span style=\"font-style: inherit; font-weight: inherit;\">\u00a0Kodierungsdienst verf\u00fcgbar<\/span><\/td>\n<\/tr>\n<tr>\n<td width=\"289\">\u00a0Laser-\/Druck-UID oder Seriennummer auf der Karte<\/td>\n<\/tr>\n<tr>\n<td width=\"289\">\u00a0UID und Seriennummer k\u00f6nnen im Excel-Format bereitgestellt werden<\/td>\n<\/tr>\n<tr style=\"font-style: inherit; font-weight: inherit;\">\n<td style=\"font-style: inherit;\" width=\"187\"><span style=\"font-style: inherit; font-weight: inherit;\">\u00a0Merkmale<\/span><\/td>\n<td style=\"font-style: inherit;\" width=\"289\"><span style=\"font-style: inherit; font-weight: inherit;\">\u00a0Einfach zu tragen und zu verwenden, hohe Leistung, niedrige Kosten, umweltfreundlich, ungiftig<\/span><\/td>\n<\/tr>\n<tr style=\"font-style: inherit; font-weight: inherit;\">\n<td style=\"font-style: inherit;\" width=\"187\"><span style=\"font-style: inherit; font-weight: inherit;\">\u00a0Anwendung\u00a0<\/span><\/td>\n<td style=\"font-style: inherit;\" width=\"289\"><span style=\"font-style: inherit; font-weight: inherit;\">\u00a0Weit verbreitet bei Partys, Sportveranstaltungen, Fitnessstudios, Restaurants, Marathons usw. als Zugangskontrolle und Zahlungsmittel.<\/span><\/td>\n<\/tr>\n<\/tbody>\n<\/table>\n<div>Silikon-RFID-Armb\u00e4nder<\/div>\n<div><\/div>\n<div>RFID-ARMB\u00c4NDER F\u00dcR WOHNMOBILPARKS UND CAMPINGPL\u00c4TZE Sicherer Komfort. Verwenden Sie RFID-Armb\u00e4nder in Ihrem Wohnmobilpark oder auf Ihrem Campingplatz, um eine sichere Zugangskontrolle zu verschiedenen Bereichen Ihres Gel\u00e4ndes zu erm\u00f6glichen und ein bargeldloses Anwesen zu schaffen, in dem alles mit einem Fingertipp abgewickelt wird. Bargeldlose Eink\u00e4ufe.<\/div>\n<div><\/div>\n<div>RFID-Armb\u00e4nder f\u00fcr Familienunterhaltungszentren. Verwenden Sie unsere RFID-Armb\u00e4nder f\u00fcr sichere Debit-, NFC- und POS-Transaktionen in Familienunterhaltungszentren, Spielhallen, Casinos und Spielhallen.<\/div>\n<div><\/div>\n<div>F\u00fcr jede Anwendung. Setzen Sie unsere wasserdichten RFID-Armb\u00e4nder aus Silikon \u00fcberall ein: im Fitnessstudio, im Schwimmbad, im Spa, im Wasserpark oder im Hotel. Bezahlen Sie f\u00fcr Essen, Dienstleistungen und Annehmlichkeiten mit einem Fingertipp auf unserem System oder auf Ihrem POS-Terminal. RFID-Armb\u00e4nder aus Silikon eignen sich auch f\u00fcr RFID-Zugangskontrolle, Schlie\u00dfung und Personal\u00fcberwachung in Ihrem Geb\u00e4ude, B\u00fcro, Labor oder Lager.<\/div>\n<div><\/div>\n<div><img loading=\"lazy\" decoding=\"async\" class=\"alignnone wp-image-2134\" src=\"https:\/\/nfc-readers.com\/wp-content\/uploads\/2024\/04\/H41cec2b20d6746e4bf71ea249b81ff01N-300x246.jpg\" alt=\"\" width=\"525\" height=\"431\" srcset=\"https:\/\/nfc-readers.com\/wp-content\/uploads\/2024\/04\/H41cec2b20d6746e4bf71ea249b81ff01N-300x246.jpg 300w, https:\/\/nfc-readers.com\/wp-content\/uploads\/2024\/04\/H41cec2b20d6746e4bf71ea249b81ff01N-1024x839.jpg 1024w, https:\/\/nfc-readers.com\/wp-content\/uploads\/2024\/04\/H41cec2b20d6746e4bf71ea249b81ff01N-768x629.jpg 768w, https:\/\/nfc-readers.com\/wp-content\/uploads\/2024\/04\/H41cec2b20d6746e4bf71ea249b81ff01N-1536x1258.jpg 1536w, https:\/\/nfc-readers.com\/wp-content\/uploads\/2024\/04\/H41cec2b20d6746e4bf71ea249b81ff01N-2048x1678.jpg 2048w, https:\/\/nfc-readers.com\/wp-content\/uploads\/2024\/04\/H41cec2b20d6746e4bf71ea249b81ff01N-600x491.jpg 600w\" sizes=\"auto, (max-width: 525px) 100vw, 525px\" \/><\/div>\n<div><img loading=\"lazy\" decoding=\"async\" class=\"alignnone wp-image-2135\" src=\"https:\/\/nfc-readers.com\/wp-content\/uploads\/2024\/04\/HTB1OdAhDr9YBuNjy0Fgq6AxcXXaH-300x300.jpg\" alt=\"\" width=\"527\" height=\"527\" srcset=\"https:\/\/nfc-readers.com\/wp-content\/uploads\/2024\/04\/HTB1OdAhDr9YBuNjy0Fgq6AxcXXaH-300x300.jpg 300w, https:\/\/nfc-readers.com\/wp-content\/uploads\/2024\/04\/HTB1OdAhDr9YBuNjy0Fgq6AxcXXaH-150x150.jpg 150w, https:\/\/nfc-readers.com\/wp-content\/uploads\/2024\/04\/HTB1OdAhDr9YBuNjy0Fgq6AxcXXaH-600x600.jpg 600w, https:\/\/nfc-readers.com\/wp-content\/uploads\/2024\/04\/HTB1OdAhDr9YBuNjy0Fgq6AxcXXaH-100x100.jpg 100w, https:\/\/nfc-readers.com\/wp-content\/uploads\/2024\/04\/HTB1OdAhDr9YBuNjy0Fgq6AxcXXaH.jpg 750w\" sizes=\"auto, (max-width: 527px) 100vw, 527px\" \/><\/div>\n<div><\/div>\n<div>\n<p>FAQ:<\/p>\n<p><strong>1. K\u00d6NNEN SIE UNS EINIGE PROBEN ANBIETEN?<\/strong><\/p>\n<p>Wenn wir genau wissen, welche Produkte Sie ben\u00f6tigen, k\u00f6nnen wir Ihnen \u00e4hnliche vorhandene Muster als Referenz anbieten.<\/p>\n<p>Kostenlose Probe mit den von Ihnen bezahlten Versandkosten.<\/p>\n<p>Wenn Sie ein individuelles Etikettenmuster basierend auf Ihrem Design und Ihren Anforderungen ben\u00f6tigen, wird Ihnen ein angemessener Musterpreis in Rechnung gestellt.<\/p>\n<p>&nbsp;<\/p>\n<p><strong>2. WIR SIND KEINE EXPERTEN F\u00dcR IHRE TECHNOLOGIE. WELCHE INFORMATIONEN BRAUCHEN SIE VON UNS, UM EIN ANGEBOT ZU ERSTELLEN?<\/strong><\/p>\n<p>Lieber Freund, bitte informieren Sie uns klar \u00fcber die Anwendung des Tags, welches Ziel Sie erreichen m\u00f6chten,<\/p>\n<p>Wir schlagen Ihnen das passende Produkt zu einem guten Preis vor<\/p>\n<p>&nbsp;<\/p>\n<p><strong>3. K\u00d6NNEN WIR IHRE FABRIK BESUCHEN?<\/strong><\/p>\n<p>Ja, ich hei\u00dfe Sie herzlich willkommen, Ihre Werksf\u00fchrung zu machen. Und es ist mir eine Ehre, Ihr F\u00fchrer auf Ihrer China-Reise zu sein.<\/p>\n<p>&nbsp;<\/p>\n<\/div>\n<p>&nbsp;<\/p>","protected":false},"excerpt":{"rendered":"<p>Silikon-RFID-Armb\u00e4nder mit NFC-Chip-Technologie erm\u00f6glichen eine effiziente kontaktlose Identifizierung f\u00fcr Ticketing, Zugangskontrolle und Eventmanagement.<\/p>","protected":false},"featured_media":2136,"template":"","meta":[],"product_brand":[],"product_cat":[50],"product_tag":[],"class_list":{"0":"post-2133","1":"product","2":"type-product","3":"status-publish","4":"has-post-thumbnail","6":"product_cat-silicone-rfid-nfc-wristbands","8":"first","9":"instock","10":"shipping-taxable","11":"product-type-simple"},"_links":{"self":[{"href":"https:\/\/nfc-readers.com\/de\/wp-json\/wp\/v2\/product\/2133","targetHints":{"allow":["GET"]}}],"collection":[{"href":"https:\/\/nfc-readers.com\/de\/wp-json\/wp\/v2\/product"}],"about":[{"href":"https:\/\/nfc-readers.com\/de\/wp-json\/wp\/v2\/types\/product"}],"wp:featuredmedia":[{"embeddable":true,"href":"https:\/\/nfc-readers.com\/de\/wp-json\/wp\/v2\/media\/2136"}],"wp:attachment":[{"href":"https:\/\/nfc-readers.com\/de\/wp-json\/wp\/v2\/media?parent=2133"}],"wp:term":[{"taxonomy":"product_brand","embeddable":true,"href":"https:\/\/nfc-readers.com\/de\/wp-json\/wp\/v2\/product_brand?post=2133"},{"taxonomy":"product_cat","embeddable":true,"href":"https:\/\/nfc-readers.com\/de\/wp-json\/wp\/v2\/product_cat?post=2133"},{"taxonomy":"product_tag","embeddable":true,"href":"https:\/\/nfc-readers.com\/de\/wp-json\/wp\/v2\/product_tag?post=2133"}],"curies":[{"name":"wp","href":"https:\/\/api.w.org\/{rel}","templated":true}]}}