{"id":2144,"date":"2024-04-22T03:53:51","date_gmt":"2024-04-22T03:53:51","guid":{"rendered":"https:\/\/nfc-readers.com\/?post_type=product&#038;p=2144"},"modified":"2024-09-24T06:02:28","modified_gmt":"2024-09-24T06:02:28","slug":"nfc-smart-ring","status":"publish","type":"product","link":"https:\/\/nfc-readers.com\/de\/ic-reader\/nfc-smart-ring\/","title":{"rendered":"NFC-Smart-Ring"},"content":{"rendered":"<table width=\"443\">\n<tbody>\n<tr style=\"font-style: inherit; font-weight: inherit;\">\n<td style=\"font-style: inherit;\" width=\"152\">Produktname<\/td>\n<td style=\"font-style: inherit;\" width=\"291\">NFC-Ring<\/td>\n<\/tr>\n<tr style=\"font-style: inherit; font-weight: inherit;\">\n<td style=\"font-style: inherit;\" width=\"152\">Material<\/td>\n<td style=\"font-style: inherit;\" width=\"291\">Zirkoniakeramik des Grundk\u00f6rpers, Epoxidharz der Oberfl\u00e4che<\/td>\n<\/tr>\n<tr style=\"font-style: inherit; font-weight: inherit;\">\n<td style=\"font-style: inherit;\" width=\"152\">Innendurchmesser des Rings<\/td>\n<td style=\"font-style: inherit;\" width=\"291\">16 mm, 17 mm, 18 mm, 19 mm, 20 mm, 21 mm, 22 mm, 23 mm<\/td>\n<\/tr>\n<tr style=\"font-style: inherit; font-weight: inherit;\">\n<td style=\"font-style: inherit;\" width=\"152\">Chip<\/td>\n<td style=\"font-style: inherit;\" width=\"291\">NFC 215 213 216, IC (UID), ID (EM4305)<\/td>\n<\/tr>\n<tr style=\"font-style: inherit; font-weight: inherit;\">\n<td style=\"font-style: inherit;\" width=\"152\">Protokoll<\/td>\n<td style=\"font-style: inherit;\" width=\"291\">NFC-Forum Typ 2 ISO14443A<\/td>\n<\/tr>\n<tr style=\"font-style: inherit; font-weight: inherit;\">\n<td style=\"font-style: inherit;\" width=\"152\">Frequenz<\/td>\n<td style=\"font-style: inherit;\" width=\"291\">13,56 MHz<\/td>\n<\/tr>\n<tr style=\"font-style: inherit; font-weight: inherit;\">\n<td style=\"font-style: inherit;\" width=\"152\">Richtungserkennung<\/td>\n<td style=\"font-style: inherit;\" width=\"291\">Omnidirektionale Sensorik<\/td>\n<\/tr>\n<tr style=\"font-style: inherit; font-weight: inherit;\">\n<td style=\"font-style: inherit;\" width=\"152\">Erfassungsabstand<\/td>\n<td style=\"font-style: inherit;\" width=\"291\">0\u201310\u00a0cm (h\u00e4ngt vom Leser ab)<\/td>\n<\/tr>\n<tr style=\"font-style: inherit; font-weight: inherit;\">\n<td style=\"font-style: inherit;\" width=\"152\">Paket<\/td>\n<td style=\"font-style: inherit;\" width=\"291\">NFC-Ring + Handbuch<\/td>\n<\/tr>\n<\/tbody>\n<\/table>\n<p>&nbsp;<\/p>\n<p>Besonderheit:<br \/>\nDer Smartring ist eine tragbare Ger\u00e4tekomponente, die magische Funktionen auf dem Mobiltelefon ausf\u00fchrt und die Mobilfunktion steuert und Daten \u00fcber die drahtlose NFC-Frequenzkommunikationstechnologie teilt. Die Funktionen des fortschrittlichen Designs sind wie folgt: App-Sperre, automatische Ausf\u00fchrung, App verbergen, Visitenkarte teilen, Internet-Link teilen, Text teilen und Online-Datei teilen. Die Produktform wurde nach international beliebten Elementen entworfen, besteht aus reinem medizinischem Titan, muss nicht aufgeladen werden, ist hochgradig wasserdicht und f\u00fcr jeden Menschen jederzeit geeignet.<\/p>\n<p>&nbsp;<\/p>\n<p><iframe loading=\"lazy\" title=\"NFC-Ring\" width=\"1020\" height=\"574\" src=\"https:\/\/www.youtube.com\/embed\/rflL5fkvj6c?feature=oembed\" frameborder=\"0\" allow=\"accelerometer; autoplay; clipboard-write; encrypted-media; gyroscope; picture-in-picture; web-share\" referrerpolicy=\"strict-origin-when-cross-origin\" allowfullscreen><\/iframe><\/p>\n<p>&nbsp;<\/p>\n<p><span class=\"magic-26\"><b data-spm-anchor-id=\"a2700.details.0.i59.2acc580aDAbgjP\">A) Wie kann ich eine Probe erhalten? <\/b><\/span><\/p>\n<div><span class=\"magic-26\">Bevor wir die erste Bestellung erhalten, leisten Sie bitte die Musterkosten und die Expressgeb\u00fchr. Wir werden die<br \/>\nDie Musterkosten werden Ihnen bei Ihrer ersten Bestellung erstattet. <\/span><\/div>\n<div><\/div>\n<div><\/div>\n<div><\/div>\n<div><span class=\"magic-26\"><b>B) K\u00f6nnten Sie unsere Marke auf Ihren Produkten anbringen?<\/b><\/span><\/div>\n<div><span class=\"magic-26\">Ja. Wir k\u00f6nnen Ihr Logo sowohl auf die Produkte als auch auf die Verpackungen drucken, wenn Sie unsere Mindestbestellmenge einhalten. <\/span><\/div>\n<div><span class=\"magic-26\">\u00a0<\/span><\/div>\n<div><span class=\"magic-26\"><b>C) K\u00f6nnten Sie Ihre Produkte in unserer Farbe herstellen? <\/b><\/span><\/div>\n<div><span class=\"magic-26\">Ja, die Farbe der Produkte kann angepasst werden, wenn Sie unsere Mindestbestellmenge einhalten. <\/span><\/div>\n<div><span class=\"magic-26\">\u00a0<\/span><\/div>\n<div><span class=\"magic-26\"><b>D) Wie garantieren Sie die Qualit\u00e4t Ihrer Produkte? <\/b><\/span><\/div>\n<div><span class=\"magic-26\" data-spm-anchor-id=\"a2700.details.0.i60.2acc580aDAbgjP\">1) Strenge Kontrolle w\u00e4hrend der Produktion. <\/span><\/div>\n<div><span class=\"magic-26\">2) Strenge Stichprobenpr\u00fcfung der Produkte vor dem Versand und intakte Produktverpackung gew\u00e4hrleisten<\/span><\/div>","protected":false},"excerpt":{"rendered":"<p>Der NFC Smart Ring mit NFC-Chip und RFID-Technologie auf 13,56 M bietet eine elegante M\u00f6glichkeit zur drahtlosen Interaktion mit Smartphones und Zugangssystemen.<\/p>","protected":false},"featured_media":2145,"template":"","meta":[],"product_brand":[],"product_cat":[52],"product_tag":[],"class_list":{"0":"post-2144","1":"product","2":"type-product","3":"status-publish","4":"has-post-thumbnail","6":"product_cat-nfc-smart-ring","8":"first","9":"instock","10":"shipping-taxable","11":"product-type-simple"},"_links":{"self":[{"href":"https:\/\/nfc-readers.com\/de\/wp-json\/wp\/v2\/product\/2144","targetHints":{"allow":["GET"]}}],"collection":[{"href":"https:\/\/nfc-readers.com\/de\/wp-json\/wp\/v2\/product"}],"about":[{"href":"https:\/\/nfc-readers.com\/de\/wp-json\/wp\/v2\/types\/product"}],"wp:featuredmedia":[{"embeddable":true,"href":"https:\/\/nfc-readers.com\/de\/wp-json\/wp\/v2\/media\/2145"}],"wp:attachment":[{"href":"https:\/\/nfc-readers.com\/de\/wp-json\/wp\/v2\/media?parent=2144"}],"wp:term":[{"taxonomy":"product_brand","embeddable":true,"href":"https:\/\/nfc-readers.com\/de\/wp-json\/wp\/v2\/product_brand?post=2144"},{"taxonomy":"product_cat","embeddable":true,"href":"https:\/\/nfc-readers.com\/de\/wp-json\/wp\/v2\/product_cat?post=2144"},{"taxonomy":"product_tag","embeddable":true,"href":"https:\/\/nfc-readers.com\/de\/wp-json\/wp\/v2\/product_tag?post=2144"}],"curies":[{"name":"wp","href":"https:\/\/api.w.org\/{rel}","templated":true}]}}