{"id":2249,"date":"2024-04-26T07:56:44","date_gmt":"2024-04-26T07:56:44","guid":{"rendered":"https:\/\/nfc-readers.com\/?post_type=product&#038;p=2249"},"modified":"2024-09-24T06:00:37","modified_gmt":"2024-09-24T06:00:37","slug":"contactless-acr1281u-c2-uid-card-reader","status":"publish","type":"product","link":"https:\/\/nfc-readers.com\/de\/ic-reader\/contactless-acr1281u-c2-uid-card-reader\/","title":{"rendered":"ACR1281U-C2 UID-Kartenleser"},"content":{"rendered":"<h1>ACR1281U-C2 UID-Kartenleser<\/h1>\n<p>Der ACR1281U-C2-Karten-UID-Leser ist eine ideale L\u00f6sung f\u00fcr die m\u00fchelose Integration in PC-Umgebungen, ohne die M\u00fchen der Treiberinstallation (kein Laufwerk erforderlich) und f\u00fcr eine effiziente Leistung auf mehreren Systemen konzipiert. In Verbindung mit seiner F\u00e4higkeit, die Karte weit zu lesen, seinem benutzerorientierten Design und seiner robusten Konstruktion bietet er einen zuverl\u00e4ssigen, schnellen und benutzerfreundlichen Betrieb und eignet sich hervorragend f\u00fcr verschiedene Anwendungen, bei denen eine sichere und schnelle Identifizierung von gr\u00f6\u00dfter Bedeutung ist.<\/p>\n<ul>\n<li>\n<h2>USB 2.0 Full Speed-Schnittstelle<\/h2>\n<\/li>\n<li>\n<h2>USB-HID-Tastaturklasse<\/h2>\n<\/li>\n<li>\n<h2>Unterst\u00fctzung f\u00fcr kontaktlose Karten:<\/h2>\n<ul>\n<li>\n<h3>Lese-\/Schreibgeschwindigkeit von bis zu 848 kbps<\/h3>\n<\/li>\n<li>\n<h3>Integrierte Antenne f\u00fcr kontaktlosen Tag-Zugriff mit Kartenleseabstand von bis zu 50 mm (je nach Tag-Typ)<\/h3>\n<\/li>\n<li>\n<h3>Unterst\u00fctzt ISO 14443 Teil 4 Typ A- und B-Karten und die MIFARE\u00ae-Serie<\/h3>\n<\/li>\n<li>\n<h3>Integrierte Antikollisionsfunktion (es kann immer nur auf ein Tag zugegriffen werden)<\/h3>\n<\/li>\n<\/ul>\n<\/li>\n<li>\n<h2>Aktualisierbarkeit der USB-Firmware<\/h2>\n<\/li>\n<li>\n<table width=\"498\">\n<tbody>\n<tr>\n<td colspan=\"2\" width=\"498\">Physikalische Eigenschaften<\/td>\n<\/tr>\n<tr>\n<td width=\"209\">Gr\u00f6\u00dfe (mm)<\/td>\n<td width=\"289\">120,5 mm (L) x 72,0 mm (B) x 20,4 mm (H)<\/td>\n<\/tr>\n<tr>\n<td width=\"209\">Gewicht (g)<\/td>\n<td width=\"289\">140 g<\/td>\n<\/tr>\n<tr>\n<td colspan=\"2\" width=\"498\">USB-Schnittstelle<\/td>\n<\/tr>\n<tr>\n<td width=\"209\">Protokoll<\/td>\n<td width=\"289\">USB-HID-Tastaturklasse<\/td>\n<\/tr>\n<tr>\n<td width=\"209\">Steckertyp<\/td>\n<td width=\"289\">Standard Typ A<\/td>\n<\/tr>\n<tr>\n<td width=\"209\">Energiequelle<\/td>\n<td width=\"289\">Vom USB-Anschluss<\/td>\n<\/tr>\n<tr>\n<td width=\"209\">Geschwindigkeit<\/td>\n<td width=\"289\">USB-Vollgeschwindigkeit (12 Mbit\/s)<\/td>\n<\/tr>\n<tr>\n<td width=\"209\">Kabell\u00e4nge<\/td>\n<td width=\"289\">2,0 m, fest<\/td>\n<\/tr>\n<tr>\n<td colspan=\"2\" width=\"498\">Kontaktlose Smartcard-Schnittstelle<\/td>\n<\/tr>\n<tr>\n<td width=\"209\">Standard<\/td>\n<td width=\"289\">ISO 14443 A und B Teile 1-4, MIFARE\u00ae<\/td>\n<\/tr>\n<tr>\n<td rowspan=\"2\" width=\"209\">Protokoll<\/td>\n<td width=\"289\">ISO 14443-4-konforme Karte, T=CL<\/td>\n<\/tr>\n<tr>\n<td width=\"289\">MIFARE\u00ae Classic Karte, T=CL<\/td>\n<\/tr>\n<tr>\n<td colspan=\"2\" width=\"498\">Integrierte Peripherieger\u00e4te<\/td>\n<\/tr>\n<tr>\n<td width=\"209\">LED<\/td>\n<td width=\"289\">2 einfarbig: Rot und Gr\u00fcn<\/td>\n<\/tr>\n<tr>\n<td width=\"209\">Summer<\/td>\n<td width=\"289\">Monoton<\/td>\n<\/tr>\n<tr>\n<td colspan=\"2\" width=\"498\">Andere Eigenschaften<\/td>\n<\/tr>\n<tr>\n<td width=\"209\">Firmware-Aktualisierung<\/td>\n<td width=\"289\">Unterst\u00fctzt<\/td>\n<\/tr>\n<tr>\n<td colspan=\"2\" width=\"498\">Zertifizierungen\/Konformit\u00e4t<\/td>\n<\/tr>\n<tr>\n<td rowspan=\"6\" width=\"209\">Zertifizierungen\/Konformit\u00e4t<\/td>\n<td width=\"289\">ISO 14443<\/td>\n<\/tr>\n<tr>\n<td width=\"289\">USB mit voller Geschwindigkeit<\/td>\n<\/tr>\n<tr>\n<td width=\"289\">USB-HID<\/td>\n<\/tr>\n<tr>\n<td width=\"289\">CE<\/td>\n<\/tr>\n<tr>\n<td width=\"289\">FCC<\/td>\n<\/tr>\n<tr>\n<td width=\"289\">RoHS<\/td>\n<\/tr>\n<tr>\n<td colspan=\"2\" width=\"498\">Unterst\u00fctzte Ger\u00e4tetreiber und Betriebssysteme<\/td>\n<\/tr>\n<tr>\n<td rowspan=\"4\" width=\"209\">Unterst\u00fctzte Ger\u00e4tetreiber und Betriebssysteme<\/td>\n<td width=\"289\">Windows\u00ae<\/td>\n<\/tr>\n<tr>\n<td width=\"289\">Linux\u00ae<\/td>\n<\/tr>\n<tr>\n<td width=\"289\">MAC OS\u00ae<\/td>\n<\/tr>\n<tr>\n<td width=\"289\">Android\u2122<\/td>\n<\/tr>\n<\/tbody>\n<\/table>\n<\/li>\n<li><iframe loading=\"lazy\" title=\"ACR1281U-C2 Karten-UID-Leseger\u00e4t - Demo (mit Konfigurationstool)\" width=\"1020\" height=\"574\" src=\"https:\/\/www.youtube.com\/embed\/1UjSlask-OY?feature=oembed\" frameborder=\"0\" allow=\"accelerometer; autoplay; clipboard-write; encrypted-media; gyroscope; picture-in-picture; web-share\" referrerpolicy=\"strict-origin-when-cross-origin\" allowfullscreen><\/iframe><\/li>\n<\/ul>","protected":false},"excerpt":{"rendered":"<p>Der UID-Kartenleser ACR1281U-C2 vereinfacht die Einrichtung und erfasst RFID-Karten-UIDs mit 13,56 M ohne Treiber, ideal f\u00fcr die Identit\u00e4tspr\u00fcfung und Zugangskontrolle.<\/p>","protected":false},"featured_media":2250,"template":"","meta":[],"product_brand":[],"product_cat":[45,40],"product_tag":[],"class_list":{"0":"post-2249","1":"product","2":"type-product","3":"status-publish","4":"has-post-thumbnail","6":"product_cat-contactless-nfc-reader","7":"product_cat-rfid-nfc-reader","9":"first","10":"instock","11":"shipping-taxable","12":"product-type-simple"},"_links":{"self":[{"href":"https:\/\/nfc-readers.com\/de\/wp-json\/wp\/v2\/product\/2249","targetHints":{"allow":["GET"]}}],"collection":[{"href":"https:\/\/nfc-readers.com\/de\/wp-json\/wp\/v2\/product"}],"about":[{"href":"https:\/\/nfc-readers.com\/de\/wp-json\/wp\/v2\/types\/product"}],"wp:featuredmedia":[{"embeddable":true,"href":"https:\/\/nfc-readers.com\/de\/wp-json\/wp\/v2\/media\/2250"}],"wp:attachment":[{"href":"https:\/\/nfc-readers.com\/de\/wp-json\/wp\/v2\/media?parent=2249"}],"wp:term":[{"taxonomy":"product_brand","embeddable":true,"href":"https:\/\/nfc-readers.com\/de\/wp-json\/wp\/v2\/product_brand?post=2249"},{"taxonomy":"product_cat","embeddable":true,"href":"https:\/\/nfc-readers.com\/de\/wp-json\/wp\/v2\/product_cat?post=2249"},{"taxonomy":"product_tag","embeddable":true,"href":"https:\/\/nfc-readers.com\/de\/wp-json\/wp\/v2\/product_tag?post=2249"}],"curies":[{"name":"wp","href":"https:\/\/api.w.org\/{rel}","templated":true}]}}