{"id":2262,"date":"2024-04-26T08:49:56","date_gmt":"2024-04-26T08:49:56","guid":{"rendered":"https:\/\/nfc-readers.com\/?post_type=product&#038;p=2262"},"modified":"2024-09-24T03:06:20","modified_gmt":"2024-09-24T03:06:20","slug":"pocketkey-fido-certified-usb-security-key","status":"publish","type":"product","link":"https:\/\/nfc-readers.com\/de\/ic-reader\/pocketkey-fido-certified-usb-security-key\/","title":{"rendered":"PocketKey FIDO\u00ae-zertifizierter USB-Sicherheitsschl\u00fcssel"},"content":{"rendered":"<h1>PocketKey FIDO\u00ae-zertifizierter USB-Sicherheitsschl\u00fcssel<\/h1>\n<p>PocketKey erweist sich als \u00fcberzeugendes Tool im Bereich der digitalen Sicherheit und bietet eine passwortlose und sichere Anmeldemethode, die leicht zu transportieren und plattform\u00fcbergreifend zu verwenden ist. Seine starke Multi-Faktor-Authentifizierung, plattform\u00fcbergreifende Unterst\u00fctzung und einfache Bereitstellung machen PocketKey zu einer erstklassigen Wahl f\u00fcr Benutzer und Verwaltungen, die ein verst\u00e4rktes und effizientes Authentifizierungserlebnis anstreben.<\/p>\n<ul>\n<li>\n<h2>\u00a0Zertifizierungen\/Konformit\u00e4ten<\/h2>\n<ul>\n<li>\n<h3>Systeme\/Standards:<\/h3>\n<ul>\n<li>\n<h3>FIDO U2F<\/h3>\n<\/li>\n<li>\n<h3>FIDO2 L1<\/h3>\n<\/li>\n<\/ul>\n<\/li>\n<li>\n<h2>Regulierung\/Umwelt:<\/h2>\n<ul>\n<li>\n<h3>CE<\/h3>\n<\/li>\n<li>\n<h3>UKCA<\/h3>\n<\/li>\n<li>\n<h3>FCC<\/h3>\n<\/li>\n<li>\n<h3>RoHS<\/h3>\n<\/li>\n<li>\n<h3>ERREICHEN<\/h3>\n<\/li>\n<\/ul>\n<\/li>\n<\/ul>\n<\/li>\n<li>\n<h2>Unterst\u00fctzt die wichtigsten Webbrowser<\/h2>\n<ul>\n<li>\n<h3>ChromeTM, Safari\u00ae, Microsoft Edge\u00ae und Firefox\u00ae<\/h3>\n<\/li>\n<\/ul>\n<\/li>\n<li>\n<h2>Unterst\u00fctzt Key Manager<\/h2>\n<\/li>\n<li>\n<h2>Kryptografische Spezifikation<\/h2>\n<ul>\n<li>\n<h3>ECC Seite 256<\/h3>\n<\/li>\n<\/ul>\n<\/li>\n<li>\u00a0Peripherieger\u00e4te\n<ul>\n<li>Mechanischer Schalter zur Anwesenheits\u00fcberpr\u00fcfung<\/li>\n<li>\n<table width=\"470\">\n<tbody>\n<tr>\n<td colspan=\"2\" width=\"470\">Physikalische Eigenschaften<\/td>\n<\/tr>\n<tr>\n<td width=\"191\">Gr\u00f6\u00dfe (mm)<\/td>\n<td width=\"279\">29,0 mm (L) \u00d7 14,5 mm (B) \u00d7 10,5 mm (H)<\/td>\n<\/tr>\n<tr>\n<td width=\"191\">Gewicht (g)<\/td>\n<td width=\"279\">4,48 g \u00b1 0,44 g<\/td>\n<\/tr>\n<tr>\n<td colspan=\"2\" width=\"470\">USB-Schnittstelle<\/td>\n<\/tr>\n<tr>\n<td width=\"191\">Protokoll<\/td>\n<td width=\"279\">USB-HID<\/td>\n<\/tr>\n<tr>\n<td width=\"191\">Steckertyp<\/td>\n<td width=\"279\">USB-Standard Typ A<\/td>\n<\/tr>\n<tr>\n<td width=\"191\">Energiequelle<\/td>\n<td width=\"279\">Vom USB-Anschluss<\/td>\n<\/tr>\n<tr>\n<td width=\"191\">Geschwindigkeit<\/td>\n<td width=\"279\">USB 2.0 Volle Geschwindigkeit (12 Mbit\/s)<\/td>\n<\/tr>\n<tr>\n<td colspan=\"2\" width=\"470\">Kontakt Smart Card Schnittstelle<\/td>\n<\/tr>\n<tr>\n<td rowspan=\"6\" width=\"191\">Andere<\/td>\n<td width=\"279\">Versorgungsstrom<\/td>\n<\/tr>\n<tr>\n<td width=\"279\">Max. 100mA<\/td>\n<\/tr>\n<tr>\n<td width=\"279\">Kryptografische Spezifikation<\/td>\n<\/tr>\n<tr>\n<td width=\"279\">ECC Seite 256<\/td>\n<\/tr>\n<tr>\n<td width=\"279\">Schl\u00fcsselmanager<\/td>\n<\/tr>\n<tr>\n<td width=\"279\">Unterst\u00fctzung<\/td>\n<\/tr>\n<tr>\n<td colspan=\"2\" width=\"470\">Andere Eigenschaften<\/td>\n<\/tr>\n<tr>\n<td rowspan=\"4\" width=\"191\">Sicherheit<\/td>\n<td width=\"279\">Authentifikatoren:<\/td>\n<\/tr>\n<tr>\n<td width=\"279\">FIDO U2F<\/td>\n<\/tr>\n<tr>\n<td width=\"279\">FIDO2<\/td>\n<\/tr>\n<tr>\n<td width=\"279\">FIDO2 CTAP2.1<\/td>\n<\/tr>\n<tr>\n<td colspan=\"2\" width=\"470\">Zertifizierungen\/Konformit\u00e4t<\/td>\n<\/tr>\n<tr>\n<td rowspan=\"9\" width=\"191\">Zertifizierungen\/Konformit\u00e4t<\/td>\n<td width=\"279\">Systeme\/Standards:<\/td>\n<\/tr>\n<tr>\n<td width=\"279\">FIDO U2F<\/td>\n<\/tr>\n<tr>\n<td width=\"279\">FIDO2 L1<\/td>\n<\/tr>\n<tr>\n<td width=\"279\">Regulierung\/Umwelt:<\/td>\n<\/tr>\n<tr>\n<td width=\"279\">CE<\/td>\n<\/tr>\n<tr>\n<td width=\"279\">UKCA<\/td>\n<\/tr>\n<tr>\n<td width=\"279\">FCC<\/td>\n<\/tr>\n<tr>\n<td width=\"279\">RoHS<\/td>\n<\/tr>\n<tr>\n<td width=\"279\">ERREICHEN<\/td>\n<\/tr>\n<tr>\n<td colspan=\"2\" width=\"470\">Unterst\u00fctzte Ger\u00e4tetreiber und Betriebssysteme<\/td>\n<\/tr>\n<tr>\n<td rowspan=\"9\" width=\"191\">Unterst\u00fctzte Ger\u00e4tetreiber und Betriebssysteme<\/td>\n<td width=\"279\">Windows\u00ae<\/td>\n<\/tr>\n<tr>\n<td width=\"279\">Linux\u00ae<\/td>\n<\/tr>\n<tr>\n<td width=\"279\">Mac OS<\/td>\n<\/tr>\n<tr>\n<td width=\"279\">Android\u2122<\/td>\n<\/tr>\n<tr>\n<td width=\"279\">Browser:<\/td>\n<\/tr>\n<tr>\n<td width=\"279\">Chrom\u2122<\/td>\n<\/tr>\n<tr>\n<td width=\"279\">Safari\u00ae<\/td>\n<\/tr>\n<tr>\n<td width=\"279\">Firefox\u00ae<\/td>\n<\/tr>\n<tr>\n<td width=\"279\">Microsoft Edge\u00ae<\/td>\n<\/tr>\n<\/tbody>\n<\/table>\n<\/li>\n<li>1.\u00a0<a href=\"https:\/\/youtu.be\/fbDyXZaPvQM\" target=\"_blank\" rel=\"noopener\">Microsoft<sup>\u00ae<\/sup>\u00a0Ausblick<sup>TM<\/sup>\u00a0Anmelden zur Demo<\/a><\/li>\n<li><iframe loading=\"lazy\" title=\"PocketKey: Microsoft\u00ae OutlookTM-Anmeldedemo mit kennwortloser Authentifizierung\" width=\"1020\" height=\"574\" src=\"https:\/\/www.youtube.com\/embed\/fbDyXZaPvQM?feature=oembed\" frameborder=\"0\" allow=\"accelerometer; autoplay; clipboard-write; encrypted-media; gyroscope; picture-in-picture; web-share\" referrerpolicy=\"strict-origin-when-cross-origin\" allowfullscreen><\/iframe><\/li>\n<li>2.\u00a0<a href=\"https:\/\/www.youtube.com\/watch?v=1MTW9mSfv8A\" target=\"_blank\" rel=\"noopener\">\u00a0Google<sup>\u00ae<\/sup>\u00a0Demo zur Kontoanmeldung<\/a><\/li>\n<li><iframe loading=\"lazy\" title=\"PocketKey: Demo zur Anmeldung bei Google\u00ae-Konten\" width=\"1020\" height=\"574\" src=\"https:\/\/www.youtube.com\/embed\/1MTW9mSfv8A?feature=oembed\" frameborder=\"0\" allow=\"accelerometer; autoplay; clipboard-write; encrypted-media; gyroscope; picture-in-picture; web-share\" referrerpolicy=\"strict-origin-when-cross-origin\" allowfullscreen><\/iframe><\/li>\n<li>3. \u00a0<a href=\"https:\/\/youtu.be\/Pjeif9S-PMQ\" target=\"_blank\" rel=\"noopener\">Apple ID<sup>\u00ae<\/sup>\u00a0und iCloud<sup>\u00ae<\/sup>\u00a0Demo zur Anmeldung<\/a><\/li>\n<li><iframe loading=\"lazy\" title=\"PocketKey: Demo zur Anmeldung mit Apple ID\u00ae und iCloud\u00ae\" width=\"1020\" height=\"574\" src=\"https:\/\/www.youtube.com\/embed\/Pjeif9S-PMQ?feature=oembed\" frameborder=\"0\" allow=\"accelerometer; autoplay; clipboard-write; encrypted-media; gyroscope; picture-in-picture; web-share\" referrerpolicy=\"strict-origin-when-cross-origin\" allowfullscreen><\/iframe><\/li>\n<\/ul>\n<\/li>\n<\/ul>","protected":false},"excerpt":{"rendered":"<p>PocketKey verbessert die digitale Sicherheit durch Multi-Faktor-Authentifizierung, ersetzt veraltete Passwortsysteme und unterst\u00fctzt FIDO U2F-Protokolle f\u00fcr sicheren Zugriff.<\/p>","protected":false},"featured_media":2263,"template":"","meta":[],"product_brand":[],"product_cat":[39,46],"product_tag":[],"class_list":{"0":"post-2262","1":"product","2":"type-product","3":"status-publish","4":"has-post-thumbnail","6":"product_cat-usb-ic-smartcard-reader","7":"product_cat-nfc-cards","9":"first","10":"instock","11":"shipping-taxable","12":"product-type-simple"},"_links":{"self":[{"href":"https:\/\/nfc-readers.com\/de\/wp-json\/wp\/v2\/product\/2262","targetHints":{"allow":["GET"]}}],"collection":[{"href":"https:\/\/nfc-readers.com\/de\/wp-json\/wp\/v2\/product"}],"about":[{"href":"https:\/\/nfc-readers.com\/de\/wp-json\/wp\/v2\/types\/product"}],"wp:featuredmedia":[{"embeddable":true,"href":"https:\/\/nfc-readers.com\/de\/wp-json\/wp\/v2\/media\/2263"}],"wp:attachment":[{"href":"https:\/\/nfc-readers.com\/de\/wp-json\/wp\/v2\/media?parent=2262"}],"wp:term":[{"taxonomy":"product_brand","embeddable":true,"href":"https:\/\/nfc-readers.com\/de\/wp-json\/wp\/v2\/product_brand?post=2262"},{"taxonomy":"product_cat","embeddable":true,"href":"https:\/\/nfc-readers.com\/de\/wp-json\/wp\/v2\/product_cat?post=2262"},{"taxonomy":"product_tag","embeddable":true,"href":"https:\/\/nfc-readers.com\/de\/wp-json\/wp\/v2\/product_tag?post=2262"}],"curies":[{"name":"wp","href":"https:\/\/api.w.org\/{rel}","templated":true}]}}