{"id":2730,"date":"2024-06-07T08:01:07","date_gmt":"2024-06-07T08:01:07","guid":{"rendered":"https:\/\/nfc-readers.com\/?post_type=product&#038;p=2730"},"modified":"2024-09-24T02:54:03","modified_gmt":"2024-09-24T02:54:03","slug":"wallet-mate-nfc-reader-writer-support-apple-pay-and-google-vas","status":"publish","type":"product","link":"https:\/\/nfc-readers.com\/de\/ic-reader\/wallet-mate-nfc-reader-writer-support-apple-pay-and-google-vas\/","title":{"rendered":"Wallet Mate NFC-Lese-\/Schreibger\u00e4t \u2013 Unterst\u00fctzt Apple Pay und Google VAS"},"content":{"rendered":"<h1>Wallet Mate NFC-Lese-\/Schreibger\u00e4t \u2013 Unterst\u00fctzt Apple Pay und Google VAS<\/h1>\n<div><\/div>\n<div class=\"auto-hide-last-sibling-br paragraph_1252f paragraph-element\"><strong>Der Wallet Mate NFC-Lese-\/Schreibleser<\/strong> ist ein hochmodernes Ger\u00e4t, das VAS-Protokolle und NFC-Zugangskontroll-Lesefunktionen f\u00fcr eine verbesserte kartenlose Interaktion integriert. Ausgestattet mit einem POS-Terminal mit NFC-Leseger\u00e4t, robusten Sicherheitsma\u00dfnahmen und umfassender Anwendungskompatibilit\u00e4t setzt es neue Ma\u00dfst\u00e4be in puncto Komfort und Effizienz. Sein Design und seine Funktionalit\u00e4t machen es zu einem unverzichtbaren Ger\u00e4t f\u00fcr alle, die die St\u00e4rken der NFC-Technologie f\u00fcr sichere, reibungslose und schnelle Transaktionen nutzen m\u00f6chten.<\/div>\n<div><\/div>\n<h2 class=\"auto-hide-last-sibling-br paragraph_1252f paragraph-element\">USB 2.0-Hochgeschwindigkeitsschnittstelle<\/h2>\n<h3 class=\"auto-hide-last-sibling-br paragraph_1252f paragraph-element\"><br class=\"container_e695a wrapper_ad07b undefined\" \/>Einhaltung der CCID-Standards<br class=\"container_e695a wrapper_ad07b undefined\" \/>Mobile Geldb\u00f6rse und kontaktloser Chipkartenleser:<br class=\"container_e695a wrapper_ad07b undefined\" \/>Zertifiziert von Apple VAS und Google Smart Tap (Hinweis: WalletMate ist nur f\u00fcr VAS zertifiziert, nicht f\u00fcr Zahlungsterminals) Daten\u00fcbertragungsraten von bis zu 424 kbps<br class=\"container_e695a wrapper_ad07b undefined\" \/>Integrierte Antenne f\u00fcr kontaktlosen Tag-Zugriff und Kartenleseabstand von bis zu 50 mm (je nach Tag-Typ)<br class=\"container_e695a wrapper_ad07b undefined\" \/>Kompatibilit\u00e4t mit ISO 14443 Typ A und B-Karten, MIFARE\u00ae, FeliCa und allen vier Arten von NFC-Tags (ISO\/IEC 18092)<br class=\"container_e695a wrapper_ad07b undefined\" \/>Unterst\u00fctzung f\u00fcr MIFARE\u00ae 7-Byte UID, MIFARE\u00ae Plus und MIFARE\u00ae DESfire<br class=\"container_e695a wrapper_ad07b undefined\" \/>Integrierte Antikollisionsfunktion (es kann immer nur auf ein Tag zugegriffen werden)<\/h3>\n<h2 class=\"auto-hide-last-sibling-br paragraph_1252f paragraph-element\"><br class=\"container_e695a wrapper_ad07b undefined\" \/>NFC-Unterst\u00fctzung:<\/h2>\n<h3 class=\"auto-hide-last-sibling-br paragraph_1252f paragraph-element\"><br class=\"container_e695a wrapper_ad07b undefined\" \/>Funktionalit\u00e4t im Reader\/Writer-Modus<br class=\"container_e695a wrapper_ad07b undefined\" \/>Peer-to-Peer-Modus<br class=\"container_e695a wrapper_ad07b undefined\" \/>Kartenemulationsmodus<\/h3>\n<h2 class=\"auto-hide-last-sibling-br paragraph_1252f paragraph-element\"><br class=\"container_e695a wrapper_ad07b undefined\" \/>Programmierschnittstelle:<\/h2>\n<h3 class=\"auto-hide-last-sibling-br paragraph_1252f paragraph-element\"><br class=\"container_e695a wrapper_ad07b undefined\" \/>Kompatibilit\u00e4t der Apple VAS- und Google Smart Tap-API mit Windows- und Linux-Plattformen<br class=\"container_e695a wrapper_ad07b undefined\" \/>Unterst\u00fctzung f\u00fcr PC\/SC<br class=\"container_e695a wrapper_ad07b undefined\" \/>Unterst\u00fctzung f\u00fcr CT-API (erm\u00f6glicht durch einen PC\/SC-basierten Wrapper)<\/h3>\n<h2 class=\"auto-hide-last-sibling-br paragraph_1252f paragraph-element\">Zus\u00e4tzliche Funktionen:<\/h2>\n<h3 class=\"auto-hide-last-sibling-br paragraph_1252f paragraph-element\"><br class=\"container_e695a wrapper_ad07b undefined\" \/>Vom Benutzer steuerbare zweifarbige LED<br class=\"container_e695a wrapper_ad07b undefined\" \/>Vom Benutzer steuerbares akustisches Warnsystem<br class=\"container_e695a wrapper_ad07b undefined\" \/>M\u00f6glichkeit f\u00fcr USB-Firmware-Updates<\/h3>\n<p>&nbsp;<\/p>\n<ul>\n<li>\n<table width=\"559\">\n<tbody>\n<tr>\n<td colspan=\"2\" width=\"559\">Physikalische Eigenschaften<\/td>\n<\/tr>\n<tr>\n<td width=\"214\">Gr\u00f6\u00dfe (mm)<\/td>\n<td width=\"345\">98,0 mm (L) x 65,0 mm (B) x 12,8 mm (H)<\/td>\n<\/tr>\n<tr>\n<td width=\"214\">Gewicht (g)<\/td>\n<td width=\"345\">81 g<\/td>\n<\/tr>\n<tr>\n<td colspan=\"2\" width=\"559\">USB-Schnittstelle<\/td>\n<\/tr>\n<tr>\n<td width=\"214\">Protokoll<\/td>\n<td width=\"345\">USB-CCID<\/td>\n<\/tr>\n<tr>\n<td width=\"214\">Steckertyp<\/td>\n<td width=\"345\">USB Typ A (ACR1252U-MW)<\/td>\n<\/tr>\n<tr>\n<td width=\"214\">Energiequelle<\/td>\n<td width=\"345\">Vom USB-Anschluss<\/td>\n<\/tr>\n<tr>\n<td width=\"214\">Geschwindigkeit<\/td>\n<td width=\"345\">USB-Vollgeschwindigkeit (12 Mbit\/s)<\/td>\n<\/tr>\n<tr>\n<td width=\"214\">Kabell\u00e4nge<\/td>\n<td width=\"345\">1,0 m, nicht abnehmbar<\/td>\n<\/tr>\n<tr>\n<td colspan=\"2\" width=\"559\">Kontaktlose Smartcard-Schnittstelle<\/td>\n<\/tr>\n<tr>\n<td width=\"214\">Standard<\/td>\n<td width=\"345\">ISO\/IEC 18092 NFC, ISO 14443 Typ A und B, MIFARE\u00ae, FeliCa<\/td>\n<\/tr>\n<tr>\n<td rowspan=\"4\" width=\"214\">Protokoll<\/td>\n<td width=\"345\">ISO 14443-4-konforme Karte, T=CL<\/td>\n<\/tr>\n<tr>\n<td width=\"345\">MIFARE\u00ae Classic Karte, T=CL<\/td>\n<\/tr>\n<tr>\n<td width=\"345\">ISO18092, NFC-Tags<\/td>\n<\/tr>\n<tr>\n<td width=\"345\">Abonnieren<\/td>\n<\/tr>\n<tr>\n<td colspan=\"2\" width=\"559\">Integrierte Peripherieger\u00e4te<\/td>\n<\/tr>\n<tr>\n<td width=\"214\">LED<\/td>\n<td width=\"345\">1 zweifarbig: Rot und Gr\u00fcn<\/td>\n<\/tr>\n<tr>\n<td width=\"214\">Summer<\/td>\n<td width=\"345\">Monoton<\/td>\n<\/tr>\n<tr>\n<td colspan=\"2\" width=\"559\">Andere Eigenschaften<\/td>\n<\/tr>\n<tr>\n<td width=\"214\">Firmware-Aktualisierung<\/td>\n<td width=\"345\">Unterst\u00fctzt<\/td>\n<\/tr>\n<tr>\n<td colspan=\"2\" width=\"559\">Zertifizierungen\/Konformit\u00e4t<\/td>\n<\/tr>\n<tr>\n<td rowspan=\"4\" width=\"214\">Zertifizierungen\/Konformit\u00e4t<\/td>\n<td width=\"345\">Zertifizierungen:<\/td>\n<\/tr>\n<tr>\n<td width=\"345\">Apple VAS, Google Smart Tap, NFC-Forum-Zertifizierungszeichen, IEC\/EN 62368, CE, FCC, UKCA, J-LIS, VCCI, TELEC, KC, BIS, RoHS, REACH, WEEE<\/td>\n<\/tr>\n<tr>\n<td width=\"345\">Konformit\u00e4ten:<\/td>\n<\/tr>\n<tr>\n<td width=\"345\">USB-CCID, PC\/SC<\/td>\n<\/tr>\n<tr>\n<td colspan=\"2\" width=\"559\">Unterst\u00fctzte Ger\u00e4tetreiber und Betriebssysteme<\/td>\n<\/tr>\n<tr>\n<td width=\"214\">Unterst\u00fctzte Ger\u00e4tetreiber und Betriebssysteme<\/td>\n<td width=\"345\">Windows\u00ae, Linux\u00ae, macOS (in Entwicklung), Android\u2122 (in Entwicklung)<\/td>\n<\/tr>\n<\/tbody>\n<\/table>\n<\/li>\n<\/ul>","protected":false},"excerpt":{"rendered":"<div>Das Mobile Wallet, ein innovatives NFC-Leseger\u00e4t, unterst\u00fctzt die kartenlose Nutzung digitaler P\u00e4sse, unterst\u00fctzt von VAS Apple und Google VAS f\u00fcr iOS- und Android-Ger\u00e4te.<\/div>\n<div><\/div>","protected":false},"featured_media":2731,"template":"","meta":[],"product_brand":[],"product_cat":[45,40],"product_tag":[],"class_list":{"0":"post-2730","1":"product","2":"type-product","3":"status-publish","4":"has-post-thumbnail","6":"product_cat-contactless-nfc-reader","7":"product_cat-rfid-nfc-reader","9":"first","10":"instock","11":"shipping-taxable","12":"product-type-simple"},"_links":{"self":[{"href":"https:\/\/nfc-readers.com\/de\/wp-json\/wp\/v2\/product\/2730","targetHints":{"allow":["GET"]}}],"collection":[{"href":"https:\/\/nfc-readers.com\/de\/wp-json\/wp\/v2\/product"}],"about":[{"href":"https:\/\/nfc-readers.com\/de\/wp-json\/wp\/v2\/types\/product"}],"wp:featuredmedia":[{"embeddable":true,"href":"https:\/\/nfc-readers.com\/de\/wp-json\/wp\/v2\/media\/2731"}],"wp:attachment":[{"href":"https:\/\/nfc-readers.com\/de\/wp-json\/wp\/v2\/media?parent=2730"}],"wp:term":[{"taxonomy":"product_brand","embeddable":true,"href":"https:\/\/nfc-readers.com\/de\/wp-json\/wp\/v2\/product_brand?post=2730"},{"taxonomy":"product_cat","embeddable":true,"href":"https:\/\/nfc-readers.com\/de\/wp-json\/wp\/v2\/product_cat?post=2730"},{"taxonomy":"product_tag","embeddable":true,"href":"https:\/\/nfc-readers.com\/de\/wp-json\/wp\/v2\/product_tag?post=2730"}],"curies":[{"name":"wp","href":"https:\/\/api.w.org\/{rel}","templated":true}]}}