{"id":2732,"date":"2024-10-07T08:34:31","date_gmt":"2024-10-07T08:34:31","guid":{"rendered":"https:\/\/nfc-readers.com\/?post_type=product&#038;p=2732"},"modified":"2024-10-28T14:32:27","modified_gmt":"2024-10-28T14:32:27","slug":"nfc-reader-writer-support-apple-pay-and-google-vas","status":"publish","type":"product","link":"https:\/\/nfc-readers.com\/de\/ic-reader\/nfc-reader-writer-support-apple-pay-and-google-vas\/","title":{"rendered":"NFC-Lese-\/Schreibger\u00e4t unterst\u00fctzt Apple Pay und Google VAS"},"content":{"rendered":"<div class=\"auto-hide-last-sibling-br paragraph_1252f paragraph-element\">\n<h1>NFC-Lese-\/Schreibger\u00e4t unterst\u00fctzt Apple Pay und Google VAS<\/h1>\n<p>Geben Sie den\u00a0<strong>NFC-Leseger\u00e4t<\/strong>, eine hochentwickelte Technologie, die kontaktlose Transaktionen verbessern und die Zugangskontrolle mit beispielloser Effizienz optimieren soll. Egal, ob Sie Ihre Transaktionen beschleunigen, die Sicherheit erh\u00f6hen oder einfach Ihre Technologie aufr\u00fcsten m\u00f6chten, ein NFC-Leseger\u00e4t ist ein unverzichtbares Werkzeug in Ihrem Arsenal. Mit der F\u00e4higkeit, zu lesen und zu schreiben\u00a0<strong>NFC-Tags<\/strong>\u00a0und Karten, einschlie\u00dflich beliebter Formate wie\u00a0<strong>MIFARE<\/strong>Dieses Ger\u00e4t steht an der Spitze innovativer Zahlungsl\u00f6sungen.<\/p>\n<h2>Vorteile der Wahl des NFC-Leseger\u00e4ts<\/h2>\n<p>Die Investition in einen NFC-Reader ist nicht nur ein Kauf, sondern ein Upgrade Ihrer Zahlungsm\u00f6glichkeiten, das zahlreiche Vorteile bietet. In erster Linie erh\u00f6ht es die Sicherheit, indem es\u00a0<strong>kontaktlos<\/strong>\u00a0Zahlungen, wodurch das mit Bargeldtransaktionen verbundene Risiko verringert wird. Es ist au\u00dferdem auf Benutzerfreundlichkeit ausgelegt und verf\u00fcgt \u00fcber einen einfachen Einrichtungsprozess, der \u00fcber USB mit einer Vielzahl von Ger\u00e4ten verbunden werden kann und die Integration in Ihre vorhandenen Systeme erm\u00f6glicht. Das kompakte und tragbare Design stellt sicher, dass Sie Ihre NFC-Funktion \u00fcberallhin mitnehmen k\u00f6nnen, was es ideal f\u00fcr H\u00e4ndler und Einzelpersonen macht.<\/p>\n<h3>1.\u00a0<strong>Umfassende NFC-Unterst\u00fctzung<\/strong><\/h3>\n<p>Der\u00a0<strong>NFC-Leseger\u00e4t<\/strong>\u00a0unterst\u00fctzt mehrere NFC-Funktionen, darunter Reader\/Writer-Modus, Peer-to-Peer-Modus und Card Emulation-Modus. Diese Vielseitigkeit gew\u00e4hrleistet die Kompatibilit\u00e4t mit verschiedenen Transaktionen, vom Lesen\u00a0<strong>NFC-Karten<\/strong>\u00a0zur Erm\u00f6glichung mobiler Zahlungen \u00fcber\u00a0<strong>Google Pay<\/strong>\u00a0Und\u00a0<strong>Apple Pay<\/strong>.<\/p>\n<h4>Lese-\/Schreibmodus<\/h4>\n<p>Mit dem Reader\/Writer-Modus k\u00f6nnen Benutzer m\u00fchelos\u00a0<strong>Lesen und Schreiben<\/strong>\u00a0Daten an NFC-Tags, wodurch sich das Ger\u00e4t perfekt f\u00fcr Anwendungen im Bestandsmanagement und bei Marketingkampagnen eignet.<\/p>\n<h4>Peer-to-Peer-Modus<\/h4>\n<p>Der Peer-to-Peer-Modus erleichtert den Datenaustausch zwischen zwei NFC-f\u00e4higen Ger\u00e4ten und erm\u00f6glicht nahtlose Transaktionen oder Informations\u00fcbertragungen, was den Komfort f\u00fcr die Benutzer erh\u00f6ht.<\/p>\n<h3>2.\u00a0<strong>Hohe Kompatibilit\u00e4tsstandards<\/strong><\/h3>\n<p>Dieser NFC-Leser ist mit einer Vielzahl von Chipkarten kompatibel, darunter ISO 14443 Typ A und B-Karten. Damit ist er eine universelle L\u00f6sung f\u00fcr Unternehmen, die einen\u00a0<strong>Kartenleser<\/strong>\u00a0f\u00fcr mehrere Kartentypen.<\/p>\n<h4>Unterst\u00fctzt verschiedene NFC-Tags<\/h4>\n<p>Neben ISO-Standards unterst\u00fctzt das Ger\u00e4t auch Formate wie MIFARE\u00ae und FeliCa und gew\u00e4hrleistet so eine umfassende Unterst\u00fctzung f\u00fcr praktisch alle Benutzer.<\/p>\n<h4>USB-Konnektivit\u00e4t<\/h4>\n<p>Dank der USB 2.0-Hochgeschwindigkeitsschnittstelle k\u00f6nnen Sie den NFC-Reader ganz einfach an Smartphones oder Tablets anschlie\u00dfen und so schnell Daten \u00fcbertragen \u2013 alles ist sofort einsatzbereit.\u00a0<strong>\u00fcber USB<\/strong>.<\/p>\n<h3>3.\u00a0<strong>Robuste Sicherheitsfunktionen<\/strong><\/h3>\n<p>Sicherheit ist f\u00fcr jedes Transaktionsger\u00e4t von gr\u00f6\u00dfter Bedeutung und der NFC-Leser zeichnet sich durch seine integrierte Antikollisionsfunktion aus. Sie gew\u00e4hrleistet, dass immer nur ein Tag gelesen wird, wodurch die Gefahr einer Datenbesch\u00e4digung oder eines Betrugs erheblich reduziert wird.<\/p>\n<h4>Erweiterte Verschl\u00fcsselung<\/h4>\n<p>Der NFC-Reader unterst\u00fctzt verschiedene Verschl\u00fcsselungstechniken f\u00fcr die sichere Daten\u00fcbertragung und stellt sicher, dass vertrauliche Informationen w\u00e4hrend des gesamten Transaktionsprozesses gesch\u00fctzt bleiben.<\/p>\n<h4>Benutzerwarnungen<\/h4>\n<p>Ausgestattet mit einem vom Benutzer steuerbaren akustischen Warnsystem k\u00f6nnen Benutzer w\u00e4hrend des Betriebs sofortiges Feedback erhalten, was die Benutzerfreundlichkeit verbessert und sicherstellt, dass sie \u00fcber erfolgreiche Lesevorg\u00e4nge informiert sind.<\/p>\n<h3>4.\u00a0<strong>Umweltauswirkungen<\/strong><\/h3>\n<p>Da Unternehmen sich ihres \u00f6kologischen Fu\u00dfabdrucks immer bewusster werden, wurde der NFC-Reader mit Blick auf Nachhaltigkeit entwickelt. Das Ger\u00e4t verbraucht nur minimalen Strom und kann ohne umfangreiche Hardware-Upgrades an vorhandene Systeme angeschlossen werden, wodurch Abfall reduziert wird.<\/p>\n<h4>Effiziente Energienutzung<\/h4>\n<p>Der NFC Reader arbeitet mit einer Frequenz von 13,56 MHz und ist somit energieeffizient. Dies erm\u00f6glicht eine umfangreiche Nutzung ohne hohe Stromkosten. Unternehmen k\u00f6nnen diese Technologie nutzen, ohne einen Anstieg des Energiebedarfs bef\u00fcrchten zu m\u00fcssen.<\/p>\n<h3>5.\u00a0<strong>Benutzerfreundliches Design<\/strong><\/h3>\n<p>Das NFC-Leseger\u00e4t zeichnet sich durch ein kompaktes und elegantes Design aus, das sich nahtlos in Ihren Arbeitsablauf einf\u00fcgt. Die vom Benutzer steuerbare zweifarbige LED bietet w\u00e4hrend des Betriebs sofortiges visuelles Feedback und informiert Benutzer effektiv \u00fcber den Transaktionsstatus.<\/p>\n<h4>Portabilit\u00e4t<\/h4>\n<p>Sein leichtes Gestell macht ihn zur idealen L\u00f6sung f\u00fcr mobile Unternehmen, vom Einzelhandelsgesch\u00e4ft bis zum Imbisswagen. Er erm\u00f6glicht einen schnellen Einsatz \u00fcberall dort, wo er ben\u00f6tigt wird, und ist daher sowohl f\u00fcr tempor\u00e4re als auch f\u00fcr permanente Installationen \u00e4u\u00dferst effizient.<\/p>\n<h3>6.\u00a0<strong>\u00d6kosystemkompatibilit\u00e4t<\/strong><\/h3>\n<p>Der NFC-Reader ist mit verschiedenen Betriebssystemen wie Windows, Linux und Android kompatibel und erm\u00f6glicht so eine breite Anwendung in unterschiedlichen Umgebungen.<\/p>\n<h4>Einfache Integration mit etablierten Systemen<\/h4>\n<p>Erweitern Sie Ihre vorhandenen POS-Systeme mit dem NFC-Leseger\u00e4t und profitieren Sie von der Kompatibilit\u00e4t mit weit verbreiteten App-Stores, um relevante Anwendungen f\u00fcr Ihre Gesch\u00e4ftsanforderungen herunterzuladen.<\/p>\n<\/div>\n<table width=\"559\">\n<tbody>\n<tr>\n<td colspan=\"2\" width=\"559\">Physikalische Eigenschaften<\/td>\n<\/tr>\n<tr>\n<td width=\"214\">Gr\u00f6\u00dfe (mm)<\/td>\n<td width=\"345\">98,0 mm (L) x 65,0 mm (B) x 12,8 mm (H)<\/td>\n<\/tr>\n<tr>\n<td width=\"214\">Gewicht (g)<\/td>\n<td width=\"345\">81 g<\/td>\n<\/tr>\n<tr>\n<td colspan=\"2\" width=\"559\">USB-Schnittstelle<\/td>\n<\/tr>\n<tr>\n<td width=\"214\">Protokoll<\/td>\n<td width=\"345\">USB-CCID<\/td>\n<\/tr>\n<tr>\n<td width=\"214\">Steckertyp<\/td>\n<td width=\"345\">USB Typ A (ACR1252U-MW)<\/td>\n<\/tr>\n<tr>\n<td width=\"214\">Energiequelle<\/td>\n<td width=\"345\">Vom USB-Anschluss<\/td>\n<\/tr>\n<tr>\n<td width=\"214\">Geschwindigkeit<\/td>\n<td width=\"345\">USB-Vollgeschwindigkeit (12 Mbit\/s)<\/td>\n<\/tr>\n<tr>\n<td width=\"214\">Kabell\u00e4nge<\/td>\n<td width=\"345\">1,0 m, nicht abnehmbar<\/td>\n<\/tr>\n<tr>\n<td colspan=\"2\" width=\"559\">Kontaktlose Smartcard-Schnittstelle<\/td>\n<\/tr>\n<tr>\n<td width=\"214\">Standard<\/td>\n<td width=\"345\">ISO\/IEC 18092 NFC, ISO 14443 Typ A und B, MIFARE\u00ae, FeliCa<\/td>\n<\/tr>\n<tr>\n<td rowspan=\"4\" width=\"214\">Protokoll<\/td>\n<td width=\"345\">ISO 14443-4-konforme Karte, T=CL<\/td>\n<\/tr>\n<tr>\n<td width=\"345\">MIFARE\u00ae Classic Karte, T=CL<\/td>\n<\/tr>\n<tr>\n<td width=\"345\">ISO18092, NFC-Tags<\/td>\n<\/tr>\n<tr>\n<td width=\"345\">Abonnieren<\/td>\n<\/tr>\n<tr>\n<td colspan=\"2\" width=\"559\">Integrierte Peripherieger\u00e4te<\/td>\n<\/tr>\n<tr>\n<td width=\"214\">LED<\/td>\n<td width=\"345\">1 zweifarbig: Rot und Gr\u00fcn<\/td>\n<\/tr>\n<tr>\n<td width=\"214\">Summer<\/td>\n<td width=\"345\">Monoton<\/td>\n<\/tr>\n<tr>\n<td colspan=\"2\" width=\"559\">Andere Eigenschaften<\/td>\n<\/tr>\n<tr>\n<td width=\"214\">Firmware-Aktualisierung<\/td>\n<td width=\"345\">Unterst\u00fctzt<\/td>\n<\/tr>\n<tr>\n<td colspan=\"2\" width=\"559\">Zertifizierungen\/Konformit\u00e4t<\/td>\n<\/tr>\n<tr>\n<td rowspan=\"4\" width=\"214\">Zertifizierungen\/Konformit\u00e4t<\/td>\n<td width=\"345\">Zertifizierungen:<\/td>\n<\/tr>\n<tr>\n<td width=\"345\">Apple VAS, Google Smart Tap, NFC-Forum-Zertifizierungszeichen, IEC\/EN 62368, CE, FCC, UKCA, J-LIS, VCCI, TELEC, KC, BIS, RoHS, REACH, WEEE<\/td>\n<\/tr>\n<tr>\n<td width=\"345\">Konformit\u00e4ten:<\/td>\n<\/tr>\n<tr>\n<td width=\"345\">USB-CCID, PC\/SC<\/td>\n<\/tr>\n<tr>\n<td colspan=\"2\" width=\"559\">Unterst\u00fctzte Ger\u00e4tetreiber und Betriebssysteme<\/td>\n<\/tr>\n<tr>\n<td width=\"214\">Unterst\u00fctzte Ger\u00e4tetreiber und Betriebssysteme<\/td>\n<td width=\"345\">Windows\u00ae, Linux\u00ae, macOS (in Entwicklung), Android\u2122 (in Entwicklung)<\/td>\n<\/tr>\n<\/tbody>\n<\/table>\n<h2>Kundenrezensionen<\/h2>\n<blockquote><p>\u201eDer NFC-Reader hat die Art und Weise, wie wir Zahlungen verarbeiten, ver\u00e4ndert. Er ist schnell, sicher und l\u00e4sst sich unglaublich einfach in unsere bestehenden Systeme integrieren!\u201c \u2013\u00a0<strong>James T.<\/strong>, Einzelhandelsmanager<\/p><\/blockquote>\n<blockquote><p>\u201eIch liebe die Mobilit\u00e4t dieses NFC-Leseger\u00e4ts! Es ist perfekt f\u00fcr mein Foodtruck-Gesch\u00e4ft.\u201c \u2013\u00a0<strong>Sandra W.<\/strong>, Kleinunternehmer<\/p><\/blockquote>\n<h2>H\u00e4ufig gestellte Fragen (FAQs)<\/h2>\n<p><strong>1. Welche Kartentypen kann der NFC-Reader lesen?<\/strong><br \/>\nDer NFC-Leser unterst\u00fctzt ISO 14443-Karten Typ A und B, MIFARE\u00ae, FeliCa und alle NFC-Tags, die dem ISO\/IEC 18092-Standard entsprechen.<\/p>\n<p><strong>2. Ist der NFC-Reader mit Smartphones kompatibel?<\/strong><br \/>\nJa, Sie k\u00f6nnen das NFC-Leseger\u00e4t problemlos \u00fcber USB mit den meisten Smartphones verbinden, um schnelle Transaktionen und den Datenaustausch zu erm\u00f6glichen.<\/p>\n<p><strong>3. Kann ich die Firmware aktualisieren?<\/strong><br \/>\nJa, der NFC-Reader unterst\u00fctzt USB-Firmware-Updates und stellt sicher, dass Sie \u00fcber die neuesten Funktionen und Sicherheitsupgrades verf\u00fcgen.<\/p>\n<p><strong>4. Wie weit kann ich NFC-Tags lesen?<\/strong><br \/>\nDer NFC-Leser hat eine Lesereichweite von bis zu 50 mm, abh\u00e4ngig vom Tag-Typ und seinen spezifischen F\u00e4higkeiten.<\/p>\n<hr \/>\n<p>Wenn Sie sich f\u00fcr den NFC-Reader entscheiden, investieren Sie nicht nur in ein Produkt, sondern entscheiden sich auch f\u00fcr eine intelligentere Art der Zahlungsabwicklung. Egal, ob Sie ihn f\u00fcr den pers\u00f6nlichen Gebrauch oder f\u00fcr ein Unternehmen verwenden, die Effizienz, Kompatibilit\u00e4t und Sicherheit dieses Ger\u00e4ts machen es wirklich unverzichtbar. Erleben Sie die n\u00e4chste Generation kontaktloser Zahlungen und entdecken Sie, welchen Unterschied es bei Ihren Transaktionen heute machen kann!<\/p>","protected":false},"excerpt":{"rendered":"<div>NFC-Lese-\/Schreibger\u00e4t unterst\u00fctzt Apple Pay und Google VAS, empfohlen durch VAS<strong>\u00a0Apple und Google VAS (Value-Added Service) <\/strong> Dieses Ger\u00e4t basiert auf Protokollen der Branchenriesen Apple und Google und ebnet den Weg f\u00fcr eine revolution\u00e4re kartenlose Nutzung, indem es eine breite Palette digitaler Ausweise unterst\u00fctzt, darunter unter anderem Treueprogramme, Zugangstickets und Identifikationsnachweise f\u00fcr Einzelpersonen in Unternehmens- oder Bildungseinrichtungen auf iOS- und Android-Ger\u00e4ten.<\/div>\n<div><\/div>","protected":false},"featured_media":2731,"template":"","meta":[],"product_brand":[],"product_cat":[45,40],"product_tag":[],"class_list":{"0":"post-2732","1":"product","2":"type-product","3":"status-publish","4":"has-post-thumbnail","6":"product_cat-contactless-nfc-reader","7":"product_cat-rfid-nfc-reader","9":"first","10":"instock","11":"shipping-taxable","12":"product-type-simple"},"_links":{"self":[{"href":"https:\/\/nfc-readers.com\/de\/wp-json\/wp\/v2\/product\/2732","targetHints":{"allow":["GET"]}}],"collection":[{"href":"https:\/\/nfc-readers.com\/de\/wp-json\/wp\/v2\/product"}],"about":[{"href":"https:\/\/nfc-readers.com\/de\/wp-json\/wp\/v2\/types\/product"}],"wp:featuredmedia":[{"embeddable":true,"href":"https:\/\/nfc-readers.com\/de\/wp-json\/wp\/v2\/media\/2731"}],"wp:attachment":[{"href":"https:\/\/nfc-readers.com\/de\/wp-json\/wp\/v2\/media?parent=2732"}],"wp:term":[{"taxonomy":"product_brand","embeddable":true,"href":"https:\/\/nfc-readers.com\/de\/wp-json\/wp\/v2\/product_brand?post=2732"},{"taxonomy":"product_cat","embeddable":true,"href":"https:\/\/nfc-readers.com\/de\/wp-json\/wp\/v2\/product_cat?post=2732"},{"taxonomy":"product_tag","embeddable":true,"href":"https:\/\/nfc-readers.com\/de\/wp-json\/wp\/v2\/product_tag?post=2732"}],"curies":[{"name":"wp","href":"https:\/\/api.w.org\/{rel}","templated":true}]}}