{"id":2740,"date":"2024-06-11T01:53:04","date_gmt":"2024-06-11T01:53:04","guid":{"rendered":"https:\/\/nfc-readers.com\/?post_type=product&#038;p=2740"},"modified":"2024-09-24T02:48:08","modified_gmt":"2024-09-24T02:48:08","slug":"acr123u-nfc-lcd-contactless-reader-writer","status":"publish","type":"product","link":"https:\/\/nfc-readers.com\/de\/ic-reader\/acr123u-nfc-lcd-contactless-reader-writer\/","title":{"rendered":"ACR123U NFC LCD Kontaktloses Lese-\/Schreibger\u00e4t"},"content":{"rendered":"<h1>ACR123U NFC LCD Kontaktloses Lese-\/Schreibger\u00e4t<\/h1>\n<p>Der ACR123U, eine USB-Variante des ACR123S, ist ein kosteng\u00fcnstiger, flexibler und intelligenter kontaktloser Leser. Er l\u00e4sst sich nahtlos in bestehende Point-of-Sale-Systeme (POS) oder Registrierkassen integrieren und verwandelt diese in bargeldlose Zahlungsterminals. Die Einf\u00fchrung des ACR123U beschleunigt den Bezahlvorgang, da Kunden ihre Zahlungen durch einfaches Antippen ihrer Karten abschlie\u00dfen k\u00f6nnen. Dieser kontaktlose Leser stellt eine effektive L\u00f6sung zur Verbesserung der Effizienz von Zahlungssystemen dar.<\/p>\n<ul>\n<li>\n<h2>USB-Schnittstelle f\u00fcr Datenkommunikation und Stromversorgung<\/h2>\n<\/li>\n<li>\n<h2>ARM 32-Bit CortexTM-M3-Prozessor<\/h2>\n<\/li>\n<li>\n<h2>Chipkartenleser:<\/h2>\n<ul>\n<li>\n<h3>Lese-\/Schreibgeschwindigkeit von bis zu 848 kbps<\/h3>\n<\/li>\n<li>\n<h3>Integrierte Antenne f\u00fcr kontaktlosen Kartenzugriff mit einer Kartenlesereichweite von bis zu 50 mm (je nach Tag-Typ)<\/h3>\n<\/li>\n<li>\n<h3>Unterst\u00fctzung f\u00fcr ISO 14443 Teil 4 Typ A und B Karten und MIFARE-Serie<\/h3>\n<\/li>\n<li>\n<h3>Integrierte Antikollisionsfunktion<\/h3>\n<\/li>\n<li>\n<h3>Drei ISO 7816-konforme SAM-Steckpl\u00e4tze<\/h3>\n<\/li>\n<\/ul>\n<\/li>\n<li>\n<h2>Integrierte Peripherieger\u00e4te:<\/h2>\n<ul>\n<li>\n<h3>16 alphanumerische Zeichen x 8 Zeilen Grafisches LCD (128 x 64 Pixel)<\/h3>\n<\/li>\n<li>\n<h3>Vier vom Benutzer steuerbare LEDs (Blau, Gelb, Gr\u00fcn und Rot)<\/h3>\n<\/li>\n<li>\n<h3>Vom Benutzer steuerbare Hintergrundbeleuchtung des Tippbereichs (Rot, Gr\u00fcn und Blau)<\/h3>\n<\/li>\n<li>\n<h3>Vom Benutzer steuerbarer Lautsprecher (Audiotonanzeige)<\/h3>\n<\/li>\n<\/ul>\n<\/li>\n<\/ul>\n<table style=\"height: 1395px;\" width=\"611\">\n<tbody>\n<tr>\n<td colspan=\"2\" width=\"511\">Physikalische Eigenschaften<\/td>\n<\/tr>\n<tr>\n<td rowspan=\"2\" width=\"215\">Gr\u00f6\u00dfe (mm)<\/td>\n<td width=\"296\">Hauptgeh\u00e4use: 159,0 mm (L) x 100,0 mm (B) x 21,0 mm (H)<\/td>\n<\/tr>\n<tr>\n<td width=\"296\">Mit St\u00e4nder: 177,4 mm (L) x 100,0 mm (B) x 94,5 mm (H)<\/td>\n<\/tr>\n<tr>\n<td rowspan=\"2\" width=\"215\">Gewicht (g)<\/td>\n<td width=\"296\">Hauptteil: 281 g<\/td>\n<\/tr>\n<tr>\n<td width=\"296\">Mit St\u00e4nder: 506 g<\/td>\n<\/tr>\n<tr>\n<td colspan=\"2\" width=\"511\">USB-Schnittstelle<\/td>\n<\/tr>\n<tr>\n<td width=\"215\">Protokoll<\/td>\n<td width=\"296\">USB-CCID<\/td>\n<\/tr>\n<tr>\n<td width=\"215\">Steckertyp<\/td>\n<td width=\"296\">Standard Typ A<\/td>\n<\/tr>\n<tr>\n<td width=\"215\">Energiequelle<\/td>\n<td width=\"296\">Vom USB-Anschluss<\/td>\n<\/tr>\n<tr>\n<td width=\"215\">Geschwindigkeit<\/td>\n<td width=\"296\">USB-Vollgeschwindigkeit (12 Mbit\/s)<\/td>\n<\/tr>\n<tr>\n<td width=\"215\">Kabell\u00e4nge<\/td>\n<td width=\"296\">1,5 m, fest<\/td>\n<\/tr>\n<tr>\n<td colspan=\"2\" width=\"511\">Kontaktlose Smartcard-Schnittstelle<\/td>\n<\/tr>\n<tr>\n<td width=\"215\">Standard<\/td>\n<td width=\"296\">ISO 14443 A und B Teile 1-4<\/td>\n<\/tr>\n<tr>\n<td rowspan=\"2\" width=\"215\">Protokoll<\/td>\n<td width=\"296\">ISO 14443-4-konforme Karte, T=CL<\/td>\n<\/tr>\n<tr>\n<td width=\"296\">MIFARE\u00ae Classic Karte, T=CL<\/td>\n<\/tr>\n<tr>\n<td colspan=\"2\" width=\"511\">SAM-Kartenschnittstelle<\/td>\n<\/tr>\n<tr>\n<td width=\"215\">Anzahl der Steckpl\u00e4tze<\/td>\n<td width=\"296\">3 Steckpl\u00e4tze f\u00fcr SIM-Karten im Standardformat<\/td>\n<\/tr>\n<tr>\n<td width=\"215\">Standard<\/td>\n<td width=\"296\">ISO 7816 Klasse A, B, C (5 V, 3 V, 1,8 V)<\/td>\n<\/tr>\n<tr>\n<td width=\"215\">Protokoll<\/td>\n<td width=\"296\">T = 0; T = 1<\/td>\n<\/tr>\n<tr>\n<td colspan=\"2\" width=\"511\">Integrierte Peripherieger\u00e4te<\/td>\n<\/tr>\n<tr>\n<td rowspan=\"3\" width=\"215\">LCD<\/td>\n<td width=\"296\">Grafisches LCD mit wei\u00dfer Hintergrundbeleuchtung<\/td>\n<\/tr>\n<tr>\n<td width=\"296\">Aufl\u00f6sung: 128 x 64 Pixel<\/td>\n<\/tr>\n<tr>\n<td width=\"296\">Anzahl der Zeichen: 16 Zeichen x 8 Zeilen<\/td>\n<\/tr>\n<tr>\n<td width=\"215\">LED<\/td>\n<td width=\"296\">4 Einzelfarben: Blau, Gelb, Gr\u00fcn und Rot<\/td>\n<\/tr>\n<tr>\n<td width=\"215\">Tippen auf Region<\/td>\n<td width=\"296\">Dreifarbige Hintergrundbeleuchtung: Rot, Gr\u00fcn und Blau<\/td>\n<\/tr>\n<tr>\n<td width=\"215\">Lautsprecher<\/td>\n<td width=\"296\">Audiotonanzeige<\/td>\n<\/tr>\n<tr>\n<td colspan=\"2\" width=\"511\">Andere Eigenschaften<\/td>\n<\/tr>\n<tr>\n<td width=\"215\">Sicherheit<\/td>\n<td width=\"296\">Manipulationsschalter (interne Erkennung und Schutz vor unbefugtem Zugriff)<\/td>\n<\/tr>\n<tr>\n<td width=\"215\">Firmware-Aktualisierung<\/td>\n<td width=\"296\">Unterst\u00fctzt<\/td>\n<\/tr>\n<tr>\n<td width=\"215\">Echtzeituhr<\/td>\n<td width=\"296\">Unterst\u00fctzt<\/td>\n<\/tr>\n<tr>\n<td colspan=\"2\" width=\"511\">Zertifizierungen\/Konformit\u00e4t<\/td>\n<\/tr>\n<tr>\n<td rowspan=\"12\" width=\"215\">Zertifizierungen\/Konformit\u00e4t<\/td>\n<td width=\"296\">ISO 14443<\/td>\n<\/tr>\n<tr>\n<td width=\"296\">ISO 7816 (SAM-Steckplatz)<\/td>\n<\/tr>\n<tr>\n<td width=\"296\">USB mit voller Geschwindigkeit<\/td>\n<\/tr>\n<tr>\n<td width=\"296\">PC\/SC<\/td>\n<\/tr>\n<tr>\n<td width=\"296\">CCID<\/td>\n<\/tr>\n<tr>\n<td width=\"296\">VCCI (Japan)<\/td>\n<\/tr>\n<tr>\n<td width=\"296\">KC (Korea)<\/td>\n<\/tr>\n<tr>\n<td width=\"296\">Microsoft\u00ae WHQL<\/td>\n<\/tr>\n<tr>\n<td width=\"296\">CE<\/td>\n<\/tr>\n<tr>\n<td width=\"296\">FCC<\/td>\n<\/tr>\n<tr>\n<td width=\"296\">RoHS 2<\/td>\n<\/tr>\n<tr>\n<td width=\"296\">ERREICHEN<\/td>\n<\/tr>\n<tr>\n<td colspan=\"2\" width=\"511\">Unterst\u00fctzte Ger\u00e4tetreiber und Betriebssysteme<\/td>\n<\/tr>\n<tr>\n<td rowspan=\"4\" width=\"215\">Unterst\u00fctzte Ger\u00e4tetreiber und Betriebssysteme<\/td>\n<td width=\"296\">Windows\u00ae CE<\/td>\n<\/tr>\n<tr>\n<td width=\"296\">Windows\u00ae<\/td>\n<\/tr>\n<tr>\n<td width=\"296\">Linux\u00ae<\/td>\n<\/tr>\n<tr>\n<td width=\"296\">Solaris<\/td>\n<\/tr>\n<\/tbody>\n<\/table>","protected":false},"excerpt":{"rendered":"<div class=\"auto-hide-last-sibling-br paragraph_1252f paragraph-element\">\n<div class=\"auto-hide-last-sibling-br paragraph_1252f paragraph-element\">ACR123U, preisg\u00fcnstiges LCD-USB-Leseger\u00e4t f\u00fcr bargeldlose Zahlungen, verbessert die Effizienz an der Kasse durch intuitives Design und Kompatibilit\u00e4t mit ISO 14443-4-Karten.<\/div>\n<\/div>","protected":false},"featured_media":2741,"template":"","meta":[],"product_brand":[],"product_cat":[45],"product_tag":[],"class_list":{"0":"post-2740","1":"product","2":"type-product","3":"status-publish","4":"has-post-thumbnail","6":"product_cat-contactless-nfc-reader","8":"first","9":"instock","10":"shipping-taxable","11":"product-type-simple"},"_links":{"self":[{"href":"https:\/\/nfc-readers.com\/de\/wp-json\/wp\/v2\/product\/2740","targetHints":{"allow":["GET"]}}],"collection":[{"href":"https:\/\/nfc-readers.com\/de\/wp-json\/wp\/v2\/product"}],"about":[{"href":"https:\/\/nfc-readers.com\/de\/wp-json\/wp\/v2\/types\/product"}],"wp:featuredmedia":[{"embeddable":true,"href":"https:\/\/nfc-readers.com\/de\/wp-json\/wp\/v2\/media\/2741"}],"wp:attachment":[{"href":"https:\/\/nfc-readers.com\/de\/wp-json\/wp\/v2\/media?parent=2740"}],"wp:term":[{"taxonomy":"product_brand","embeddable":true,"href":"https:\/\/nfc-readers.com\/de\/wp-json\/wp\/v2\/product_brand?post=2740"},{"taxonomy":"product_cat","embeddable":true,"href":"https:\/\/nfc-readers.com\/de\/wp-json\/wp\/v2\/product_cat?post=2740"},{"taxonomy":"product_tag","embeddable":true,"href":"https:\/\/nfc-readers.com\/de\/wp-json\/wp\/v2\/product_tag?post=2740"}],"curies":[{"name":"wp","href":"https:\/\/api.w.org\/{rel}","templated":true}]}}