{"id":2744,"date":"2024-06-11T02:10:05","date_gmt":"2024-06-11T02:10:05","guid":{"rendered":"https:\/\/nfc-readers.com\/?post_type=product&#038;p=2744"},"modified":"2024-09-23T08:58:36","modified_gmt":"2024-09-23T08:58:36","slug":"acr123s-rs232-nfc-lcd-contactless-reader-writer","status":"publish","type":"product","link":"https:\/\/nfc-readers.com\/de\/ic-reader\/acr123s-rs232-nfc-lcd-contactless-reader-writer\/","title":{"rendered":"ACR123S RS232 NFC LCD Kontaktloser Leser\/Schreiber"},"content":{"rendered":"<h1>ACR123S RS232 NFC LCD Kontaktloser Leser\/Schreiber<\/h1>\n<div><\/div>\n<div class=\"auto-hide-last-sibling-br paragraph_1252f paragraph-element\">Der Aufstieg der kontaktlosen Technologie ver\u00e4ndert das Kaufverhalten der Verbraucher auf der ganzen Welt und erh\u00f6ht den Bedarf an einer robusten L\u00f6sung, die kontaktlose Zahlungsanwendungen unterst\u00fctzt. Der ACR123S wurde speziell entwickelt, um dieser steigenden Nachfrage gerecht zu werden.<\/div>\n<div class=\"auto-hide-last-sibling-br paragraph_1252f paragraph-element\">Der intelligente kontaktlose Leser ACR123S ist ein kosteng\u00fcnstiger, vielseitiger und intelligenter kontaktloser Leser, der sich m\u00fchelos in vorhandene POS-Systeme (Point-of-Sale) oder Registrierkassen integrieren l\u00e4sst und so die Vorteile eines bargeldlosen Zahlungssystems bietet. Er basiert auf der kontaktlosen 13,56-MHz-Technologie (RFID) und ist mit jeder kontaktlosen Karte kompatibel, die dem ISO 14443-4-Standard entspricht.<\/div>\n<div>\n<ul>\n<li>\n<h2>Serielle RS232-Schnittstelle mit RJ45-Anschluss<\/h2>\n<\/li>\n<li>\n<h2>USB-Schnittstelle zur Stromversorgung<\/h2>\n<\/li>\n<li>\n<h2>ARM 32-Bit CortexTM-M3-Prozessor<\/h2>\n<\/li>\n<li>\n<h2>Chipkartenleser:<\/h2>\n<ul>\n<li>\n<h3>Lese-\/Schreibgeschwindigkeit von bis zu 848 kbps<\/h3>\n<\/li>\n<li>\n<h3>Integrierte Antenne f\u00fcr kontaktlosen Kartenzugriff mit einer Kartenlesereichweite von bis zu 50 mm (je nach Tag-Typ)<\/h3>\n<\/li>\n<li>\n<h3>Unterst\u00fctzung f\u00fcr ISO 14443 Teil 4 Typ A und B Karten und MIFARE-Serie<\/h3>\n<\/li>\n<li>\n<h3>Integrierte Antikollisionsfunktion<\/h3>\n<\/li>\n<li>\n<h3>Drei ISO 7816-konforme SAM-Steckpl\u00e4tze<\/h3>\n<\/li>\n<\/ul>\n<\/li>\n<li>\n<h2>Integrierte Peripherieger\u00e4te:<\/h2>\n<ul>\n<li>\n<h3>16 alphanumerische Zeichen x 8 Zeilen Grafisches LCD (128 x 64 Pixel)<\/h3>\n<\/li>\n<li>\n<h3>Vier vom Benutzer steuerbare LEDs (Blau, Gelb, Gr\u00fcn und Rot)<\/h3>\n<\/li>\n<li>\n<h3>Vom Benutzer steuerbare Hintergrundbeleuchtung des Tippbereichs (Rot, Gr\u00fcn und Blau)<\/h3>\n<\/li>\n<li>\n<h3>Vom Benutzer steuerbarer Lautsprecher (Audiotonanzeige)<\/h3>\n<\/li>\n<\/ul>\n<\/li>\n<\/ul>\n<table width=\"514\">\n<tbody>\n<tr>\n<td colspan=\"2\" width=\"514\">Physikalische Eigenschaften<\/td>\n<\/tr>\n<tr>\n<td rowspan=\"2\" width=\"233\">Gr\u00f6\u00dfe (mm)<\/td>\n<td width=\"281\">Hauptgeh\u00e4use: 159,0 mm (L) x 100,0 mm (B) x 21,0 mm (H)<\/td>\n<\/tr>\n<tr>\n<td width=\"281\">Mit St\u00e4nder: 177,4 mm (L) x 100,0 mm (B) x 94,5 mm (H)<\/td>\n<\/tr>\n<tr>\n<td rowspan=\"2\" width=\"233\">Gewicht (g)<\/td>\n<td width=\"281\">Hauptteil: 281 g<\/td>\n<\/tr>\n<tr>\n<td width=\"281\">Mit St\u00e4nder: 506 g<\/td>\n<\/tr>\n<tr>\n<td colspan=\"2\" width=\"514\">Serielle Schnittstelle<\/td>\n<\/tr>\n<tr>\n<td width=\"233\">Protokoll<\/td>\n<td width=\"281\">RS-232<\/td>\n<\/tr>\n<tr>\n<td width=\"233\">Steckertyp<\/td>\n<td width=\"281\">RJ45-Anschluss<\/td>\n<\/tr>\n<tr>\n<td width=\"233\">Energiequelle<\/td>\n<td width=\"281\">Vom USB-Anschluss<\/td>\n<\/tr>\n<tr>\n<td width=\"233\">Kabell\u00e4nge<\/td>\n<td width=\"281\">1,5 m, fest (RJ45 + USB)<\/td>\n<\/tr>\n<tr>\n<td colspan=\"2\" width=\"514\">Kontaktlose Smartcard-Schnittstelle<\/td>\n<\/tr>\n<tr>\n<td width=\"233\">Standard<\/td>\n<td width=\"281\">ISO 14443 A und B Teile 1-4<\/td>\n<\/tr>\n<tr>\n<td rowspan=\"2\" width=\"233\">Protokoll<\/td>\n<td width=\"281\">ISO 14443-4-konforme Karte, T=CL<\/td>\n<\/tr>\n<tr>\n<td width=\"281\">MIFARE\u00ae Classic Karte, T=CL<\/td>\n<\/tr>\n<tr>\n<td colspan=\"2\" width=\"514\">SAM-Kartenschnittstelle<\/td>\n<\/tr>\n<tr>\n<td width=\"233\">Anzahl der Steckpl\u00e4tze<\/td>\n<td width=\"281\">3 Steckpl\u00e4tze f\u00fcr SIM-Karten im Standardformat<\/td>\n<\/tr>\n<tr>\n<td width=\"233\">Standard<\/td>\n<td width=\"281\">ISO 7816 Klasse A, B, C (5 V, 3 V, 1,8 V)<\/td>\n<\/tr>\n<tr>\n<td width=\"233\">Protokoll<\/td>\n<td width=\"281\">T = 0; T = 1<\/td>\n<\/tr>\n<tr>\n<td colspan=\"2\" width=\"514\">Integrierte Peripherieger\u00e4te<\/td>\n<\/tr>\n<tr>\n<td rowspan=\"3\" width=\"233\">LCD<\/td>\n<td width=\"281\">Grafisches LCD mit wei\u00dfer Hintergrundbeleuchtung<\/td>\n<\/tr>\n<tr>\n<td width=\"281\">Aufl\u00f6sung: 128 x 64 Pixel<\/td>\n<\/tr>\n<tr>\n<td width=\"281\">Anzahl der Zeichen: 16 Zeichen x 8 Zeilen<\/td>\n<\/tr>\n<tr>\n<td width=\"233\">LED<\/td>\n<td width=\"281\">4 Einzelfarben: Blau, Gelb, Gr\u00fcn und Rot<\/td>\n<\/tr>\n<tr>\n<td width=\"233\">Tippen auf Region<\/td>\n<td width=\"281\">Dreifarbige Hintergrundbeleuchtung: Rot, Gr\u00fcn und Blau<\/td>\n<\/tr>\n<tr>\n<td width=\"233\">Lautsprecher<\/td>\n<td width=\"281\">Audiotonanzeige<\/td>\n<\/tr>\n<tr>\n<td colspan=\"2\" width=\"514\">Andere Eigenschaften<\/td>\n<\/tr>\n<tr>\n<td width=\"233\">Sicherheit<\/td>\n<td width=\"281\">Manipulationsschalter (interne Erkennung und Schutz vor unbefugtem Zugriff)<\/td>\n<\/tr>\n<tr>\n<td width=\"233\">Firmware-Aktualisierung<\/td>\n<td width=\"281\">Unterst\u00fctzt<\/td>\n<\/tr>\n<tr>\n<td width=\"233\">Echtzeituhr<\/td>\n<td width=\"281\">Unterst\u00fctzt<\/td>\n<\/tr>\n<tr>\n<td colspan=\"2\" width=\"514\">Zertifizierungen\/Konformit\u00e4t<\/td>\n<\/tr>\n<tr>\n<td rowspan=\"8\" width=\"233\">Zertifizierungen\/Konformit\u00e4t<\/td>\n<td width=\"281\">ISO 14443<\/td>\n<\/tr>\n<tr>\n<td width=\"281\">ISO 7816 (SAM-Steckplatz)<\/td>\n<\/tr>\n<tr>\n<td width=\"281\">VCCI (Japan)<\/td>\n<\/tr>\n<tr>\n<td width=\"281\">KC (Korea)<\/td>\n<\/tr>\n<tr>\n<td width=\"281\">CE<\/td>\n<\/tr>\n<tr>\n<td width=\"281\">FCC<\/td>\n<\/tr>\n<tr>\n<td width=\"281\">RoHS 2<\/td>\n<\/tr>\n<tr>\n<td width=\"281\">ERREICHEN<\/td>\n<\/tr>\n<tr>\n<td colspan=\"2\" width=\"514\">Unterst\u00fctzte Ger\u00e4tetreiber und Betriebssysteme<\/td>\n<\/tr>\n<tr>\n<td rowspan=\"3\" width=\"233\">Unterst\u00fctzte Ger\u00e4tetreiber und Betriebssysteme<\/td>\n<td width=\"281\">Windows\u00ae CE<\/td>\n<\/tr>\n<tr>\n<td width=\"281\">Windows\u00ae<\/td>\n<\/tr>\n<tr>\n<td width=\"281\">Linux\u00ae<\/td>\n<\/tr>\n<\/tbody>\n<\/table>\n<\/div>","protected":false},"excerpt":{"rendered":"<div class=\"auto-hide-last-sibling-br paragraph_1252f paragraph-element\">Der ACR123S ist ein innovativer LCD-USB-RFID-Leser mit 13,56 MHz, der POS-Systeme mit nahtlosen kontaktlosen Zahlungsfunktionen f\u00fcr ein reibungsloseres Bezahlerlebnis erweitert.<\/div>","protected":false},"featured_media":2745,"template":"","meta":[],"product_brand":[],"product_cat":[45],"product_tag":[],"class_list":{"0":"post-2744","1":"product","2":"type-product","3":"status-publish","4":"has-post-thumbnail","6":"product_cat-contactless-nfc-reader","8":"first","9":"instock","10":"shipping-taxable","11":"product-type-simple"},"_links":{"self":[{"href":"https:\/\/nfc-readers.com\/de\/wp-json\/wp\/v2\/product\/2744","targetHints":{"allow":["GET"]}}],"collection":[{"href":"https:\/\/nfc-readers.com\/de\/wp-json\/wp\/v2\/product"}],"about":[{"href":"https:\/\/nfc-readers.com\/de\/wp-json\/wp\/v2\/types\/product"}],"wp:featuredmedia":[{"embeddable":true,"href":"https:\/\/nfc-readers.com\/de\/wp-json\/wp\/v2\/media\/2745"}],"wp:attachment":[{"href":"https:\/\/nfc-readers.com\/de\/wp-json\/wp\/v2\/media?parent=2744"}],"wp:term":[{"taxonomy":"product_brand","embeddable":true,"href":"https:\/\/nfc-readers.com\/de\/wp-json\/wp\/v2\/product_brand?post=2744"},{"taxonomy":"product_cat","embeddable":true,"href":"https:\/\/nfc-readers.com\/de\/wp-json\/wp\/v2\/product_cat?post=2744"},{"taxonomy":"product_tag","embeddable":true,"href":"https:\/\/nfc-readers.com\/de\/wp-json\/wp\/v2\/product_tag?post=2744"}],"curies":[{"name":"wp","href":"https:\/\/api.w.org\/{rel}","templated":true}]}}