{"id":2752,"date":"2024-06-11T12:30:21","date_gmt":"2024-06-11T12:30:21","guid":{"rendered":"https:\/\/nfc-readers.com\/?post_type=product&#038;p=2752"},"modified":"2024-09-23T06:29:25","modified_gmt":"2024-09-23T06:29:25","slug":"acm1323u-hid-contactless-reader-writer","status":"publish","type":"product","link":"https:\/\/nfc-readers.com\/de\/ic-reader\/acm1323u-hid-contactless-reader-writer\/","title":{"rendered":"ACM1323U HID Kontaktloser Leser\/Schreiber"},"content":{"rendered":"<h1>ACM1323U HID Kontaktloser Leser\/Schreiber<\/h1>\n<p>ACM1323 ist ein Chipkartenlesemodul, das auf kontaktloser 13,56-MHz-Technologie basiert. Es verwendet das HID-Protokoll und in der USB-Schnittstelle ist kein Treiber installiert. Es unterst\u00fctzt das Lesen und Schreiben von Chipkarten der Klasse A, die ISO144431 bis Teil 4 entsprechen, einschlie\u00dflich CPU-Karten, MIFARE Classic, Mifare 1K\/4K, Mifare Plus und DESFire. Das ACM1323 ist ein echtes Plug-and-Play-Ger\u00e4t, das ohne Treiber verwendet werden kann und f\u00fcr die schnelle Integration in eingebettete Systeme konzipiert ist. Es eignet sich f\u00fcr eine Vielzahl von Anwendungsszenarien wie Ladestationen, Tablets, Verkaufsautomaten, \u00f6ffentliche Verkehrsmittel, Netzwerkzugriffskontrolle, Anwesenheitskontrolle und andere integrierte Systeme. Es unterst\u00fctzt auch Firmware-Upgrades ohne zus\u00e4tzliche Hardware\u00e4nderungen.<\/p>\n<table width=\"628\">\n<tbody>\n<tr>\n<td colspan=\"2\" width=\"628\">Physikalische Eigenschaften<\/td>\n<\/tr>\n<tr>\n<td width=\"335\">Gr\u00f6\u00dfe (mm)<\/td>\n<td width=\"293\">73,5 x 40,0 x 5,0<\/td>\n<\/tr>\n<tr>\n<td width=\"335\">Gewicht (g)<\/td>\n<td width=\"293\">7.2<\/td>\n<\/tr>\n<tr>\n<td colspan=\"2\" width=\"628\">USB-Schnittstelle<\/td>\n<\/tr>\n<tr>\n<td width=\"335\">Protokoll<\/td>\n<td width=\"293\">VERSTECKTE<\/td>\n<\/tr>\n<tr>\n<td width=\"335\">Steckertyp<\/td>\n<td width=\"293\">USB<\/td>\n<\/tr>\n<tr>\n<td width=\"335\">Energiequelle<\/td>\n<td width=\"293\">Vom USB-Anschluss<\/td>\n<\/tr>\n<tr>\n<td width=\"335\">Geschwindigkeit<\/td>\n<td width=\"293\">USB 2.0 Full Speed (12 Mbit\/s), kompatibel mit USB 3.0<\/td>\n<\/tr>\n<tr>\n<td width=\"335\">Kabell\u00e4nge<\/td>\n<td width=\"293\">1 m, abnehmbar (auf Anfrage)<\/td>\n<\/tr>\n<tr>\n<td colspan=\"2\" width=\"628\">Kontaktlose Smartcard-Schnittstelle<\/td>\n<\/tr>\n<tr>\n<td width=\"335\">Standard<\/td>\n<td width=\"293\">ISO 14443 Typ A CPU-Karte MIFARE Classic, Mifare 1K\/4K, Mifare Plus und DESFire<\/td>\n<\/tr>\n<tr>\n<td rowspan=\"2\" width=\"335\">Protokoll<\/td>\n<td width=\"293\">ISO 14443-4-konforme Karte, T=CL<\/td>\n<\/tr>\n<tr>\n<td width=\"293\">MIFARE\u00ae Classic Karte, T=CL<\/td>\n<\/tr>\n<tr>\n<td colspan=\"2\" width=\"628\">Integrierte Peripherieger\u00e4te<\/td>\n<\/tr>\n<tr>\n<td width=\"335\">LED<\/td>\n<td width=\"293\">1 zweifarbig: Blau und Gr\u00fcn<\/td>\n<\/tr>\n<tr>\n<td colspan=\"2\" width=\"628\">Andere Eigenschaften<\/td>\n<\/tr>\n<tr>\n<td rowspan=\"3\" width=\"335\">Andere Eigenschaften<\/td>\n<td width=\"293\">Unterst\u00fctzte Kartentypen:<\/td>\n<\/tr>\n<tr>\n<td width=\"293\">ISO 14443 Typ A und B Teile 1-4,<\/td>\n<\/tr>\n<tr>\n<td width=\"293\">MIFARE Classic\u00ae, MIFARE DESFire\u00ae, MIFARE Ultralight\u00ae, MIFARE Plus\u00ae<\/td>\n<\/tr>\n<tr>\n<td width=\"335\">Firmware-Aktualisierung<\/td>\n<td width=\"293\">Unterst\u00fctzt<\/td>\n<\/tr>\n<tr>\n<td colspan=\"2\" width=\"628\">Zertifizierungen\/Konformit\u00e4t<\/td>\n<\/tr>\n<tr>\n<td rowspan=\"4\" width=\"335\">Zertifizierungen\/Konformit\u00e4t<\/td>\n<td width=\"293\">Zertifizierungen:<\/td>\n<\/tr>\n<tr>\n<td width=\"293\">IEC\/EN 62368, CE, UKCA, FCC, VCCI, RoHS, REACH, WEEE, Microsoft\u00ae WHQL<\/td>\n<\/tr>\n<tr>\n<td width=\"293\">\u00a0 Einhaltung:<\/td>\n<\/tr>\n<tr>\n<td width=\"293\">versteckt<\/td>\n<\/tr>\n<tr>\n<td colspan=\"2\" width=\"628\">Unterst\u00fctzte Ger\u00e4tetreiber und Betriebssysteme<\/td>\n<\/tr>\n<tr>\n<td width=\"335\">Unterst\u00fctzte Ger\u00e4tetreiber und Betriebssysteme<\/td>\n<td width=\"293\">Windows\u00ae, Linux\u00ae, macOS, Android\u2122<\/td>\n<\/tr>\n<\/tbody>\n<\/table>","protected":false},"excerpt":{"rendered":"<p>Der ACM1323U ist ein vielseitiger USB-HID-Kartenleser, der verschiedene Karten der Klasse A unterst\u00fctzt und sich nahtlos in eingebettete Systeme integrieren l\u00e4sst.<\/p>","protected":false},"featured_media":2753,"template":"","meta":[],"product_brand":[],"product_cat":[41],"product_tag":[],"class_list":{"0":"post-2752","1":"product","2":"type-product","3":"status-publish","4":"has-post-thumbnail","6":"product_cat-module-ic-reader","8":"first","9":"instock","10":"shipping-taxable","11":"product-type-simple"},"_links":{"self":[{"href":"https:\/\/nfc-readers.com\/de\/wp-json\/wp\/v2\/product\/2752","targetHints":{"allow":["GET"]}}],"collection":[{"href":"https:\/\/nfc-readers.com\/de\/wp-json\/wp\/v2\/product"}],"about":[{"href":"https:\/\/nfc-readers.com\/de\/wp-json\/wp\/v2\/types\/product"}],"wp:featuredmedia":[{"embeddable":true,"href":"https:\/\/nfc-readers.com\/de\/wp-json\/wp\/v2\/media\/2753"}],"wp:attachment":[{"href":"https:\/\/nfc-readers.com\/de\/wp-json\/wp\/v2\/media?parent=2752"}],"wp:term":[{"taxonomy":"product_brand","embeddable":true,"href":"https:\/\/nfc-readers.com\/de\/wp-json\/wp\/v2\/product_brand?post=2752"},{"taxonomy":"product_cat","embeddable":true,"href":"https:\/\/nfc-readers.com\/de\/wp-json\/wp\/v2\/product_cat?post=2752"},{"taxonomy":"product_tag","embeddable":true,"href":"https:\/\/nfc-readers.com\/de\/wp-json\/wp\/v2\/product_tag?post=2752"}],"curies":[{"name":"wp","href":"https:\/\/api.w.org\/{rel}","templated":true}]}}