{"id":2765,"date":"2024-06-11T13:24:05","date_gmt":"2024-06-11T13:24:05","guid":{"rendered":"https:\/\/nfc-readers.com\/?post_type=product&#038;p=2765"},"modified":"2024-09-23T06:21:32","modified_gmt":"2024-09-23T06:21:32","slug":"acr1552u-a2-aquaguard-nfc-usb-contactless-reader-writer","status":"publish","type":"product","link":"https:\/\/nfc-readers.com\/de\/ic-reader\/acr1552u-a2-aquaguard-nfc-usb-contactless-reader-writer\/","title":{"rendered":"ACR1552U-A2 AquaGuard NFC USB Kontaktloses Lese-\/Schreibger\u00e4t"},"content":{"rendered":"<h1>ACR1552U-A2 AquaGuard NFC USB Kontaktloses Lese-\/Schreibger\u00e4t<\/h1>\n<p>Der ACR1552U-A2 AquaGuard NFC USB Reader ist ein robustes Ger\u00e4t der vierten Generation, das auf kontaktloser 13,56-MHz-Technologie basiert. Er funktioniert mit kontaktlosen Karten und Ger\u00e4ten, die den Standards ISO 14443 Typ A und B, ISO 15693 und ISO 18092 entsprechen. Die Schutzart IP67 steht f\u00fcr seine au\u00dfergew\u00f6hnliche Widerstandsf\u00e4higkeit gegen Staub und Wasser und gew\u00e4hrleistet einen unterbrechungsfreien Betrieb auch unter schwierigen Bedingungen. Der ACR1552U-A2 AquaGuard NFC USB Reader entspricht sowohl den CCID- als auch den PC\/SC-Standards und bietet Hochgeschwindigkeitskommunikation mit bis zu 848 kbps. Das IP67-zertifizierte Geh\u00e4use des Readers enth\u00e4lt aktualisierbare USB-Firmware-Funktionen, wodurch seine Vielseitigkeit und Kosteneffizienz in zahlreichen Sektoren, darunter Finanzen, Gesundheitswesen und Regierung, erweitert wird. Dieser IP67-zertifizierte NFC-Reader unterst\u00fctzt intelligent drei NFC-Modi: Leser\/Schreiber, Kartenemulation und Tastaturemulation. Seine Robustheit und Vielseitigkeit er\u00f6ffnen ein breites Spektrum potenzieller Anwendungen wie E-Payment, Zugangskontrollsysteme und Fahrscheine. Der ACR1552U-A2 AquaGuard NFC USB Reader mit seiner IP67-Unterst\u00fctzung ist eine robuste und zuverl\u00e4ssige Wahl in der NFC-Technologie.<\/p>\n<ul>\n<li>\n<h2>USB 2.0 Full Speed-Schnittstelle<\/h2>\n<\/li>\n<li>\n<h2>CCID-Konformit\u00e4t<\/h2>\n<\/li>\n<li>\n<h2>Kontaktloser Chipkartenleser:<\/h2>\n<ul>\n<li>\n<h3>Lese-\/Schreibgeschwindigkeit bis zu 848 kbps<\/h3>\n<\/li>\n<li>\n<h3>Integrierte Antenne f\u00fcr kontaktlosen Tag-Zugriff mit Kartenleseabstand von bis zu 70 mm (je nach Tag-Typ)<\/h3>\n<\/li>\n<li>\n<h3>Unterst\u00fctzt ISO 14443 Typ A und B Karten, ISO 15693 Karten und ISO18092 NFC<\/h3>\n<\/li>\n<li>\n<h3>Unterst\u00fctzt MIFARE\u00ae (T=CL), FeliCa, NFC-Tags, SRI\/SRIX, CTS, Innovatron, Picopass, Topaz Card<\/h3>\n<\/li>\n<li>\n<h3>Integrierte Antikollisionsfunktion<\/h3>\n<\/li>\n<li>\n<h3>Unterst\u00fctzt erweiterte APDU (max. 64 KBytes)<\/h3>\n<\/li>\n<li>\n<h3>Ein ISO7816-konformer SAM-Steckplatz (Klasse A)<\/h3>\n<\/li>\n<li>\n<h3>NFC-Unterst\u00fctzung<\/h3>\n<ul>\n<li>\u00a0 \u00a0Smartcard-Lese-\/Schreibmodus<\/li>\n<li>\u00a0 \u00a0Kartenemulationsmodus<\/li>\n<li>\u00a0 \u00a0Tastaturemulationsmodus<\/li>\n<\/ul>\n<\/li>\n<\/ul>\n<\/li>\n<li>\n<h2>Programmierschnittstelle:<\/h2>\n<ul>\n<li>\n<h3>Unterst\u00fctzt PC\/SC<\/h3>\n<\/li>\n<li>\n<h3>Unterst\u00fctzt CT-API (durch Wrapper auf PC\/SC)<\/h3>\n<\/li>\n<\/ul>\n<\/li>\n<li>\n<h2>Peripherieger\u00e4te:<\/h2>\n<ul>\n<li>\n<h3>Vom Benutzer steuerbare zweifarbige LED (Blau und Gr\u00fcn)<\/h3>\n<\/li>\n<li>\n<h3>Vom Benutzer steuerbarer Summer (monoton)<\/h3>\n<\/li>\n<li>\n<h3>Ein SAM-Steckplatz<\/h3>\n<\/li>\n<\/ul>\n<\/li>\n<li>\n<h2>Aktualisierbarkeit der USB-Firmware<\/h2>\n<\/li>\n<\/ul>\n<table width=\"598\">\n<tbody>\n<tr>\n<td colspan=\"2\" width=\"598\">Physikalische Eigenschaften<\/td>\n<\/tr>\n<tr>\n<td width=\"225\">Gr\u00f6\u00dfe (mm)<\/td>\n<td width=\"373\">Hauptk\u00f6rper: 98 x 65 x 12,8 mm<\/td>\n<\/tr>\n<tr>\n<td width=\"225\">Gewicht (g)<\/td>\n<td width=\"373\">89 g<\/td>\n<\/tr>\n<tr>\n<td colspan=\"2\" width=\"598\">USB-Schnittstelle<\/td>\n<\/tr>\n<tr>\n<td width=\"225\">Protokoll<\/td>\n<td width=\"373\">USB-CCID<\/td>\n<\/tr>\n<tr>\n<td width=\"225\">Steckertyp<\/td>\n<td width=\"373\">USB Typ-A (ACR1552U-A2), USB Typ-C (ACR1552U-MF)<\/td>\n<\/tr>\n<tr>\n<td width=\"225\">Energiequelle<\/td>\n<td width=\"373\">Vom USB-Anschluss<\/td>\n<\/tr>\n<tr>\n<td width=\"225\">Geschwindigkeit<\/td>\n<td width=\"373\">USB-Vollgeschwindigkeit (12 Mbit\/s)<\/td>\n<\/tr>\n<tr>\n<td width=\"225\">Kabell\u00e4nge<\/td>\n<td width=\"373\">1 m, nicht abnehmbar<\/td>\n<\/tr>\n<tr>\n<td colspan=\"2\" width=\"598\">Kontaktlose Smartcard-Schnittstelle<\/td>\n<\/tr>\n<tr>\n<td width=\"225\">Standard<\/td>\n<td width=\"373\">ISO\/IEC 18092 NFC, ISO 14443 Typ A und B, ISO 15693, MIFARE\u00ae, FeliCa<\/td>\n<\/tr>\n<tr>\n<td rowspan=\"5\" width=\"225\">Protokoll<\/td>\n<td width=\"373\">ISO 14443-4-konforme Karte, T=CL<\/td>\n<\/tr>\n<tr>\n<td width=\"373\">MIFARE\u00ae Classic Karte, T=CL<\/td>\n<\/tr>\n<tr>\n<td width=\"373\">ISO 15693<\/td>\n<\/tr>\n<tr>\n<td width=\"373\">ISO 18092 NFC-Tags<\/td>\n<\/tr>\n<tr>\n<td width=\"373\">Abonnieren<\/td>\n<\/tr>\n<tr>\n<td colspan=\"2\" width=\"598\">Integrierte Peripherieger\u00e4te<\/td>\n<\/tr>\n<tr>\n<td width=\"225\">LED<\/td>\n<td width=\"373\">1 zweifarbig: Blau und Gr\u00fcn<\/td>\n<\/tr>\n<tr>\n<td width=\"225\">Summer<\/td>\n<td width=\"373\">Ja<\/td>\n<\/tr>\n<tr>\n<td colspan=\"2\" width=\"598\">Andere Eigenschaften<\/td>\n<\/tr>\n<tr>\n<td rowspan=\"4\" width=\"225\">Andere Eigenschaften<\/td>\n<td width=\"373\">Unterst\u00fctzte Kartentypen:<\/td>\n<\/tr>\n<tr>\n<td width=\"373\">ISO 14443 Typ A und B Teile 1\u20134, ISO 15693, ISO 18092 NFC, MIFARE\u00ae, FeliCa, SRI\/SRIX, CTS, Innovatron, Picopass, Topaz Card<\/td>\n<\/tr>\n<tr>\n<td width=\"373\">\u00a0 NFC-Funktionen:<\/td>\n<\/tr>\n<tr>\n<td width=\"373\">SmartCard-Lese-\/Schreibger\u00e4t, Tastaturemulation, Kartenemulation<\/td>\n<\/tr>\n<tr>\n<td width=\"225\">Firmware-Aktualisierung<\/td>\n<td width=\"373\">Unterst\u00fctzt<\/td>\n<\/tr>\n<tr>\n<td colspan=\"2\" width=\"598\">Zertifizierungen\/Konformit\u00e4t<\/td>\n<\/tr>\n<tr>\n<td rowspan=\"4\" width=\"225\">Zertifizierungen\/Konformit\u00e4t<\/td>\n<td width=\"373\">Zertifizierungen:<\/td>\n<\/tr>\n<tr>\n<td width=\"373\">IEC\/EN 62368, CE, UKCA, FCC, VCCI, KC, J-LIS, RoHS, REACH, WEEE, Microsoft\u00ae WHQL, IP67<\/td>\n<\/tr>\n<tr>\n<td width=\"373\">Einhaltung:<\/td>\n<\/tr>\n<tr>\n<td width=\"373\">USB-CCID, PC\/SC<\/td>\n<\/tr>\n<tr>\n<td colspan=\"2\" width=\"598\">Unterst\u00fctzte Ger\u00e4tetreiber und Betriebssysteme<\/td>\n<\/tr>\n<tr>\n<td width=\"225\">Unterst\u00fctzte Ger\u00e4tetreiber und Betriebssysteme<\/td>\n<td width=\"373\">Windows\u00ae, Linux\u00ae, macOS, Android\u2122, iOS\/iPadOS (16 oder h\u00f6her)<\/td>\n<\/tr>\n<tr>\n<td><\/td>\n<td><\/td>\n<\/tr>\n<\/tbody>\n<\/table>","protected":false},"excerpt":{"rendered":"<p>Der ACR1552U-A2 AquaGuard NFC USB UID-Kartenleser ist ein robustes Ger\u00e4t, das f\u00fcr zuverl\u00e4ssige Leistung in anspruchsvollen Umgebungen entwickelt wurde.<\/p>","protected":false},"featured_media":2770,"template":"","meta":[],"product_brand":[],"product_cat":[45,40],"product_tag":[],"class_list":{"0":"post-2765","1":"product","2":"type-product","3":"status-publish","4":"has-post-thumbnail","6":"product_cat-contactless-nfc-reader","7":"product_cat-rfid-nfc-reader","9":"first","10":"instock","11":"shipping-taxable","12":"product-type-simple"},"_links":{"self":[{"href":"https:\/\/nfc-readers.com\/de\/wp-json\/wp\/v2\/product\/2765","targetHints":{"allow":["GET"]}}],"collection":[{"href":"https:\/\/nfc-readers.com\/de\/wp-json\/wp\/v2\/product"}],"about":[{"href":"https:\/\/nfc-readers.com\/de\/wp-json\/wp\/v2\/types\/product"}],"wp:featuredmedia":[{"embeddable":true,"href":"https:\/\/nfc-readers.com\/de\/wp-json\/wp\/v2\/media\/2770"}],"wp:attachment":[{"href":"https:\/\/nfc-readers.com\/de\/wp-json\/wp\/v2\/media?parent=2765"}],"wp:term":[{"taxonomy":"product_brand","embeddable":true,"href":"https:\/\/nfc-readers.com\/de\/wp-json\/wp\/v2\/product_brand?post=2765"},{"taxonomy":"product_cat","embeddable":true,"href":"https:\/\/nfc-readers.com\/de\/wp-json\/wp\/v2\/product_cat?post=2765"},{"taxonomy":"product_tag","embeddable":true,"href":"https:\/\/nfc-readers.com\/de\/wp-json\/wp\/v2\/product_tag?post=2765"}],"curies":[{"name":"wp","href":"https:\/\/api.w.org\/{rel}","templated":true}]}}