{"id":2773,"date":"2024-06-11T14:17:35","date_gmt":"2024-06-11T14:17:35","guid":{"rendered":"https:\/\/nfc-readers.com\/?post_type=product&#038;p=2773"},"modified":"2024-09-23T06:15:02","modified_gmt":"2024-09-23T06:15:02","slug":"acr1555u-a1-bluetooth-nfc-usb-contactless-reader-writer","status":"publish","type":"product","link":"https:\/\/nfc-readers.com\/de\/ic-reader\/acr1555u-a1-bluetooth-nfc-usb-contactless-reader-writer\/","title":{"rendered":"ACR1555U-A1 Bluetooth NFC USB Kontaktloses Lese-\/Schreibger\u00e4t"},"content":{"rendered":"<h1>ACR1555U-A1 Bluetooth NFC USB Kontaktloses Lese-\/Schreibger\u00e4t<\/h1>\n<div class=\"auto-hide-last-sibling-br paragraph_1252f paragraph-element\">Das ACR1555U-A1 NFC Bluetooth\u00ae-Leseger\u00e4t entspricht den Normen ISO 14443 Teile 1-4 und ISO 18092 und unterst\u00fctzt eine breite Palette kontaktloser Karten, darunter MIFARE-Karten, FeliCa\u2122-Karten, SAM-Karten der ISO 7816-Klassen A, B und C (5 V, 3 V und 1,8 V) und NFC-Tags. Das Leseger\u00e4t unterst\u00fctzt den Bluetooth-Standard 5.2 im Einzelmodusbetrieb und ist au\u00dferdem ein USB-Typ-C-Ger\u00e4t, wodurch die Kompatibilit\u00e4t mit verschiedenen Betriebssystemen wie iOS, Android\u2122, Linux und Windows gew\u00e4hrleistet ist. Zur Stromversorgung ist das ACR1555U mit einem 450 mAh 3,7 V Lithium-Ionen-Akku ausgestattet. Es verf\u00fcgt \u00fcber 3 LEDs und einen Summer zur Anzeige des Betriebszustands des Ger\u00e4ts sowie 2 Tasten zur Steuerung von Akku, Ger\u00e4testatus und Bluetooth-Status. Dies macht das ACR1555U zu einem vielseitigen und benutzerfreundlichen NFC Bluetooth\u00ae-Leseger\u00e4t, das f\u00fcr eine Vielzahl von Anwendungen geeignet ist.<\/div>\n<table width=\"641\">\n<tbody>\n<tr>\n<td colspan=\"2\" width=\"641\">Physikalische Eigenschaften<\/td>\n<\/tr>\n<tr>\n<td width=\"210\">Gr\u00f6\u00dfe (mm)<\/td>\n<td width=\"431\">93 mm (L) x 58 mm (B) x 6,0 mm (H)<\/td>\n<\/tr>\n<tr>\n<td width=\"210\"><\/td>\n<td width=\"431\">94 mm (L) x 60,2 mm (B) x 9,0 mm (H) (mit Kartenhalter)<\/td>\n<\/tr>\n<tr>\n<td width=\"210\">Gewicht (g)<\/td>\n<td width=\"431\">31,0 g (Kartenleser)<\/td>\n<\/tr>\n<tr>\n<td width=\"210\"><\/td>\n<td width=\"431\">39,0 g (mit Kartenhalter)<\/td>\n<\/tr>\n<tr>\n<td colspan=\"2\" width=\"641\">Bluetooth-Schnittstelle<\/td>\n<\/tr>\n<tr>\n<td width=\"210\">Protokoll<\/td>\n<td width=\"431\">Bluetooth\u00ae (Bluetooth 5.2)<\/td>\n<\/tr>\n<tr>\n<td width=\"210\">Energiequelle<\/td>\n<td width=\"431\">Wiederaufladbarer Lithium-Ionen-Akku (Aufladen \u00fcber USB)<\/td>\n<\/tr>\n<tr>\n<td colspan=\"2\" width=\"641\">USB-Schnittstelle<\/td>\n<\/tr>\n<tr>\n<td width=\"210\">Protokoll<\/td>\n<td width=\"431\">USB-CCID<\/td>\n<\/tr>\n<tr>\n<td width=\"210\">Steckertyp<\/td>\n<td width=\"431\">USB TYP C<\/td>\n<\/tr>\n<tr>\n<td width=\"210\">Energiequelle<\/td>\n<td width=\"431\">Vom USB-Anschluss<\/td>\n<\/tr>\n<tr>\n<td width=\"210\">Geschwindigkeit<\/td>\n<td width=\"431\">USB-Vollgeschwindigkeit (12 Mbit\/s)<\/td>\n<\/tr>\n<tr>\n<td width=\"210\">Kabell\u00e4nge<\/td>\n<td width=\"431\">1 m, Abnehmbar<\/td>\n<\/tr>\n<tr>\n<td colspan=\"2\" width=\"641\">Kontaktlose Smartcard-Schnittstelle<\/td>\n<\/tr>\n<tr>\n<td width=\"210\">Standard<\/td>\n<td width=\"431\">ISO\/IEC 18092 NFC, ISO 15693, ISO 14443 Typ A und B, MIFARE, FeliCa<\/td>\n<\/tr>\n<tr>\n<td width=\"210\">Protokoll<\/td>\n<td width=\"431\">ISO 14443-4-konforme Karte, T=CL<br \/>\nMIFARE Classic Karte, T=CL<br \/>\nISO 18092, NFC-Tags<br \/>\nAbonnieren<\/td>\n<\/tr>\n<tr>\n<td colspan=\"2\" width=\"641\">Integrierte Peripherieger\u00e4te<\/td>\n<\/tr>\n<tr>\n<td width=\"210\">LED<\/td>\n<td width=\"431\">2 Zweifarben: Rot und Blau, Rot und Gr\u00fcn<\/td>\n<\/tr>\n<tr>\n<td width=\"210\">Unterst\u00fctzt verschiedene NFC-Funktionen<\/td>\n<td width=\"431\"><\/td>\n<\/tr>\n<tr>\n<td width=\"210\"><\/td>\n<td width=\"431\">Kartenlese-\/-schreibmodus<\/td>\n<\/tr>\n<tr>\n<td width=\"210\"><\/td>\n<td width=\"431\">Kartenemulationsmodus<\/td>\n<\/tr>\n<tr>\n<td width=\"210\"><\/td>\n<td width=\"431\">Unterst\u00fctzt den Tastaturemulationsmodus<\/td>\n<\/tr>\n<tr>\n<td colspan=\"2\" width=\"641\">Andere Eigenschaften<\/td>\n<\/tr>\n<tr>\n<td width=\"210\">Verschl\u00fcsselung<\/td>\n<td width=\"431\">Im Ger\u00e4t integrierter AES-128-Verschl\u00fcsselungsalgorithmus<\/td>\n<\/tr>\n<tr>\n<td width=\"210\">Firmware-Aktualisierung<\/td>\n<td width=\"431\">Unterst\u00fctzt<\/td>\n<\/tr>\n<tr>\n<td colspan=\"2\" width=\"641\">Zertifizierungen\/Konformit\u00e4t<\/td>\n<\/tr>\n<tr>\n<td rowspan=\"14\" width=\"210\">Zertifizierungen\/Konformit\u00e4t<\/td>\n<td>EN \/IEC 62368<\/td>\n<\/tr>\n<tr>\n<td>ISO 18092<\/td>\n<\/tr>\n<tr>\n<td>ISO 14443<\/td>\n<\/tr>\n<tr>\n<td>ISO 15693<\/td>\n<\/tr>\n<tr>\n<td>Bluetooth\u00aeBQB<\/td>\n<\/tr>\n<tr>\n<td>KCC<\/td>\n<\/tr>\n<tr>\n<td>UKCA<\/td>\n<\/tr>\n<tr>\n<td>CE<\/td>\n<\/tr>\n<tr>\n<td>FCC<\/td>\n<\/tr>\n<tr>\n<td>RoHS<\/td>\n<\/tr>\n<tr>\n<td>ERREICHEN<\/td>\n<\/tr>\n<tr>\n<td>TELEC (Japan)<\/td>\n<\/tr>\n<tr>\n<td>VCCI<\/td>\n<\/tr>\n<tr>\n<td>Microsoft\u00ae WHQL<\/td>\n<\/tr>\n<tr>\n<td colspan=\"2\" width=\"641\">Unterst\u00fctzte Ger\u00e4tetreiber und Betriebssysteme<\/td>\n<\/tr>\n<tr>\n<td rowspan=\"5\" width=\"210\">Unterst\u00fctzte Ger\u00e4tetreiber und Betriebssysteme<\/td>\n<td width=\"431\">Windows\u00ae<\/td>\n<\/tr>\n<tr>\n<td width=\"431\">Linux\u00ae<\/td>\n<\/tr>\n<tr>\n<td width=\"431\">MAC OS\u00ae 10.7 und h\u00f6her<\/td>\n<\/tr>\n<tr>\n<td width=\"431\">Android\u2122 4.3 und h\u00f6her<\/td>\n<\/tr>\n<tr>\n<td width=\"431\">iOS 8.0 und h\u00f6her<\/td>\n<\/tr>\n<\/tbody>\n<\/table>\n<p>&nbsp;<\/p>","protected":false},"excerpt":{"rendered":"<div class=\"auto-hide-last-sibling-br paragraph_1252f paragraph-element\">Der ACR1555U-A1 ist ein tragbarer Bluetooth\u00ae NFC-Leser, der Smartcard- und NFC-Anwendungen unterwegs erm\u00f6glicht.<\/div>","protected":false},"featured_media":2774,"template":"","meta":[],"product_brand":[],"product_cat":[45,38],"product_tag":[],"class_list":{"0":"post-2773","1":"product","2":"type-product","3":"status-publish","4":"has-post-thumbnail","6":"product_cat-contactless-nfc-reader","7":"product_cat-mobile-ble-nfc-reader","9":"first","10":"instock","11":"shipping-taxable","12":"product-type-simple"},"_links":{"self":[{"href":"https:\/\/nfc-readers.com\/de\/wp-json\/wp\/v2\/product\/2773","targetHints":{"allow":["GET"]}}],"collection":[{"href":"https:\/\/nfc-readers.com\/de\/wp-json\/wp\/v2\/product"}],"about":[{"href":"https:\/\/nfc-readers.com\/de\/wp-json\/wp\/v2\/types\/product"}],"wp:featuredmedia":[{"embeddable":true,"href":"https:\/\/nfc-readers.com\/de\/wp-json\/wp\/v2\/media\/2774"}],"wp:attachment":[{"href":"https:\/\/nfc-readers.com\/de\/wp-json\/wp\/v2\/media?parent=2773"}],"wp:term":[{"taxonomy":"product_brand","embeddable":true,"href":"https:\/\/nfc-readers.com\/de\/wp-json\/wp\/v2\/product_brand?post=2773"},{"taxonomy":"product_cat","embeddable":true,"href":"https:\/\/nfc-readers.com\/de\/wp-json\/wp\/v2\/product_cat?post=2773"},{"taxonomy":"product_tag","embeddable":true,"href":"https:\/\/nfc-readers.com\/de\/wp-json\/wp\/v2\/product_tag?post=2773"}],"curies":[{"name":"wp","href":"https:\/\/api.w.org\/{rel}","templated":true}]}}