{"id":2780,"date":"2024-06-12T02:05:36","date_gmt":"2024-06-12T02:05:36","guid":{"rendered":"https:\/\/nfc-readers.com\/?post_type=product&#038;p=2780"},"modified":"2024-09-23T06:11:23","modified_gmt":"2024-09-23T06:11:23","slug":"acr40u-premium-high-speed-usb-contact-smartcard-reader-writer","status":"publish","type":"product","link":"https:\/\/nfc-readers.com\/de\/ic-reader\/acr40u-premium-high-speed-usb-contact-smartcard-reader-writer\/","title":{"rendered":"ACR40U Premium High Speed USB Kontakt Smartcard Leser\/Schreiber"},"content":{"rendered":"<h1>ACR40U Premium High Speed USB Kontakt Smartcard Leser\/Schreiber<\/h1>\n<div class=\"auto-hide-last-sibling-br paragraph_1252f paragraph-element\">Wir pr\u00e4sentieren den ACR40U, einen Hochgeschwindigkeits-USB-Kontakt-Smartcardleser. Er bietet durchg\u00e4ngige Unterst\u00fctzung f\u00fcr ISO 7816-Smartcards der Klassen A, B und C, Mikroprozessorkarten mit den Protokollen T=0 und T=1 und eine gro\u00dfe Auswahl an Speicherkarten auf dem Markt. Der ACR40U verf\u00fcgt \u00fcber zwei LED-Leuchten, die den Status der Karte und des Leseger\u00e4ts anzeigen. Zu den wichtigsten Verbesserungen geh\u00f6rt die M\u00f6glichkeit, die Firmware zu aktualisieren und Benutzerdaten auf dem Ger\u00e4t zu speichern, was eine breite Palette von Anwendungsszenarien abdeckt. Au\u00dferdem ist ein St\u00e4nderzubeh\u00f6r enthalten, das verschiedene Konfigurationen erm\u00f6glicht, darunter sowohl vertikale als auch horizontale Ausrichtungen. Der ACR40U entspricht den Standards CCID, PC\/SC und Microsoft\u00ae WHQL und garantiert eine m\u00fchelose Integration mit zahlreichen Betriebssystemen wie Windows\u00ae, Linux\u00ae, macOS, iOS, iPadOS und Android\u2122. Er unterst\u00fctzt sowohl USB-Schnittstellen vom Typ A als auch vom Typ C und bietet flexible Konnektivit\u00e4tsoptionen.<\/div>\n<div>\n<ul>\n<li>\n<h2>USB 2.0 Full Speed-Schnittstelle<\/h2>\n<\/li>\n<li>\n<h2>USB Typ A<\/h2>\n<\/li>\n<li>\n<h2>Plug and Play \u2013 CCID-Unterst\u00fctzung bringt h\u00f6chste Mobilit\u00e4t<\/h2>\n<\/li>\n<li>\n<h2>Chipkartenleser:<\/h2>\n<ul>\n<li>\n<h3>Unterst\u00fctzt Karten der ISO 7816-Klassen A, B und C (5 V, 3 V, 1,8 V)<\/h3>\n<\/li>\n<li>\n<h3>Unterst\u00fctzt CAC<\/h3>\n<\/li>\n<li>\n<h3>Unterst\u00fctzt SIPRNET-Karte<\/h3>\n<\/li>\n<li>\n<h3>Unterst\u00fctzt MyKad<\/h3>\n<\/li>\n<li>\n<h3>Unterst\u00fctzt J-LIS-Karte<\/h3>\n<\/li>\n<li>\n<h3>Unterst\u00fctzt Mikroprozessorkarten mit T=0- oder T=1-Protokoll<\/h3>\n<\/li>\n<li>\n<h3>Unterst\u00fctzt Speicherkarten<\/h3>\n<\/li>\n<li>\n<h3>Unterst\u00fctzt PPS (Protokoll- und Parameterauswahl)<\/h3>\n<\/li>\n<li>\n<h3>Verf\u00fcgt \u00fcber Kurzschlussschutz<\/h3>\n<\/li>\n<\/ul>\n<\/li>\n<li>\n<h2>Programmierschnittstelle:<\/h2>\n<ul>\n<li>\n<h3>Unterst\u00fctzt PC\/SC<\/h3>\n<\/li>\n<li>\n<h3>CT-API unterst\u00fctzen<\/h3>\n<\/li>\n<\/ul>\n<\/li>\n<li>\n<h2>Unterst\u00fctzt alle wichtigen Betriebssysteme<\/h2>\n<ul>\n<li>\n<h3>Windows\u00ae, Linux\u00ae, macOS, iOS, iPadOS, Android\u2122, Solaris\u2122<\/h3>\n<\/li>\n<\/ul>\n<\/li>\n<\/ul>\n<table width=\"606\">\n<tbody>\n<tr>\n<td colspan=\"2\" width=\"606\">Physikalische Eigenschaften<\/td>\n<\/tr>\n<tr>\n<td width=\"211\">Gr\u00f6\u00dfe (mm)<\/td>\n<td width=\"395\">62,5 mm (L) \u00d7 67,6 mm (B) \u00d7 58,5 mm (H)<\/td>\n<\/tr>\n<tr>\n<td width=\"211\">Gewicht (g)<\/td>\n<td width=\"395\">40,0 g \u00b1 5,0 g<\/td>\n<\/tr>\n<tr>\n<td colspan=\"2\" width=\"606\">USB-Schnittstelle<\/td>\n<\/tr>\n<tr>\n<td width=\"211\">Protokoll<\/td>\n<td width=\"395\">USB-CCID<\/td>\n<\/tr>\n<tr>\n<td width=\"211\">Steckertyp<\/td>\n<td width=\"395\">Standard Typ A, Typ C<\/td>\n<\/tr>\n<tr>\n<td width=\"211\">Energiequelle<\/td>\n<td width=\"395\">Vom USB-Anschluss<\/td>\n<\/tr>\n<tr>\n<td width=\"211\">Geschwindigkeit<\/td>\n<td width=\"395\">USB 2.0 Volle Geschwindigkeit (12 Mbit\/s)<\/td>\n<\/tr>\n<tr>\n<td width=\"211\">Kabell\u00e4nge<\/td>\n<td width=\"395\">1 m, Fest<\/td>\n<\/tr>\n<tr>\n<td colspan=\"2\" width=\"606\">Kontakt Smart Card Schnittstelle<\/td>\n<\/tr>\n<tr>\n<td width=\"211\">Anzahl der Steckpl\u00e4tze<\/td>\n<td width=\"395\">1 Kartensteckplatz in voller Gr\u00f6\u00dfe<\/td>\n<\/tr>\n<tr>\n<td width=\"211\">Standard<\/td>\n<td width=\"395\">ISO 7816 Teile 1-4, Klasse A, B, C (5 V, 3 V, 1,8 V)<\/td>\n<\/tr>\n<tr>\n<td width=\"211\">Protokoll<\/td>\n<td width=\"395\">T=0; T=1; Speicherkartenunterst\u00fctzung<\/td>\n<\/tr>\n<tr>\n<td width=\"211\">Andere<\/td>\n<td width=\"395\">Mykad, CAC, J-LIS, SIPRNET-Karte<\/td>\n<\/tr>\n<tr>\n<td colspan=\"2\" width=\"606\">Zertifizierungen\/Konformit\u00e4t<\/td>\n<\/tr>\n<tr>\n<td width=\"211\">Zertifizierungen\/Konformit\u00e4t<\/td>\n<td width=\"395\">EN62368\/IEC 62368 CE FCC RoHS REACH EMV\u2122 Level 1 (Kontakt) UL 62368 J-LIS KC PBOC Level 1 (Kontakt) TAA UKCA UL VCCI WEEE USB 2.0 Vollgeschwindigkeit Microsoft\u00ae WHQL<\/td>\n<\/tr>\n<tr>\n<td colspan=\"2\" width=\"606\">Unterst\u00fctzte Ger\u00e4tetreiber und Betriebssysteme<\/td>\n<\/tr>\n<tr>\n<td width=\"211\">Unterst\u00fctzte Ger\u00e4tetreiber und Betriebssysteme<\/td>\n<td width=\"395\">Windows\u00ae Linux\u00ae macOS IOS iPadOS Android\u2122 Solaris\u2122<\/td>\n<\/tr>\n<tr>\n<td><\/td>\n<td><\/td>\n<\/tr>\n<\/tbody>\n<\/table>\n<\/div>","protected":false},"excerpt":{"rendered":"<div class=\"auto-hide-last-sibling-br paragraph_1252f paragraph-element\">Der ACR40U ist ein kompakter EMV-PBOC-Kartenleser, der verschiedene Smartcards unterst\u00fctzt und flexible Anschlussm\u00f6glichkeiten bietet.<\/div>","protected":false},"featured_media":2783,"template":"","meta":[],"product_brand":[],"product_cat":[39],"product_tag":[],"class_list":{"0":"post-2780","1":"product","2":"type-product","3":"status-publish","4":"has-post-thumbnail","6":"product_cat-usb-ic-smartcard-reader","8":"first","9":"instock","10":"shipping-taxable","11":"product-type-simple"},"_links":{"self":[{"href":"https:\/\/nfc-readers.com\/de\/wp-json\/wp\/v2\/product\/2780","targetHints":{"allow":["GET"]}}],"collection":[{"href":"https:\/\/nfc-readers.com\/de\/wp-json\/wp\/v2\/product"}],"about":[{"href":"https:\/\/nfc-readers.com\/de\/wp-json\/wp\/v2\/types\/product"}],"wp:featuredmedia":[{"embeddable":true,"href":"https:\/\/nfc-readers.com\/de\/wp-json\/wp\/v2\/media\/2783"}],"wp:attachment":[{"href":"https:\/\/nfc-readers.com\/de\/wp-json\/wp\/v2\/media?parent=2780"}],"wp:term":[{"taxonomy":"product_brand","embeddable":true,"href":"https:\/\/nfc-readers.com\/de\/wp-json\/wp\/v2\/product_brand?post=2780"},{"taxonomy":"product_cat","embeddable":true,"href":"https:\/\/nfc-readers.com\/de\/wp-json\/wp\/v2\/product_cat?post=2780"},{"taxonomy":"product_tag","embeddable":true,"href":"https:\/\/nfc-readers.com\/de\/wp-json\/wp\/v2\/product_tag?post=2780"}],"curies":[{"name":"wp","href":"https:\/\/api.w.org\/{rel}","templated":true}]}}