{"id":2784,"date":"2024-06-12T02:17:57","date_gmt":"2024-06-12T02:17:57","guid":{"rendered":"https:\/\/nfc-readers.com\/?post_type=product&#038;p=2784"},"modified":"2024-09-23T06:09:10","modified_gmt":"2024-09-23T06:09:10","slug":"acr40t-premium-high-speed-usb-contact-sim-sized-smartcard-reader-writer","status":"publish","type":"product","link":"https:\/\/nfc-readers.com\/de\/ic-reader\/acr40t-premium-high-speed-usb-contact-sim-sized-smartcard-reader-writer\/","title":{"rendered":"ACR40T Premium High Speed USB Kontakt SIM-gro\u00dfe Smartcard Leser"},"content":{"rendered":"<h1>ACR40T Premium High Speed USB Kontakt SIM-gro\u00dfe Smartcard Leser<\/h1>\n<div class=\"auto-hide-last-sibling-br paragraph_1252f paragraph-element\">Vorstellung des ACR40T, des neuesten kompakten High-Speed-USB-Kontakt-Smartcard-Leseger\u00e4ts in SIM-Gr\u00f6\u00dfe. Es unterst\u00fctzt Firmware-Upgrades und ist kompatibel mit ISO 7816-Smartcards der Klassen A, B und C (5 V, 3 V, 1,8 V), Mikroprozessorkarten mit T=0- und T=1-Protokollen und einer breiten Palette von Speicherkarten, die auf dem Markt erh\u00e4ltlich sind.<\/div>\n<div class=\"auto-hide-last-sibling-br paragraph_1252f paragraph-element\">Das ACR40T vereint fortschrittliche, innovative Technologie und zeichnet sich durch sein kompaktes Design und den verschiebbaren Smartcard-Eingabeschlitz f\u00fcr ein reibungsloses, problemloses Erlebnis aus. Das Premium-Design von ACR40T-A6\/A7 umfasst eine integrierte Taste f\u00fcr bestimmte Anwendungen, eine Funktion, die f\u00fcr die \u00dcberpr\u00fcfung der Benutzerpr\u00e4senz von entscheidender Bedeutung ist und sicherstellt, dass der Benutzer physisch anwesend ist, um mit der Anwendung zu interagieren. ACR40T h\u00e4lt sich an die Standards CCID und PC\/SC sowie Microsoft\u00ae WHQL und ist mit mehreren Betriebssystemen wie Windows\u00ae, Linux\u00ae, macOS und Android\u2122 kompatibel. Es unterst\u00fctzt sowohl USB Type-A- als auch USB Type-C-Verbindungen.<\/div>\n<div>\n<ul>\n<li>\n<h2><strong>Unterst\u00fctzt verschiedene Arten von Kontaktkarten<\/strong><\/h2>\n<ul>\n<li>\n<h3>ISO 7816 Klasse A, B und C (5 V, 3 V und 1,8 V)<\/h3>\n<\/li>\n<li>\n<h3>Mikroprozessorkarte (T=0, T=1)<\/h3>\n<\/li>\n<li>\n<h3>Speicherkarte<\/h3>\n<\/li>\n<li>\n<h3>Mit Kurzschlussschutz<\/h3>\n<\/li>\n<\/ul>\n<\/li>\n<li>\n<h2><strong>Programmierschnittstelle:<\/strong><\/h2>\n<ul>\n<li>\n<h3>Unterst\u00fctzt PC\/SC<\/h3>\n<\/li>\n<\/ul>\n<\/li>\n<li>\n<h2><strong>Integrierte Peripherieger\u00e4te<\/strong><\/h2>\n<ul>\n<li>\n<h3>1 x programmierbare LED (gr\u00fcn)<\/h3>\n<\/li>\n<li>\n<h3>1 x Eingebauter Knopf<\/h3>\n<\/li>\n<\/ul>\n<\/li>\n<\/ul>\n<table width=\"560\">\n<tbody>\n<tr>\n<td colspan=\"2\" width=\"560\">Physikalische Eigenschaften<\/td>\n<\/tr>\n<tr>\n<td rowspan=\"2\" width=\"197\">Gr\u00f6\u00dfe (mm)<\/td>\n<td width=\"363\">ACR40T-A6: 49,5 mm (L) \u00d7 17,7 mm (B) \u00d7 8,0 mm (H)<\/td>\n<\/tr>\n<tr>\n<td width=\"363\">ACR40T-A7: 45,9 mm (L) \u00d7 17,7 mm (B) \u00d7 8,0 mm (H)<\/td>\n<\/tr>\n<tr>\n<td rowspan=\"2\" width=\"197\">Gewicht (g)<\/td>\n<td width=\"363\">ACR40T-A6: 8,1 g \u00b1 1,0 g<\/td>\n<\/tr>\n<tr>\n<td width=\"363\">ACR40T-A7: 6,2 g \u00b1 1,0 g<\/td>\n<\/tr>\n<tr>\n<td colspan=\"2\" width=\"560\">USB-Schnittstelle<\/td>\n<\/tr>\n<tr>\n<td width=\"197\">Protokoll<\/td>\n<td width=\"363\">USB-CCID<\/td>\n<\/tr>\n<tr>\n<td rowspan=\"2\" width=\"197\">Steckertyp<\/td>\n<td width=\"363\">USB Typ-A<\/td>\n<\/tr>\n<tr>\n<td width=\"363\">USB Typ C<\/td>\n<\/tr>\n<tr>\n<td width=\"197\">Energiequelle<\/td>\n<td width=\"363\">Vom USB-Anschluss<\/td>\n<\/tr>\n<tr>\n<td width=\"197\">Geschwindigkeit<\/td>\n<td width=\"363\">USB-Vollgeschwindigkeit (12 Mbit\/s)<\/td>\n<\/tr>\n<tr>\n<td colspan=\"2\" width=\"560\">Kontakt Smart Card Schnittstelle<\/td>\n<\/tr>\n<tr>\n<td width=\"197\">Anzahl der Steckpl\u00e4tze<\/td>\n<td width=\"363\">1 SIM-Kartensteckplatz (2FF)<\/td>\n<\/tr>\n<tr>\n<td width=\"197\">Protokoll<\/td>\n<td width=\"363\">T = 0; T = 1<\/td>\n<\/tr>\n<tr>\n<td colspan=\"2\" width=\"560\">Integrierte Peripherieger\u00e4te<\/td>\n<\/tr>\n<tr>\n<td width=\"197\">Tasten<\/td>\n<td width=\"363\">1<\/td>\n<\/tr>\n<tr>\n<td width=\"197\">LED<\/td>\n<td width=\"363\">Gr\u00fcn<\/td>\n<\/tr>\n<tr>\n<td colspan=\"2\" width=\"560\">Andere Eigenschaften<\/td>\n<\/tr>\n<tr>\n<td width=\"197\">Andere Eigenschaften<\/td>\n<td width=\"363\">Unterst\u00fctzt Firmware-Upgrade<\/td>\n<\/tr>\n<tr>\n<td colspan=\"2\" width=\"560\">Zertifizierungen\/Konformit\u00e4t<\/td>\n<\/tr>\n<tr>\n<td rowspan=\"12\" width=\"197\">Zertifizierungen\/Konformit\u00e4t<\/td>\n<td width=\"363\">Zertifizierungen:<\/td>\n<\/tr>\n<tr>\n<td width=\"363\">UL 62368<\/td>\n<\/tr>\n<tr>\n<td width=\"363\">CE<\/td>\n<\/tr>\n<tr>\n<td width=\"363\">UKCA<\/td>\n<\/tr>\n<tr>\n<td width=\"363\">FCC<\/td>\n<\/tr>\n<tr>\n<td width=\"363\">RoHS<\/td>\n<\/tr>\n<tr>\n<td width=\"363\">ERREICHEN<\/td>\n<\/tr>\n<tr>\n<td width=\"363\">VCCI<\/td>\n<\/tr>\n<tr>\n<td width=\"363\">Microsoft\u00ae WHQL<\/td>\n<\/tr>\n<tr>\n<td width=\"363\">Konformit\u00e4ten:<\/td>\n<\/tr>\n<tr>\n<td width=\"363\">USB-CCID<\/td>\n<\/tr>\n<tr>\n<td width=\"363\">PC\/SC<\/td>\n<\/tr>\n<tr>\n<td colspan=\"2\" width=\"560\">Unterst\u00fctzte Ger\u00e4tetreiber und Betriebssysteme<\/td>\n<\/tr>\n<tr>\n<td rowspan=\"4\" width=\"197\">Unterst\u00fctzte Ger\u00e4tetreiber und Betriebssysteme<\/td>\n<td width=\"363\">Windows\u00ae<\/td>\n<\/tr>\n<tr>\n<td width=\"363\">Linux\u00ae<\/td>\n<\/tr>\n<tr>\n<td width=\"363\">Mac OS<\/td>\n<\/tr>\n<tr>\n<td width=\"363\">Android\u2122<\/td>\n<\/tr>\n<\/tbody>\n<\/table>\n<\/div>","protected":false},"excerpt":{"rendered":"<div class=\"auto-hide-last-sibling-br paragraph_1252f paragraph-element\">Der ACR40T ist ein kompakter CCID-Smartcard-Leser, der verschiedene Smartcards unterst\u00fctzt und mit mehreren Betriebssystemen kompatibel ist.<\/div>","protected":false},"featured_media":2785,"template":"","meta":[],"product_brand":[],"product_cat":[39],"product_tag":[],"class_list":{"0":"post-2784","1":"product","2":"type-product","3":"status-publish","4":"has-post-thumbnail","6":"product_cat-usb-ic-smartcard-reader","8":"first","9":"instock","10":"shipping-taxable","11":"product-type-simple"},"_links":{"self":[{"href":"https:\/\/nfc-readers.com\/de\/wp-json\/wp\/v2\/product\/2784","targetHints":{"allow":["GET"]}}],"collection":[{"href":"https:\/\/nfc-readers.com\/de\/wp-json\/wp\/v2\/product"}],"about":[{"href":"https:\/\/nfc-readers.com\/de\/wp-json\/wp\/v2\/types\/product"}],"wp:featuredmedia":[{"embeddable":true,"href":"https:\/\/nfc-readers.com\/de\/wp-json\/wp\/v2\/media\/2785"}],"wp:attachment":[{"href":"https:\/\/nfc-readers.com\/de\/wp-json\/wp\/v2\/media?parent=2784"}],"wp:term":[{"taxonomy":"product_brand","embeddable":true,"href":"https:\/\/nfc-readers.com\/de\/wp-json\/wp\/v2\/product_brand?post=2784"},{"taxonomy":"product_cat","embeddable":true,"href":"https:\/\/nfc-readers.com\/de\/wp-json\/wp\/v2\/product_cat?post=2784"},{"taxonomy":"product_tag","embeddable":true,"href":"https:\/\/nfc-readers.com\/de\/wp-json\/wp\/v2\/product_tag?post=2784"}],"curies":[{"name":"wp","href":"https:\/\/api.w.org\/{rel}","templated":true}]}}