{"id":3186,"date":"2024-10-29T13:27:39","date_gmt":"2024-10-29T13:27:39","guid":{"rendered":"https:\/\/nfc-readers.com\/?post_type=product&#038;p=3186"},"modified":"2024-10-29T13:59:52","modified_gmt":"2024-10-29T13:59:52","slug":"dia-30mm-ntag-424-dna-nfc-sticker-tamper-proof-high-security","status":"publish","type":"product","link":"https:\/\/nfc-readers.com\/de\/ic-reader\/dia-30mm-ntag-424-dna-nfc-sticker-tamper-proof-high-security\/","title":{"rendered":"Durchmesser 30 mm NTAG 424 DNA NFC-Aufkleber, manipulationssicher, hohe Sicherheit"},"content":{"rendered":"<h2><strong>Durchmesser 30 mm NTAG 424 DNA NFC-Aufkleber, manipulationssicher, hohe Sicherheit<\/strong><\/h2>\n<p>Entdecken Sie die n\u00e4chste Stufe der sicheren Kommunikation mit dem <strong>Durchmesser 30 mm NTAG 424 DNA NFC-Aufkleber<\/strong>. Dieses f\u00fcr Unternehmen konzipierte\u00a0<strong>NFC-Karte<\/strong>\u00a0nutzt modernste Technologie, die nicht nur Manipulationen verhindert, sondern auch eine l\u00fcckenlose R\u00fcckverfolgbarkeit gew\u00e4hrleistet. Egal, ob Sie in der Weinbranche t\u00e4tig sind und Wert auf Ma\u00dfnahmen zur F\u00e4lschungssicherheit legen oder in einem anderen Sektor, der erweiterten Schutz ben\u00f6tigt, dieser vielseitige NFC-Aufkleber ist von unsch\u00e4tzbarem Wert.<\/p>\n<p>&nbsp;<\/p>\n<h2><strong>Hauptvorteile des 30 mm gro\u00dfen NTAG 424 DNA NFC-Aufklebers<\/strong><\/h2>\n<p>Der\u00a0<strong>NTAG 424 DNA NFC-Aufkleber<\/strong>\u00a0integriert herausragende Funktionen, um erstklassige Sicherheit und Komfort zu bieten. Seine Flexibilit\u00e4t und Benutzerfreundlichkeit machen es zu einer herausragenden L\u00f6sung f\u00fcr Unternehmen, die nach verbesserter Kommunikation und R\u00fcckverfolgbarkeit streben. Mit der F\u00e4higkeit, wichtige Informationen sicher zu transportieren, sind diese\u00a0<strong>NFC-Produkte<\/strong>\u00a0sind mit 128-Bit-AES-Sicherheit ausgestattet und somit f\u00e4lschungssicher. Durch die Investition in dieses innovative Produkt sch\u00fctzen Sie nicht nur die Integrit\u00e4t Ihrer Marke, sondern st\u00e4rken auch das Vertrauen Ihrer Kunden.<\/p>\n<p>&nbsp;<\/p>\n<h3><strong>Innovative NFC-Visitenkartenl\u00f6sung<\/strong><\/h3>\n<p>Der\u00a0<strong>Durchmesser 30 mm NTAG 424 DNA NFC-Aufkleber<\/strong>\u00a0definiert neu, wie wir traditionelle Visitenkarten wahrnehmen. Als\u00a0<strong>digitale Visitenkarte<\/strong>erm\u00f6glicht es Benutzern, m\u00fchelos Kontaktinformationen auf ihr Smartphone zu \u201etippen\u201c. Vergessen Sie den Aufwand, mehrere Papierkarten mit sich herumzutragen; mit einer einfachen Ber\u00fchrung k\u00f6nnen Kunden sofort auf Ihre Social-Media-Profile und Kontaktdaten zugreifen. Dies\u00a0<strong>NFC-Visitenkarte<\/strong>\u00a0steigert nicht nur das professionelle Image Ihrer Marke, sondern zeigt auch Ihr Engagement f\u00fcr die Einf\u00fchrung moderner Technologie.<\/p>\n<p>Dar\u00fcber hinaus\u00a0<strong>NFC-Karten<\/strong>\u00a0eignen sich perfekt f\u00fcr Networking-Events, bei denen der erste Eindruck z\u00e4hlt. Sie erm\u00f6glichen es Ihnen, sich in einem Wettbewerbsumfeld abzuheben, indem sie den Informationsaustausch interaktiv und einpr\u00e4gsam gestalten.<\/p>\n<p>&nbsp;<\/p>\n<h3><strong>H\u00e4ufig gestellte Fragen (FAQs)<\/strong><\/h3>\n<p><strong>F: Wie verwende ich den NFC-Sticker?<\/strong><br \/>\nA: Tippen Sie einfach mit Ihrem Smartphone auf den Aufkleber und die eingebetteten Informationen werden auf dem Bildschirm angezeigt.<\/p>\n<p><strong>F: Sind die NFC-Sticker anpassbar?<\/strong><br \/>\nA: Ja, wir bieten anpassbare Designs, einschlie\u00dflich Logos und Textoptionen, sodass Sie ein einzigartiges NFC-Erlebnis schaffen k\u00f6nnen.<\/p>\n<p><strong>F: Wie lange ist der 30 mm gro\u00dfe NTAG 424 DNA NFC-Sticker haltbar?<\/strong><br \/>\nA: Mit einer Schreiblebensdauer von 200.000 Zyklen sind diese Aufkleber auf Langzeitgebrauch und Zuverl\u00e4ssigkeit ausgelegt.<\/p>\n<p><strong>F: Kann ich diese Aufkleber f\u00fcr Werbeaktionen verwenden?<\/strong><br \/>\nA: Auf jeden Fall! Sie eignen sich perfekt f\u00fcr interaktive Werbekampagnen und k\u00f6nnen zum Teilen von Angeboten, Rabatten oder Produktinformationen verwendet werden.<\/p>\n<p>&nbsp;<\/p>\n<p>&nbsp;<\/p>\n<h3><strong>Technische Daten der NFC-Karte<\/strong><\/h3>\n<table class=\"preview\" style=\"height: 299px;\" width=\"532\">\n<thead>\n<tr>\n<th><strong>Besonderheit<\/strong><\/th>\n<th><strong>Details<\/strong><\/th>\n<\/tr>\n<\/thead>\n<tbody>\n<tr>\n<td><strong>Chiptyp<\/strong><\/td>\n<td>NTAG 424 DNA<\/td>\n<\/tr>\n<tr>\n<td><strong>Erinnerung<\/strong><\/td>\n<td>416 Bytes<\/td>\n<\/tr>\n<tr>\n<td><strong>Sicherheit<\/strong><\/td>\n<td>128-Bit AES, LRP<\/td>\n<\/tr>\n<tr>\n<td><strong>Zugriffsschl\u00fcssel<\/strong><\/td>\n<td>5 x 128 Bit<\/td>\n<\/tr>\n<tr>\n<td><strong>Ausdauer schreiben<\/strong><\/td>\n<td>200.000 Zyklen<\/td>\n<\/tr>\n<tr>\n<td><strong>Kommunikationsinterface<\/strong><\/td>\n<td>NFC Forum Typ 4<\/td>\n<\/tr>\n<tr>\n<td><strong>Material<\/strong><\/td>\n<td>HAUSTIER<\/td>\n<\/tr>\n<tr>\n<td><strong>Antennengr\u00f6\u00dfe<\/strong><\/td>\n<td>Durchmesser 30 mm<\/td>\n<\/tr>\n<tr>\n<td><strong>Verpackung<\/strong><\/td>\n<td>1000-5000 St\u00fcck\/Rolle<\/td>\n<\/tr>\n<tr>\n<td><strong>Zertifizierung<\/strong><\/td>\n<td>ISO14443A, ISO15693<\/td>\n<\/tr>\n<\/tbody>\n<\/table>\n<p>&nbsp;<\/p>","protected":false},"excerpt":{"rendered":"<p>Der 30 mm gro\u00dfe NTAG 424 DNA NFC-Aufkleber bietet hohe Sicherheit mit manipulationssicherer Technologie und gew\u00e4hrleistet zuverl\u00e4ssigen Datenschutz und ein nahtloses Benutzererlebnis. Perfekt f\u00fcr Unternehmen, die sichere L\u00f6sungen ben\u00f6tigen!<\/p>","protected":false},"featured_media":3188,"template":"","meta":[],"product_brand":[],"product_cat":[48],"product_tag":[],"class_list":{"0":"post-3186","1":"product","2":"type-product","3":"status-publish","4":"has-post-thumbnail","6":"product_cat-nfc-stickers","8":"first","9":"instock","10":"shipping-taxable","11":"product-type-simple"},"_links":{"self":[{"href":"https:\/\/nfc-readers.com\/de\/wp-json\/wp\/v2\/product\/3186","targetHints":{"allow":["GET"]}}],"collection":[{"href":"https:\/\/nfc-readers.com\/de\/wp-json\/wp\/v2\/product"}],"about":[{"href":"https:\/\/nfc-readers.com\/de\/wp-json\/wp\/v2\/types\/product"}],"wp:featuredmedia":[{"embeddable":true,"href":"https:\/\/nfc-readers.com\/de\/wp-json\/wp\/v2\/media\/3188"}],"wp:attachment":[{"href":"https:\/\/nfc-readers.com\/de\/wp-json\/wp\/v2\/media?parent=3186"}],"wp:term":[{"taxonomy":"product_brand","embeddable":true,"href":"https:\/\/nfc-readers.com\/de\/wp-json\/wp\/v2\/product_brand?post=3186"},{"taxonomy":"product_cat","embeddable":true,"href":"https:\/\/nfc-readers.com\/de\/wp-json\/wp\/v2\/product_cat?post=3186"},{"taxonomy":"product_tag","embeddable":true,"href":"https:\/\/nfc-readers.com\/de\/wp-json\/wp\/v2\/product_tag?post=3186"}],"curies":[{"name":"wp","href":"https:\/\/api.w.org\/{rel}","templated":true}]}}