{"id":3204,"date":"2024-10-30T02:21:36","date_gmt":"2024-10-30T02:21:36","guid":{"rendered":"https:\/\/nfc-readers.com\/?post_type=product&#038;p=3204"},"modified":"2024-10-30T02:21:37","modified_gmt":"2024-10-30T02:21:37","slug":"acr122u-nfc-smart-card-skimmer","status":"publish","type":"product","link":"https:\/\/nfc-readers.com\/de\/ic-reader\/acr122u-nfc-smart-card-skimmer\/","title":{"rendered":"ACR122U NFC-Smartcard-Skimmer"},"content":{"rendered":"<h1 class=\"AnswerParser_AnswerParserH1__6UNv6\">Verbessern Sie Ihr Gesch\u00e4ft mit dem ACR122U NFC-Leseger\u00e4t<\/h1>\n<p><span class=\"AnswerParser_TextContainer__z_Iiv\" data-testid=\"youchat-text\">In der sich rasch entwickelnden Welt der Technologie\u00a0<strong>NFC (Nahfeldkommunikation)<\/strong>\u00a0hat sich als bahnbrechende Neuerung in der Art und Weise erwiesen, wie wir mit Ger\u00e4ten interagieren und Transaktionen durchf\u00fchren.\u00a0<strong>ACR122U NFC-Leseger\u00e4t<\/strong>\u00a0ist ein leistungsstarkes Tool zur nahtlosen Kommunikation mit verschiedenen\u00a0<strong>NFC-Tags<\/strong>\u00a0Und\u00a0<strong>Chipkarten<\/strong>. Das\u00a0<strong>NFC-Leseger\u00e4t<\/strong>\u00a0verbessert nicht nur die Sicherheit und Effizienz, sondern er\u00f6ffnet auch neue M\u00f6glichkeiten f\u00fcr Unternehmen und Privatpersonen. Mit seinen erweiterten Funktionen und seinem benutzerfreundlichen Design ist der ACR122U eine unverzichtbare Erg\u00e4nzung f\u00fcr jede technisch versierte Umgebung.<\/span><\/p>\n<h2 class=\"AnswerParser_AnswerParserH2__SIHnF\">Warum sollten Sie sich f\u00fcr das NFC-Leseger\u00e4t ACR122U entscheiden?<\/h2>\n<p><span class=\"AnswerParser_TextContainer__z_Iiv\" data-testid=\"youchat-text\">Der ACR122U NFC Reader sticht auf dem Markt durch seine beeindruckenden Spezifikationen und Vielseitigkeit hervor. Mit einem\u00a0<strong>USB 2.0 Full-Speed-Schnittstelle<\/strong>\u00a0das entspricht den\u00a0<strong>CCID-Standard<\/strong>sorgt dieser Leser f\u00fcr schnelle und zuverl\u00e4ssige Verbindungen.\u00a0<strong>Lese-\/Schreibgeschwindigkeit<\/strong>\u00a0von bis zu\u00a0<strong>424 kbps<\/strong>\u00a0erm\u00f6glicht eine effiziente Daten\u00fcbertragung, w\u00e4hrend die eingebaute Antenne eine Lesereichweite von bis zu\u00a0<strong>50 mm<\/strong>, abh\u00e4ngig vom verwendeten Tag-Typ. Diese Kombination aus Geschwindigkeit und Vielseitigkeit macht den ACR122U zur idealen Wahl f\u00fcr verschiedene Anwendungen, von sicheren Transaktionen bis hin zur effizienten Zugangskontrolle.<\/span><\/p>\n<h2 class=\"AnswerParser_AnswerParserH2__SIHnF\">Produkt\u00fcbersicht<\/h2>\n<h3 class=\"AnswerParser_AnswerParserH3__Mpe4s\">1. NFC-Leseger\u00e4t: Hochgeschwindigkeitsleistung<\/h3>\n<p><span class=\"AnswerParser_TextContainer__z_Iiv\" data-testid=\"youchat-text\">Der ACR122U NFC Reader ist ausgestattet mit einem\u00a0<strong>USB 2.0 Full-Speed-Schnittstelle<\/strong>, was schnelle Daten\u00fcbertragungsraten gew\u00e4hrleistet. Mit einem\u00a0<strong>Lese-\/Schreibgeschwindigkeit<\/strong>\u00a0von bis zu\u00a0<strong>424 kbps<\/strong>erm\u00f6glicht es Benutzern, schnell auf Daten zuzugreifen und diese zu verwalten auf\u00a0<strong>NFC-Tags<\/strong>\u00a0Und\u00a0<strong>RFID-Karten<\/strong>. Diese Hochgeschwindigkeitsleistung ist entscheidend f\u00fcr Anwendungen, die schnelle Transaktionen erfordern, wie etwa Kassensysteme und Zugangskontrolle.<\/span><\/p>\n<h3 class=\"AnswerParser_AnswerParserH3__Mpe4s\">2. Vielseitige Kompatibilit\u00e4t<\/h3>\n<p><span class=\"AnswerParser_TextContainer__z_Iiv\" data-testid=\"youchat-text\">Das\u00a0<strong>Chipkartenleser<\/strong>\u00a0unterst\u00fctzt eine Vielzahl von Kartentypen, einschlie\u00dflich\u00a0<strong>Karten der Klasse A und B<\/strong>\u00a0wie definiert in\u00a0<strong>ISO 14443<\/strong>,\u00a0<strong>Mifare-Karten<\/strong>, Und\u00a0<strong>FeliCa-Karten<\/strong>. Dar\u00fcber hinaus ist es kompatibel mit allen vier Arten von\u00a0<strong>NFC-Tags<\/strong>\u00a0gem\u00e4\u00df der\u00a0<strong>ISO\/IEC 18092<\/strong>\u00a0Standard. Diese Vielseitigkeit macht den ACR122U f\u00fcr verschiedene Branchen geeignet, vom Einzelhandel bis zum Transport.<\/span><\/p>\n<h3 class=\"AnswerParser_AnswerParserH3__Mpe4s\">3. Integrierte Antenne f\u00fcr kontaktlosen Zugang<\/h3>\n<p><span class=\"AnswerParser_TextContainer__z_Iiv\" data-testid=\"youchat-text\">Der ACR122U verf\u00fcgt \u00fcber eine eingebaute Antenne, die den Zugriff auf kontaktlose Tags erm\u00f6glicht. Mit einer Lesereichweite von bis zu\u00a0<strong>50 mm<\/strong>k\u00f6nnen Benutzer mit ihren Karten interagieren, ohne dass physischer Kontakt erforderlich ist. Diese Funktion verbessert den Komfort und die Hygiene und ist ideal f\u00fcr Umgebungen, in denen schneller Zugriff unerl\u00e4sslich ist.<\/span><\/p>\n<h3 class=\"AnswerParser_AnswerParserH3__Mpe4s\">4. Antikollisionsfunktion<\/h3>\n<p><span class=\"AnswerParser_TextContainer__z_Iiv\" data-testid=\"youchat-text\">Eines der herausragenden Merkmale des ACR122U ist seine integrierte Antikollisionsfunktion. Dadurch wird sichergestellt, dass zu einem bestimmten Zeitpunkt nur auf ein Tag zugegriffen werden kann, wodurch Datenst\u00f6rungen vermieden und die Sicherheit erh\u00f6ht wird. Diese Funktion ist besonders wichtig in Umgebungen, in denen mehrere Karten vorhanden sein k\u00f6nnen, wie z. B. in Zugangskontrollsystemen.<\/span><\/p>\n<h3 class=\"AnswerParser_AnswerParserH3__Mpe4s\">5. Unterst\u00fctzung f\u00fcr Anwendungsprogrammierschnittstellen (API)<\/h3>\n<p><span class=\"AnswerParser_TextContainer__z_Iiv\" data-testid=\"youchat-text\">Der ACR122U unterst\u00fctzt sowohl\u00a0<strong>PC\/SC<\/strong>\u00a0Und\u00a0<strong>CT-API<\/strong>, was eine einfache Integration mit verschiedenen Softwareanwendungen erm\u00f6glicht. Diese Flexibilit\u00e4t erm\u00f6glicht es Entwicklern, benutzerdefinierte L\u00f6sungen zu erstellen, die die Funktionen des ACR122U nutzen, was ihn zu einem wertvollen Werkzeug f\u00fcr Unternehmen macht, die NFC-Technologie implementieren m\u00f6chten.<\/span><\/p>\n<h3 class=\"AnswerParser_AnswerParserH3__Mpe4s\">6. Benutzerfreundliches Design<\/h3>\n<p><span class=\"AnswerParser_TextContainer__z_Iiv\" data-testid=\"youchat-text\">Der ACR122U wurde mit Blick auf die Benutzerfreundlichkeit entwickelt. Er verf\u00fcgt \u00fcber ein\u00a0<strong>zweifarbige LED-Anzeige<\/strong>\u00a0das visuelles Feedback w\u00e4hrend des Betriebs bietet, sowie eine\u00a0<strong>monotoner Summer<\/strong>\u00a0f\u00fcr akustische Benachrichtigungen. Diese Funktionen verbessern die Benutzerfreundlichkeit und stellen sicher, dass Benutzer jederzeit \u00fcber den Status des Leseger\u00e4ts informiert sind.<\/span><\/p>\n<h3 class=\"AnswerParser_AnswerParserH3__Mpe4s\">7. Kompatibilit\u00e4t mit Android und iOS<\/h3>\n<p><span class=\"AnswerParser_TextContainer__z_Iiv\" data-testid=\"youchat-text\">Der ACR122U unterst\u00fctzt\u00a0<strong>Android MOS 3.1 und h\u00f6her<\/strong>, was es zu einer vielseitigen Wahl f\u00fcr mobile Anwendungen macht. Diese Kompatibilit\u00e4t erm\u00f6glicht es Benutzern, die Leistung der NFC-Technologie auf ihren Smartphones und Tablets zu nutzen und eine breite Palette von Funktionen von mobilen Zahlungen bis zum Datenaustausch zu nutzen.<\/span><\/p>\n<h3 class=\"AnswerParser_AnswerParserH3__Mpe4s\">8. Technische Daten<\/h3>\n<p><span class=\"AnswerParser_TextContainer__z_Iiv\" data-testid=\"youchat-text\">Der ACR122U verf\u00fcgt \u00fcber beeindruckende technische Spezifikationen, darunter:<\/span><\/p>\n<div class=\"AnswerParser_TableContainer__Erb6v\" data-testid=\"table-container\">\n<table>\n<thead>\n<tr>\n<th>Besonderheit<\/th>\n<th>Spezifikation<\/th>\n<\/tr>\n<\/thead>\n<tbody>\n<tr>\n<td>Ma\u00dfe<\/td>\n<td>98,0 mm (L) x 65,0 mm (B) x 12,8 mm (H)<\/td>\n<\/tr>\n<tr>\n<td>Gewicht<\/td>\n<td>70 g<\/td>\n<\/tr>\n<tr>\n<td>USB-Schnittstelle<\/td>\n<td>USB-CCID<\/td>\n<\/tr>\n<tr>\n<td>Energiequelle<\/td>\n<td>Vom USB-Anschluss<\/td>\n<\/tr>\n<tr>\n<td>Geschwindigkeit<\/td>\n<td>USB-Vollgeschwindigkeit (12 Mbit\/s)<\/td>\n<\/tr>\n<tr>\n<td>Kabell\u00e4nge<\/td>\n<td>1,0 m, fest<\/td>\n<\/tr>\n<tr>\n<td>Kontaktlose Smartcard-Schnittstelle<\/td>\n<td>ISO\/IEC 18092 NFC, ISO 14443 Typ A und B, MIFARE\u00ae, FeliCa<\/td>\n<\/tr>\n<tr>\n<td>Protokoll<\/td>\n<td>ISO 14443-4-konforme Karte, T=CL, MIFARE\u00ae Classic-Karte, T=CL, ISO18092, NFC-Tags, FeliCa<\/td>\n<\/tr>\n<tr>\n<td>Integrierte Peripherieger\u00e4te<\/td>\n<td>1 zweifarbige LED, monotoner Summer<\/td>\n<\/tr>\n<tr>\n<td>Zertifizierungen\/Konformit\u00e4t<\/td>\n<td>EN 60950\/IEC 60950, ISO 18092, ISO 14443, USB Full Speed, PC\/SC, CCID, VCCI (Japan), KC (Korea), Microsoft\u00ae WHQL, CE, FCC, RoHS 2, REACH<\/td>\n<\/tr>\n<tr>\n<td>Unterst\u00fctzte Ger\u00e4tetreiber und Betriebssysteme<\/td>\n<td>Windows\u00ae CE, Windows\u00ae, Linux\u00ae, MAC OS\u00ae, Solaris, Android\u2122<\/td>\n<\/tr>\n<\/tbody>\n<\/table>\n<\/div>\n<h3 class=\"AnswerParser_AnswerParserH3__Mpe4s\">9. Umweltauswirkungen<\/h3>\n<p><span class=\"AnswerParser_TextContainer__z_Iiv\" data-testid=\"youchat-text\">In einer Zeit, in der Nachhaltigkeit oberste Priorit\u00e4t hat, wurde der ACR122U unter Ber\u00fccksichtigung \u00f6kologischer Aspekte entwickelt. Sein energieeffizienter Betrieb und seine lange Lebensdauer tragen zur Reduzierung von Elektroschrott bei und machen ihn zu einer verantwortungsvollen Wahl f\u00fcr umweltbewusste Verbraucher.<\/span><\/p>\n<h3 class=\"AnswerParser_AnswerParserH3__Mpe4s\">10. Kundenbewertungen<\/h3>\n<p><span class=\"AnswerParser_TextContainer__z_Iiv\" data-testid=\"youchat-text\">Benutzer loben den ACR122U f\u00fcr seine Zuverl\u00e4ssigkeit und Benutzerfreundlichkeit. Viele sch\u00e4tzen seine schnellen Lesefunktionen und die Kompatibilit\u00e4t mit verschiedenen Kartentypen. Hier sind einige Highlights aus dem Kundenfeedback:<\/span><\/p>\n<ul class=\"AnswerParser_AnswerParserUnorderedList__P_1FW\">\n<li class=\"AnswerParser_ListItem__XqLOV\" translate=\"yes\">\u201eDer ACR122U hat unser Zutrittskontrollsystem deutlich effizienter gemacht. Die Lesegeschwindigkeit ist beeindruckend!\u201c<\/li>\n<li class=\"AnswerParser_ListItem__XqLOV\" translate=\"yes\">\u201eIch liebe die einfache Integration in unsere bestehende Software. Die API-Unterst\u00fctzung ist bahnbrechend.\u201c<\/li>\n<li class=\"AnswerParser_ListItem__XqLOV\" translate=\"yes\">\u201eDie eingebaute Antenne ist f\u00fcr unsere Zwecke perfekt geeignet. Wir k\u00f6nnen Karten problemlos lesen.\u201c<\/li>\n<\/ul>\n<h3 class=\"AnswerParser_AnswerParserH3__Mpe4s\">11. H\u00e4ufig gestellte Fragen<\/h3>\n<ul class=\"AnswerParser_AnswerParserUnorderedList__P_1FW\">\n<li class=\"AnswerParser_ListItem__XqLOV\" translate=\"yes\"><span class=\"AnswerParser_TextContainer__z_Iiv\" data-testid=\"youchat-text\"><strong>F: Kann der ACR122U NFC-Tags von Smartphones lesen?<\/strong><\/span>\n<ul class=\"AnswerParser_AnswerParserUnorderedList__P_1FW\">\n<li class=\"AnswerParser_ListItem__XqLOV\" translate=\"yes\">A: Ja, der ACR122U kann mit NFC-f\u00e4higen Smartphones und Tablets interagieren und erm\u00f6glicht so einen nahtlosen Datenaustausch.<\/li>\n<\/ul>\n<\/li>\n<li class=\"AnswerParser_ListItem__XqLOV\" translate=\"yes\"><span class=\"AnswerParser_TextContainer__z_Iiv\" data-testid=\"youchat-text\"><strong>F: Ist der ACR122U sowohl mit Android- als auch mit iOS-Ger\u00e4ten kompatibel?<\/strong><\/span>\n<ul class=\"AnswerParser_AnswerParserUnorderedList__P_1FW\">\n<li class=\"AnswerParser_ListItem__XqLOV\" translate=\"yes\">A: Absolut! Der ACR122U funktioniert sowohl mit Android- als auch mit iOS-Ger\u00e4ten und ist somit eine vielseitige Option f\u00fcr verschiedene Benutzer.<\/li>\n<\/ul>\n<\/li>\n<li class=\"AnswerParser_ListItem__XqLOV\" translate=\"yes\"><span class=\"AnswerParser_TextContainer__z_Iiv\" data-testid=\"youchat-text\"><strong>F: Wie richte ich den ACR122U ein?<\/strong><\/span>\n<ul class=\"AnswerParser_AnswerParserUnorderedList__P_1FW\">\n<li class=\"AnswerParser_ListItem__XqLOV\" translate=\"yes\">A: Die Einrichtung des ACR122U ist unkompliziert. Schlie\u00dfen Sie ihn einfach \u00fcber USB an, installieren Sie die erforderlichen Treiber und schon k\u00f6nnen Sie mit dem Lesen und Schreiben von NFC-Tags beginnen.<\/li>\n<\/ul>\n<\/li>\n<\/ul>\n<h2 class=\"AnswerParser_AnswerParserH2__SIHnF\">Abschluss<\/h2>\n<p><span class=\"AnswerParser_TextContainer__z_Iiv\" data-testid=\"youchat-text\">Der\u00a0<strong>ACR122U NFC-Leseger\u00e4t<\/strong>\u00a0ist ein leistungsstarkes und vielseitiges Tool, das das Potenzial der kontaktlosen Kommunikation freisetzt. Mit seinen robusten Funktionen, der Kompatibilit\u00e4t mit verschiedenen NFC-Tags und Chipkarten und dem benutzerfreundlichen Design ist es eine hervorragende Investition f\u00fcr alle, die ihre NFC-F\u00e4higkeiten verbessern m\u00f6chten. Ob f\u00fcr den pers\u00f6nlichen Gebrauch oder f\u00fcr gesch\u00e4ftliche Anwendungen, dieses\u00a0<strong>NFC-Leseger\u00e4t<\/strong>\u00a0wird Ihren Anforderungen mit Sicherheit gerecht und \u00fcbertrifft Ihre Erwartungen.<\/span><span class=\"AnswerParser_TextContainer__z_Iiv\" data-testid=\"youchat-text\">Wenn Sie sich f\u00fcr den ACR122U entscheiden, kaufen Sie nicht nur ein Produkt; Sie investieren in eine Zukunft, in der kontaktlose Technologie Ihre t\u00e4glichen Interaktionen vereinfacht und verbessert. Lassen Sie sich das nicht entgehen \u2013<strong>F\u00fcgen Sie es Ihrem Warenkorb hinzu<\/strong>\u00a0und erleben Sie den Komfort der NFC-Technologie!<\/span><\/p>\n<p>&nbsp;<\/p>","protected":false},"excerpt":{"rendered":"<p>Entfesseln Sie die Macht der kontaktlosen Kommunikation mit dem vielseitigen und sicheren ACR122U NFC Skimmer. Warten Sie nicht, verbessern Sie Ihre NFC-F\u00e4higkeiten noch heute!<\/p>","protected":false},"featured_media":3210,"template":"","meta":[],"product_brand":[],"product_cat":[45],"product_tag":[],"class_list":{"0":"post-3204","1":"product","2":"type-product","3":"status-publish","4":"has-post-thumbnail","6":"product_cat-contactless-nfc-reader","8":"first","9":"instock","10":"shipping-taxable","11":"product-type-simple"},"_links":{"self":[{"href":"https:\/\/nfc-readers.com\/de\/wp-json\/wp\/v2\/product\/3204","targetHints":{"allow":["GET"]}}],"collection":[{"href":"https:\/\/nfc-readers.com\/de\/wp-json\/wp\/v2\/product"}],"about":[{"href":"https:\/\/nfc-readers.com\/de\/wp-json\/wp\/v2\/types\/product"}],"wp:featuredmedia":[{"embeddable":true,"href":"https:\/\/nfc-readers.com\/de\/wp-json\/wp\/v2\/media\/3210"}],"wp:attachment":[{"href":"https:\/\/nfc-readers.com\/de\/wp-json\/wp\/v2\/media?parent=3204"}],"wp:term":[{"taxonomy":"product_brand","embeddable":true,"href":"https:\/\/nfc-readers.com\/de\/wp-json\/wp\/v2\/product_brand?post=3204"},{"taxonomy":"product_cat","embeddable":true,"href":"https:\/\/nfc-readers.com\/de\/wp-json\/wp\/v2\/product_cat?post=3204"},{"taxonomy":"product_tag","embeddable":true,"href":"https:\/\/nfc-readers.com\/de\/wp-json\/wp\/v2\/product_tag?post=3204"}],"curies":[{"name":"wp","href":"https:\/\/api.w.org\/{rel}","templated":true}]}}