{"id":3225,"date":"2024-11-01T09:59:32","date_gmt":"2024-11-01T09:59:32","guid":{"rendered":"https:\/\/nfc-readers.com\/?post_type=product&#038;p=3225"},"modified":"2024-11-04T09:03:20","modified_gmt":"2024-11-04T09:03:20","slug":"mifare-rfid-pvc-card-full-color-printed-for-cashless-payment","status":"publish","type":"product","link":"https:\/\/nfc-readers.com\/de\/ic-reader\/mifare-rfid-pvc-card-full-color-printed-for-cashless-payment\/","title":{"rendered":"MIFARE RFID PVC-Karte, vollfarbig bedruckt f\u00fcr bargeldloses Bezahlen"},"content":{"rendered":"<h1><span style=\"color: #000080;\"><strong>MIFARE RFID PVC-Karte im Vollfarbdruck f\u00fcr bargeldloses Bezahlen<\/strong><\/span><\/h1>\n<h4 class=\"w-8 h-8 flex-center rounded-lg cursor-pointer hover:bg-grey-fill1-hover\"><span style=\"color: #666699;\">EinleitungIn einer Zeit, in der digitale Transaktionen zur Norm werden, <strong>MIFARE RFID PVC-Karte<\/strong>, speziell entwickelt f\u00fcr\u00a0<strong>bargeldloses Bezahlen<\/strong>, ist ein revolution\u00e4res Tool f\u00fcr Unternehmen und Verbraucher gleicherma\u00dfen. Diese vollfarbig bedruckten Karten bieten nicht nur eine attraktive Oberfl\u00e4che f\u00fcr Ihr Branding, sondern verf\u00fcgen auch \u00fcber fortschrittliche Technologie f\u00fcr sichere, reibungslose Transaktionen. Ob im Einzelhandel, im Eventmanagement oder im Networking \u2013 diese Karten stellen eine vielseitige L\u00f6sung dar, die den vielf\u00e4ltigen Anforderungen unserer digitalen Welt gerecht wird.<\/span><\/h4>\n<hr \/>\n<h2 class=\"w-8 h-8 flex-center rounded-lg cursor-pointer hover:bg-grey-fill1-hover\" style=\"text-align: center;\"><span style=\"color: #000080;\"><em><strong>Produktvorteile<\/strong><\/em><\/span><\/h2>\n<h3 class=\"w-8 h-8 flex-center rounded-lg cursor-pointer hover:bg-grey-fill1-hover\"><span style=\"color: #333399;\"><strong>1. Hohe Sicherheit<\/strong><\/span><\/h3>\n<p class=\"w-8 h-8 flex-center rounded-lg cursor-pointer hover:bg-grey-fill1-hover\">Unsere MIFARE RFID PVC-Karten verwenden <strong>MIFARE Desfire EV3-Technologie<\/strong>, bekannt f\u00fcr seine hohe Sicherheit und Zuverl\u00e4ssigkeit.<\/p>\n<p class=\"w-8 h-8 flex-center rounded-lg cursor-pointer hover:bg-grey-fill1-hover\">Dieser fortschrittliche Chip stellt sicher, dass vertrauliche Informationen vor unbefugtem Zugriff gesch\u00fctzt sind. Dank mehrschichtiger Verschl\u00fcsselung sind diese Karten ideal f\u00fcr Anwendungen, die strenge Sicherheitsma\u00dfnahmen erfordern.<\/p>\n<div class=\"answer-markdown-box h-[calc(100%-57px)] bg-grey-layer2-normal\">\n<div class=\"markdown-body h-full\">\n<div class=\"custom-scrollbar overflow-auto custom-scrollbar-wide h-full\">\n<table class=\"preview\">\n<thead>\n<tr>\n<th><strong>Besonderheit<\/strong><\/th>\n<th><strong>Spezifikation<\/strong><\/th>\n<\/tr>\n<\/thead>\n<tbody>\n<tr>\n<td><strong>Chip<\/strong><\/td>\n<td>MIFARE Desfire EV3<\/td>\n<\/tr>\n<tr>\n<td><strong>Speicheroptionen<\/strong><\/td>\n<td>2K \/4K \/8K<\/td>\n<\/tr>\n<tr>\n<td><strong>Protokoll<\/strong><\/td>\n<td>ISO14443A<\/td>\n<\/tr>\n<tr>\n<td><strong>Frequenz<\/strong><\/td>\n<td>13,56 MHz<\/td>\n<\/tr>\n<tr>\n<td><strong>Material<\/strong><\/td>\n<td>aus PVC<\/td>\n<\/tr>\n<tr>\n<td><strong>Gr\u00f6\u00dfe<\/strong><\/td>\n<td>CR80 (85,5 x 54 mm)<\/td>\n<\/tr>\n<tr>\n<td><strong>Druckoptionen<\/strong><\/td>\n<td>CMYK \/ Pantone<\/td>\n<\/tr>\n<tr>\n<td><strong>Oberfl\u00e4chen<\/strong><\/td>\n<td>Gl\u00e4nzend \/ Matt<\/td>\n<\/tr>\n<tr>\n<td><strong>Herkunft<\/strong><\/td>\n<td>Guangdong, China<\/td>\n<\/tr>\n<tr>\n<td><strong>Kartentyp<\/strong><\/td>\n<td>Kontaktlose Karte (RFID)<\/td>\n<\/tr>\n<tr>\n<td><strong>Betriebstemperatur<\/strong><\/td>\n<td>-20\u00b0C bis 60\u00b0C<\/td>\n<\/tr>\n<tr>\n<td><strong>Lagertemperatur<\/strong><\/td>\n<td>-40\u00b0C bis 80\u00b0C<\/td>\n<\/tr>\n<tr>\n<td><strong>Luftfeuchtigkeit<\/strong><\/td>\n<td>0-100%RH<\/td>\n<\/tr>\n<tr>\n<td><strong>Datenaufbewahrung<\/strong><\/td>\n<td>10 Jahre oder mehr<\/td>\n<\/tr>\n<tr>\n<td><strong>Stromversorgung<\/strong><\/td>\n<td>Keine externe Stromversorgung erforderlich<\/td>\n<\/tr>\n<tr>\n<td><strong>Sensortyp<\/strong><\/td>\n<td>13,56 MHz RFID<\/td>\n<\/tr>\n<tr>\n<td><strong>Reichweite<\/strong><\/td>\n<td>Bis zu 10 cm<\/td>\n<\/tr>\n<tr>\n<td><strong>Kompatibilit\u00e4t<\/strong><\/td>\n<td>NFC-f\u00e4hige Ger\u00e4te (Smartphones, Tablets usw.)<\/td>\n<\/tr>\n<tr>\n<td><strong>Sicherheit<\/strong><\/td>\n<td>DES-, 3DES-, AES-Verschl\u00fcsselung<\/td>\n<\/tr>\n<tr>\n<td><strong>Zertifizierungen<\/strong><\/td>\n<td>ISO\/IEC14443, NFC-Forum<\/td>\n<\/tr>\n<\/tbody>\n<\/table>\n<h2><\/h2>\n<h3><span style=\"color: #333399;\"><strong>2. Vielseitigkeit in den Anwendungen<\/strong><\/span><\/h3>\n<p>Diese vielseitigen Karten sind nicht nur f\u00fcr bargeldlose Zahlungen geeignet. Sie k\u00f6nnen f\u00fcr verschiedene Anwendungen verwendet werden, darunter:<\/p>\n<ul>\n<li><strong>Zugriffskontrolle<\/strong><\/li>\n<li><strong>Ticketverkauf f\u00fcr Veranstaltungen<\/strong><\/li>\n<li><strong>Mitgliedskarten<\/strong><\/li>\n<li><strong>Treueprogramme<\/strong><\/li>\n<li><strong>NFC-Visitenkarten<\/strong><\/li>\n<\/ul>\n<p>Diese Anpassungsf\u00e4higkeit macht sie zu einer intelligenten Investition f\u00fcr jedes Unternehmen, das sein Serviceangebot erweitern m\u00f6chte.<\/p>\n<p>&nbsp;<\/p>\n<h3><span style=\"color: #333399;\"><strong>3. Haltbarkeit und Design<\/strong><\/span><\/h3>\n<p>Hergestellt aus <strong>hochwertiges PVC<\/strong>Diese Karten sind wasserdicht und verschlei\u00dffest. Sie sind auf Langlebigkeit ausgelegt, sodass sie nicht so oft ausgetauscht werden m\u00fcssen.\u00a0<strong>Vollfarbdruck<\/strong>\u00a0Optionen erm\u00f6glichen es Unternehmen, auff\u00e4llige Designs zu erstellen, die zu ihrer Marke passen und sicherstellen, dass jede Karte als Marketinginstrument dient.<\/p>\n<p>&nbsp;<\/p>\n<h3><span style=\"color: #333399;\"><strong>4. Einfach zu bedienen<\/strong><\/span><\/h3>\n<p>Unsere MIFARE RFID-PVC-Karten sind auf Benutzerfreundlichkeit ausgelegt. Halten Sie die Karte einfach an ein NFC-f\u00e4higes Ger\u00e4t und schon k\u00f6nnen Sie schnell Transaktionen durchf\u00fchren. Diese benutzerfreundliche Erfahrung kann die Kundenzufriedenheit steigern und Zahlungsprozesse optimieren.<\/p>\n<p><img loading=\"lazy\" decoding=\"async\" class=\"alignnone wp-image-3344\" src=\"https:\/\/nfc-readers.com\/wp-content\/uploads\/2024\/11\/main-image-4-6-300x300.jpeg\" alt=\"\" width=\"336\" height=\"336\" srcset=\"https:\/\/nfc-readers.com\/wp-content\/uploads\/2024\/11\/main-image-4-6-300x300.jpeg 300w, https:\/\/nfc-readers.com\/wp-content\/uploads\/2024\/11\/main-image-4-6-150x150.jpeg 150w, https:\/\/nfc-readers.com\/wp-content\/uploads\/2024\/11\/main-image-4-6-768x768.jpeg 768w, https:\/\/nfc-readers.com\/wp-content\/uploads\/2024\/11\/main-image-4-6-12x12.jpeg 12w, https:\/\/nfc-readers.com\/wp-content\/uploads\/2024\/11\/main-image-4-6-600x600.jpeg 600w, https:\/\/nfc-readers.com\/wp-content\/uploads\/2024\/11\/main-image-4-6-100x100.jpeg 100w, https:\/\/nfc-readers.com\/wp-content\/uploads\/2024\/11\/main-image-4-6.jpeg 800w\" sizes=\"auto, (max-width: 336px) 100vw, 336px\" \/><img loading=\"lazy\" decoding=\"async\" class=\"alignnone wp-image-3346\" src=\"https:\/\/nfc-readers.com\/wp-content\/uploads\/2024\/11\/main-image-6-5-300x300.jpeg\" alt=\"\" width=\"347\" height=\"347\" srcset=\"https:\/\/nfc-readers.com\/wp-content\/uploads\/2024\/11\/main-image-6-5-300x300.jpeg 300w, https:\/\/nfc-readers.com\/wp-content\/uploads\/2024\/11\/main-image-6-5-150x150.jpeg 150w, https:\/\/nfc-readers.com\/wp-content\/uploads\/2024\/11\/main-image-6-5-768x768.jpeg 768w, https:\/\/nfc-readers.com\/wp-content\/uploads\/2024\/11\/main-image-6-5-12x12.jpeg 12w, https:\/\/nfc-readers.com\/wp-content\/uploads\/2024\/11\/main-image-6-5-600x600.jpeg 600w, https:\/\/nfc-readers.com\/wp-content\/uploads\/2024\/11\/main-image-6-5-100x100.jpeg 100w, https:\/\/nfc-readers.com\/wp-content\/uploads\/2024\/11\/main-image-6-5.jpeg 800w\" sizes=\"auto, (max-width: 347px) 100vw, 347px\" \/><\/p>\n<hr \/>\n<h2 style=\"text-align: center;\"><em><span style=\"color: #000080;\"><strong>Innovative Funktionen<\/strong><\/span><\/em><\/h2>\n<h3><span style=\"color: #333399;\"><strong>1. Anpassungsoptionen<\/strong><\/span><\/h3>\n<p>F\u00fcr jedes Unternehmen, das einen bleibenden Eindruck hinterlassen m\u00f6chte, ist die Personalisierung von entscheidender Bedeutung. Unsere Karten bieten eine Reihe von Druckoptionen, darunter:<\/p>\n<ul>\n<li><strong>Vollfarbdruck<\/strong>: Lebendige Designs, die Ihre Marke hervorstechen lassen.<\/li>\n<li><strong>Individuelle Formen und Gr\u00f6\u00dfen<\/strong>: Passen Sie die Kartenabmessungen Ihren Bed\u00fcrfnissen an.<\/li>\n<\/ul>\n<p>&nbsp;<\/p>\n<h3><span style=\"color: #333399;\"><strong>2. Kompatibilit\u00e4t mit NFC-Technologie<\/strong><\/span><\/h3>\n<p>MIFARE RFID-PVC-Karten sind mit allen NFC-f\u00e4higen Ger\u00e4ten kompatibel und gew\u00e4hrleisten eine nahtlose Kommunikation. Diese umfassende Kompatibilit\u00e4t bedeutet, dass Benutzer problemlos mit ihren Smartphones oder Zahlungsterminals interagieren k\u00f6nnen.<\/p>\n<p>&nbsp;<\/p>\n<h3><span style=\"color: #333399;\"><strong>3. Umweltfreundliche Produktion<\/strong><\/span><\/h3>\n<p>Unsere Karten bestehen aus langlebigem PVC, wodurch im Vergleich zu Einweg-Papierkarten weniger Abfall entsteht. Die Investition in hochwertige RFID-Karten ist ein Schritt in Richtung Nachhaltigkeit und spricht umweltbewusste Verbraucher an, die nach umweltfreundlicheren Alternativen suchen.<\/p>\n<p>&nbsp;<\/p>\n<h3><span style=\"color: #333399;\"><strong>4. Schnelle Auflade- und Nachdruckoptionen<\/strong><\/span><\/h3>\n<p>Sollten Sie jemals eine Karte neu drucken m\u00fcssen, erm\u00f6glicht unser optimierter Prozess eine schnelle Nachbestellung. Dar\u00fcber hinaus k\u00f6nnen Nachdrucke dank der Anpassungsoptionen aktualisierte Informationen oder Markenzeichen nahtlos pr\u00e4sentieren.<\/p>\n<hr \/>\n<p>&nbsp;<\/p>\n<h3><em><span style=\"color: #666699;\">Alltagsgebrauch-\u00a0<strong>Tippen und bezahlen<\/strong>: <\/span><\/em><\/h3>\n<p><strong>Um die Transaktion abzuschlie\u00dfen, halten Kunden ihre Karte einfach an ein kompatibles Ger\u00e4t.<\/strong><\/p>\n<ul>\n<li><strong>Informationsaustausch<\/strong>: Mit NFC-Visitenkarten k\u00f6nnen Benutzer Kontaktinformationen durch schnelles Tippen teilen, wodurch herk\u00f6mmliche Visitenkarten \u00fcberfl\u00fcssig werden.<\/li>\n<\/ul>\n<hr \/>\n<h2><\/h2>\n<h2 style=\"text-align: center;\"><em><span style=\"color: #000080;\"><strong>Kundenrezensionen<\/strong><\/span><\/em><\/h2>\n<p><strong>Viele Unternehmen haben festgestellt, dass die Umstellung auf MIFARE RFID-PVC-Karten in vielerlei Hinsicht von Vorteil ist. Hier sind einige Erfahrungsberichte unserer Kunden:<\/strong><\/p>\n<p><span style=\"color: #008080;\"><strong>\u201eSeit wir MIFARE-Karten in unser bargeldloses Zahlungssystem integriert haben, ist unsere Transaktionsrate drastisch gestiegen. Die Karten sind einfach zu verwenden und haben ein elegantes Design, das unsere Kunden beeindruckt.\u201c \u2013 John M., Einzelhandelsmanager<\/strong><\/span><\/p>\n<blockquote><p><strong>\u201eDie benutzerdefinierten NFC-Visitenkarten, die wir bestellt haben, haben unsere Networking-Events ver\u00e4ndert. Das Teilen von Kontaktdaten ist jetzt ein Kinderspiel und die Qualit\u00e4t ist erstklassig.\u201c \u2013 Sarah L., Eventkoordinatorin<\/strong><\/p><\/blockquote>\n<hr \/>\n<h2><\/h2>\n<h2 style=\"text-align: center;\"><span style=\"color: #000080;\"><em><strong>H\u00e4ufig gestellte Fragen<\/strong><\/em><\/span><\/h2>\n<p><strong>1. Sind MIFARE-Karten mit allen Smartphones kompatibel?<\/strong><\/p>\n<p>Ja, MIFARE RFID-PVC-Karten sind mit allen NFC-f\u00e4higen Smartphones kompatibel und erm\u00f6glichen Benutzern m\u00fchelose Transaktionen.<\/p>\n<p><strong>2. Kann ich das Design meiner MIFARE-Karten individuell anpassen?<\/strong><\/p>\n<p>Auf jeden Fall! Unsere Karten bieten zahlreiche Anpassungsoptionen, die auf Ihre Markenanforderungen zugeschnitten sind.<\/p>\n<p><strong>3. Wie sicher sind die MIFARE RFID PVC-Karten?<\/strong><\/p>\n<p>Dank der MIFARE Desfire EV3-Technologie bieten diese Karten ein hohes Ma\u00df an Sicherheit f\u00fcr die Speicherung vertraulicher Informationen.<\/p>\n<p><strong>4. Bieten Sie kostenlosen Versand an?<\/strong><\/p>\n<p>Ja, wir bieten\u00a0<strong>Kostenloser Versand<\/strong>\u00a0auf alle Bestellungen und stellt sicher, dass Sie mit Ihrem Einkauf einen Mehrwert erhalten.<\/p>\n<p>&nbsp;<\/p>\n<p><strong>5. Was muss ich tun, wenn ich eine Karte neu ausdrucken muss?<\/strong><\/p>\n<p>Unser unkomplizierter Nachbestellvorgang macht es einfach, einen Nachdruck anzufordern. Geben Sie einfach die Bestellung auf und wir k\u00fcmmern uns um den Rest.<\/p>\n<p>&nbsp;<\/p>\n<hr \/>\n<h4><span style=\"color: #666699;\">Verbessern Sie Ihre Zahlungsl\u00f6sungen noch heuteInvestieren Sie in\u00a0<strong>MIFARE RFID PVC-Karten<\/strong>\u00a0stellt einen strategischen Schritt zur Modernisierung Ihrer Transaktionsprozesse dar. Mit ihren hochwertigen Materialien, fortschrittlicher Technologie und umfangreichen Anpassungsoptionen sind diese Karten perfekt f\u00fcr Unternehmen, die ihr Kundenerlebnis verbessern m\u00f6chten. Beginnen Sie Ihren \u00dcbergang zu\u00a0<strong>bargeldlose L\u00f6sungen<\/strong>\u00a0heute! Egal, ob Sie intelligente Zahlungssysteme integrieren oder beeindruckende NFC-Visitenkarten erstellen m\u00f6chten, mit MIFARE RFID-PVC-Karten sind Sie bestens bedient.<\/span><\/h4>\n<h3><a href=\"\/\/dhoenijjpgpeimemopealfcbiecgceod\/sidepanel.html#\" target=\"_blank\" rel=\"noopener\">Kontaktieren Sie uns f\u00fcr ein kostenloses Muster<\/a><\/h3>\n<h3><span style=\"color: #008080;\"><strong>Verpassen Sie nicht diese Gelegenheit, die Zahlungsm\u00f6glichkeiten und das Branding Ihres Unternehmens zu verbessern. Klicken Sie auf den Link oben, um sich \u00fcber unsere Kartenoptionen zu informieren oder ein kostenloses Muster anzufordern!<\/strong><\/span><\/h3>\n<\/div>\n<\/div>\n<\/div>","protected":false},"excerpt":{"rendered":"<div class=\"chat-list relative custom-scrollbar-reset-margin custom-scrollbar custom-scrollbar-hidden custom-scrollbar-float pb-9 flex-1 overflow-y-auto\">\n<div class=\"mx-auto max-w-[790px]\">\n<div class=\"message-item-outer relative px-4 mb-2\" data-id=\"0a4f4511-bd05-49a5-8695-d7a6fad22471\">\n<div class=\"content-area pl-[0px]\">\n<div class=\"message-item select-text relative\">\n<div class=\"message-inner relative\">\n<div class=\"py-[2px]\">\n<div class=\"flex flex-col gap-2\">\n<div class=\"answer-markdown-box overflow-x-auto select-text custom-scrollbar\">\n<div class=\"markdown-body\">\n<p>Wir stellen die MIFARE RFID PVC-Karte vor, die f\u00fcr moderne bargeldlose Zahlungsl\u00f6sungen entwickelt wurde. Diese vollfarbig bedruckten Karten nutzen die MIFARE Desfire EV3-Technologie und gew\u00e4hrleisten hohe Sicherheit und Zuverl\u00e4ssigkeit. Damit sind sie ideal f\u00fcr Unternehmen, die sensiblen Datenschutz ben\u00f6tigen. Sie sind vielseitig einsetzbar und k\u00f6nnen f\u00fcr Zugangskontrollen, Veranstaltungstickets, Mitgliedskarten, Treueprogramme und NFC-Visitenkarten verwendet werden. Diese Karten bestehen aus strapazierf\u00e4higem, wasserdichtem PVC und sind verschlei\u00dffest. Das garantiert Langlebigkeit und reduziert die Ersatzkosten. Kunden k\u00f6nnen Transaktionen ganz einfach abschlie\u00dfen, indem sie ihre Karte an ein NFC-f\u00e4higes Ger\u00e4t halten. Dies bietet eine benutzerfreundliche Erfahrung, die die Kundenzufriedenheit steigert. Dar\u00fcber hinaus bieten die Karten umfangreiche Anpassungsoptionen, darunter lebendigen Vollfarbdruck und ma\u00dfgeschneiderte Formen. Dank umweltfreundlicher Produktionsmethoden stellen die MIFARE RFID PVC-Karten eine nachhaltige Alternative zu herk\u00f6mmlichen Papierkarten dar. Investieren Sie noch heute in die Modernisierung Ihrer Transaktionsprozesse und steigern Sie Ihre Markenpr\u00e4senz mit diesen innovativen, hochwertigen Karten. Fordern Sie ein kostenloses Muster an, um ihre Vorteile aus erster Hand kennenzulernen!<\/p>\n<\/div>\n<\/div>\n<\/div>\n<\/div>\n<\/div>\n<\/div>\n<\/div>\n<\/div>\n<\/div>\n<\/div>","protected":false},"featured_media":3341,"template":"","meta":[],"product_brand":[],"product_cat":[46],"product_tag":[],"class_list":{"0":"post-3225","1":"product","2":"type-product","3":"status-publish","4":"has-post-thumbnail","6":"product_cat-nfc-cards","8":"first","9":"instock","10":"shipping-taxable","11":"product-type-simple"},"_links":{"self":[{"href":"https:\/\/nfc-readers.com\/de\/wp-json\/wp\/v2\/product\/3225","targetHints":{"allow":["GET"]}}],"collection":[{"href":"https:\/\/nfc-readers.com\/de\/wp-json\/wp\/v2\/product"}],"about":[{"href":"https:\/\/nfc-readers.com\/de\/wp-json\/wp\/v2\/types\/product"}],"wp:featuredmedia":[{"embeddable":true,"href":"https:\/\/nfc-readers.com\/de\/wp-json\/wp\/v2\/media\/3341"}],"wp:attachment":[{"href":"https:\/\/nfc-readers.com\/de\/wp-json\/wp\/v2\/media?parent=3225"}],"wp:term":[{"taxonomy":"product_brand","embeddable":true,"href":"https:\/\/nfc-readers.com\/de\/wp-json\/wp\/v2\/product_brand?post=3225"},{"taxonomy":"product_cat","embeddable":true,"href":"https:\/\/nfc-readers.com\/de\/wp-json\/wp\/v2\/product_cat?post=3225"},{"taxonomy":"product_tag","embeddable":true,"href":"https:\/\/nfc-readers.com\/de\/wp-json\/wp\/v2\/product_tag?post=3225"}],"curies":[{"name":"wp","href":"https:\/\/api.w.org\/{rel}","templated":true}]}}