{"id":3233,"date":"2024-10-30T12:07:01","date_gmt":"2024-10-30T12:07:01","guid":{"rendered":"https:\/\/nfc-readers.com\/?post_type=product&#038;p=3233"},"modified":"2024-11-14T14:43:00","modified_gmt":"2024-11-14T14:43:00","slug":"customized-13-56mhz-rfid-abs-nfc-keychans","status":"publish","type":"product","link":"https:\/\/nfc-readers.com\/de\/ic-reader\/customized-13-56mhz-rfid-abs-nfc-keychans\/","title":{"rendered":"Ma\u00dfgeschneiderte 13,56 MHz RFID ABS NFC Schl\u00fcsselanh\u00e4nger"},"content":{"rendered":"<h1 style=\"text-align: center;\"><strong>Ma\u00dfgeschneiderte 13,56 MHz RFID ABS NFC Schl\u00fcsselanh\u00e4nger<\/strong><\/h1>\n<p>&nbsp;<\/p>\n<p>In der heutigen schnelllebigen Welt ist der Bedarf an sicheren und bequemen Zugangsl\u00f6sungen von gr\u00f6\u00dfter Bedeutung. Wir stellen vor: <strong>Ma\u00dfgeschneiderte 13,56 MHz RFID ABS NFC Schl\u00fcsselanh\u00e4nger<\/strong>, eine perfekte Mischung aus Technologie und Funktionalit\u00e4t. Diese fortschrittlichen Schl\u00fcsselanh\u00e4nger nutzen RFID- (Radio-Frequency Identification) und NFC-Technologien (Near Field Communication) und bieten nahtlosen und kontaktlosen Zugang. Ob f\u00fcr den pers\u00f6nlichen Gebrauch oder als Teil einer gr\u00f6\u00dferen\u00a0<strong>Zutrittskontrollsystem<\/strong>Diese Schl\u00fcsselanh\u00e4nger bieten eine robuste, zuverl\u00e4ssige und benutzerfreundliche L\u00f6sung f\u00fcr Ihre Zugriffsanforderungen.<\/p>\n<p>&nbsp;<\/p>\n<h3><strong>Produktvorteile und warum Sie sich f\u00fcr unsere NFC-Schl\u00fcsselanh\u00e4nger entscheiden sollten<\/strong><\/h3>\n<p>&nbsp;<\/p>\n<ol>\n<li><strong>Verbesserte Sicherheit<\/strong>: Der\u00a0<strong>NFC-Schl\u00fcsselanh\u00e4nger<\/strong>\u00a0erh\u00f6ht die Sicherheit Ihrer R\u00e4umlichkeiten. Durch einen individuellen Identifikationscode jedes Ger\u00e4ts wird sichergestellt, dass nur autorisierte Benutzer Zutritt erhalten.<\/li>\n<li><strong>Haltbarkeit und Vielseitigkeit<\/strong>: Aus hochwertigem\u00a0<strong>ABS<\/strong>Diese Schl\u00fcsselanh\u00e4nger sind nicht nur langlebig, sondern auch wasser- und wetterfest und daher f\u00fcr verschiedene Umgebungen geeignet.<\/li>\n<li><strong>Anpassbar und \u00e4sthetisch ansprechend<\/strong>: Unsere Schl\u00fcsselanh\u00e4nger k\u00f6nnen an Ihre Markenanforderungen angepasst werden durch\u00a0<strong>CMYK 4C Druck<\/strong>, Lasercodierung und Thermodruck, sodass Sie Ihr Logo oder Design nahtlos integrieren k\u00f6nnen.<\/li>\n<li><strong>Benutzerfreundlich<\/strong>: Diese Schl\u00fcsselanh\u00e4nger sind f\u00fcr eine einfache Handhabung konzipiert und sind kontaktlos; der Benutzer muss seinen Anh\u00e4nger lediglich in die N\u00e4he eines Leseger\u00e4ts halten, um Zutritt zu erhalten.<\/li>\n<li><strong>Kosteng\u00fcnstige L\u00f6sung<\/strong>: Mit einer Lebensdauer von\u00a0<strong>100.000 Schreibzyklen<\/strong>, unser\u00a0<strong>RFID-Schl\u00fcsselanh\u00e4nger<\/strong>\u00a0stellen sowohl f\u00fcr Privatpersonen als auch Unternehmen eine kosteng\u00fcnstige Option dar und reduzieren den Bedarf an h\u00e4ufigen Ersetzungen.<\/li>\n<\/ol>\n<p>Mit diesen Vorteilen ist die\u00a0<strong>Ma\u00dfgeschneiderte 13,56 MHz RFID ABS NFC Schl\u00fcsselanh\u00e4nger<\/strong>\u00a0zeichnen sich als wesentliche Komponente moderner Zugangsl\u00f6sungen aus.<\/p>\n<p>&nbsp;<\/p>\n<h3><strong>Produkt\u00fcbersicht<\/strong><\/h3>\n<p>&nbsp;<\/p>\n<h3>1. RFID- und NFC-Technologien verstehen<\/h3>\n<p>RFID und NFC sind beides wichtige Technologien, die moderne Zugangskontrolll\u00f6sungen vorantreiben. RFID verwendet elektromagnetische Felder, um an Objekten angebrachte Tags automatisch zu identifizieren und zu verfolgen, w\u00e4hrend NFC eine Untergruppe von RFID ist, die f\u00fcr die Kommunikation im Nahbereich entwickelt wurde. Diese Technologien bilden das R\u00fcckgrat unserer\u00a0<strong>Schl\u00fcsselanh\u00e4nger<\/strong>, um schnelle und sichere Transaktionen zu gew\u00e4hrleisten.<\/p>\n<h3>2. Merkmale der kundenspezifischen 13,56 MHz RFID ABS NFC-Schl\u00fcsselanh\u00e4nger<\/h3>\n<p>Eines der herausragenden Merkmale ist die\u00a0<strong>13,56 MHz Frequenz<\/strong>, was hervorragende Lesef\u00e4higkeiten garantiert. Dar\u00fcber hinaus verbessert die kompakte Gr\u00f6\u00dfe des Schl\u00fcsselanh\u00e4ngers die Tragbarkeit, sodass er f\u00fcr Benutzer leicht zu transportieren ist. Dar\u00fcber hinaus ist der\u00a0<strong>wasserdicht und wetterfest<\/strong>\u00a0Das Design erm\u00f6glicht, dass der Anh\u00e4nger unter unterschiedlichen Umgebungsbedingungen funktioniert.<\/p>\n<h3>3. Anwendung in Zutrittskontrollsystemen<\/h3>\n<p>Diese Schl\u00fcsselanh\u00e4nger sind ideal f\u00fcr die Integration in\u00a0<strong>Zutrittskontrollsysteme<\/strong>. Sie k\u00f6nnen f\u00fcr T\u00fcrschl\u00f6sser, intelligente T\u00fcren und sogar Hotelzimmer verwendet werden und sind somit vielseitig einsetzbar. Der Schl\u00fcsselanh\u00e4nger funktioniert nahtlos und verbessert die Sicherheit sowohl in Wohn- als auch in Gesch\u00e4ftsumgebungen.<\/p>\n<h3>4. Praktische Anwendungshinweise<\/h3>\n<p>Mit dem\u00a0<strong>RFID-Schl\u00fcsselanh\u00e4nger<\/strong>\u00a0ist intuitiv; behalte es einfach in dir\u00a0<strong>0-10 cm<\/strong>\u00a0des RFID-Leseger\u00e4ts, bis Sie einen Piepton h\u00f6ren oder eine LED leuchtet, die den erfolgreichen Zugriff anzeigt. Die Schl\u00fcsselanh\u00e4nger sind wiederbeschreibbar, d. h. Sie k\u00f6nnen ihre Informationen nach Bedarf aktualisieren, was f\u00fcr Organisationen von entscheidender Bedeutung ist, die den Mitarbeiterzugriff regelm\u00e4\u00dfig aktualisieren.<\/p>\n<h3>5. Umweltauswirkungen<\/h3>\n<p>Unser Engagement f\u00fcr Nachhaltigkeit spiegelt sich in den Materialien und Prozessen wider, die wir zur Herstellung dieser Schl\u00fcsselanh\u00e4nger verwenden. Hergestellt aus\u00a0<strong>ABS<\/strong>, einem recycelbaren Material, stellen sie eine umweltfreundliche Option f\u00fcr Unternehmen dar, die ihren CO2-Fu\u00dfabdruck reduzieren m\u00f6chten.<\/p>\n<h3>6. Kundenbewertungen und Erfahrungsberichte<\/h3>\n<p>Kunden loben unsere\u00a0<strong>NFC-Schl\u00fcsselanh\u00e4nger<\/strong>\u00a0f\u00fcr ihre Zuverl\u00e4ssigkeit und Effizienz. Viele stellten eine verbesserte Sicherheit in ihren Einrichtungen fest, und einige berichteten von erheblichen Verbesserungen beim Zugangskomfort f\u00fcr Mitarbeiter und Besucher. \u201eDie Integration verlief reibungslos und die Schl\u00fcsselanh\u00e4nger haben einwandfrei funktioniert\u201c, erkl\u00e4rt ein zufriedener Kunde.<\/p>\n<p>&nbsp;<\/p>\n<h3><strong>Technische Spezifikationen<\/strong><\/h3>\n<table class=\"preview\" style=\"height: 293px;\" width=\"492\">\n<thead>\n<tr>\n<th>Attribut<\/th>\n<th>Spezifikation<\/th>\n<\/tr>\n<\/thead>\n<tbody>\n<tr>\n<td><strong>Kommunikationsinterface<\/strong><\/td>\n<td>RFID, NFC<\/td>\n<\/tr>\n<tr>\n<td><strong>Frequenz<\/strong><\/td>\n<td>13,56 MHz<\/td>\n<\/tr>\n<tr>\n<td><strong>Material<\/strong><\/td>\n<td>ABS<\/td>\n<\/tr>\n<tr>\n<td><strong>Chip<\/strong><\/td>\n<td>NTAG213\/215\/216<\/td>\n<\/tr>\n<tr>\n<td><strong>Protokoll<\/strong><\/td>\n<td>ISO14443A<\/td>\n<\/tr>\n<tr>\n<td><strong>Temperaturbereich<\/strong><\/td>\n<td>20 \u2103~+85 \u2103<\/td>\n<\/tr>\n<tr>\n<td><strong>Leseabstand<\/strong><\/td>\n<td>0-10 cm<\/td>\n<\/tr>\n<tr>\n<td><strong>Schreibzyklus<\/strong><\/td>\n<td>100.000 Mal<\/td>\n<\/tr>\n<tr>\n<td><strong>Verpackungsgr\u00f6\u00dfe<\/strong><\/td>\n<td>10x8x6 cm<\/td>\n<\/tr>\n<tr>\n<td><strong>Gewicht<\/strong><\/td>\n<td>0,020 kg<\/td>\n<\/tr>\n<\/tbody>\n<\/table>\n<h3><\/h3>\n<h3><strong>FAQs<\/strong><\/h3>\n<p>&nbsp;<\/p>\n<p><strong>F: Kann ich das RFID-Tag anpassen?<\/strong><br \/>\nA: Ja, unsere\u00a0<strong>RFID-Schl\u00fcsselanh\u00e4nger<\/strong>\u00a0kann mit Ihren gew\u00fcnschten Design- und Markenelementen angepasst werden.<\/p>\n<p><strong>F: Sind diese Schl\u00fcsselanh\u00e4nger mit bestehenden Systemen kompatibel?<\/strong><br \/>\nA: Unsere Schl\u00fcsselanh\u00e4nger sind f\u00fcr die Integration mit den meisten vorhandenen RFID-Systemen konzipiert, wir empfehlen jedoch,<\/p>\n<p>&nbsp;<\/p>","protected":false},"excerpt":{"rendered":"<p>Die kundenspezifischen 13,56 MHz RFID ABS NFC-Schl\u00fcsselanh\u00e4nger sind f\u00fcr eine vielseitige und sichere Zugangskontrolle konzipiert. Mit ihrem langlebigen ABS-Material und der NFC-Technologie bieten diese Schl\u00fcsselanh\u00e4nger Komfort und Zuverl\u00e4ssigkeit f\u00fcr verschiedene Anwendungen, vom Eventmanagement bis hin zu Smart-Home-Systemen.<\/p>","protected":false},"featured_media":3235,"template":"","meta":[],"product_brand":[],"product_cat":[49],"product_tag":[],"class_list":{"0":"post-3233","1":"product","2":"type-product","3":"status-publish","4":"has-post-thumbnail","6":"product_cat-nfc-key-fobs","8":"first","9":"instock","10":"shipping-taxable","11":"product-type-simple"},"_links":{"self":[{"href":"https:\/\/nfc-readers.com\/de\/wp-json\/wp\/v2\/product\/3233","targetHints":{"allow":["GET"]}}],"collection":[{"href":"https:\/\/nfc-readers.com\/de\/wp-json\/wp\/v2\/product"}],"about":[{"href":"https:\/\/nfc-readers.com\/de\/wp-json\/wp\/v2\/types\/product"}],"wp:featuredmedia":[{"embeddable":true,"href":"https:\/\/nfc-readers.com\/de\/wp-json\/wp\/v2\/media\/3235"}],"wp:attachment":[{"href":"https:\/\/nfc-readers.com\/de\/wp-json\/wp\/v2\/media?parent=3233"}],"wp:term":[{"taxonomy":"product_brand","embeddable":true,"href":"https:\/\/nfc-readers.com\/de\/wp-json\/wp\/v2\/product_brand?post=3233"},{"taxonomy":"product_cat","embeddable":true,"href":"https:\/\/nfc-readers.com\/de\/wp-json\/wp\/v2\/product_cat?post=3233"},{"taxonomy":"product_tag","embeddable":true,"href":"https:\/\/nfc-readers.com\/de\/wp-json\/wp\/v2\/product_tag?post=3233"}],"curies":[{"name":"wp","href":"https:\/\/api.w.org\/{rel}","templated":true}]}}