{"id":3241,"date":"2024-10-30T12:36:28","date_gmt":"2024-10-30T12:36:28","guid":{"rendered":"https:\/\/nfc-readers.com\/?post_type=product&#038;p=3241"},"modified":"2024-10-30T12:36:28","modified_gmt":"2024-10-30T12:36:28","slug":"iso11784-5-125khz-tk4100-waterproof-smart-rfid-key-fob","status":"publish","type":"product","link":"https:\/\/nfc-readers.com\/de\/ic-reader\/iso11784-5-125khz-tk4100-waterproof-smart-rfid-key-fob\/","title":{"rendered":"ISO11784\/5 125 kHz TK4100 Wasserdichter intelligenter RFID-Schl\u00fcsselanh\u00e4nger"},"content":{"rendered":"<h1 style=\"text-align: center;\"><strong>ISO11784\/5 125 kHz TK4100 Wasserdichter intelligenter RFID-Schl\u00fcsselanh\u00e4nger<\/strong><\/h1>\n<p>Der <strong>ISO11784\/5 125 kHz TK4100 wasserdichter intelligenter RFID-Schl\u00fcsselanh\u00e4nger<\/strong>\u00a0stellt den H\u00f6hepunkt moderner Zugangskontrolll\u00f6sungen dar und kombiniert fortschrittliche Technologie mit langlebigem Design, um eine zuverl\u00e4ssige und effiziente M\u00f6glichkeit zur Verwaltung sicherer Zutrittspunkte zu bieten. Mit seiner Wasserdichtigkeit und kompakten Gr\u00f6\u00dfe ist dieser RFID-Schl\u00fcsselanh\u00e4nger nicht nur praktisch, sondern auch f\u00fcr verschiedene Anwendungen unverzichtbar. Ob f\u00fcr eine sichere Umgebung in einem Hotel, einem B\u00fcrogeb\u00e4ude oder f\u00fcr den pers\u00f6nlichen Gebrauch, dieser RFID-Schl\u00fcsselanh\u00e4nger bietet hervorragende Authentifizierung und Identifizierung mit minimalem Aufwand.<\/p>\n<p>&nbsp;<\/p>\n<h3><strong>Warum sollten Sie sich f\u00fcr den RFID-Schl\u00fcsselanh\u00e4nger TK4100 entscheiden?<\/strong><\/h3>\n<p>&nbsp;<\/p>\n<p>Wenn Sie in den RFID-Schl\u00fcsselanh\u00e4nger TK4100 investieren, sichern Sie Ihre Umgebung mit modernster Technologie, die den Herausforderungen des t\u00e4glichen Gebrauchs standh\u00e4lt. Das wasserdichte und wetterfeste Design sorgt daf\u00fcr, dass der Anh\u00e4nger unter allen Bedingungen zuverl\u00e4ssig bleibt, was ihn zur idealen Wahl f\u00fcr Innen- und Au\u00dfenanwendungen macht. Seine leichte ABS-Konstruktion, die mit Siebdruck und Lasergravur anpassbar ist, erm\u00f6glicht eine Personalisierung bei gleichbleibender Funktionalit\u00e4t. Die passive Natur des Schl\u00fcsselanh\u00e4ngers sorgt f\u00fcr geringen Wartungsaufwand und eine lange Lebensdauer, was ihn zu einer kosteng\u00fcnstigen L\u00f6sung f\u00fcr den Zugang zu Sperrbereichen macht.<\/p>\n<p>&nbsp;<\/p>\n<h3><strong>Produkt\u00fcbersicht<\/strong><\/h3>\n<p>&nbsp;<\/p>\n<p>Der RFID-Schl\u00fcsselanh\u00e4nger TK4100 arbeitet mit einer Frequenz von\u00a0<strong>125 kHz<\/strong>, unter Einhaltung der\u00a0<strong>ISO11784\/5<\/strong>\u00a0Standards f\u00fcr Identifikationssysteme, wodurch er mit verschiedenen RFID-Leseger\u00e4ten und Zugangskontrollsystemen kompatibel ist. Dieser Schl\u00fcsselanh\u00e4nger ist auf Effizienz ausgelegt und verf\u00fcgt \u00fcber eine kompakte Gr\u00f6\u00dfe von\u00a0<strong>41 x 32 mm<\/strong>, kombiniert mit einer Reihe von Farboptionen, darunter Gelb, Blau, Rot, Schwarz und Gr\u00fcn. Mit einem Gewicht von nur\u00a0<strong>5-8 g<\/strong>Dieses leichte Design gew\u00e4hrleistet Benutzerkomfort und Leichtigkeit im t\u00e4glichen Gebrauch.<\/p>\n<p>&nbsp;<\/p>\n<h3><strong>Hauptmerkmale des TK4100 RFID-Schl\u00fcsselanh\u00e4ngers<\/strong><\/h3>\n<h3>RFID-Kommunikationsschnittstelle<\/h3>\n<p>Der TK4100-Tag verwendet\u00a0<strong>RFID<\/strong>\u00a0Technologie f\u00fcr effektive Kommunikation. Das passive Design bedeutet, dass keine interne Stromquelle erforderlich ist. Stattdessen wird der Strom aus dem Signal des RFID-Leseger\u00e4ts bezogen. Diese Eigenschaft verl\u00e4ngert nicht nur die Lebensdauer des Tags, sondern verringert auch den Bedarf an regelm\u00e4\u00dfiger Wartung, was es zu einer praktischen Wahl f\u00fcr Unternehmen und Privatpersonen macht.<\/p>\n<p><strong>Vorteile<\/strong>:<\/p>\n<ul>\n<li><strong>Geringer Wartungsaufwand<\/strong>: Passive RFID-Technologie bedeutet, dass kein Batteriewechsel erforderlich ist.<\/li>\n<li><strong>Langlebiges Design<\/strong>: Best\u00e4ndig gegen \u00e4u\u00dfere Umwelteinfl\u00fcsse dank wasserdichter Eigenschaften.<\/li>\n<\/ul>\n<h3>Wasserdicht und wetterfest<\/h3>\n<p>Eines der markantesten Merkmale des TK4100 RFID-Schl\u00fcsselanh\u00e4ngers ist wohl sein\u00a0<strong>wasserdicht<\/strong>\u00a0Und\u00a0<strong>wetterfest<\/strong>\u00a0Konstruktion. Egal, ob er in einer feuchten Umgebung verwendet oder rauem Wetter ausgesetzt wird, dieser Schl\u00fcsselanh\u00e4nger bleibt funktionsf\u00e4hig.<\/p>\n<p><strong>Vorteile<\/strong>:<\/p>\n<ul>\n<li><strong>Zuverl\u00e4ssigkeit unter allen Bedingungen<\/strong>: Stellen Sie sicher, dass die Zugangskontrolle sowohl im Innen- als auch im Au\u00dfenbereich wirksam bleibt.<\/li>\n<li><strong>L\u00e4ngere Lebensdauer<\/strong>: Geringerer Verschlei\u00df im Vergleich zu nicht wasserfesten Alternativen.<\/li>\n<\/ul>\n<h3>Kompaktes und leichtes Design<\/h3>\n<p>Mit Abmessungen von\u00a0<strong>41 x 32 mm<\/strong>\u00a0und einem Gewicht von nur\u00a0<strong>5-8 g<\/strong>Der Schl\u00fcsselanh\u00e4nger TK4100 ist auf maximale Mobilit\u00e4t ausgelegt. Dank seiner ergonomischen Gr\u00f6\u00dfe und seines Gewichts l\u00e4sst er sich bequem und ohne zus\u00e4tzliches Gewicht tragen und l\u00e4sst sich leicht an Schl\u00fcsselbunden oder Taschen befestigen.<\/p>\n<p><strong>Vorteile<\/strong>:<\/p>\n<ul>\n<li><strong>Benutzerfreundlichkeit<\/strong>: Minimale Behinderung beim Tragen, f\u00fcr den allt\u00e4glichen Gebrauch geeignet.<\/li>\n<li><strong>Vielseitige Befestigungsm\u00f6glichkeiten<\/strong>: Kompatibel mit verschiedenen Tragel\u00f6sungen, vom Schl\u00fcsselanh\u00e4nger bis zum Schl\u00fcsselband.<\/li>\n<\/ul>\n<p>&nbsp;<\/p>\n<table class=\"preview\" style=\"height: 195px;\" width=\"557\">\n<thead>\n<tr>\n<th>Spezifikation<\/th>\n<th>Beschreibung<\/th>\n<\/tr>\n<\/thead>\n<tbody>\n<tr>\n<td><strong>Frequenz<\/strong><\/td>\n<td>125 kHz<\/td>\n<\/tr>\n<tr>\n<td><strong>Material<\/strong><\/td>\n<td>ABS<\/td>\n<\/tr>\n<tr>\n<td><strong>Gr\u00f6\u00dfenoptionen<\/strong><\/td>\n<td>41<em>32 mm, 25<\/em>34,5 mm, 32<em>52 mm, 31<\/em>42 mm, 30,5 x 37,5 mm<\/td>\n<\/tr>\n<tr>\n<td><strong>Gewicht<\/strong><\/td>\n<td>5-8 g\/St\u00fcck<\/td>\n<\/tr>\n<tr>\n<td><strong>Druckoptionen<\/strong><\/td>\n<td>Siebdruck, lasergraviertes Logo<\/td>\n<\/tr>\n<tr>\n<td><strong>Andere Eigenschaften<\/strong><\/td>\n<td>Individualisiert mit Logo, Seriennummer, HID-Code<\/td>\n<\/tr>\n<\/tbody>\n<\/table>\n<p>&nbsp;<\/p>","protected":false},"excerpt":{"rendered":"<p>Der wasserdichte intelligente RFID-Schl\u00fcsselanh\u00e4nger TK4100 mit ISO11784\/5 125 KHz bietet zuverl\u00e4ssige Zugangskontrolle in verschiedenen Umgebungen. Sein robustes, wasserdichtes Design sorgt f\u00fcr lang anhaltende Leistung.<\/p>","protected":false},"featured_media":3242,"template":"","meta":[],"product_brand":[],"product_cat":[49],"product_tag":[],"class_list":{"0":"post-3241","1":"product","2":"type-product","3":"status-publish","4":"has-post-thumbnail","6":"product_cat-nfc-key-fobs","8":"first","9":"instock","10":"shipping-taxable","11":"product-type-simple"},"_links":{"self":[{"href":"https:\/\/nfc-readers.com\/de\/wp-json\/wp\/v2\/product\/3241","targetHints":{"allow":["GET"]}}],"collection":[{"href":"https:\/\/nfc-readers.com\/de\/wp-json\/wp\/v2\/product"}],"about":[{"href":"https:\/\/nfc-readers.com\/de\/wp-json\/wp\/v2\/types\/product"}],"wp:featuredmedia":[{"embeddable":true,"href":"https:\/\/nfc-readers.com\/de\/wp-json\/wp\/v2\/media\/3242"}],"wp:attachment":[{"href":"https:\/\/nfc-readers.com\/de\/wp-json\/wp\/v2\/media?parent=3241"}],"wp:term":[{"taxonomy":"product_brand","embeddable":true,"href":"https:\/\/nfc-readers.com\/de\/wp-json\/wp\/v2\/product_brand?post=3241"},{"taxonomy":"product_cat","embeddable":true,"href":"https:\/\/nfc-readers.com\/de\/wp-json\/wp\/v2\/product_cat?post=3241"},{"taxonomy":"product_tag","embeddable":true,"href":"https:\/\/nfc-readers.com\/de\/wp-json\/wp\/v2\/product_tag?post=3241"}],"curies":[{"name":"wp","href":"https:\/\/api.w.org\/{rel}","templated":true}]}}