{"id":3255,"date":"2024-10-30T13:04:41","date_gmt":"2024-10-30T13:04:41","guid":{"rendered":"https:\/\/nfc-readers.com\/?post_type=product&#038;p=3255"},"modified":"2024-11-14T14:40:45","modified_gmt":"2024-11-14T14:40:45","slug":"125khz-proximity-rewritable-tk4100-t5577-rfid-keyfob","status":"publish","type":"product","link":"https:\/\/nfc-readers.com\/de\/ic-reader\/125khz-proximity-rewritable-tk4100-t5577-rfid-keyfob\/","title":{"rendered":"Wiederbeschreibbarer 125-kHz-N\u00e4herungs-RFID-Schl\u00fcsselanh\u00e4nger TK4100 T5577"},"content":{"rendered":"<h1 style=\"text-align: center;\"><strong>Wiederbeschreibbarer 125-kHz-N\u00e4herungs-RFID-Schl\u00fcsselanh\u00e4nger TK4100 T5577<\/strong><\/h1>\n<p>Der\u00a0<strong>Wiederbeschreibbarer 125-kHz-N\u00e4herungs-RFID-Schl\u00fcsselanh\u00e4nger TK4100 T5577<\/strong>\u00a0ist eine innovative L\u00f6sung f\u00fcr Zugangskontrollsysteme und bietet eine robuste und vielseitige M\u00f6glichkeit, sichere Eing\u00e4nge zu verwalten. Dieser hochwertige Schl\u00fcsselanh\u00e4nger ist wiederbeschreibbar, sodass Benutzer die Informationen nach ihren Anforderungen \u00e4ndern k\u00f6nnen. Egal, ob Sie ihn zur Zugangskontrolle zu Geb\u00e4uden, Hotels oder als Autoschl\u00fcssel verwenden, dieser Schl\u00fcsselanh\u00e4nger l\u00e4sst sich nahtlos in Ihre Sicherheitsprotokolle integrieren.<\/p>\n<h2>Vorteile des TK4100 T5577 RFID-Schl\u00fcsselanh\u00e4ngers<\/h2>\n<p>Die Vorteile einer Investition in diesen RFID-Schl\u00fcsselanh\u00e4nger gehen \u00fcber die einfache Zugangskontrolle hinaus. Er ist wasserdicht und sto\u00dffest und gew\u00e4hrleistet so Haltbarkeit auch unter rauen Umgebungsbedingungen. Mit anpassbaren Optionen, einschlie\u00dflich Logodruck, bietet dieser Schl\u00fcsselanh\u00e4nger die M\u00f6glichkeit zur Markenbildung bei gleichzeitiger Beibehaltung der Funktionalit\u00e4t. Die wiederbeschreibbare Funktion verbessert seine Anpassungsf\u00e4higkeit f\u00fcr verschiedene Anwendungen und macht ihn zur idealen Wahl f\u00fcr Unternehmen und den privaten Gebrauch gleicherma\u00dfen.<\/p>\n<h2>Hauptmerkmale des TK4100 T5577 RFID-Schl\u00fcsselanh\u00e4ngers<\/h2>\n<p>Der\u00a0<strong>Wiederbeschreibbarer 125-kHz-N\u00e4herungs-RFID-Schl\u00fcsselanh\u00e4nger TK4100 T5577<\/strong>\u00a0sticht in seiner Klasse durch mehrere beispiellose Funktionen hervor. Dieser Schl\u00fcsselanh\u00e4nger integriert sowohl die Chips TK4100 als auch T5577 und erm\u00f6glicht so vielf\u00e4ltige Kompatibilit\u00e4t mit vorhandenen RFID-Technologien.<\/p>\n<ul>\n<li><strong>Mehrfrequenzf\u00e4higkeit<\/strong>: Dieser Schl\u00fcsselanh\u00e4nger arbeitet mit den Frequenzen 125 kHz und 13,56 MHz und gew\u00e4hrleistet so eine breite Kompatibilit\u00e4t mit verschiedenen Zugangskontrollsystemen.<\/li>\n<li><strong>Kompaktes und leichtes Design<\/strong>: Dank seines Mini-Tag-Formfaktors kann der Schl\u00fcsselanh\u00e4nger problemlos an Schl\u00fcsselbunden oder Taschen befestigt werden, sodass er einfach zu tragen und zu verwenden ist.<\/li>\n<\/ul>\n<p>Der Schl\u00fcsselanh\u00e4nger dient in erster Linie als\u00a0<strong>kontaktloser RFID-Schl\u00fcsselanh\u00e4nger<\/strong>, was die Eingabeverarbeitung f\u00fcr Benutzer erheblich vereinfacht. Diese praktische Funktion ist insbesondere in stark frequentierten Umgebungen wie Hotels und B\u00fcros von Vorteil.<\/p>\n<h2>Haltbarkeit: Wasserdicht und sto\u00dffest<\/h2>\n<p>Eines der Markenzeichen der\u00a0<strong>TK4100 T5577 RFID-Schl\u00fcsselanh\u00e4nger<\/strong>\u00a0ist seine bemerkenswerte Haltbarkeit.<\/p>\n<ul>\n<li><strong>Wasserdicht\/wetterfest<\/strong>: Hergestellt aus hochwertigem ABS-Material, widersteht es Wasser und Witterungseinfl\u00fcssen und gew\u00e4hrleistet einen zuverl\u00e4ssigen Betrieb unter allen Bedingungen. Diese Funktion beseitigt Probleme bei Regenwetter oder im Au\u00dfenbereich und erm\u00f6glicht eine gleichbleibende Leistung.<\/li>\n<li><strong>Sto\u00dffestes Design<\/strong>: Die robuste Konstruktion garantiert au\u00dferdem, dass der Schl\u00fcsselanh\u00e4nger St\u00fcrze und St\u00f6\u00dfe ohne Beeintr\u00e4chtigung \u00fcbersteht und sich somit ideal f\u00fcr Personen eignet, die einen aktiven Lebensstil f\u00fchren oder in anspruchsvollen Umgebungen arbeiten.<\/li>\n<\/ul>\n<p>Diese Haltbarkeit kommt nicht nur der Langlebigkeit des Produkts zugute, sondern tr\u00e4gt auch zu seiner Zuverl\u00e4ssigkeit als sicheres Zugangsger\u00e4t bei.<\/p>\n<h2>Wiederbeschreibbarkeit: Anpassung und Anpassungsf\u00e4higkeit<\/h2>\n<p>Ein weiteres herausragendes Merkmal des\u00a0<strong>TK4100 T5577 RFID-Schl\u00fcsselanh\u00e4nger<\/strong>\u00a0ist seine Wiederbeschreibbarkeit.<\/p>\n<ul>\n<li><strong>Anpassbare Informationen<\/strong>: Benutzer k\u00f6nnen die im Schl\u00fcsselanh\u00e4nger gespeicherten RFID-Daten \u00e4ndern oder aktualisieren. Diese Funktion ist besonders wertvoll f\u00fcr Organisationen, die h\u00e4ufige Aktualisierungen der Zugriffsberechtigungen ben\u00f6tigen, oder f\u00fcr Unternehmen, die das Branding des Schl\u00fcsselanh\u00e4ngers personalisieren m\u00f6chten.<\/li>\n<li><strong>Einfache Duplizierung<\/strong>: Die Wiederbeschreibbarkeit erm\u00f6glicht eine einfache Vervielf\u00e4ltigung, sodass Unternehmen m\u00fchelos Ersatzschl\u00fcsselanh\u00e4nger herstellen k\u00f6nnen, ohne ganze Einheiten austauschen zu m\u00fcssen.<\/li>\n<\/ul>\n<p>Durch diesen Grad der Anpassung entsteht ein \u00e4u\u00dferst anpassungsf\u00e4higes Tool f\u00fcr die Zugriffskontrolle und es ergeben sich erhebliche M\u00f6glichkeiten zur Kosteneinsparung.<\/p>\n<h2>Spezifikationen: Detaillierte technische \u00dcbersicht<\/h2>\n<p>Der\u00a0<strong>TK4100 T5577 RFID-Schl\u00fcsselanh\u00e4nger<\/strong>\u00a0ist mit speziellen Funktionen ausgestattet, die eine effiziente Zugangskontrolle erm\u00f6glichen:<\/p>\n<table class=\"w-fit !mb-0 !max-w-none\" style=\"height: 187px;\" width=\"477\">\n<thead>\n<tr>\n<th><strong>Spezifikation<\/strong><\/th>\n<th><strong>Details<\/strong><\/th>\n<\/tr>\n<\/thead>\n<tbody>\n<tr>\n<td><strong>Frequenzbereich<\/strong><\/td>\n<td>125 KHz und 13,56 MHz<\/td>\n<\/tr>\n<tr>\n<td><strong>Kommunikationsinterface<\/strong><\/td>\n<td>RFID<\/td>\n<\/tr>\n<tr>\n<td><strong>Material<\/strong><\/td>\n<td>ABS<\/td>\n<\/tr>\n<tr>\n<td><strong>Farboptionen<\/strong><\/td>\n<td>Schwarz, Braun, Blau, Rot, Rosa<\/td>\n<\/tr>\n<tr>\n<td><strong>Probenverf\u00fcgbarkeit<\/strong><\/td>\n<td>Beispiele verf\u00fcgbar<\/td>\n<\/tr>\n<tr>\n<td><strong>Mindestbestellmenge (MOQ)<\/strong><\/td>\n<td>200 Stck.<\/td>\n<\/tr>\n<\/tbody>\n<\/table>\n<p>&nbsp;<\/p>\n<p>&nbsp;<\/p>","protected":false},"excerpt":{"rendered":"<p>Der wiederbeschreibbare 125-kHz-RFID-Schl\u00fcsselanh\u00e4nger TK4100 T5577 bietet eine sichere, kontaktlose Zugangskontrolle mit einem langlebigen und anpassbaren Design. Er ist ideal f\u00fcr verschiedene Anwendungen und gew\u00e4hrleistet Flexibilit\u00e4t und Zuverl\u00e4ssigkeit bei der Verwaltung von Zug\u00e4ngen.<\/p>","protected":false},"featured_media":3262,"template":"","meta":[],"product_brand":[],"product_cat":[49],"product_tag":[],"class_list":{"0":"post-3255","1":"product","2":"type-product","3":"status-publish","4":"has-post-thumbnail","6":"product_cat-nfc-key-fobs","8":"first","9":"instock","10":"shipping-taxable","11":"product-type-simple"},"_links":{"self":[{"href":"https:\/\/nfc-readers.com\/de\/wp-json\/wp\/v2\/product\/3255","targetHints":{"allow":["GET"]}}],"collection":[{"href":"https:\/\/nfc-readers.com\/de\/wp-json\/wp\/v2\/product"}],"about":[{"href":"https:\/\/nfc-readers.com\/de\/wp-json\/wp\/v2\/types\/product"}],"wp:featuredmedia":[{"embeddable":true,"href":"https:\/\/nfc-readers.com\/de\/wp-json\/wp\/v2\/media\/3262"}],"wp:attachment":[{"href":"https:\/\/nfc-readers.com\/de\/wp-json\/wp\/v2\/media?parent=3255"}],"wp:term":[{"taxonomy":"product_brand","embeddable":true,"href":"https:\/\/nfc-readers.com\/de\/wp-json\/wp\/v2\/product_brand?post=3255"},{"taxonomy":"product_cat","embeddable":true,"href":"https:\/\/nfc-readers.com\/de\/wp-json\/wp\/v2\/product_cat?post=3255"},{"taxonomy":"product_tag","embeddable":true,"href":"https:\/\/nfc-readers.com\/de\/wp-json\/wp\/v2\/product_tag?post=3255"}],"curies":[{"name":"wp","href":"https:\/\/api.w.org\/{rel}","templated":true}]}}